{"id":6905,"date":"2024-01-02T21:49:48","date_gmt":"2024-01-02T21:49:48","guid":{"rendered":"https:\/\/be-healthy.taniko.me\/?post_type=product&#038;p=6905"},"modified":"2024-10-15T08:37:08","modified_gmt":"2024-10-15T08:37:08","slug":"nutribiotic-skin-cleanser-non-soap-fragrance-free-16-fl-oz-473-ml","status":"publish","type":"product","link":"https:\/\/be-healthy.taniko.me\/uk\/product\/nutribiotic-skin-cleanser-non-soap-fragrance-free-16-fl-oz-473-ml\/","title":{"rendered":"NutriBiotic, Skin Cleanser, Non-Soap, Fragrance Free, 16 fl oz (473 ml)"},"content":{"rendered":"<div class=\"row item-row\">\n<div class=\"col-xs-24\">\n<p>\u041e\u043f\u0438\u0441<br \/>\nGdje znanost djeluje prirodno<br \/>\nOsjetljiva ko\u017ea<br \/>\nFormula za nje\u017eno \u010di\u0161\u0107enje i bez mirisa<br \/>\nS botani\u010dkim ekstraktima<br \/>\nHipoalergen<br \/>\npH uravnote\u017een<br \/>\nBez parabena<br \/>\nNije testirano na \u017eivotinjama<\/p>\n<p>NutriBiotic\u00ae Sensitive Skin NonSoap Skin Cleanser je nje\u017ena, hipoalergena, veganska formula koja ne isu\u0161uje ko\u017eu posebno dizajnirana za osobe s osjetljivom ko\u017eom i alergijama na mirise. Djelovanje dubinskog \u010di\u0161\u0107enja uklanja ne\u010disto\u0107e i ne ostavlja tragove koji za\u010depljuju pore. Bogati biljni sastojci, uklju\u010duju\u0107i ekstrakt sjemenki grejpa, ostavljaju va\u0161u ko\u017eu svje\u017eom i \u010distom. Biljni ovla\u017eiva\u010di poma\u017eu u odr\u017eavanju omota\u010da vlage i pH ravnote\u017ee va\u0161e ko\u017ee.<\/p>\n<p>Kao i uvijek, na\u0161i proizvodi za njegu tijela su bez okrutnosti, bez \u017eivotinjskih nusproizvoda i napravljeni s brigom za ovaj planet, koji svi dijelimo.<\/p>\n<p>\u0420\u0435\u043a\u043e\u043c\u0435\u043d\u0434\u0430\u0446\u0456\u0457 \u0456\u0437 \u0437\u0430\u0441\u0442\u043e\u0441\u0443\u0432\u0430\u043d\u043d\u044f<\/p>\n<p>Nanesite na ko\u017eu za nje\u017eno \u010di\u0161\u0107enje. Temeljito isperite.<\/p>\n<p>\u0406\u043d\u0448\u0456 \u0456\u043d\u0433\u0440\u0435\u0434\u0456\u0454\u043d\u0442\u0438<\/p>\n<p>Voda (aqua); natrijev C14-16 olefin sulfonat; oleil betain; sok od li\u0161\u0107a aloe barbadensis (aloje); glicerin (biljni); sojamidopropalkonijev klorid; citrus paradisi (grejp) ekstrakt sjemenki [citricid]; etilheksilglicerin; pantenol; alantoin; ekstrakti lista rosmarinus officinalis (ru\u017emarina), lista salvia officinalis (kadulje), podbjela (podbjela), stolisnika (achillea millefolium), melise officinalis (metvice), hibiscus syriacus (althaea), korijena sladi\u0107a (glycyrrhiza glabra) i timusa vulgaris (maj\u010dina du\u0161ica), natrij PCA; natrijev benzoat; kalijev sorbat; i limunska kiselina.<\/p>\n<p>Proizvedeno bez natrijevih lauril sulfata, kokamida DEA, slobodnih derivata klora, bojila, mirisa, glutena, ftalata, fosfata i konzervansa parabena.<\/p>\n<p>\u041f\u043e\u043f\u0435\u0440\u0435\u0434\u0436\u0435\u043d\u043d\u044f<\/p>\n<p>Samo za vanjsku upotrebu. \u010cuvati izvan dohvata djece. Ne stavljati u o\u010di. Ako do\u0111e do iritacije, temeljito isperite\/ispirajte vodom najmanje 10 minuta.<\/p>\n<\/div>\n<\/div>","protected":false},"excerpt":{"rendered":"<p>Opis Gdje znanost djeluje prirodno Osjetljiva ko\u017ea Formula za nje\u017eno \u010di\u0161\u0107enje i bez mirisa S botani\u010dkim ekstraktima Hipoalergen pH uravnote\u017een Bez parabena Nije testirano na \u017eivotinjama NutriBiotic\u00ae Sensitive Skin NonSoap Skin Cleanser je nje\u017ena, hipoalergena, veganska formula koja ne isu\u0161uje ko\u017eu posebno dizajnirana za osobe s osjetljivom ko\u017eom i alergijama na mirise. Djelovanje dubinskog \u010di\u0161\u0107enja[&#8230;]<\/p>","protected":false},"featured_media":7062,"comment_status":"open","ping_status":"closed","template":"","meta":{"inline_featured_image":false},"product_cat":[25,75],"product_tag":[],"class_list":{"0":"post-6905","1":"product","2":"type-product","3":"status-publish","4":"has-post-thumbnail","6":"product_cat-beauty","7":"product_cat-cleanse-tone-scrub","9":"first","10":"instock","11":"featured","12":"shipping-taxable","13":"purchasable","14":"product-type-simple"},"_links":{"self":[{"href":"https:\/\/be-healthy.taniko.me\/uk\/wp-json\/wp\/v2\/product\/6905","targetHints":{"allow":["GET"]}}],"collection":[{"href":"https:\/\/be-healthy.taniko.me\/uk\/wp-json\/wp\/v2\/product"}],"about":[{"href":"https:\/\/be-healthy.taniko.me\/uk\/wp-json\/wp\/v2\/types\/product"}],"replies":[{"embeddable":true,"href":"https:\/\/be-healthy.taniko.me\/uk\/wp-json\/wp\/v2\/comments?post=6905"}],"wp:featuredmedia":[{"embeddable":true,"href":"https:\/\/be-healthy.taniko.me\/uk\/wp-json\/wp\/v2\/media\/7062"}],"wp:attachment":[{"href":"https:\/\/be-healthy.taniko.me\/uk\/wp-json\/wp\/v2\/media?parent=6905"}],"wp:term":[{"taxonomy":"product_cat","embeddable":true,"href":"https:\/\/be-healthy.taniko.me\/uk\/wp-json\/wp\/v2\/product_cat?post=6905"},{"taxonomy":"product_tag","embeddable":true,"href":"https:\/\/be-healthy.taniko.me\/uk\/wp-json\/wp\/v2\/product_tag?post=6905"}],"curies":[{"name":"wp","href":"https:\/\/api.w.org\/{rel}","templated":true}]}}