{"id":6908,"date":"2024-01-02T21:53:40","date_gmt":"2024-01-02T21:53:40","guid":{"rendered":"https:\/\/be-healthy.taniko.me\/?post_type=product&#038;p=6908"},"modified":"2024-10-15T08:36:07","modified_gmt":"2024-10-15T08:36:07","slug":"nutribiotic-hydrating-facial-toner-4-2-fl-oz-125-ml","status":"publish","type":"product","link":"https:\/\/be-healthy.taniko.me\/uk\/product\/nutribiotic-hydrating-facial-toner-4-2-fl-oz-125-ml\/","title":{"rendered":"NutriBiotic, Hydrating Facial Toner, 4.2 fl oz (125 ml)"},"content":{"rendered":"<div class=\"row item-row\">\n<div class=\"col-xs-24\">\n<p>\u041e\u043f\u0438\u0441<br \/>\nNapredna njega ko\u017ee<br \/>\nS alojom, peptidima, DMAE, vitaminima C i E i alfa lipoinskom kiselinom<br \/>\nNije testirano na \u017eivotinjama\u2122<br \/>\nveganska<br \/>\nBez parabena<\/p>\n<p>NutriBiotic\u00ae hidratantni tonik za lice poma\u017ee nje\u017eno o\u010distiti pore od ne\u010disto\u0107a zaostalih nakon \u010di\u0161\u0107enja, dok va\u0161oj ko\u017ei pru\u017ea esencijalnu hidrataciju. Sadr\u017ei aloe, natrijev PCA, peptide i \u010detiri klju\u010dna sastojka s antioksidativnim svojstvima: DMAE, vitamin C, vitamin E i alfa lipoi\u010dnu kiselinu. \u010ciste, hidratiziraju i osvje\u017eavaju va\u0161u ko\u017eu za lijep, zdrav izgled.<\/p>\n<p>\u0420\u0435\u043a\u043e\u043c\u0435\u043d\u0434\u0430\u0446\u0456\u0457 \u0456\u0437 \u0437\u0430\u0441\u0442\u043e\u0441\u0443\u0432\u0430\u043d\u043d\u044f<\/p>\n<p>Nakon pranja lica i vrata, nanesite hidratantni tonik za lice na vatu ili kuglicu i nanesite nje\u017enim pokretima prema gore.<\/p>\n<p>\u0406\u043d\u0448\u0456 \u0456\u043d\u0433\u0440\u0435\u0434\u0456\u0454\u043d\u0442\u0438<\/p>\n<p>Voda (aqua), glicerin (biljni), sok lista aloe barbadensis (aloe), polisorbat-20, fenoksietanol, limunska kiselina, pantenol, natrij pca, palmitoil pentapeptid-4, acetil heksapeptid-3, etilheksilglicerin, prirodni mirisi, alantoin, ehinacea ekstrakt purpurea, ekstrakt ploda cucumis sativus (krastavac), ekstrakt li\u0161\u0107a camellia sinensis (zeleni \u010daj), ekstrakt cvijeta\/li\u0161\u0107a\/stabljike lavandula angustifolia (lavanda), ekstrakt cvijeta chamomilla recutita (matricaria), ekstrakt li\u0161\u0107a camellia sinensis (bijeli \u010daj), arnika ekstrakt cvijeta montana (arnika), dimetilaminoetanol (dmae), ekstrakt ploda carica papaya (papaja), ekstrakt cvijeta nevena officinalis, askorbil glukozid (vitamin c), tokoferol (vitamin e), ekstrakt sjemenki citrus paradisi (grejpfrut) [citricid], i alfa lipoi\u010dna kiselina.<\/p>\n<p>Proizvedeno bez sinteti\u010dkih mirisa, bojila i glutena.<\/p>\n<p>\u041f\u043e\u043f\u0435\u0440\u0435\u0434\u0436\u0435\u043d\u043d\u044f<\/p>\n<p>Samo za vanjsku upotrebu. Ako se pojavi crvenilo, iritacija ili druga reakcija, prekinite kori\u0161tenje. Izbjegavati kontakt s o\u010dima. \u010cuvati izvan dohvata djece.<\/p>\n<\/div>\n<\/div>","protected":false},"excerpt":{"rendered":"<p>Opis Napredna njega ko\u017ee S alojom, peptidima, DMAE, vitaminima C i E i alfa lipoinskom kiselinom Nije testirano na \u017eivotinjama\u2122 veganska Bez parabena NutriBiotic\u00ae hidratantni tonik za lice poma\u017ee nje\u017eno o\u010distiti pore od ne\u010disto\u0107a zaostalih nakon \u010di\u0161\u0107enja, dok va\u0161oj ko\u017ei pru\u017ea esencijalnu hidrataciju. Sadr\u017ei aloe, natrijev PCA, peptide i \u010detiri klju\u010dna sastojka s antioksidativnim svojstvima:[&#8230;]<\/p>","protected":false},"featured_media":6910,"comment_status":"open","ping_status":"closed","template":"","meta":{"inline_featured_image":false},"product_cat":[25,75],"product_tag":[],"class_list":{"0":"post-6908","1":"product","2":"type-product","3":"status-publish","4":"has-post-thumbnail","6":"product_cat-beauty","7":"product_cat-cleanse-tone-scrub","9":"first","10":"instock","11":"featured","12":"shipping-taxable","13":"purchasable","14":"product-type-simple"},"_links":{"self":[{"href":"https:\/\/be-healthy.taniko.me\/uk\/wp-json\/wp\/v2\/product\/6908","targetHints":{"allow":["GET"]}}],"collection":[{"href":"https:\/\/be-healthy.taniko.me\/uk\/wp-json\/wp\/v2\/product"}],"about":[{"href":"https:\/\/be-healthy.taniko.me\/uk\/wp-json\/wp\/v2\/types\/product"}],"replies":[{"embeddable":true,"href":"https:\/\/be-healthy.taniko.me\/uk\/wp-json\/wp\/v2\/comments?post=6908"}],"wp:featuredmedia":[{"embeddable":true,"href":"https:\/\/be-healthy.taniko.me\/uk\/wp-json\/wp\/v2\/media\/6910"}],"wp:attachment":[{"href":"https:\/\/be-healthy.taniko.me\/uk\/wp-json\/wp\/v2\/media?parent=6908"}],"wp:term":[{"taxonomy":"product_cat","embeddable":true,"href":"https:\/\/be-healthy.taniko.me\/uk\/wp-json\/wp\/v2\/product_cat?post=6908"},{"taxonomy":"product_tag","embeddable":true,"href":"https:\/\/be-healthy.taniko.me\/uk\/wp-json\/wp\/v2\/product_tag?post=6908"}],"curies":[{"name":"wp","href":"https:\/\/api.w.org\/{rel}","templated":true}]}}