{"id":6911,"date":"2024-01-02T21:58:39","date_gmt":"2024-01-02T21:58:39","guid":{"rendered":"https:\/\/be-healthy.taniko.me\/?post_type=product&#038;p=6911"},"modified":"2024-10-15T08:35:11","modified_gmt":"2024-10-15T08:35:11","slug":"desert-essence-organic-jojoba-oil-4-fl-oz-118-ml","status":"publish","type":"product","link":"https:\/\/be-healthy.taniko.me\/uk\/product\/desert-essence-organic-jojoba-oil-4-fl-oz-118-ml\/","title":{"rendered":"Desert Essence, Organic Jojoba Oil, 4 fl oz (118 ml)"},"content":{"rendered":"<div class=\"row item-row\">\n<div class=\"col-xs-24\">\n<p>\u041e\u043f\u0438\u0441<br \/>\nZa kosu, ko\u017eu i vlasi\u0161te<br \/>\nUSDA Organic<br \/>\nPotvr\u0111en projekt bez GMO-a<br \/>\n\u0411\u0435\u0437 \u0433\u043b\u044e\u0442\u0435\u043d\u0443<br \/>\nBez kemijske obrade ili aditiva<br \/>\n24 sata vlage<br \/>\nCertificirana B korporacija<br \/>\nCertificirani zeko koji ska\u010de &#8211; bez okrutnosti<br \/>\nveganska<br \/>\nHladno pre\u0161ano<br \/>\nOrgansko certificirano od strane QAI<\/p>\n<p>Bez obi\u010dnog ulja\u2122<\/p>\n<p>100% \u010dista zlatna dobrota &#8211; ni\u0161ta dodano! Organsko ulje jojobe Desert Essence je prirodni biljni ekstrakt koji hidratizira ne ostavljaju\u0107i masni trag ili za\u010depljuju\u0107i pore. Najbli\u017ei prirodnim uljima ko\u017ee, vla\u017ei tamo gdje vam je najpotrebnije, a manje tamo gdje ne treba.<\/p>\n<p>\u0420\u0435\u043a\u043e\u043c\u0435\u043d\u0434\u0430\u0446\u0456\u0457 \u0456\u0437 \u0437\u0430\u0441\u0442\u043e\u0441\u0443\u0432\u0430\u043d\u043d\u044f<\/p>\n<p>Sredstvo za skidanje \u0161minke, sredstvo za \u010di\u0161\u0107enje lica, hidratantna krema, ulje za masa\u017eu, tretman za kosu i vlasi\u0161te i ulje za no\u0161enje.<\/p>\n<p>\u0406\u043d\u0448\u0456 \u0456\u043d\u0433\u0440\u0435\u0434\u0456\u0454\u043d\u0442\u0438<\/p>\n<p>Organsko ulje simmondsia chinensis (jojoba).<\/p>\n<p>\u041f\u043e\u043f\u0435\u0440\u0435\u0434\u0436\u0435\u043d\u043d\u044f<br \/>\nSamo za vanjsku upotrebu.<\/p>\n<\/div>\n<\/div>","protected":false},"excerpt":{"rendered":"<p>Opis Za kosu, ko\u017eu i vlasi\u0161te USDA Organic Potvr\u0111en projekt bez GMO-a Bez glutena Bez kemijske obrade ili aditiva 24 sata vlage Certificirana B korporacija Certificirani zeko koji ska\u010de &#8211; bez okrutnosti veganska Hladno pre\u0161ano Organsko certificirano od strane QAI Bez obi\u010dnog ulja\u2122 100% \u010dista zlatna dobrota &#8211; ni\u0161ta dodano! Organsko ulje jojobe Desert Essence[&#8230;]<\/p>","protected":false},"featured_media":6913,"comment_status":"open","ping_status":"closed","template":"","meta":{"inline_featured_image":false},"product_cat":[25,74],"product_tag":[],"class_list":{"0":"post-6911","1":"product","2":"type-product","3":"status-publish","4":"has-post-thumbnail","6":"product_cat-beauty","7":"product_cat-hair-care","9":"first","10":"instock","11":"featured","12":"shipping-taxable","13":"purchasable","14":"product-type-simple"},"_links":{"self":[{"href":"https:\/\/be-healthy.taniko.me\/uk\/wp-json\/wp\/v2\/product\/6911","targetHints":{"allow":["GET"]}}],"collection":[{"href":"https:\/\/be-healthy.taniko.me\/uk\/wp-json\/wp\/v2\/product"}],"about":[{"href":"https:\/\/be-healthy.taniko.me\/uk\/wp-json\/wp\/v2\/types\/product"}],"replies":[{"embeddable":true,"href":"https:\/\/be-healthy.taniko.me\/uk\/wp-json\/wp\/v2\/comments?post=6911"}],"wp:featuredmedia":[{"embeddable":true,"href":"https:\/\/be-healthy.taniko.me\/uk\/wp-json\/wp\/v2\/media\/6913"}],"wp:attachment":[{"href":"https:\/\/be-healthy.taniko.me\/uk\/wp-json\/wp\/v2\/media?parent=6911"}],"wp:term":[{"taxonomy":"product_cat","embeddable":true,"href":"https:\/\/be-healthy.taniko.me\/uk\/wp-json\/wp\/v2\/product_cat?post=6911"},{"taxonomy":"product_tag","embeddable":true,"href":"https:\/\/be-healthy.taniko.me\/uk\/wp-json\/wp\/v2\/product_tag?post=6911"}],"curies":[{"name":"wp","href":"https:\/\/api.w.org\/{rel}","templated":true}]}}