{"id":6914,"date":"2024-01-02T22:03:12","date_gmt":"2024-01-02T22:03:12","guid":{"rendered":"https:\/\/be-healthy.taniko.me\/?post_type=product&#038;p=6914"},"modified":"2024-10-15T08:34:05","modified_gmt":"2024-10-15T08:34:05","slug":"doctors-best-pure-collagen-types-1-and-3-powder-7-1-oz-200-g","status":"publish","type":"product","link":"https:\/\/be-healthy.taniko.me\/uk\/product\/doctors-best-pure-collagen-types-1-and-3-powder-7-1-oz-200-g\/","title":{"rendered":"Doctor&#8217;s Best, Pure Collagen Types 1 and 3 Powder, 7.1 oz (200 g)"},"content":{"rendered":"<div class=\"col-xs-24 col-md-14\">\n<div class=\"row item-row\">\n<div class=\"col-xs-24\">\n<p>\u041e\u043f\u0438\u0441<br \/>\n\u041d\u0430\u0443\u043a\u043e\u0432\u043e \u043e\u0431\u0491\u0440\u0443\u043d\u0442\u043e\u0432\u0430\u043d\u0435 \u0445\u0430\u0440\u0447\u0443\u0432\u0430\u043d\u043d\u044f<br \/>\n\u0414\u0456\u0454\u0442\u0438\u0447\u043d\u0430 \u0434\u043e\u0431\u0430\u0432\u043a\u0430<br \/>\nOsnovna strukturna podr\u0161ka za kosu, ko\u017eu, nokte, tetive, ligamente i kosti<br \/>\nBez GMO \/ bez glutena \/ bez soje<\/p>\n<p>Doctor&#8217;s Best Pure Collagen Types 1 i 3 sadr\u017ei \u010disti protein kolagena koji pridonosi rastu i odr\u017eavanju zdravih tkiva. Kolagen je strukturni protein neophodan za snagu kostiju i fleksibilnost zglobova, tetiva, ligamenata, kose, ko\u017ee, noktiju i drugih tkiva u cijelom tijelu.<\/p>\n<p>Kolagen tipa 1 i 3 u prahu je enzimatski hidroliziran u sastavne peptide s malom veli\u010dinom molekula za optimalnu apsorpciju i iskori\u0161tavanje u tijelu.<\/p>\n<p>Poma\u017ee u odr\u017eavanju zdrave kose, ko\u017ee i noktiju<br \/>\nPoma\u017ee u odr\u017eavanju snage i fleksibilnosti kostiju, zglobova, tetiva i ligamenata<br \/>\nOmogu\u0107uje pobolj\u0161anu bioraspolo\u017eivost zbog niske molekularne te\u017eine sastavnih peptida<br \/>\n\u0420\u0435\u043a\u043e\u043c\u0435\u043d\u0434\u0430\u0446\u0456\u0457 \u0456\u0437 \u0437\u0430\u0441\u0442\u043e\u0441\u0443\u0432\u0430\u043d\u043d\u044f<\/p>\n<p>Upotreba za odrasle: 1 mjericu praha otopite u maloj koli\u010dini vode ili soka. Dodajte dodatnih 6-8 oz. teku\u0107ine, dobro promije\u0161ajte i popijte na prazan \u017eeludac najmanje 30 minuta prije jela ili prema preporuci lije\u010dnika nutricionista. Kako biste osigurali optimalnu apsorpciju kolagena, izbjegavajte uzimanje dodatnih proteinskih dodataka unutar jednog sata od konzumiranja.<\/p>\n<p>\u0406\u043d\u0448\u0456 \u0456\u043d\u0433\u0440\u0435\u0434\u0456\u0454\u043d\u0442\u0438<\/p>\n<p>Nijedan.<\/p>\n<p>\u041f\u043e\u043f\u0435\u0440\u0435\u0434\u0436\u0435\u043d\u043d\u044f<\/p>\n<p>Napomena:\u00a0Mo\u017ee do\u0107i do odre\u0111enog talo\u017eenja sadr\u017eaja, \u0161to mo\u017ee uzrokovati male varijacije u broju porcija.<\/p>\n<p>\u0417\u0431\u0435\u0440\u0456\u0433\u0430\u0442\u0438 \u0432 \u0441\u0443\u0445\u043e\u043c\u0443 \u043f\u0440\u043e\u0445\u043e\u043b\u043e\u0434\u043d\u043e\u043c\u0443 \u043c\u0456\u0441\u0446\u0456.<\/p>\n<\/div>\n<\/div>\n<div class=\"row item-row\">\n<div class=\"col-xs-24\"><\/div>\n<\/div>\n<\/div>\n<div class=\"col-xs-24 col-md-10\">\n<div class=\"supplement-facts-container\">\n<table border=\"1\" width=\"100%\" cellspacing=\"0\" cellpadding=\"3\">\n<tbody>\n<tr valign=\"top\">\n<td class=\"\" colspan=\"3\"><strong>Supplement Facts<\/strong><\/td>\n<\/tr>\n<tr valign=\"top\">\n<td colspan=\"3\"><strong>Serving Size:<\/strong>\u00a01 scoop (~6.6 grams)<\/td>\n<\/tr>\n<tr valign=\"top\">\n<td colspan=\"3\"><strong>Serving Per Container:<\/strong>\u00a0Approximately 30<\/td>\n<\/tr>\n<tr valign=\"top\">\n<td width=\"70%\"><\/td>\n<td width=\"15%\"><strong>Amount Per Serving<\/strong><\/td>\n<td width=\"15%\"><strong>% Daily Value<\/strong><\/td>\n<\/tr>\n<tr valign=\"top\">\n<td>Calories<\/td>\n<td>24<\/td>\n<td><\/td>\n<\/tr>\n<tr valign=\"top\">\n<td>Protein<br \/>\n(as hydrolyzed collagen Types 1 and 3)<\/td>\n<td>6 g<\/td>\n<td><\/td>\n<\/tr>\n<tr>\n<td>Hydrolyzed Collagen<br \/>\nTypes 1 and 3 (Bovine)<\/td>\n<td>6.6 g (6600 mg)<\/td>\n<td>\u2020<\/td>\n<\/tr>\n<tr valign=\"top\">\n<td class=\"fr-selected-cell\" colspan=\"3\">\u2020 Daily Value not established.<\/td>\n<\/tr>\n<\/tbody>\n<\/table>\n<\/div>\n<\/div>","protected":false},"excerpt":{"rendered":"<p>Opis Znanstveno utemeljena prehrana\u2122 Dodatak prehrani Osnovna strukturna podr\u0161ka za kosu, ko\u017eu, nokte, tetive, ligamente i kosti Bez GMO \/ bez glutena \/ bez soje Doctor&#8217;s Best Pure Collagen Types 1 i 3 sadr\u017ei \u010disti protein kolagena koji pridonosi rastu i odr\u017eavanju zdravih tkiva. Kolagen je strukturni protein neophodan za snagu kostiju i fleksibilnost zglobova,[&#8230;]<\/p>","protected":false},"featured_media":6916,"comment_status":"open","ping_status":"closed","template":"","meta":{"inline_featured_image":false},"product_cat":[15,42,59,37],"product_tag":[],"class_list":{"0":"post-6914","1":"product","2":"type-product","3":"status-publish","4":"has-post-thumbnail","6":"product_cat-supplements","7":"product_cat-bone-joint-cartilage","8":"product_cat-collagen","9":"product_cat-hair-skin-nails","11":"first","12":"instock","13":"featured","14":"shipping-taxable","15":"purchasable","16":"product-type-simple"},"_links":{"self":[{"href":"https:\/\/be-healthy.taniko.me\/uk\/wp-json\/wp\/v2\/product\/6914","targetHints":{"allow":["GET"]}}],"collection":[{"href":"https:\/\/be-healthy.taniko.me\/uk\/wp-json\/wp\/v2\/product"}],"about":[{"href":"https:\/\/be-healthy.taniko.me\/uk\/wp-json\/wp\/v2\/types\/product"}],"replies":[{"embeddable":true,"href":"https:\/\/be-healthy.taniko.me\/uk\/wp-json\/wp\/v2\/comments?post=6914"}],"wp:featuredmedia":[{"embeddable":true,"href":"https:\/\/be-healthy.taniko.me\/uk\/wp-json\/wp\/v2\/media\/6916"}],"wp:attachment":[{"href":"https:\/\/be-healthy.taniko.me\/uk\/wp-json\/wp\/v2\/media?parent=6914"}],"wp:term":[{"taxonomy":"product_cat","embeddable":true,"href":"https:\/\/be-healthy.taniko.me\/uk\/wp-json\/wp\/v2\/product_cat?post=6914"},{"taxonomy":"product_tag","embeddable":true,"href":"https:\/\/be-healthy.taniko.me\/uk\/wp-json\/wp\/v2\/product_tag?post=6914"}],"curies":[{"name":"wp","href":"https:\/\/api.w.org\/{rel}","templated":true}]}}