{"id":6920,"date":"2024-01-03T13:48:05","date_gmt":"2024-01-03T13:48:05","guid":{"rendered":"https:\/\/be-healthy.taniko.me\/?post_type=product&#038;p=6920"},"modified":"2024-10-15T08:32:57","modified_gmt":"2024-10-15T08:32:57","slug":"life-extension-hair-skin-nails-collagen-plus-formula-120-tablets","status":"publish","type":"product","link":"https:\/\/be-healthy.taniko.me\/uk\/product\/life-extension-hair-skin-nails-collagen-plus-formula-120-tablets\/","title":{"rendered":"Life Extension, Hair, Skin &#038; Nails, Collagen Plus Formula, 120 Tablets"},"content":{"rendered":"<div class=\"col-xs-24 col-md-14\">\n<div class=\"row item-row\">\n<div class=\"col-xs-24\">\n<p>\u041e\u043f\u0438\u0441<br \/>\n\u0411\u0435\u0437 \u0433\u043b\u044e\u0442\u0435\u043d\u0443<br \/>\nNon-GMO LE certificiran<br \/>\nPromi\u010de ljepotu iznutra<br \/>\n\u0414\u0456\u0454\u0442\u0438\u0447\u043d\u0430 \u0434\u043e\u0431\u0430\u0432\u043a\u0430<\/p>\n<p>Hair, Skin &amp; Nails Collagen Plus Formula kombinira bioaktivne peptide kolagena i sna\u017ene hranjive tvari za sveobuhvatno zdravlje kose, ko\u017ee i noktiju. Podr\u017eavaju\u0107i rast i obnavljanje ko\u017ee, zdravu stopu rasta noktiju i zdravo pomla\u0111ivanje, klini\u010dki potvr\u0111ene hranjive tvari ove formule poti\u010du mladena\u010dku i dugotrajnu ljepotu.<\/p>\n<p>Podr\u017eite zdravu kosu, ko\u017eu i nokte ovom sna\u017enom kombinacijom kolagena i drugih bitnih hranjivih tvari.<\/p>\n<p>Prednosti kolagena za kosu, ko\u017eu i nokte<\/p>\n<p>Poti\u010de zdravu kosu, ko\u017eu i nokte<br \/>\nKlini\u010dki dokazano poti\u010de zdravlje kolagena i keratina<br \/>\nPodr\u017eava zdrave hranjive tvari za stvaranje keratina<br \/>\nPodr\u017eava gipkost i elasti\u010dnost ko\u017ee<\/p>\n<p>Bioaktivni kolagenski peptidi i mo\u0107ne hranjive tvari u ovom inovativnom dodatku prehrani poma\u017eu smanjiti pojavu finih linija i bora, poti\u010du zdravo stvaranje keratina i odr\u017eavaju proteine \u200b\u200bi druge spojeve odgovorne za pomla\u0111ivanje zdrave kose i ko\u017ee.<\/p>\n<p>Unesene hranjive tvari mogu utjecati na zdravlje i izgled va\u0161e ko\u017ee, kose i noktiju. Klini\u010dki ispitani sastojci u ovoj formuli za pomla\u0111ivanje odabrani su da u\u010dine upravo to:<\/p>\n<p>VERISOL\u00ae Bioactive Collagen Peptides\u00ae podupire izvanstani\u010dni matriks va\u0161e ko\u017ee. Bioaktivni kolagenski peptidi poti\u010du stvaranje kolagena i elastina te inhibiraju njihovu razgradnju, \u0161to poti\u010de gipkost i elasti\u010dnost ko\u017ee. Oni tako\u0111er podr\u017eavaju rast i obnavljanje ko\u017ee, poti\u010du debljinu i hidrataciju ko\u017ee te podr\u017eavaju otpornost na sun\u010devu svjetlost.<\/p>\n<p>Klini\u010dka istra\u017eivanja su pokazala da uzimanje bioaktivnih kolagenskih peptida podr\u017eava mladena\u010dku elasti\u010dnost i arhitekturu ko\u017ee. U klini\u010dkoj studiji, \u017eene koje su uzimale Verisol\u00ae do\u017eivjele su smanjenje volumena bora oko o\u010diju za 20 posto u prosjeku nakon samo osam tjedana, kao i pove\u0107anje elastina i kolagena u ko\u017ei. Drugo istra\u017eivanje potvrdilo je da Verisol\u00ae poti\u010de elasti\u010dnost ko\u017ee, najvi\u0161e kod \u017eena starijih od 50 godina. Tako\u0111er je utvr\u0111eno da Verisol\u00ae podr\u017eava zdrave nokte odr\u017eavaju\u0107i stopu rasta noktiju i poma\u017ee u izbjegavanju pucanja i lomljenja noktiju kod \u017eena s lomljivim noktima.<\/p>\n<p>Cynatine\u00ae HNS osigurava solubilizirani keratin, cink, vitamine B3, B5 i B6, bakar i biotin. Ove sirovine poti\u010du stvaranje keratina, neophodnog za jaku kosu, ko\u017eu i nokte. Klini\u010dke studije koje su koristile Cynatine\u00ae pokazale su dojmljivog 11,5 posto smanjenja pojave bora i gotovo 50 posto promjene svjetline i sjaja kose.<\/p>\n<p>Biotin je neophodan za metabolizam proteina i masnih kiselina koji podr\u017eavaju zdravu ko\u017eu, kosu i nokte.<\/p>\n<p>Silicij je mineral koji je od vitalne va\u017enosti za odr\u017eavanje zdravog kolagena te jake i mladena\u010dke kose, ko\u017ee i noktiju.<\/p>\n<p>Njegujte lijepu kosu i blistavu ko\u017eu i poduprite jake, zdrave nokte za trajnu ljepotu!<\/p>\n<p>\u0420\u0435\u043a\u043e\u043c\u0435\u043d\u0434\u0430\u0446\u0456\u0457 \u0456\u0437 \u0437\u0430\u0441\u0442\u043e\u0441\u0443\u0432\u0430\u043d\u043d\u044f<\/p>\n<p>Pro\u010ditajte cijelu etiketu i pa\u017eljivo slijedite upute prije uporabe.<\/p>\n<p>Uzmite \u010detiri (4) tablete dnevno ili prema preporuci lije\u010dnika.<\/p>\n<p>\u0406\u043d\u0448\u0456 \u0456\u043d\u0433\u0440\u0435\u0434\u0456\u0454\u043d\u0442\u0438<\/p>\n<p>Mikrokristalna celuloza, kroskarmeloza natrij, stearinska kiselina, biljni stearat, vodena filmska ovojnica (hidroksipropil metilceluloza, glicerin, pro\u010di\u0161\u0107ena voda), silicij.<\/p>\n<p>\u041f\u043e\u043f\u0435\u0440\u0435\u0434\u0436\u0435\u043d\u043d\u044f<\/p>\n<p>Osobe s uro\u0111enim gre\u0161kama u metabolizmu bakra (npr. Wilsonova bolest) trebaju izbjegavati svakodnevnu, kroni\u010dnu upotrebu ovog proizvoda.<\/p>\n<p>\u010cuvati izvan dohvata djece.<br \/>\nNemojte prekora\u010diti preporu\u010denu dozu.<br \/>\nNe kupujte ako je vanjski pe\u010dat slomljen ili o\u0161te\u0107en.<br \/>\nPrilikom kori\u0161tenja dodataka prehrani posavjetujte se sa svojim lije\u010dnikom ako ste podvrgnuti lije\u010denju zbog nekog zdravstvenog stanja ili ako ste trudni ili dojite.<\/p>\n<p>\u010cuvati dobro zatvoreno na hladnom i suhom mjestu.<\/p>\n<\/div>\n<\/div>\n<div class=\"row item-row\">\n<div class=\"col-xs-24\"><\/div>\n<\/div>\n<\/div>\n<div class=\"col-xs-24 col-md-10\">\n<div class=\"supplement-facts-container\">\n<table border=\"1\" width=\"100%\" cellspacing=\"0\" cellpadding=\"3\">\n<tbody>\n<tr align=\"left\" valign=\"top\">\n<td colspan=\"3\"><strong>Supplement Facts<\/strong><\/td>\n<\/tr>\n<tr align=\"left\" valign=\"top\">\n<td colspan=\"3\"><strong>Serving Size:\u00a0<\/strong>4 Tablets<\/td>\n<\/tr>\n<tr align=\"left\" valign=\"top\">\n<td class=\"\" colspan=\"3\"><strong>Servings Per Container:<\/strong>\u00a030<\/td>\n<\/tr>\n<tr align=\"left\" valign=\"top\">\n<td width=\"70%\"><\/td>\n<td width=\"15%\"><strong>Amount Per Serving<\/strong><\/td>\n<td width=\"15%\"><strong>% Daily Value<\/strong><\/td>\n<\/tr>\n<tr align=\"left\" valign=\"top\">\n<td>Niacin (as niacinamide)<\/td>\n<td>18 mg*<\/td>\n<td>113%<\/td>\n<\/tr>\n<tr align=\"left\" valign=\"top\">\n<td>Vitamin B6 (as pyridoxine HCl)<\/td>\n<td>2 mg<\/td>\n<td>118%<\/td>\n<\/tr>\n<tr align=\"left\" valign=\"top\">\n<td>Biotin<\/td>\n<td>2500 mcg<\/td>\n<td>8333%<\/td>\n<\/tr>\n<tr align=\"left\" valign=\"top\">\n<td>Pantothenic acid (as D-calcium pantothenate)<\/td>\n<td>13.68 mg<\/td>\n<td>274%<\/td>\n<\/tr>\n<tr align=\"left\" valign=\"top\">\n<td>Calcium (as dicalcium phosphate)<\/td>\n<td>83 mg<\/td>\n<td>6%<\/td>\n<\/tr>\n<tr align=\"left\" valign=\"top\">\n<td>Zinc (as zinc oxide)<\/td>\n<td>15 mg<\/td>\n<td>136%<\/td>\n<\/tr>\n<tr align=\"left\" valign=\"top\">\n<td>Copper (as copper sulfate)<\/td>\n<td>1.65 mg<\/td>\n<td>183%<\/td>\n<\/tr>\n<tr align=\"left\" valign=\"top\">\n<td>VERISOL\u00ae Bioactive Collagen Peptides<\/td>\n<td>2500 mg<\/td>\n<td>**<\/td>\n<\/tr>\n<tr align=\"left\" valign=\"top\">\n<td>Cynatine\u00ae HNS (providing solubilized keratin)<\/td>\n<td>500 mg<\/td>\n<td>**<\/td>\n<\/tr>\n<tr align=\"left\" valign=\"top\">\n<td>Silicon [from std. bamboo extract (stem)]<\/td>\n<td>3 mg<\/td>\n<td>**<\/td>\n<\/tr>\n<tr align=\"left\" valign=\"top\">\n<td colspan=\"3\">**Daily Value not established.<br \/>\n*NE (Niacin equivalent)<\/td>\n<\/tr>\n<\/tbody>\n<\/table>\n<\/div>\n<\/div>","protected":false},"excerpt":{"rendered":"<p>Opis Bez glutena Non-GMO LE certificiran Promi\u010de ljepotu iznutra Dodatak prehrani Hair, Skin &amp; Nails Collagen Plus Formula kombinira bioaktivne peptide kolagena i sna\u017ene hranjive tvari za sveobuhvatno zdravlje kose, ko\u017ee i noktiju. Podr\u017eavaju\u0107i rast i obnavljanje ko\u017ee, zdravu stopu rasta noktiju i zdravo pomla\u0111ivanje, klini\u010dki potvr\u0111ene hranjive tvari ove formule poti\u010du mladena\u010dku i dugotrajnu[&#8230;]<\/p>","protected":false},"featured_media":6922,"comment_status":"open","ping_status":"closed","template":"","meta":{"inline_featured_image":false},"product_cat":[15,25,42,59,37],"product_tag":[],"class_list":{"0":"post-6920","1":"product","2":"type-product","3":"status-publish","4":"has-post-thumbnail","6":"product_cat-supplements","7":"product_cat-beauty","8":"product_cat-bone-joint-cartilage","9":"product_cat-collagen","10":"product_cat-hair-skin-nails","12":"first","13":"instock","14":"featured","15":"shipping-taxable","16":"purchasable","17":"product-type-simple"},"_links":{"self":[{"href":"https:\/\/be-healthy.taniko.me\/uk\/wp-json\/wp\/v2\/product\/6920","targetHints":{"allow":["GET"]}}],"collection":[{"href":"https:\/\/be-healthy.taniko.me\/uk\/wp-json\/wp\/v2\/product"}],"about":[{"href":"https:\/\/be-healthy.taniko.me\/uk\/wp-json\/wp\/v2\/types\/product"}],"replies":[{"embeddable":true,"href":"https:\/\/be-healthy.taniko.me\/uk\/wp-json\/wp\/v2\/comments?post=6920"}],"wp:featuredmedia":[{"embeddable":true,"href":"https:\/\/be-healthy.taniko.me\/uk\/wp-json\/wp\/v2\/media\/6922"}],"wp:attachment":[{"href":"https:\/\/be-healthy.taniko.me\/uk\/wp-json\/wp\/v2\/media?parent=6920"}],"wp:term":[{"taxonomy":"product_cat","embeddable":true,"href":"https:\/\/be-healthy.taniko.me\/uk\/wp-json\/wp\/v2\/product_cat?post=6920"},{"taxonomy":"product_tag","embeddable":true,"href":"https:\/\/be-healthy.taniko.me\/uk\/wp-json\/wp\/v2\/product_tag?post=6920"}],"curies":[{"name":"wp","href":"https:\/\/api.w.org\/{rel}","templated":true}]}}