{"id":6923,"date":"2024-01-03T16:38:30","date_gmt":"2024-01-03T16:38:30","guid":{"rendered":"https:\/\/be-healthy.taniko.me\/?post_type=product&#038;p=6923"},"modified":"2024-10-15T08:31:42","modified_gmt":"2024-10-15T08:31:42","slug":"doctors-best-collagen-types-1-and-3-with-peptan-and-vitamin-c-1000-mg-180-tablets","status":"publish","type":"product","link":"https:\/\/be-healthy.taniko.me\/uk\/product\/doctors-best-collagen-types-1-and-3-with-peptan-and-vitamin-c-1000-mg-180-tablets\/","title":{"rendered":"Doctor&#8217;s Best, Collagen Types 1 and 3 with Peptan and Vitamin C, 1,000 mg, 180 Tablets"},"content":{"rendered":"<div class=\"col-xs-24 col-md-14\">\n<div class=\"row item-row\">\n<div class=\"col-xs-24\">\n<p>\u041e\u043f\u0438\u0441<br \/>\n\u041d\u0430\u0443\u043a\u043e\u0432\u043e \u043e\u0431\u0491\u0440\u0443\u043d\u0442\u043e\u0432\u0430\u043d\u0435 \u0445\u0430\u0440\u0447\u0443\u0432\u0430\u043d\u043d\u044f<br \/>\n\u0414\u0456\u0454\u0442\u0438\u0447\u043d\u0430 \u0434\u043e\u0431\u0430\u0432\u043a\u0430<br \/>\nOsnovna strukturna podr\u0161ka za kosu, ko\u017eu, nokte, tetive, ligamente i kosti<br \/>\nBez GMO \/ bez glutena \/ bez soje<br \/>\nHidrolizirani kolagen tipa 1 i 3 bez BSE-a<\/p>\n<p>Doctor&#8217;s Best kolagen tipa 1 i 3 sadr\u017ei hidrolizirani protein kolagena (bez BSE-a), koji doprinosi rastu i odr\u017eavanju zdravih tkiva. Kolagen je strukturni protein neophodan za snagu kostiju i fleksibilnost zglobova, tetiva, ligamenata, kose, ko\u017ee, noktiju i drugih tkiva u cijelom tijelu.<\/p>\n<p>Vitamin C je dodan u formulu kao va\u017ean nutrijent potreban za sintezu kolagena u tijelu.<\/p>\n<p>Poma\u017ee u odr\u017eavanju zdrave kose, ko\u017ee i noktiju<br \/>\nPoma\u017ee u odr\u017eavanju snage kostiju i fleksibilnosti zglobova, tetiva i ligamenata<br \/>\nOmogu\u0107uje pobolj\u0161anu bioraspolo\u017eivost zbog niske molekularne te\u017eine sastavnih peptida<br \/>\n\u0420\u0435\u043a\u043e\u043c\u0435\u043d\u0434\u0430\u0446\u0456\u0457 \u0456\u0437 \u0437\u0430\u0441\u0442\u043e\u0441\u0443\u0432\u0430\u043d\u043d\u044f<\/p>\n<p>Preporu\u010dena upotreba za odrasle:\u00a0Uzmite 3 tablete dva puta dnevno na prazan \u017eeludac, najmanje 30 minuta prije obroka ili prema preporuci nutricionista. Kako biste osigurali optimalnu apsorpciju kolagena, izbjegavajte uzimanje proteinskih dodataka unutar jednog sata od konzumiranja.<\/p>\n<p>\u0406\u043d\u0448\u0456 \u0456\u043d\u0433\u0440\u0435\u0434\u0456\u0454\u043d\u0442\u0438<\/p>\n<p>Mikrokristalna celuloza, kroskarmeloza natrij, magnezijev stearat (biljni izvor), stearinska kiselina, omota\u010d (pro\u010di\u0161\u0107ena voda, hipromeloza).<\/p>\n<p>\u041f\u043e\u043f\u0435\u0440\u0435\u0434\u0436\u0435\u043d\u043d\u044f<\/p>\n<p>\u0417\u0431\u0435\u0440\u0456\u0433\u0430\u0442\u0438 \u0432 \u0441\u0443\u0445\u043e\u043c\u0443 \u043f\u0440\u043e\u0445\u043e\u043b\u043e\u0434\u043d\u043e\u043c\u0443 \u043c\u0456\u0441\u0446\u0456.<\/p>\n<\/div>\n<\/div>\n<\/div>\n<div class=\"col-xs-24 col-md-10\">\n<div class=\"supplement-facts-container\">\n<table border=\"1\" width=\"100%\" cellspacing=\"0\" cellpadding=\"3\">\n<tbody>\n<tr valign=\"top\">\n<td colspan=\"3\"><strong>Supplement Facts<\/strong><\/td>\n<\/tr>\n<tr valign=\"top\">\n<td colspan=\"3\"><strong>Serving Size:<\/strong>\u00a03 Tablets<\/td>\n<\/tr>\n<tr valign=\"top\">\n<td colspan=\"3\"><strong>Servings Per Container:<\/strong>\u00a060<\/td>\n<\/tr>\n<tr valign=\"top\">\n<td width=\"70%\"><\/td>\n<td width=\"15%\"><strong>Amount per serving<\/strong><\/td>\n<td width=\"15%\"><strong>% Daily Value<\/strong><\/td>\n<\/tr>\n<tr valign=\"top\">\n<td>Calories<\/td>\n<td>10<\/td>\n<td><\/td>\n<\/tr>\n<tr valign=\"top\">\n<td>Protein (from hydrolyzed collagen Types 1 and 3)<\/td>\n<td>3 g<\/td>\n<td><\/td>\n<\/tr>\n<tr valign=\"top\">\n<td>Vitamin C (as calcium ascorbate)<\/td>\n<td>30 mg<\/td>\n<td class=\"\">33%<\/td>\n<\/tr>\n<tr valign=\"top\">\n<td>Hydrolyzed Collagen Types 1 and 3<\/td>\n<td>3 g (3000 mg)<\/td>\n<td>\u2020<\/td>\n<\/tr>\n<tr valign=\"top\">\n<td colspan=\"3\">\u2020 Daily Value not established.<\/td>\n<\/tr>\n<\/tbody>\n<\/table>\n<\/div>\n<\/div>","protected":false},"excerpt":{"rendered":"<p>Opis Znanstveno utemeljena prehrana\u2122 Dodatak prehrani Osnovna strukturna podr\u0161ka za kosu, ko\u017eu, nokte, tetive, ligamente i kosti Bez GMO \/ bez glutena \/ bez soje Hidrolizirani kolagen tipa 1 i 3 bez BSE-a Doctor&#8217;s Best kolagen tipa 1 i 3 sadr\u017ei hidrolizirani protein kolagena (bez BSE-a), koji doprinosi rastu i odr\u017eavanju zdravih tkiva. Kolagen je[&#8230;]<\/p>","protected":false},"featured_media":6924,"comment_status":"open","ping_status":"closed","template":"","meta":{"inline_featured_image":false},"product_cat":[15,25,42,59,37],"product_tag":[],"class_list":{"0":"post-6923","1":"product","2":"type-product","3":"status-publish","4":"has-post-thumbnail","6":"product_cat-supplements","7":"product_cat-beauty","8":"product_cat-bone-joint-cartilage","9":"product_cat-collagen","10":"product_cat-hair-skin-nails","12":"first","13":"instock","14":"featured","15":"shipping-taxable","16":"purchasable","17":"product-type-simple"},"_links":{"self":[{"href":"https:\/\/be-healthy.taniko.me\/uk\/wp-json\/wp\/v2\/product\/6923","targetHints":{"allow":["GET"]}}],"collection":[{"href":"https:\/\/be-healthy.taniko.me\/uk\/wp-json\/wp\/v2\/product"}],"about":[{"href":"https:\/\/be-healthy.taniko.me\/uk\/wp-json\/wp\/v2\/types\/product"}],"replies":[{"embeddable":true,"href":"https:\/\/be-healthy.taniko.me\/uk\/wp-json\/wp\/v2\/comments?post=6923"}],"wp:featuredmedia":[{"embeddable":true,"href":"https:\/\/be-healthy.taniko.me\/uk\/wp-json\/wp\/v2\/media\/6924"}],"wp:attachment":[{"href":"https:\/\/be-healthy.taniko.me\/uk\/wp-json\/wp\/v2\/media?parent=6923"}],"wp:term":[{"taxonomy":"product_cat","embeddable":true,"href":"https:\/\/be-healthy.taniko.me\/uk\/wp-json\/wp\/v2\/product_cat?post=6923"},{"taxonomy":"product_tag","embeddable":true,"href":"https:\/\/be-healthy.taniko.me\/uk\/wp-json\/wp\/v2\/product_tag?post=6923"}],"curies":[{"name":"wp","href":"https:\/\/api.w.org\/{rel}","templated":true}]}}