{"id":6926,"date":"2024-01-03T16:47:06","date_gmt":"2024-01-03T16:47:06","guid":{"rendered":"https:\/\/be-healthy.taniko.me\/?post_type=product&#038;p=6926"},"modified":"2024-10-15T08:30:39","modified_gmt":"2024-10-15T08:30:39","slug":"sports-research-collagen-peptides-unflavored-1-lb-454-g","status":"publish","type":"product","link":"https:\/\/be-healthy.taniko.me\/uk\/product\/sports-research-collagen-peptides-unflavored-1-lb-454-g\/","title":{"rendered":"Sports Research, Collagen Peptides, Unflavored, 1 lb (454 g)"},"content":{"rendered":"<div class=\"col-xs-24 col-md-14\">\n<div class=\"row item-row\">\n<div class=\"col-xs-24\">\n<p>\u041e\u043f\u0438\u0441<br \/>\n11 g kolagenskih peptida po obroku<br \/>\nPodr\u017eava ko\u017eu, nokte, zglobove i kosti<br \/>\nBez GMO<br \/>\nHidrolizirani kolagen tipa I i III<br \/>\nIzvrstan u kavi i shakeovima<br \/>\nHidroliziran za laku apsorpciju<br \/>\nPodr\u017eava oporavak tijekom vje\u017ebanja^<br \/>\nBez mlije\u010dnih proizvoda i glutena<br \/>\nKvaliteta je va\u017ena<br \/>\nInformirani izbor<br \/>\nCertificirano NSF bez glutena<br \/>\nTestirana tre\u0107a strana<br \/>\nSukladno cGMP-u<br \/>\nNe sadr\u017ei BPA<\/p>\n<p>Upoznajte svoj novi jutarnji ritual! Sports Research\u00ae Collagen Peptides je hidroliziran pa se spaja u va\u0161 omiljeni napitak i lak\u0161e se apsorbira. Kolagen je najzastupljeniji protein u ljudskom tijelu, ali jeste li znali da na\u0161e tijelo proizvodi sve manje i manje kako starimo? To rezultira svime, od bora do bolova u zglobovima i jo\u0161 mnogo toga. Dovoljna koli\u010dina kolagena osigurava optimalnu funkciju svega, od ko\u017ee i noktiju do zdravlja zglobova i kostiju. S 11 grama kolagenskih peptida tipa I i III po mjerici i 18 aminokiselina\u2014Sports Research\u00ae Hydrolyzed Collagen Peptides savr\u0161ena je potpora oporavku tijekom vje\u017ebanja tako da mo\u017eete dulje u\u017eivati \u200b\u200bu sportu \u017eivota i izgledati najbolje dok ga radite.<\/p>\n<p>^Kada se uzimaju 2 mjerice (22 g) dnevno prije treninga.<\/p>\n<p>\u0420\u0435\u043a\u043e\u043c\u0435\u043d\u0434\u0430\u0446\u0456\u0457 \u0456\u0437 \u0437\u0430\u0441\u0442\u043e\u0441\u0443\u0432\u0430\u043d\u043d\u044f<\/p>\n<p>Odrasli pomije\u0161ajte 1 mjericu u svoj omiljeni napitak ili obrok 1-2 puta dnevno i dobro promije\u0161ajte ili prema preporuci kvalificiranog zdravstvenog radnika.<\/p>\n<p>Koristan savjet:\u00a0Peptidi kolagena \u0107e se zgrudati u hladnim teku\u0107inama. Kako biste u\u017eivali u kolagen peptidima u hladnoj teku\u0107ini, jednostavno prvo pomije\u0161ajte u teku\u0107ini sobne temperature i zatim dodajte led.<\/p>\n<p>\u0406\u043d\u0448\u0456 \u0456\u043d\u0433\u0440\u0435\u0434\u0456\u0454\u043d\u0442\u0438<\/p>\n<p>Hidrolizirani peptidi gove\u0111eg kolagena.<\/p>\n<p>\u041f\u043e\u043f\u0435\u0440\u0435\u0434\u0436\u0435\u043d\u043d\u044f<\/p>\n<p>Napomena: ovaj proizvod koristite samo kao dodatak prehrani. Ne koristiti za smanjenje te\u017eine.<\/p>\n<p>\u010cuvati izvan dohvata djece i ku\u0107nih ljubimaca. Posavjetujte se s kvalificiranim zdravstvenim radnikom prije kori\u0161tenja ovog proizvoda, osobito ako ste trudni, dojite, imate dijagnosticiranu bolest ili uzimate lijekove na recept. Nemojte prekora\u010diti preporu\u010deni dnevni unos. Nemojte koristiti ako je sigurnosna brtva o\u0161te\u0107ena ili nedostaje. \u010cuvati na sobnoj temperaturi, na suhom mjestu. Za\u0161titite proizvod od prekomjerne topline, smrzavanja, vlage i svjetlosti.<\/p>\n<p>Prosjek je 11 grama po mjerici. Pojedina\u010dna tehnika grabljenja mo\u017ee dati ne\u0161to manje ili ne\u0161to vi\u0161e od 11 grama. Ovaj proizvod je pakiran prema te\u017eini, a ne prema volumenu. Do talo\u017eenja sadr\u017eaja dolazi s vremenom i ne mo\u017ee se izbje\u0107i. Mogu se pojaviti varijacije u mirisu, boji, okusu i topljivosti.<\/p>\n<\/div>\n<\/div>\n<div class=\"row item-row\">\n<div class=\"col-xs-24\"><\/div>\n<\/div>\n<div class=\"row item-row\">\n<div class=\"col-xs-24\"><\/div>\n<\/div>\n<\/div>\n<div class=\"col-xs-24 col-md-10\">\n<div class=\"supplement-facts-container\">\n<table border=\"1\" width=\"100%\" cellspacing=\"0\" cellpadding=\"3\">\n<tbody>\n<tr align=\"left\" valign=\"top\">\n<td class=\"\" colspan=\"3\"><strong>Supplement Facts<\/strong><\/td>\n<\/tr>\n<tr align=\"left\" valign=\"top\">\n<td colspan=\"3\"><strong>Serving Size:<\/strong>\u00a01 Scoop (11 g)<\/td>\n<\/tr>\n<tr align=\"left\" valign=\"top\">\n<td class=\"\" colspan=\"3\"><strong>Serving Per Container:\u00a0<\/strong>About 41<\/td>\n<\/tr>\n<tr align=\"left\" valign=\"top\">\n<td class=\"\" width=\"70%\"><\/td>\n<td width=\"15%\"><strong>Amount Per Serving<\/strong><\/td>\n<td width=\"15%\"><strong>%Daily Value<\/strong><\/td>\n<\/tr>\n<tr align=\"left\" valign=\"top\">\n<td>Calories<\/td>\n<td>40<\/td>\n<td><\/td>\n<\/tr>\n<tr align=\"left\" valign=\"top\">\n<td>Protein<\/td>\n<td>10 g<\/td>\n<td>&lt;1%**<\/td>\n<\/tr>\n<tr align=\"left\" valign=\"top\">\n<td class=\"\">Sodium<\/td>\n<td>60 mg<\/td>\n<td>3%<\/td>\n<\/tr>\n<tr align=\"left\" valign=\"top\">\n<td>Hydrolyzed Bovine Collagen Peptides<\/td>\n<td>11 g<\/td>\n<td>\u2020<\/td>\n<\/tr>\n<tr align=\"left\" valign=\"top\">\n<td colspan=\"3\">**Percent Daily Values are based on a 2,000 calorie diet.<br \/>\n\u2020 Daily Value not established.<\/td>\n<\/tr>\n<\/tbody>\n<\/table>\n<table border=\"1\" width=\"100%\" cellspacing=\"0\" cellpadding=\"3\">\n<tbody>\n<tr align=\"left\" valign=\"top\">\n<td colspan=\"2\"><strong>Typical Amino Acid Profile Per Serving<\/strong><\/td>\n<\/tr>\n<tr align=\"left\" valign=\"top\">\n<td class=\"\" width=\"50%\">Alanine<\/td>\n<td width=\"50%\">920 mg<\/td>\n<\/tr>\n<tr align=\"left\" valign=\"top\">\n<td>Arginine<\/td>\n<td>780 mg<\/td>\n<\/tr>\n<tr align=\"left\" valign=\"top\">\n<td>Aspartic Acid<\/td>\n<td>540 mg<\/td>\n<\/tr>\n<tr align=\"left\" valign=\"top\">\n<td>Glutamic Acid<\/td>\n<td>1,020 mg<\/td>\n<\/tr>\n<tr align=\"left\" valign=\"top\">\n<td>Glycine<\/td>\n<td>2,400 mg<\/td>\n<\/tr>\n<tr align=\"left\" valign=\"top\">\n<td>Histidine<sup>\u2020\u2020<\/sup><\/td>\n<td class=\"\">60 mg<\/td>\n<\/tr>\n<tr align=\"left\" valign=\"top\">\n<td class=\"\">Hydroxylysine<\/td>\n<td>120 mg<\/td>\n<\/tr>\n<tr align=\"left\" valign=\"top\">\n<td>Hydroxyproline<\/td>\n<td>1,020 mg<\/td>\n<\/tr>\n<tr align=\"left\" valign=\"top\">\n<td>Isoleucine<sup>\u2020\u2020<\/sup><\/td>\n<td>140 mg<\/td>\n<\/tr>\n<tr align=\"left\" valign=\"top\">\n<td>Leucine<sup>\u2020\u2020<\/sup><\/td>\n<td>280 mg<\/td>\n<\/tr>\n<tr align=\"left\" valign=\"top\">\n<td>Lysine<sup>\u2020\u2020<\/sup><\/td>\n<td>350 mg<\/td>\n<\/tr>\n<tr align=\"left\" valign=\"top\">\n<td>Methionine<sup>\u2020\u2020<\/sup><\/td>\n<td>30 mg<\/td>\n<\/tr>\n<tr align=\"left\" valign=\"top\">\n<td>Phenylalanine<sup>\u2020\u2020<\/sup><\/td>\n<td>180 mg<\/td>\n<\/tr>\n<tr align=\"left\" valign=\"top\">\n<td>Proline<\/td>\n<td>1,330 mg<\/td>\n<\/tr>\n<tr align=\"left\" valign=\"top\">\n<td>Serine<\/td>\n<td>320 mg<\/td>\n<\/tr>\n<tr align=\"left\" valign=\"top\">\n<td>Threonine<sup>\u2020\u2020<\/sup><\/td>\n<td>170 mg<\/td>\n<\/tr>\n<tr align=\"left\" valign=\"top\">\n<td>Tyrosine<\/td>\n<td>20 mg<\/td>\n<\/tr>\n<tr align=\"left\" valign=\"top\">\n<td>Valine<sup>\u2020\u2020<\/sup><\/td>\n<td>210 mg<\/td>\n<\/tr>\n<tr align=\"left\" valign=\"top\">\n<td colspan=\"2\">\u2020\u2020Essential Amino Acids<\/td>\n<\/tr>\n<\/tbody>\n<\/table>\n<\/div>\n<\/div>","protected":false},"excerpt":{"rendered":"<p>Opis 11 g kolagenskih peptida po obroku Podr\u017eava ko\u017eu, nokte, zglobove i kosti Bez GMO Hidrolizirani kolagen tipa I i III Izvrstan u kavi i shakeovima Hidroliziran za laku apsorpciju Podr\u017eava oporavak tijekom vje\u017ebanja^ Bez mlije\u010dnih proizvoda i glutena Kvaliteta je va\u017ena Informirani izbor Certificirano NSF bez glutena Testirana tre\u0107a strana Sukladno cGMP-u Ne sadr\u017ei[&#8230;]<\/p>","protected":false},"featured_media":6928,"comment_status":"open","ping_status":"closed","template":"","meta":{"inline_featured_image":false},"product_cat":[15,25,42,59,37,38,24],"product_tag":[],"class_list":{"0":"post-6926","1":"product","2":"type-product","3":"status-publish","4":"has-post-thumbnail","6":"product_cat-supplements","7":"product_cat-beauty","8":"product_cat-bone-joint-cartilage","9":"product_cat-collagen","10":"product_cat-hair-skin-nails","11":"product_cat-k-beauty","12":"product_cat-sport","14":"first","15":"instock","16":"featured","17":"shipping-taxable","18":"purchasable","19":"product-type-simple"},"_links":{"self":[{"href":"https:\/\/be-healthy.taniko.me\/uk\/wp-json\/wp\/v2\/product\/6926","targetHints":{"allow":["GET"]}}],"collection":[{"href":"https:\/\/be-healthy.taniko.me\/uk\/wp-json\/wp\/v2\/product"}],"about":[{"href":"https:\/\/be-healthy.taniko.me\/uk\/wp-json\/wp\/v2\/types\/product"}],"replies":[{"embeddable":true,"href":"https:\/\/be-healthy.taniko.me\/uk\/wp-json\/wp\/v2\/comments?post=6926"}],"wp:featuredmedia":[{"embeddable":true,"href":"https:\/\/be-healthy.taniko.me\/uk\/wp-json\/wp\/v2\/media\/6928"}],"wp:attachment":[{"href":"https:\/\/be-healthy.taniko.me\/uk\/wp-json\/wp\/v2\/media?parent=6926"}],"wp:term":[{"taxonomy":"product_cat","embeddable":true,"href":"https:\/\/be-healthy.taniko.me\/uk\/wp-json\/wp\/v2\/product_cat?post=6926"},{"taxonomy":"product_tag","embeddable":true,"href":"https:\/\/be-healthy.taniko.me\/uk\/wp-json\/wp\/v2\/product_tag?post=6926"}],"curies":[{"name":"wp","href":"https:\/\/api.w.org\/{rel}","templated":true}]}}