{"id":6930,"date":"2024-01-03T16:52:29","date_gmt":"2024-01-03T16:52:29","guid":{"rendered":"https:\/\/be-healthy.taniko.me\/?post_type=product&#038;p=6930"},"modified":"2024-10-15T08:28:27","modified_gmt":"2024-10-15T08:28:27","slug":"now-foods-biotin-5000-mcg-120-veg-capsules","status":"publish","type":"product","link":"https:\/\/be-healthy.taniko.me\/uk\/product\/now-foods-biotin-5000-mcg-120-veg-capsules\/","title":{"rendered":"NOW Foods, Biotin, 5.000 mcg, 120 Veg Capsules"},"content":{"rendered":"<div class=\"col-xs-24 col-md-14\">\n<div class=\"row item-row\">\n<div class=\"col-xs-24\">\n<p>\u041e\u043f\u0438\u0441<br \/>\nProizvodnja energije<br \/>\nPodr\u017eava metabolizam aminokiselina<br \/>\nPromi\u010de normalnu imunolo\u0161ku funkciju<br \/>\n\u0411\u0435\u0437 \u0413\u041c\u041e<br \/>\n\u0414\u0456\u0454\u0442\u0438\u0447\u043d\u0430 \u0434\u043e\u0431\u0430\u0432\u043a\u0430<br \/>\nVegetarijanac\/vegan<br \/>\nKo\u0161er<br \/>\nVitamini<br \/>\nU obiteljskom vlasni\u0161tvu od 1968<br \/>\nZajam\u010dena GMP kvaliteta<\/p>\n<p>Biotin je vitamin topiv u vodi neophodan za normalan rast i funkcioniranje tijela. Biotin djeluje kao klju\u010dni regulatorni element u glukoneogenezi, sintezi masnih kiselina i u metabolizmu nekih aminokiselina. Osim svoje uloge u proizvodnji energije, biotin pospje\u0161uje sintezu odre\u0111enih proteina. Osim toga, biotin poti\u010de zdravu funkciju imunolo\u0161kog sustava i igra klju\u010dnu ulogu u zdravlju ko\u017ee.<\/p>\n<p>\u0420\u0435\u043a\u043e\u043c\u0435\u043d\u0434\u0430\u0446\u0456\u0457 \u0456\u0437 \u0437\u0430\u0441\u0442\u043e\u0441\u0443\u0432\u0430\u043d\u043d\u044f<\/p>\n<p>Uzmite 1 kapsulu dnevno uz obrok.<\/p>\n<p>\u0406\u043d\u0448\u0456 \u0456\u043d\u0433\u0440\u0435\u0434\u0456\u0454\u043d\u0442\u0438<\/p>\n<p>Ri\u017eino bra\u0161no, hipromeloza (celulozna kapsula), stearinska kiselina (biljni izvor) i silicijev dioksid.<\/p>\n<p>Nije proizvedeno sa sastojcima p\u0161enice, glutena, soje, mlijeka, jaja, ribe, \u0161koljki, ora\u0161astih plodova ili sezama. Proizvedeno u GMP postrojenju koje obra\u0111uje druge sastojke koji sadr\u017ee te alergene.<\/p>\n<p>\u041f\u043e\u043f\u0435\u0440\u0435\u0434\u0436\u0435\u043d\u043d\u044f<\/p>\n<p>Samo za odrasle. Posavjetujte se s lije\u010dnikom ako ste trudni\/dojite, uzimate lijekove ili imate zdravstveno stanje. \u010cuvati izvan dohvata djece. Ovaj proizvod sadr\u017ei biotin koji mo\u017ee utjecati na rezultate nekih krvnih pretraga.<\/p>\n<p>U ovom proizvodu mo\u017ee do\u0107i do prirodne varijacije boje.<\/p>\n<p>\u010cuvati na hladnom i suhom mjestu nakon otvaranja.<\/p>\n<\/div>\n<\/div>\n<div class=\"row item-row\">\n<div class=\"col-xs-24\"><\/div>\n<\/div>\n<div class=\"row item-row\">\n<div class=\"col-xs-24\"><\/div>\n<\/div>\n<\/div>\n<div class=\"col-xs-24 col-md-10\">\n<div class=\"supplement-facts-container\">\n<table border=\"1\" width=\"100%\" cellspacing=\"0\" cellpadding=\"3\">\n<tbody>\n<tr valign=\"top\">\n<td colspan=\"3\"><strong>Supplement Facts<\/strong><\/td>\n<\/tr>\n<tr valign=\"top\">\n<td colspan=\"3\"><strong>Serving Size<\/strong>: 1 Veg Capsule<\/td>\n<\/tr>\n<tr valign=\"top\">\n<td width=\"70%\"><\/td>\n<td width=\"15%\"><strong>Amount Per Serving<\/strong><\/td>\n<td width=\"15%\"><strong>%Daily Value<\/strong><\/td>\n<\/tr>\n<tr valign=\"top\">\n<td>Biotin<\/td>\n<td>5 mg (5,000 mcg)<\/td>\n<td class=\"fr-selected-cell\">16,667%<\/td>\n<\/tr>\n<\/tbody>\n<\/table>\n<\/div>\n<\/div>","protected":false},"excerpt":{"rendered":"<p>Opis Proizvodnja energije Podr\u017eava metabolizam aminokiselina Promi\u010de normalnu imunolo\u0161ku funkciju Ne-GMO Dodatak prehrani Vegetarijanac\/vegan Ko\u0161er Vitamini U obiteljskom vlasni\u0161tvu od 1968 Zajam\u010dena GMP kvaliteta Biotin je vitamin topiv u vodi neophodan za normalan rast i funkcioniranje tijela. Biotin djeluje kao klju\u010dni regulatorni element u glukoneogenezi, sintezi masnih kiselina i u metabolizmu nekih aminokiselina. Osim svoje[&#8230;]<\/p>","protected":false},"featured_media":6932,"comment_status":"open","ping_status":"closed","template":"","meta":{"inline_featured_image":false},"product_cat":[15,25,39,37],"product_tag":[],"class_list":{"0":"post-6930","1":"product","2":"type-product","3":"status-publish","4":"has-post-thumbnail","6":"product_cat-supplements","7":"product_cat-beauty","8":"product_cat-biotin","9":"product_cat-hair-skin-nails","11":"first","12":"instock","13":"featured","14":"shipping-taxable","15":"purchasable","16":"product-type-simple"},"_links":{"self":[{"href":"https:\/\/be-healthy.taniko.me\/uk\/wp-json\/wp\/v2\/product\/6930","targetHints":{"allow":["GET"]}}],"collection":[{"href":"https:\/\/be-healthy.taniko.me\/uk\/wp-json\/wp\/v2\/product"}],"about":[{"href":"https:\/\/be-healthy.taniko.me\/uk\/wp-json\/wp\/v2\/types\/product"}],"replies":[{"embeddable":true,"href":"https:\/\/be-healthy.taniko.me\/uk\/wp-json\/wp\/v2\/comments?post=6930"}],"wp:featuredmedia":[{"embeddable":true,"href":"https:\/\/be-healthy.taniko.me\/uk\/wp-json\/wp\/v2\/media\/6932"}],"wp:attachment":[{"href":"https:\/\/be-healthy.taniko.me\/uk\/wp-json\/wp\/v2\/media?parent=6930"}],"wp:term":[{"taxonomy":"product_cat","embeddable":true,"href":"https:\/\/be-healthy.taniko.me\/uk\/wp-json\/wp\/v2\/product_cat?post=6930"},{"taxonomy":"product_tag","embeddable":true,"href":"https:\/\/be-healthy.taniko.me\/uk\/wp-json\/wp\/v2\/product_tag?post=6930"}],"curies":[{"name":"wp","href":"https:\/\/api.w.org\/{rel}","templated":true}]}}