{"id":6933,"date":"2024-01-03T16:57:09","date_gmt":"2024-01-03T16:57:09","guid":{"rendered":"https:\/\/be-healthy.taniko.me\/?post_type=product&#038;p=6933"},"modified":"2024-10-15T08:27:14","modified_gmt":"2024-10-15T08:27:14","slug":"doctors-best-biotin-10000-mcg-120-veggie-caps","status":"publish","type":"product","link":"https:\/\/be-healthy.taniko.me\/uk\/product\/doctors-best-biotin-10000-mcg-120-veggie-caps\/","title":{"rendered":"Doctor&#8217;s Best, Biotin, 10.000 mcg, 120 Veggie Caps"},"content":{"rendered":"<div class=\"col-xs-24 col-md-14\">\n<div class=\"row item-row\">\n<div class=\"col-xs-24\">\n<p>\u041e\u043f\u0438\u0441<br \/>\n\u041d\u0430\u0443\u043a\u043e\u0432\u043e \u043e\u0431\u0491\u0440\u0443\u043d\u0442\u043e\u0432\u0430\u043d\u0435 \u0445\u0430\u0440\u0447\u0443\u0432\u0430\u043d\u043d\u044f<br \/>\n\u0414\u0456\u0454\u0442\u0438\u0447\u043d\u0430 \u0434\u043e\u0431\u0430\u0432\u043a\u0430<br \/>\nveganska<br \/>\nBez GMO \/ bez glutena \/ bez soje<\/p>\n<p>Doctor&#8217;s Best Biotin osigurava znatnu dozu vitamina B-kompleksa biotina. Biotin je neophodan za jedinstvenu funkciju &#8220;biotinilacije&#8221; koja olak\u0161ava metabolizam energije i proteina te zdravu aktivnost DNK. Klini\u010dka promatranja nedostatka biotina pokazuju njegovu va\u017enost za odr\u017eavanje zdrave ko\u017ee i kose, kao i za imunolo\u0161ki i sredi\u0161nji \u017eiv\u010dani sustav. Preliminarni dokazi tako\u0111er sugeriraju da biotin mo\u017ee potaknuti zdravu obnovu noktiju.<\/p>\n<p>Poma\u017ee u odr\u017eavanju zdrave kose, ko\u017ee i noktiju<br \/>\nPoma\u017ee u regulaciji gena i integritetu DNK<br \/>\nPoma\u017ee u podr\u017eavanju bitnih funkcija enzima<br \/>\n\u0420\u0435\u043a\u043e\u043c\u0435\u043d\u0434\u0430\u0446\u0456\u0457 \u0456\u0437 \u0437\u0430\u0441\u0442\u043e\u0441\u0443\u0432\u0430\u043d\u043d\u044f<\/p>\n<p>Upotreba za odrasle: Uzmite 1 kapsulu dnevno, s hranom ili bez nje, ili prema preporuci lije\u010dnika nutricionista.<\/p>\n<p>\u0406\u043d\u0448\u0456 \u0456\u043d\u0433\u0440\u0435\u0434\u0456\u0454\u043d\u0442\u0438<\/p>\n<p>Mikrokristalna celuloza, hipromeloza (vegetarijanska kapsula), magnezijev stearat (biljni izvor), silicijev dioksid.<\/p>\n<p>\u041f\u043e\u043f\u0435\u0440\u0435\u0434\u0436\u0435\u043d\u043d\u044f<\/p>\n<p>\u010cuvati na hladnom i suhom mjestu<\/p>\n<\/div>\n<\/div>\n<div class=\"row item-row\">\n<div class=\"col-xs-24\"><\/div>\n<\/div>\n<\/div>\n<div class=\"col-xs-24 col-md-10\">\n<div class=\"supplement-facts-container\">\n<table border=\"1\" width=\"100%\" cellspacing=\"0\" cellpadding=\"3\">\n<tbody>\n<tr align=\"left\" valign=\"top\">\n<td colspan=\"3\"><strong>Supplement Facts<\/strong><\/td>\n<\/tr>\n<tr align=\"left\" valign=\"top\">\n<td colspan=\"3\"><strong>Serving Size:<\/strong>\u00a01 Veggie Capsule<\/td>\n<\/tr>\n<tr align=\"left\" valign=\"top\">\n<td colspan=\"3\"><strong>Servings Per Container:<\/strong>\u00a0120<\/td>\n<\/tr>\n<tr align=\"left\" valign=\"top\">\n<td width=\"70%\"><\/td>\n<td width=\"15%\"><strong>Amount Per Serving<\/strong><\/td>\n<td width=\"15%\"><strong>% Daily Value<\/strong><\/td>\n<\/tr>\n<tr align=\"left\" valign=\"top\">\n<td>Biotin<\/td>\n<td>10,000 mcg<\/td>\n<td>33330%<\/td>\n<\/tr>\n<\/tbody>\n<\/table>\n<\/div>\n<\/div>","protected":false},"excerpt":{"rendered":"<p>Opis Znanstveno utemeljena prehrana\u2122 Dodatak prehrani veganska Bez GMO \/ bez glutena \/ bez soje Doctor&#8217;s Best Biotin osigurava znatnu dozu vitamina B-kompleksa biotina. Biotin je neophodan za jedinstvenu funkciju &#8220;biotinilacije&#8221; koja olak\u0161ava metabolizam energije i proteina te zdravu aktivnost DNK. Klini\u010dka promatranja nedostatka biotina pokazuju njegovu va\u017enost za odr\u017eavanje zdrave ko\u017ee i kose, kao[&#8230;]<\/p>","protected":false},"featured_media":6935,"comment_status":"open","ping_status":"closed","template":"","meta":{"inline_featured_image":false},"product_cat":[15,25,39,37],"product_tag":[],"class_list":{"0":"post-6933","1":"product","2":"type-product","3":"status-publish","4":"has-post-thumbnail","6":"product_cat-supplements","7":"product_cat-beauty","8":"product_cat-biotin","9":"product_cat-hair-skin-nails","11":"first","12":"instock","13":"featured","14":"shipping-taxable","15":"purchasable","16":"product-type-simple"},"_links":{"self":[{"href":"https:\/\/be-healthy.taniko.me\/uk\/wp-json\/wp\/v2\/product\/6933","targetHints":{"allow":["GET"]}}],"collection":[{"href":"https:\/\/be-healthy.taniko.me\/uk\/wp-json\/wp\/v2\/product"}],"about":[{"href":"https:\/\/be-healthy.taniko.me\/uk\/wp-json\/wp\/v2\/types\/product"}],"replies":[{"embeddable":true,"href":"https:\/\/be-healthy.taniko.me\/uk\/wp-json\/wp\/v2\/comments?post=6933"}],"wp:featuredmedia":[{"embeddable":true,"href":"https:\/\/be-healthy.taniko.me\/uk\/wp-json\/wp\/v2\/media\/6935"}],"wp:attachment":[{"href":"https:\/\/be-healthy.taniko.me\/uk\/wp-json\/wp\/v2\/media?parent=6933"}],"wp:term":[{"taxonomy":"product_cat","embeddable":true,"href":"https:\/\/be-healthy.taniko.me\/uk\/wp-json\/wp\/v2\/product_cat?post=6933"},{"taxonomy":"product_tag","embeddable":true,"href":"https:\/\/be-healthy.taniko.me\/uk\/wp-json\/wp\/v2\/product_tag?post=6933"}],"curies":[{"name":"wp","href":"https:\/\/api.w.org\/{rel}","templated":true}]}}