{"id":6936,"date":"2024-01-03T17:06:18","date_gmt":"2024-01-03T17:06:18","guid":{"rendered":"https:\/\/be-healthy.taniko.me\/?post_type=product&#038;p=6936"},"modified":"2024-10-15T08:25:54","modified_gmt":"2024-10-15T08:25:54","slug":"petitfee-gold-hydrogel-eye-patch-60-patches","status":"publish","type":"product","link":"https:\/\/be-healthy.taniko.me\/uk\/product\/petitfee-gold-hydrogel-eye-patch-60-patches\/","title":{"rendered":"Petitfee, Gold Hydrogel Eye Patch, 60 Patches"},"content":{"rendered":"<div class=\"row item-row\">\n<div class=\"col-xs-24\">\n<p>\u041e\u043f\u0438\u0441<br \/>\n+5 Zlatni kompleks<br \/>\n24K zlato<br \/>\nGinseng 5000 PPM<br \/>\nLastavi\u010dije gnijezdo<br \/>\nKolagen<br \/>\nRu\u017eina cvijetna vodica<br \/>\n60 komada (30 dana)<\/p>\n<p>Sadr\u017ei u\u010dinkovite sastojke poput zlata, ginsenga [5000 ppm], lastinog gnijezda, kolagena i vodice ru\u017einog cvijeta koji poma\u017eu da ko\u017ea oko o\u010diju bude sjajna i hidrirana.<\/p>\n<p>\u0420\u0435\u043a\u043e\u043c\u0435\u043d\u0434\u0430\u0446\u0456\u0457 \u0456\u0437 \u0437\u0430\u0441\u0442\u043e\u0441\u0443\u0432\u0430\u043d\u043d\u044f<\/p>\n<p>Kako koristiti:\u00a0\u010ci\u0161\u0107enje \u2192 Tonik \u2192 Stavljanje flastera \u2192 10 ~ 15 min \u2192 Ukloni<\/p>\n<p>Savjet:\u00a0Tako\u0111er koristite na ko\u017ei kao \u0161to je \u010delo, bore od smijeha itd.<\/p>\n<p>\u0406\u043d\u0448\u0456 \u0456\u043d\u0433\u0440\u0435\u0434\u0456\u0454\u043d\u0442\u0438<\/p>\n<p>Voda, kalcijev klorid, glicerin, guma ceratonia siliqua (roga\u010d), ksantanska guma, metilpropandiol, ekstrakt korijena panax ginsenga, etil heksandiol, ekstrakt sjemenki citrus grandis (grejpfrut), ekstrakt stabljike bambusa textilis, ekstrakt lista borovice, peg-60 hidrogenirani ricinus ulje, ekstrakt korijena scutellaria baicalensis, ekstrakt lista camellia sinensis, ekstrakt houttuynia cordata, ekstrakt lista artemisia princeps, ekstrakt ploda citrusa junosa, 1,2-heksandiol, kaprilil glikol, prah chondrus crispus, ekstrakt gnijezda \u010di\u010dka, klorfenezin, fenoksietanol, etilheksilglicerin, sintetski fluorflogopit, titanijev dioksid, ci 77491, ekstrakt lista aloe barbadensis, betain, vodica cvijeta rosa centifolia, hidrolizirani kolagen, hidroksietilceluloza, natrijev hijaluronat, dinatrijev edta, miris, limonen, mineralno ulje, zlato.<\/p>\n<p>\u041f\u043e\u043f\u0435\u0440\u0435\u0434\u0436\u0435\u043d\u043d\u044f<\/p>\n<p>Samo za vanjsku upotrebu. \u010cuvati izvan dohvata djece. Prestanite koristiti ako se pojave znakovi iritacije, svrbe\u017ea ili osipa.<\/p>\n<p>Imajte na umu da \u0107e se prilikom otvaranja paketi\u0107a esencija proliti ako ga nagnete.<\/p>\n<\/div>\n<\/div>","protected":false},"excerpt":{"rendered":"<p>Opis +5 Zlatni kompleks 24K zlato Ginseng 5000 PPM Lastavi\u010dije gnijezdo Kolagen Ru\u017eina cvijetna vodica 60 komada (30 dana) Sadr\u017ei u\u010dinkovite sastojke poput zlata, ginsenga [5000 ppm], lastinog gnijezda, kolagena i vodice ru\u017einog cvijeta koji poma\u017eu da ko\u017ea oko o\u010diju bude sjajna i hidrirana. Preporu\u010dena uporaba Kako koristiti:\u00a0\u010ci\u0161\u0107enje \u2192 Tonik \u2192 Stavljanje flastera \u2192 10[&#8230;]<\/p>","protected":false},"featured_media":6939,"comment_status":"open","ping_status":"closed","template":"","meta":{"inline_featured_image":false},"product_cat":[25,38],"product_tag":[],"class_list":{"0":"post-6936","1":"product","2":"type-product","3":"status-publish","4":"has-post-thumbnail","6":"product_cat-beauty","7":"product_cat-k-beauty","9":"first","10":"instock","11":"featured","12":"shipping-taxable","13":"purchasable","14":"product-type-simple"},"_links":{"self":[{"href":"https:\/\/be-healthy.taniko.me\/uk\/wp-json\/wp\/v2\/product\/6936","targetHints":{"allow":["GET"]}}],"collection":[{"href":"https:\/\/be-healthy.taniko.me\/uk\/wp-json\/wp\/v2\/product"}],"about":[{"href":"https:\/\/be-healthy.taniko.me\/uk\/wp-json\/wp\/v2\/types\/product"}],"replies":[{"embeddable":true,"href":"https:\/\/be-healthy.taniko.me\/uk\/wp-json\/wp\/v2\/comments?post=6936"}],"wp:featuredmedia":[{"embeddable":true,"href":"https:\/\/be-healthy.taniko.me\/uk\/wp-json\/wp\/v2\/media\/6939"}],"wp:attachment":[{"href":"https:\/\/be-healthy.taniko.me\/uk\/wp-json\/wp\/v2\/media?parent=6936"}],"wp:term":[{"taxonomy":"product_cat","embeddable":true,"href":"https:\/\/be-healthy.taniko.me\/uk\/wp-json\/wp\/v2\/product_cat?post=6936"},{"taxonomy":"product_tag","embeddable":true,"href":"https:\/\/be-healthy.taniko.me\/uk\/wp-json\/wp\/v2\/product_tag?post=6936"}],"curies":[{"name":"wp","href":"https:\/\/api.w.org\/{rel}","templated":true}]}}