{"id":6941,"date":"2024-01-03T17:15:53","date_gmt":"2024-01-03T17:15:53","guid":{"rendered":"https:\/\/be-healthy.taniko.me\/?post_type=product&#038;p=6941"},"modified":"2024-10-15T08:24:08","modified_gmt":"2024-10-15T08:24:08","slug":"petitfee-black-pearl-gold-hydrogel-eye-patch-60-patches","status":"publish","type":"product","link":"https:\/\/be-healthy.taniko.me\/uk\/product\/petitfee-black-pearl-gold-hydrogel-eye-patch-60-patches\/","title":{"rendered":"Petitfee, Black Pearl &#038; Gold Hydrogel Eye Patch, 60 Patches"},"content":{"rendered":"<div class=\"row item-row\">\n<div class=\"col-xs-24\">\n<p>\u041e\u043f\u0438\u0441<\/p>\n<p>15-minutno punjenje sjajila za dosadan rub o\u010diju.<\/p>\n<p>\u010cisti i prekrasni okviri za o\u010di s ekstraktom crnog bisera.<\/p>\n<p>Efekt posvjetljivanja koji posvjetljuje tamne rubove o\u010diju.<\/p>\n<p>U\u010dinci hla\u0111enja ledom.<\/p>\n<p>\u0420\u0435\u043a\u043e\u043c\u0435\u043d\u0434\u0430\u0446\u0456\u0457 \u0456\u0437 \u0437\u0430\u0441\u0442\u043e\u0441\u0443\u0432\u0430\u043d\u043d\u044f<\/p>\n<p>Stavite flaster. 10 &#8211; 15 min. Ukloniti.<\/p>\n<p>Tako\u0111er koristite na ko\u017ei kao \u0161to je \u010delo, bore od smijeha itd.<\/p>\n<p>\u0406\u043d\u0448\u0456 \u0456\u043d\u0433\u0440\u0435\u0434\u0456\u0454\u043d\u0442\u0438<\/p>\n<p>Voda, glicerin, kalcijev klorid, butilen glikol, ceratonia siliqua (roga\u010d) guma, ksantanska guma, etil heksandiol, ekstrakt sjemenki citrusa grandis (grejpfrut), ekstrakt stabljike bambusa textilis, ekstrakt lista pinus palustris, peg-60 hidrogenirano ricinusovo ulje, scutellaria baicalensis ekstrakt korijena, ekstrakt lista Camellia sinensis, ekstrakt houttuynia cordata, ekstrakt lista artemisia princeps, ekstrakt ploda citrusa junosa, 1,2-heksandiol, kapril glikol, pra\u0161ak chondrus crispus, miris, tresetna voda, betain, alantoin, fenoksietanol, klorfenezin, sintetski fluorflologopit , titanijev dioksid (CI 77891), CI 77491, etilheksilglicerin, natrijev hijaluronat, ekstrakt ploda cucumis sativus (krastavac), voda cvijeta rosa centifolia, voda chamaecyparis obtusa, ekstrakt lista aloe barbadensis, dinatrijev edta, ekstrakt bisera, mineralno ulje, zlato.<\/p>\n<p>\u041f\u043e\u043f\u0435\u0440\u0435\u0434\u0436\u0435\u043d\u043d\u044f<\/p>\n<p>Samo za vanjsku upotrebu. \u010cuvati izvan dohvata djece. Prestanite koristiti ako se pojave znakovi iritacije, svrbe\u017ea ili osipa.<\/p>\n<p>Imajte na umu da \u0107e se prilikom otvaranja paketa prosuti essen ako je naslovljen.<\/p>\n<\/div>\n<\/div>\n<div class=\"row item-row\">\n<div class=\"col-xs-24\"><\/div>\n<\/div>","protected":false},"excerpt":{"rendered":"<p>Opis 15-minutno punjenje sjajila za dosadan rub o\u010diju. \u010cisti i prekrasni okviri za o\u010di s ekstraktom crnog bisera. Efekt posvjetljivanja koji posvjetljuje tamne rubove o\u010diju. U\u010dinci hla\u0111enja ledom. Preporu\u010dena uporaba Stavite flaster. 10 &#8211; 15 min. Ukloniti. Tako\u0111er koristite na ko\u017ei kao \u0161to je \u010delo, bore od smijeha itd. Ostali sastojci Voda, glicerin, kalcijev klorid,[&#8230;]<\/p>","protected":false},"featured_media":6942,"comment_status":"open","ping_status":"closed","template":"","meta":{"inline_featured_image":false},"product_cat":[25,38],"product_tag":[],"class_list":{"0":"post-6941","1":"product","2":"type-product","3":"status-publish","4":"has-post-thumbnail","6":"product_cat-beauty","7":"product_cat-k-beauty","9":"first","10":"instock","11":"featured","12":"shipping-taxable","13":"purchasable","14":"product-type-simple"},"_links":{"self":[{"href":"https:\/\/be-healthy.taniko.me\/uk\/wp-json\/wp\/v2\/product\/6941","targetHints":{"allow":["GET"]}}],"collection":[{"href":"https:\/\/be-healthy.taniko.me\/uk\/wp-json\/wp\/v2\/product"}],"about":[{"href":"https:\/\/be-healthy.taniko.me\/uk\/wp-json\/wp\/v2\/types\/product"}],"replies":[{"embeddable":true,"href":"https:\/\/be-healthy.taniko.me\/uk\/wp-json\/wp\/v2\/comments?post=6941"}],"wp:featuredmedia":[{"embeddable":true,"href":"https:\/\/be-healthy.taniko.me\/uk\/wp-json\/wp\/v2\/media\/6942"}],"wp:attachment":[{"href":"https:\/\/be-healthy.taniko.me\/uk\/wp-json\/wp\/v2\/media?parent=6941"}],"wp:term":[{"taxonomy":"product_cat","embeddable":true,"href":"https:\/\/be-healthy.taniko.me\/uk\/wp-json\/wp\/v2\/product_cat?post=6941"},{"taxonomy":"product_tag","embeddable":true,"href":"https:\/\/be-healthy.taniko.me\/uk\/wp-json\/wp\/v2\/product_tag?post=6941"}],"curies":[{"name":"wp","href":"https:\/\/api.w.org\/{rel}","templated":true}]}}