{"id":6945,"date":"2024-01-03T17:23:16","date_gmt":"2024-01-03T17:23:16","guid":{"rendered":"https:\/\/be-healthy.taniko.me\/?post_type=product&#038;p=6945"},"modified":"2024-10-15T08:22:50","modified_gmt":"2024-10-15T08:22:50","slug":"petitfee-gold-snail-hydrogel-eye-patch-60-patches","status":"publish","type":"product","link":"https:\/\/be-healthy.taniko.me\/uk\/product\/petitfee-gold-snail-hydrogel-eye-patch-60-patches\/","title":{"rendered":"Petitfee, Gold &#038; Snail Hydrogel Eye Patch, 60 Patches"},"content":{"rendered":"<div class=\"row item-row\">\n<div class=\"col-xs-24\">\n<p>\u041e\u043f\u0438\u0441<br \/>\nZlato: Umiruju\u0107e<br \/>\nOdr\u017eava ko\u017eu \u010distom<br \/>\nEkstrakt pu\u017eeve sluzi: u\u010dvr\u0161\u0107uje<br \/>\nZdrava ko\u017ea<\/p>\n<p>Zlato i ekstrakt pu\u017eeve sluzi \u010dine va\u0161u ko\u017eu \u010dvrstom, zdravom i blistavom.<\/p>\n<p>\u0420\u0435\u043a\u043e\u043c\u0435\u043d\u0434\u0430\u0446\u0456\u0457 \u0456\u0437 \u0437\u0430\u0441\u0442\u043e\u0441\u0443\u0432\u0430\u043d\u043d\u044f<br \/>\n\u010ci\u0161\u0107enje<br \/>\nToner<br \/>\nPrimijeni zakrpu<br \/>\n10-15 min<br \/>\nUkloniti<\/p>\n<p>Savjet: Koristite i na ko\u017ei kao \u0161to je \u010delo, bore od smijeha itd.<\/p>\n<p>\u0406\u043d\u0448\u0456 \u0456\u043d\u0433\u0440\u0435\u0434\u0456\u0454\u043d\u0442\u0438<\/p>\n<p>Voda, glicerin, kalcijev klorid, butilen glikol, guma ceratonia siliqua (roga\u010d), ksantanska guma, pra\u0161ak chondrus crispus, filtrat izlu\u010devine pu\u017ea, ekstrakt sjemenki citrus grandis (grejpfrut), ekstrakt stabljike bambusa textilis, ekstrakt lista borovice, peg-60 hidrogenirani ricinusovo ulje, ekstrakt korijena scutellaria baicalensis, ekstrakt lista camellia sinensis, ekstrakt houttuynia cordata, ekstrakt lista artemisia princeps, ekstrakt ploda citrusa junosa, 1,2-heksandiol, kaprilil glikol, sintetski fluorflogopit, kositrov oksid, ci77491, titanov dioksid, klorfenezin, fenoksietanol , etilheksilglicerin, etil heksandiol, dinatrij edta, hidroksietilceluloza, miris, zlato.<\/p>\n<p>\u041f\u043e\u043f\u0435\u0440\u0435\u0434\u0436\u0435\u043d\u043d\u044f<\/p>\n<p>Samo za vanjsku upotrebu. \u010cuvati izvan dohvata djece. Prestanite koristiti ako se pojave znakovi iritacije, svrbe\u017ea ili osipa.<\/p>\n<p>*Nemojte da se prilikom otvaranja paketa esencija prolije ako ga nagnete.<\/p>\n<\/div>\n<\/div>","protected":false},"excerpt":{"rendered":"<p>Opis Zlato: Umiruju\u0107e Odr\u017eava ko\u017eu \u010distom Ekstrakt pu\u017eeve sluzi: u\u010dvr\u0161\u0107uje Zdrava ko\u017ea Zlato i ekstrakt pu\u017eeve sluzi \u010dine va\u0161u ko\u017eu \u010dvrstom, zdravom i blistavom. Preporu\u010dena uporaba \u010ci\u0161\u0107enje Toner Primijeni zakrpu 10-15 min Ukloniti Savjet: Koristite i na ko\u017ei kao \u0161to je \u010delo, bore od smijeha itd. Ostali sastojci Voda, glicerin, kalcijev klorid, butilen glikol, guma[&#8230;]<\/p>","protected":false},"featured_media":6948,"comment_status":"open","ping_status":"closed","template":"","meta":{"inline_featured_image":false},"product_cat":[25,38],"product_tag":[],"class_list":{"0":"post-6945","1":"product","2":"type-product","3":"status-publish","4":"has-post-thumbnail","6":"product_cat-beauty","7":"product_cat-k-beauty","9":"first","10":"instock","11":"featured","12":"shipping-taxable","13":"purchasable","14":"product-type-simple"},"_links":{"self":[{"href":"https:\/\/be-healthy.taniko.me\/uk\/wp-json\/wp\/v2\/product\/6945","targetHints":{"allow":["GET"]}}],"collection":[{"href":"https:\/\/be-healthy.taniko.me\/uk\/wp-json\/wp\/v2\/product"}],"about":[{"href":"https:\/\/be-healthy.taniko.me\/uk\/wp-json\/wp\/v2\/types\/product"}],"replies":[{"embeddable":true,"href":"https:\/\/be-healthy.taniko.me\/uk\/wp-json\/wp\/v2\/comments?post=6945"}],"wp:featuredmedia":[{"embeddable":true,"href":"https:\/\/be-healthy.taniko.me\/uk\/wp-json\/wp\/v2\/media\/6948"}],"wp:attachment":[{"href":"https:\/\/be-healthy.taniko.me\/uk\/wp-json\/wp\/v2\/media?parent=6945"}],"wp:term":[{"taxonomy":"product_cat","embeddable":true,"href":"https:\/\/be-healthy.taniko.me\/uk\/wp-json\/wp\/v2\/product_cat?post=6945"},{"taxonomy":"product_tag","embeddable":true,"href":"https:\/\/be-healthy.taniko.me\/uk\/wp-json\/wp\/v2\/product_tag?post=6945"}],"curies":[{"name":"wp","href":"https:\/\/api.w.org\/{rel}","templated":true}]}}