{"id":7075,"date":"2024-02-24T08:39:43","date_gmt":"2024-02-24T08:39:43","guid":{"rendered":"https:\/\/be-healthy.taniko.me\/?post_type=product&#038;p=7075"},"modified":"2024-10-15T08:21:35","modified_gmt":"2024-10-15T08:21:35","slug":"now-foods-biocell-collagen-hydrolyzed-type-ii-120-veg-capsules","status":"publish","type":"product","link":"https:\/\/be-healthy.taniko.me\/uk\/product\/now-foods-biocell-collagen-hydrolyzed-type-ii-120-veg-capsules\/","title":{"rendered":"NOW Foods, BioCell Collagen, Hydrolyzed Type II, 120 Veg Capsules"},"content":{"rendered":"<div class=\"col-xs-24 col-md-14\">\n<div class=\"row item-row\">\n<div class=\"col-xs-24\">\n<p>\u041e\u043f\u0438\u0441<br \/>\nPotpora zglobovima i ko\u017ei<br \/>\nPokretljivost i udobnost zglobova<br \/>\nPromi\u010de zdravu ko\u017eu<br \/>\nKlini\u010dki potvr\u0111eno<br \/>\nNapravljen od BioCell kolagena<br \/>\n\u0414\u0456\u0454\u0442\u0438\u0447\u043d\u0430 \u0434\u043e\u0431\u0430\u0432\u043a\u0430<br \/>\n\u0411\u0435\u0437 \u0413\u041c\u041e<br \/>\nOp\u0107e zdravlje<br \/>\nU obiteljskom vlasni\u0161tvu od 1968<br \/>\nZajam\u010dena GMP kvaliteta<br \/>\nHalal<\/p>\n<p>BioCell Collagen\u00ae svestrani je dodatak prehrani koji podr\u017eava zdravlje zglobova i zadr\u017eavanje vlage u zreloj ko\u017ei. Ovaj prethodno probavljeni kompleks iz hrskavice pile\u0107e prsne kosti ima hidrolizirani kolagen i druge prirodne elemente zdravog vezivnog tkiva, uklju\u010duju\u0107i kondroitin i hijaluronsku kiselinu. S BioCell Collagen\u00ae mo\u017eete promovirati zdravu funkciju zglobova, ugodno kretanje i sna\u017eno vezivno tkivo uz odr\u017eavanje normalne razine vlage u ko\u017ei koja stari.<\/p>\n<p>\u0420\u0435\u043a\u043e\u043c\u0435\u043d\u0434\u0430\u0446\u0456\u0457 \u0456\u0437 \u0437\u0430\u0441\u0442\u043e\u0441\u0443\u0432\u0430\u043d\u043d\u044f<\/p>\n<p>Uzmite 2 kapsule dva puta dnevno.<\/p>\n<p>\u0406\u043d\u0448\u0456 \u0456\u043d\u0433\u0440\u0435\u0434\u0456\u0454\u043d\u0442\u0438<\/p>\n<p>Hipromeloza (celulozna kapsula), mikrokristalna celuloza, stearinska kiselina (biljni izvor) i silicijev dioksid.<\/p>\n<p>Nije proizveden od sastojaka kvasca, p\u0161enice, glutena, soje, kukuruza, mlijeka, jaja, ribe, \u0161koljki, ora\u0161astih plodova ili sezama. Proizvedeno u GMP postrojenju koje obra\u0111uje druge sastojke koji sadr\u017ee te alergene.<\/p>\n<p>\u041f\u043e\u043f\u0435\u0440\u0435\u0434\u0436\u0435\u043d\u043d\u044f<\/p>\n<p>Samo za odrasle. Posavjetujte se s lije\u010dnikom ako ste trudni\/dojite, uzimate lijekove ili imate zdravstveno stanje. \u010cuvati izvan dohvata djece.<\/p>\n<p>U ovom proizvodu mo\u017ee do\u0107i do prirodne varijacije boje.<\/p>\n<p>\u010cuvati na hladnom i suhom mjestu nakon otvaranja.<\/p>\n<\/div>\n<\/div>\n<div class=\"row item-row\">\n<div class=\"col-xs-24\"><\/div>\n<\/div>\n<div class=\"row item-row\">\n<div class=\"col-xs-24\"><\/div>\n<\/div>\n<\/div>\n<div class=\"col-xs-24 col-md-10\">\n<div class=\"supplement-facts-container\">\n<table border=\"1\" width=\"100%\" cellspacing=\"0\" cellpadding=\"3\">\n<tbody>\n<tr valign=\"top\">\n<td colspan=\"3\"><strong>Supplement Facts<\/strong><\/td>\n<\/tr>\n<tr valign=\"top\">\n<td colspan=\"3\"><strong>Serving Size<\/strong>: 2 Veg Capsules<\/td>\n<\/tr>\n<tr valign=\"top\">\n<td colspan=\"3\"><strong>Serving Per Container<\/strong>: 60<\/td>\n<\/tr>\n<tr valign=\"top\">\n<td width=\"70%\"><\/td>\n<td width=\"15%\"><strong>Amount Per Serving<\/strong><\/td>\n<td width=\"15%\"><strong>% Daily Value<\/strong><\/td>\n<\/tr>\n<tr>\n<td>BioCell Collagen\u00ae (Hydrolyzed Chicken Sternal Cartilage Extract) providing<\/td>\n<td>1 g (1,000 mg)<\/td>\n<td>**<\/td>\n<\/tr>\n<tr>\n<td>Hydrolyzed Type II Collagen<\/td>\n<td>570 mg<\/td>\n<td>**<\/td>\n<\/tr>\n<tr>\n<td>Chondroitin Sulfate<\/td>\n<td>190 mg<\/td>\n<td>**<\/td>\n<\/tr>\n<tr>\n<td>Hyaluronic Acid<\/td>\n<td>95 mg<\/td>\n<td>**<\/td>\n<\/tr>\n<tr valign=\"top\">\n<td colspan=\"3\">** Daily Value not established.<\/td>\n<\/tr>\n<\/tbody>\n<\/table>\n<\/div>\n<\/div>","protected":false},"excerpt":{"rendered":"<p>Opis Potpora zglobovima i ko\u017ei Pokretljivost i udobnost zglobova Promi\u010de zdravu ko\u017eu Klini\u010dki potvr\u0111eno Napravljen od BioCell kolagena Dodatak prehrani Ne-GMO Op\u0107e zdravlje U obiteljskom vlasni\u0161tvu od 1968 Zajam\u010dena GMP kvaliteta Halal BioCell Collagen\u00ae svestrani je dodatak prehrani koji podr\u017eava zdravlje zglobova i zadr\u017eavanje vlage u zreloj ko\u017ei. Ovaj prethodno probavljeni kompleks iz hrskavice pile\u0107e[&#8230;]<\/p>","protected":false},"featured_media":7078,"comment_status":"open","ping_status":"closed","template":"","meta":{"inline_featured_image":false},"product_cat":[15,42,59,37],"product_tag":[],"class_list":{"0":"post-7075","1":"product","2":"type-product","3":"status-publish","4":"has-post-thumbnail","6":"product_cat-supplements","7":"product_cat-bone-joint-cartilage","8":"product_cat-collagen","9":"product_cat-hair-skin-nails","11":"first","12":"instock","13":"featured","14":"shipping-taxable","15":"purchasable","16":"product-type-simple"},"_links":{"self":[{"href":"https:\/\/be-healthy.taniko.me\/uk\/wp-json\/wp\/v2\/product\/7075","targetHints":{"allow":["GET"]}}],"collection":[{"href":"https:\/\/be-healthy.taniko.me\/uk\/wp-json\/wp\/v2\/product"}],"about":[{"href":"https:\/\/be-healthy.taniko.me\/uk\/wp-json\/wp\/v2\/types\/product"}],"replies":[{"embeddable":true,"href":"https:\/\/be-healthy.taniko.me\/uk\/wp-json\/wp\/v2\/comments?post=7075"}],"wp:featuredmedia":[{"embeddable":true,"href":"https:\/\/be-healthy.taniko.me\/uk\/wp-json\/wp\/v2\/media\/7078"}],"wp:attachment":[{"href":"https:\/\/be-healthy.taniko.me\/uk\/wp-json\/wp\/v2\/media?parent=7075"}],"wp:term":[{"taxonomy":"product_cat","embeddable":true,"href":"https:\/\/be-healthy.taniko.me\/uk\/wp-json\/wp\/v2\/product_cat?post=7075"},{"taxonomy":"product_tag","embeddable":true,"href":"https:\/\/be-healthy.taniko.me\/uk\/wp-json\/wp\/v2\/product_tag?post=7075"}],"curies":[{"name":"wp","href":"https:\/\/api.w.org\/{rel}","templated":true}]}}