{"id":7079,"date":"2024-02-24T08:47:43","date_gmt":"2024-02-24T08:47:43","guid":{"rendered":"https:\/\/be-healthy.taniko.me\/?post_type=product&#038;p=7079"},"modified":"2024-10-15T08:20:18","modified_gmt":"2024-10-15T08:20:18","slug":"sports-research-collagen-peptides-unflavored-3-9-oz-110-6-g","status":"publish","type":"product","link":"https:\/\/be-healthy.taniko.me\/uk\/product\/sports-research-collagen-peptides-unflavored-3-9-oz-110-6-g\/","title":{"rendered":"Sports Research, Collagen Peptides, Unflavored, 3.9 oz (110.6 g)"},"content":{"rendered":"<div class=\"col-xs-24 col-md-14\">\n<div class=\"row item-row\">\n<div class=\"col-xs-24\">\n<p>\u041e\u043f\u0438\u0441<br \/>\n11 g kolagena po obroku<br \/>\nPodr\u017eava kosu, ko\u017eu, nokte i zglobove<br \/>\n\u0414\u0456\u0454\u0442\u0438\u0447\u043d\u0430 \u0434\u043e\u0431\u0430\u0432\u043a\u0430<br \/>\nIzvrstan u kavi i shakeovima<br \/>\nHidroliziran za laku apsorpciju<br \/>\nPodr\u017eava oporavak nakon vje\u017ebanja\u25b2<br \/>\nBez mlije\u010dnih proizvoda<\/p>\n<p>Kvaliteta je va\u017ena:<\/p>\n<p>Informirani izbor \u00a0&#8211; mi testiramo, vi vjerujete<br \/>\nIgen\u2122 testiran bez GMO-a<br \/>\nBez glutena s certifikatom NSF-a<br \/>\nTestirano bez GMO-a<br \/>\n\u0411\u0435\u0437 \u0433\u043b\u044e\u0442\u0435\u043d\u0443<br \/>\nTestirana tre\u0107a strana<br \/>\nSukladno cGMP-u<\/p>\n<p>Upoznajte svoj novi jutarnji ritual! Sports Research\u00ae Collagen Peptides je hidroliziran pa se spaja u va\u0161 omiljeni napitak i lak\u0161e se apsorbira. Kolagen je najzastupljeniji protein u ljudskom tijelu, ali jeste li znali da na\u0161e tijelo proizvodi sve manje i manje kako starimo? To rezultira svime, od bora do problema sa zglobovima i jo\u0161 mnogo toga. Dovoljna koli\u010dina kolagena osigurava optimalnu funkciju svega, od kose, ko\u017ee i noktiju do zdravlja zglobova. S 11 grama kolagenskih peptida tipa I i III po mjerici i 18 aminokiselina\u2014Sports Research\u00ae Hydrolyzed Collagen Peptides savr\u0161ena je potpora oporavku tijekom vje\u017ebanja tako da mo\u017eete dulje u\u017eivati \u200b\u200bu sportu \u017eivota i izgledati najbolje dok ga radite.<\/p>\n<p>\u25b2 Kada se uzimaju 2 mjerice (22 g) dnevno prije treninga.<\/p>\n<p>\u0420\u0435\u043a\u043e\u043c\u0435\u043d\u0434\u0430\u0446\u0456\u0457 \u0456\u0437 \u0437\u0430\u0441\u0442\u043e\u0441\u0443\u0432\u0430\u043d\u043d\u044f<\/p>\n<p>Odrasli pomije\u0161ajte 1 mjericu u svoj omiljeni napitak ili obrok 1-2 puta dnevno i dobro promije\u0161ajte ili prema preporuci kvalificiranog zdravstvenog radnika.<\/p>\n<p>Koristan savjet: Peptidi kolagena mogu se zgrudati u hladnoj vodi. Da biste u\u017eivali u hladnom, jednostavno prvo umije\u0161ajte u teku\u0107inu sobne temperature, a zatim dodajte led.<\/p>\n<p>\u0406\u043d\u0448\u0456 \u0456\u043d\u0433\u0440\u0435\u0434\u0456\u0454\u043d\u0442\u0438<br \/>\nHidrolizirani peptidi gove\u0111eg kolagena.<br \/>\n\u041f\u043e\u043f\u0435\u0440\u0435\u0434\u0436\u0435\u043d\u043d\u044f<\/p>\n<p>Napomena: \u00a0Ovaj proizvod koristite samo kao dodatak prehrani. Ne koristiti za smanjenje te\u017eine.<\/p>\n<p>\u010cuvati izvan dohvata djece i ku\u0107nih ljubimaca. Posavjetujte se s kvalificiranim zdravstvenim radnikom prije kori\u0161tenja ovog proizvoda, osobito ako ste trudni, dojite, imate dijagnosticiranu bolest ili uzimate lijekove na recept. Nemojte prekora\u010diti preporu\u010deni dnevni unos. Nemojte koristiti ako je brtva o\u0161te\u0107ena ili nedostaje. \u010cuvati na sobnoj temperaturi, na suhom mjestu. Za\u0161titite proizvod od prekomjerne topline, smrzavanja, vlage i svjetlosti.<\/p>\n<p>Napomena:\u00a011 g po mjerici je prosjek. Pojedina\u010dna tehnika grabljenja mo\u017ee dati ne\u0161to manje ili ne\u0161to vi\u0161e od 11 g. Ovaj proizvod se pakira i prodaje prema te\u017eini, a ne prema volumenu. Do talo\u017eenja sadr\u017eaja dolazi s vremenom i ne mo\u017ee se izbje\u0107i. Mogu se pojaviti varijacije u mirisu, boji, okusu i topljivosti.<\/p>\n<\/div>\n<\/div>\n<div class=\"row item-row\">\n<div class=\"col-xs-24\"><\/div>\n<\/div>\n<\/div>\n<div class=\"col-xs-24 col-md-10\">\n<div class=\"supplement-facts-container\">\n<table border=\"1\" width=\"100%\" cellspacing=\"0\" cellpadding=\"3\">\n<tbody>\n<tr align=\"left\" valign=\"top\">\n<td colspan=\"3\"><strong>Supplement Facts<\/strong><\/td>\n<\/tr>\n<tr align=\"left\" valign=\"top\">\n<td colspan=\"3\"><strong>Serving Size: \u00a0<\/strong>1 Scoop (11 g)<\/td>\n<\/tr>\n<tr align=\"left\" valign=\"top\">\n<td colspan=\"3\"><strong>Servings Per Container:<\/strong>\u00a010<\/td>\n<\/tr>\n<tr align=\"left\" valign=\"top\" data-id=\"froala_1\">\n<td width=\"70%\"><\/td>\n<td width=\"15%\"><strong>Amount Per Serving<\/strong><\/td>\n<td width=\"15%\"><strong>%Daily Value<\/strong><\/td>\n<\/tr>\n<tr align=\"left\" valign=\"top\" data-id=\"froala_2\">\n<td>Calories<\/td>\n<td>40<\/td>\n<td><\/td>\n<\/tr>\n<tr align=\"left\" valign=\"top\" data-id=\"froala_3\">\n<td>Protein<\/td>\n<td>10 g<\/td>\n<td>&lt;1%**<\/td>\n<\/tr>\n<tr align=\"left\" valign=\"top\" data-id=\"froala_4\">\n<td>Sodium<\/td>\n<td>60 mg<\/td>\n<td>3%<\/td>\n<\/tr>\n<tr align=\"left\" valign=\"top\" data-id=\"froala_5\">\n<td>Hydrolyzed Bovine Collagen Peptides<\/td>\n<td>11 g<\/td>\n<td>\u2020<\/td>\n<\/tr>\n<tr align=\"left\" valign=\"top\">\n<td colspan=\"3\">** Percent Daily Values are based on a 2,000 calorie diet.<br \/>\n\u2020Daily Value not established.<\/td>\n<\/tr>\n<\/tbody>\n<\/table>\n<table border=\"1\" width=\"100%\" cellspacing=\"0\" cellpadding=\"3\">\n<tbody>\n<tr>\n<td colspan=\"2\"><strong>Typical Collagen Peptides Amino Acid Profile<\/strong><\/td>\n<\/tr>\n<tr>\n<td width=\"70%\">Alanine<\/td>\n<td width=\"30%\">920 mg<\/td>\n<\/tr>\n<tr>\n<td>Arginine<\/td>\n<td>780 mg<\/td>\n<\/tr>\n<tr>\n<td>Aspartic Acid<\/td>\n<td>540 mg<\/td>\n<\/tr>\n<tr>\n<td>Glutamic Acid<\/td>\n<td>1,020 mg<\/td>\n<\/tr>\n<tr>\n<td>Glycine<\/td>\n<td>2,400 mg<\/td>\n<\/tr>\n<tr>\n<td>Histidine\u2020\u2020<\/td>\n<td>60 mg<\/td>\n<\/tr>\n<tr>\n<td>Hydroxylysine<\/td>\n<td>120 mg<\/td>\n<\/tr>\n<tr>\n<td>Hydroxyproline<\/td>\n<td>1,020 mg<\/td>\n<\/tr>\n<tr>\n<td>Isoleucine\u2020\u2020<\/td>\n<td>140 mg<\/td>\n<\/tr>\n<tr>\n<td>Leucine\u2020\u2020<\/td>\n<td>280 mg<\/td>\n<\/tr>\n<tr>\n<td>Lysine\u2020\u2020<\/td>\n<td>350 mg<\/td>\n<\/tr>\n<tr>\n<td>Methionine\u2020\u2020<\/td>\n<td>30 mg<\/td>\n<\/tr>\n<tr>\n<td>Phenylalanine\u2020\u2020<\/td>\n<td>180 mg<\/td>\n<\/tr>\n<tr>\n<td>Proline<\/td>\n<td>1,330 mg<\/td>\n<\/tr>\n<tr>\n<td>Serine<\/td>\n<td>320 mg<\/td>\n<\/tr>\n<tr>\n<td>Threonine\u2020\u2020<\/td>\n<td>170 mg<\/td>\n<\/tr>\n<tr>\n<td>Tyrosine<\/td>\n<td>20 mg<\/td>\n<\/tr>\n<tr>\n<td>Valine\u2020\u2020<\/td>\n<td>210 mg<\/td>\n<\/tr>\n<tr>\n<td colspan=\"2\">\u2020\u2020Essential Amino Acids<\/td>\n<\/tr>\n<\/tbody>\n<\/table>\n<\/div>\n<\/div>","protected":false},"excerpt":{"rendered":"<p>Opis 11 g kolagena po obroku Podr\u017eava kosu, ko\u017eu, nokte i zglobove Dodatak prehrani Izvrstan u kavi i shakeovima Hidroliziran za laku apsorpciju Podr\u017eava oporavak nakon vje\u017ebanja\u25b2 Bez mlije\u010dnih proizvoda Kvaliteta je va\u017ena: Informirani izbor \u00a0&#8211; mi testiramo, vi vjerujete Igen\u2122 testiran bez GMO-a Bez glutena s certifikatom NSF-a Testirano bez GMO-a Bez glutena Testirana[&#8230;]<\/p>","protected":false},"featured_media":7081,"comment_status":"open","ping_status":"closed","template":"","meta":{"inline_featured_image":false},"product_cat":[15,25,42,59,37],"product_tag":[],"class_list":{"0":"post-7079","1":"product","2":"type-product","3":"status-publish","4":"has-post-thumbnail","6":"product_cat-supplements","7":"product_cat-beauty","8":"product_cat-bone-joint-cartilage","9":"product_cat-collagen","10":"product_cat-hair-skin-nails","12":"first","13":"instock","14":"featured","15":"shipping-taxable","16":"purchasable","17":"product-type-simple"},"_links":{"self":[{"href":"https:\/\/be-healthy.taniko.me\/uk\/wp-json\/wp\/v2\/product\/7079","targetHints":{"allow":["GET"]}}],"collection":[{"href":"https:\/\/be-healthy.taniko.me\/uk\/wp-json\/wp\/v2\/product"}],"about":[{"href":"https:\/\/be-healthy.taniko.me\/uk\/wp-json\/wp\/v2\/types\/product"}],"replies":[{"embeddable":true,"href":"https:\/\/be-healthy.taniko.me\/uk\/wp-json\/wp\/v2\/comments?post=7079"}],"wp:featuredmedia":[{"embeddable":true,"href":"https:\/\/be-healthy.taniko.me\/uk\/wp-json\/wp\/v2\/media\/7081"}],"wp:attachment":[{"href":"https:\/\/be-healthy.taniko.me\/uk\/wp-json\/wp\/v2\/media?parent=7079"}],"wp:term":[{"taxonomy":"product_cat","embeddable":true,"href":"https:\/\/be-healthy.taniko.me\/uk\/wp-json\/wp\/v2\/product_cat?post=7079"},{"taxonomy":"product_tag","embeddable":true,"href":"https:\/\/be-healthy.taniko.me\/uk\/wp-json\/wp\/v2\/product_tag?post=7079"}],"curies":[{"name":"wp","href":"https:\/\/api.w.org\/{rel}","templated":true}]}}