{"id":7082,"date":"2024-02-24T09:07:45","date_gmt":"2024-02-24T09:07:45","guid":{"rendered":"https:\/\/be-healthy.taniko.me\/?post_type=product&#038;p=7082"},"modified":"2024-10-15T08:17:01","modified_gmt":"2024-10-15T08:17:01","slug":"now-foods-hyaluronic-acid-with-msm-50-mg-120-veg-capsules","status":"publish","type":"product","link":"https:\/\/be-healthy.taniko.me\/uk\/product\/now-foods-hyaluronic-acid-with-msm-50-mg-120-veg-capsules\/","title":{"rendered":"NOW Foods, Hyaluronic Acid With MSM, 50 mg, 120 Veg Capsules"},"content":{"rendered":"<div class=\"col-xs-24 col-md-14\">\n<div class=\"row item-row\">\n<div class=\"col-xs-24\">\n<p>\u041e\u043f\u0438\u0441<br \/>\nZajedni\u010dka podr\u0161ka<br \/>\nVa\u017eno sredstvo za podmazivanje zglobova<br \/>\n\u0411\u0435\u0437 \u0413\u041c\u041e<br \/>\n\u0414\u0456\u0454\u0442\u0438\u0447\u043d\u0430 \u0434\u043e\u0431\u0430\u0432\u043a\u0430<br \/>\nVegetarijanac\/vegan<br \/>\nKo\u0161er<br \/>\nOp\u0107e zdravlje<br \/>\nU obiteljskom vlasni\u0161tvu od 1968<br \/>\nZajam\u010dena GMP kvaliteta<br \/>\nHalal<\/p>\n<p>Hijaluronska kiselina je spoj prisutan u svakom tkivu tijela, s najve\u0107im koncentracijama u vezivnom tkivu kao \u0161to su ko\u017ea i hrskavica. Hijaluronska kiselina va\u017ean je sastojak zglobne teku\u0107ine, gdje slu\u017ei kao lubrikant i ima ulogu u otpornosti na sile pritiska. MSM je dodan ovom proizvodu kao prirodni spoj sumpora, koji nudi kemijske veze potrebne za formiranje i odr\u017eavanje vezivnog tkiva u ljudskom tijelu, uklju\u010duju\u0107i zglobnu hrskavicu.<\/p>\n<p>\u0420\u0435\u043a\u043e\u043c\u0435\u043d\u0434\u0430\u0446\u0456\u0457 \u0456\u0437 \u0437\u0430\u0441\u0442\u043e\u0441\u0443\u0432\u0430\u043d\u043d\u044f<\/p>\n<p>Uzmite 2 kapsule 1 do 2 puta dnevno uz obrok.<\/p>\n<p>\u0406\u043d\u0448\u0456 \u0456\u043d\u0433\u0440\u0435\u0434\u0456\u0454\u043d\u0442\u0438<\/p>\n<p>Hipromeloza (celulozna kapsula), stearinska kiselina (biljni izvor) i silicijev dioksid.<\/p>\n<p>Nije proizveden od sastojaka soje, mlijeka, jaja, ribe, \u0161koljki, ora\u0161astih plodova ili sezama. Proizvedeno u GMP postrojenju koje obra\u0111uje druge sastojke koji sadr\u017ee te alergene.<\/p>\n<p>\u041f\u043e\u043f\u0435\u0440\u0435\u0434\u0436\u0435\u043d\u043d\u044f<\/p>\n<p>U ovom proizvodu mo\u017ee do\u0107i do prirodne varijacije boje.<\/p>\n<p>\u010cuvati na hladnom i suhom mjestu nakon otvaranja.<\/p>\n<p>Samo za odrasle. Posavjetujte se s lije\u010dnikom ako ste trudni\/dojite, uzimate lijekove ili imate zdravstveno stanje (osobito glaukom).<\/p>\n<p>\u010cuvati izvan dohvata djece.<\/p>\n<\/div>\n<\/div>\n<div class=\"row item-row\">\n<div class=\"col-xs-24\"><\/div>\n<\/div>\n<div class=\"row item-row\">\n<div class=\"col-xs-24\"><\/div>\n<\/div>\n<\/div>\n<div class=\"col-xs-24 col-md-10\">\n<div class=\"supplement-facts-container\">\n<table border=\"1\" width=\"100%\" cellspacing=\"0\" cellpadding=\"3\">\n<tbody>\n<tr valign=\"top\">\n<td colspan=\"3\"><strong>Supplement Facts<\/strong><\/td>\n<\/tr>\n<tr valign=\"top\">\n<td colspan=\"3\"><strong>Serving Size:<\/strong>\u00a02 Veg Capsules<\/td>\n<\/tr>\n<tr valign=\"top\">\n<td colspan=\"3\"><strong>Servings Per Container:\u00a0<\/strong>60<\/td>\n<\/tr>\n<tr valign=\"top\">\n<td width=\"70%\"><\/td>\n<td width=\"15%\"><strong>Amount Per Serving<\/strong><\/td>\n<td width=\"15%\"><strong>%Daily Value<\/strong><\/td>\n<\/tr>\n<tr valign=\"top\">\n<td>Sodium (from Sodium Hyaluronate)<\/td>\n<td>10 mg<\/td>\n<td>&lt;1%<\/td>\n<\/tr>\n<tr valign=\"top\">\n<td>Hyaluronic Acid (from Sodium Hyaluronate)<\/td>\n<td>100 mg<\/td>\n<td>\u2020<\/td>\n<\/tr>\n<tr valign=\"top\">\n<td>MSM (Methylsulfonylmethane)<\/td>\n<td>900 mg<\/td>\n<td>\u2020<\/td>\n<\/tr>\n<tr valign=\"top\">\n<td colspan=\"3\">\u2020 Daily Value not established.<\/td>\n<\/tr>\n<\/tbody>\n<\/table>\n<\/div>\n<\/div>","protected":false},"excerpt":{"rendered":"<p>Opis Zajedni\u010dka podr\u0161ka Va\u017eno sredstvo za podmazivanje zglobova Ne-GMO Dodatak prehrani Vegetarijanac\/vegan Ko\u0161er Op\u0107e zdravlje U obiteljskom vlasni\u0161tvu od 1968 Zajam\u010dena GMP kvaliteta Halal Hijaluronska kiselina je spoj prisutan u svakom tkivu tijela, s najve\u0107im koncentracijama u vezivnom tkivu kao \u0161to su ko\u017ea i hrskavica. Hijaluronska kiselina va\u017ean je sastojak zglobne teku\u0107ine, gdje slu\u017ei kao[&#8230;]<\/p>","protected":false},"featured_media":7085,"comment_status":"open","ping_status":"closed","template":"","meta":{"inline_featured_image":false},"product_cat":[15,41,25,37,64],"product_tag":[],"class_list":{"0":"post-7082","1":"product","2":"type-product","3":"status-publish","4":"has-post-thumbnail","6":"product_cat-supplements","7":"product_cat-anti-aging-longevity","8":"product_cat-beauty","9":"product_cat-hair-skin-nails","10":"product_cat-hyaluronic-acid","12":"first","13":"instock","14":"featured","15":"shipping-taxable","16":"purchasable","17":"product-type-simple"},"_links":{"self":[{"href":"https:\/\/be-healthy.taniko.me\/uk\/wp-json\/wp\/v2\/product\/7082","targetHints":{"allow":["GET"]}}],"collection":[{"href":"https:\/\/be-healthy.taniko.me\/uk\/wp-json\/wp\/v2\/product"}],"about":[{"href":"https:\/\/be-healthy.taniko.me\/uk\/wp-json\/wp\/v2\/types\/product"}],"replies":[{"embeddable":true,"href":"https:\/\/be-healthy.taniko.me\/uk\/wp-json\/wp\/v2\/comments?post=7082"}],"wp:featuredmedia":[{"embeddable":true,"href":"https:\/\/be-healthy.taniko.me\/uk\/wp-json\/wp\/v2\/media\/7085"}],"wp:attachment":[{"href":"https:\/\/be-healthy.taniko.me\/uk\/wp-json\/wp\/v2\/media?parent=7082"}],"wp:term":[{"taxonomy":"product_cat","embeddable":true,"href":"https:\/\/be-healthy.taniko.me\/uk\/wp-json\/wp\/v2\/product_cat?post=7082"},{"taxonomy":"product_tag","embeddable":true,"href":"https:\/\/be-healthy.taniko.me\/uk\/wp-json\/wp\/v2\/product_tag?post=7082"}],"curies":[{"name":"wp","href":"https:\/\/api.w.org\/{rel}","templated":true}]}}