{"id":7086,"date":"2024-02-24T09:13:28","date_gmt":"2024-02-24T09:13:28","guid":{"rendered":"https:\/\/be-healthy.taniko.me\/?post_type=product&#038;p=7086"},"modified":"2024-10-15T08:15:00","modified_gmt":"2024-10-15T08:15:00","slug":"doctors-best-hyaluronic-acid-chondroitin-sulfate-with-biocell-collagen-60-veggie-caps","status":"publish","type":"product","link":"https:\/\/be-healthy.taniko.me\/uk\/product\/doctors-best-hyaluronic-acid-chondroitin-sulfate-with-biocell-collagen-60-veggie-caps\/","title":{"rendered":"Doctor&#8217;s Best, Hyaluronic Acid + Chondroitin Sulfate with BioCell Collagen, 60 Veggie Caps"},"content":{"rendered":"<div class=\"col-xs-24 col-md-14\">\n<div class=\"row item-row\">\n<div class=\"col-xs-24\">\n<p>\u041e\u043f\u0438\u0441<br \/>\n\u041d\u0430\u0443\u043a\u043e\u0432\u043e \u043e\u0431\u0491\u0440\u0443\u043d\u0442\u043e\u0432\u0430\u043d\u0435 \u0445\u0430\u0440\u0447\u0443\u0432\u0430\u043d\u043d\u044f<br \/>\n\u0414\u0456\u0454\u0442\u0438\u0447\u043d\u0430 \u0434\u043e\u0431\u0430\u0432\u043a\u0430<br \/>\nPoma\u017ee u odr\u017eavanju zdravlja i funkcije zglobova<br \/>\nPoma\u017ee u odr\u017eavanju zdravlja ko\u017ee<br \/>\nBez GMO \/ bez glutena \/ bez soje<\/p>\n<p>Doctor&#8217;s Best hijaluronska kiselina + kondroitin sulfat sadr\u017ei patentirani BioCell Collagen\u00ae, dijetetski sastojak koji sadr\u017ei patentirani sastav prirodnog hidroliziranog kolagena tipa II, kondroitin sulfata i hijaluronske kiseline u visoko apsorbiraju\u0107oj matrici. Standardizirano je da sadr\u017ei ne manje od 10% hijaluronske kiseline, 20% hondroitin sulfata i 60% kolagena tipa II. Hijaluronska kiselina i kolagen su vitalne strukturne komponente ko\u017ee koje opadaju kako starimo, a dijelom su odgovorne za vla\u017enost, gipkost i elasti\u010dnost ko\u017ee. BioCell Collagen\u00ae sadr\u017ei klju\u010dne komponente koje mogu pomo\u0107i u odr\u017eavanju zdrave ko\u017ee i funkcije zglobova.<\/p>\n<p>\u0420\u0435\u043a\u043e\u043c\u0435\u043d\u0434\u0430\u0446\u0456\u0457 \u0456\u0437 \u0437\u0430\u0441\u0442\u043e\u0441\u0443\u0432\u0430\u043d\u043d\u044f<\/p>\n<p>Upotreba za odrasle: Uzmite 2 kapsule dnevno s hranom ili prema preporuci lije\u010dnika nutricionista.<\/p>\n<p>\u0406\u043d\u0448\u0456 \u0456\u043d\u0433\u0440\u0435\u0434\u0456\u0454\u043d\u0442\u0438<\/p>\n<p>Ri\u017ein prah, hipromeloza (vegetarijanska kapsula), magnezijev stearat (biljni izvor).<\/p>\n<p>\u041f\u043e\u043f\u0435\u0440\u0435\u0434\u0436\u0435\u043d\u043d\u044f<\/p>\n<p>\u0417\u0431\u0435\u0440\u0456\u0433\u0430\u0442\u0438 \u0432 \u0441\u0443\u0445\u043e\u043c\u0443 \u043f\u0440\u043e\u0445\u043e\u043b\u043e\u0434\u043d\u043e\u043c\u0443 \u043c\u0456\u0441\u0446\u0456.<\/p>\n<\/div>\n<\/div>\n<div class=\"row item-row\">\n<div class=\"col-xs-24\"><\/div>\n<\/div>\n<div class=\"row item-row\">\n<div class=\"col-xs-24\"><\/div>\n<\/div>\n<\/div>\n<div class=\"col-xs-24 col-md-10\">\n<div class=\"supplement-facts-container\">\n<table border=\"1\" width=\"100%\" cellspacing=\"0\" cellpadding=\"3\">\n<tbody>\n<tr align=\"left\" valign=\"top\">\n<td colspan=\"3\"><strong>Supplement Facts<\/strong><\/td>\n<\/tr>\n<tr align=\"left\" valign=\"top\">\n<td colspan=\"3\"><strong>Serving Size:\u00a0<\/strong>2 Veggie Capsules<\/td>\n<\/tr>\n<tr align=\"left\" valign=\"top\">\n<td colspan=\"3\"><strong>Serving Per Container:\u00a0<\/strong>30<\/td>\n<\/tr>\n<tr align=\"left\" valign=\"top\">\n<td width=\"70%\"><\/td>\n<td width=\"15%\"><strong>Amount Per Serving<\/strong><\/td>\n<td width=\"15%\"><strong>%Daily Value<\/strong><\/td>\n<\/tr>\n<tr align=\"left\" valign=\"top\">\n<td>BioCell Collagen\u00ae<br \/>\n(from chicken sternal cartilage) providing minimum:<\/td>\n<td>1000 mg<\/td>\n<td>\u2020<\/td>\n<\/tr>\n<tr align=\"left\" valign=\"top\">\n<td>Hydrolyzed Collagen Type II<\/td>\n<td>600 mg<\/td>\n<td>\u2020<\/td>\n<\/tr>\n<tr align=\"left\" valign=\"top\">\n<td>Chondroitin Sulfate<\/td>\n<td>200 mg<\/td>\n<td>\u2020<\/td>\n<\/tr>\n<tr align=\"left\" valign=\"top\">\n<td>Hyaluronic Acid<\/td>\n<td>100 mg<\/td>\n<td>\u2020<\/td>\n<\/tr>\n<tr align=\"left\" valign=\"top\">\n<td colspan=\"3\">\u2020 Daily Value not established.<\/td>\n<\/tr>\n<\/tbody>\n<\/table>\n<\/div>\n<\/div>","protected":false},"excerpt":{"rendered":"<p>Opis Znanstveno utemeljena prehrana\u2122 Dodatak prehrani Poma\u017ee u odr\u017eavanju zdravlja i funkcije zglobova Poma\u017ee u odr\u017eavanju zdravlja ko\u017ee Bez GMO \/ bez glutena \/ bez soje Doctor&#8217;s Best hijaluronska kiselina + kondroitin sulfat sadr\u017ei patentirani BioCell Collagen\u00ae, dijetetski sastojak koji sadr\u017ei patentirani sastav prirodnog hidroliziranog kolagena tipa II, kondroitin sulfata i hijaluronske kiseline u visoko[&#8230;]<\/p>","protected":false},"featured_media":7088,"comment_status":"open","ping_status":"closed","template":"","meta":{"inline_featured_image":false},"product_cat":[15,25,37,64],"product_tag":[],"class_list":{"0":"post-7086","1":"product","2":"type-product","3":"status-publish","4":"has-post-thumbnail","6":"product_cat-supplements","7":"product_cat-beauty","8":"product_cat-hair-skin-nails","9":"product_cat-hyaluronic-acid","11":"first","12":"instock","13":"featured","14":"shipping-taxable","15":"purchasable","16":"product-type-simple"},"_links":{"self":[{"href":"https:\/\/be-healthy.taniko.me\/uk\/wp-json\/wp\/v2\/product\/7086","targetHints":{"allow":["GET"]}}],"collection":[{"href":"https:\/\/be-healthy.taniko.me\/uk\/wp-json\/wp\/v2\/product"}],"about":[{"href":"https:\/\/be-healthy.taniko.me\/uk\/wp-json\/wp\/v2\/types\/product"}],"replies":[{"embeddable":true,"href":"https:\/\/be-healthy.taniko.me\/uk\/wp-json\/wp\/v2\/comments?post=7086"}],"wp:featuredmedia":[{"embeddable":true,"href":"https:\/\/be-healthy.taniko.me\/uk\/wp-json\/wp\/v2\/media\/7088"}],"wp:attachment":[{"href":"https:\/\/be-healthy.taniko.me\/uk\/wp-json\/wp\/v2\/media?parent=7086"}],"wp:term":[{"taxonomy":"product_cat","embeddable":true,"href":"https:\/\/be-healthy.taniko.me\/uk\/wp-json\/wp\/v2\/product_cat?post=7086"},{"taxonomy":"product_tag","embeddable":true,"href":"https:\/\/be-healthy.taniko.me\/uk\/wp-json\/wp\/v2\/product_tag?post=7086"}],"curies":[{"name":"wp","href":"https:\/\/api.w.org\/{rel}","templated":true}]}}