{"id":7089,"date":"2024-02-24T09:19:27","date_gmt":"2024-02-24T09:19:27","guid":{"rendered":"https:\/\/be-healthy.taniko.me\/?post_type=product&#038;p=7089"},"modified":"2024-10-15T08:13:18","modified_gmt":"2024-10-15T08:13:18","slug":"doctors-best-nac-detox-regulators-180-veggie-caps","status":"publish","type":"product","link":"https:\/\/be-healthy.taniko.me\/uk\/product\/doctors-best-nac-detox-regulators-180-veggie-caps\/","title":{"rendered":"Doctor&#8217;s Best, NAC Detox Regulators, 180 Veggie Caps"},"content":{"rendered":"<div class=\"col-xs-24 col-md-14\">\n<div class=\"row item-row\">\n<div class=\"col-xs-24\">\n<p>\u041e\u043f\u0438\u0441<br \/>\n\u041d\u0430\u0443\u043a\u043e\u0432\u043e \u043e\u0431\u0491\u0440\u0443\u043d\u0442\u043e\u0432\u0430\u043d\u0435 \u0445\u0430\u0440\u0447\u0443\u0432\u0430\u043d\u043d\u044f<br \/>\nSa Seleno Excell\u00ae &#8211; dodatkom s visokim sadr\u017eajem selena<br \/>\nPoma\u017ee u odr\u017eavanju zdravlja stanica i funkcije jetre<br \/>\n\u0414\u0456\u0454\u0442\u0438\u0447\u043d\u0430 \u0434\u043e\u0431\u0430\u0432\u043a\u0430<br \/>\nVegetarijanac\u2122<br \/>\n\u0411\u0435\u0437 \u0413\u041c\u041e<br \/>\n\u0411\u0435\u0437 \u0433\u043b\u044e\u0442\u0435\u043d\u0443<br \/>\nBez soje<\/p>\n<p>Doctor&#8217;s Best NAC Detox Regulators podr\u017eavaju proizvodnju i kori\u0161tenje glutationa, najva\u017enijeg za\u0161titnog i regulatornog antioksidansa prirodno koncentriranog u svim zdravim stanicama. NAC (N-acetilcistein) dokazano podr\u017eava proizvodnju glutationa. dok su selen i molibden klju\u010dni za olak\u0161avanje uloge glutationa u potpori proizvodnje energije, detoksikacije i drugih temeljnih \u017eivotnih procesa.<\/p>\n<p>Poma\u017ee pri proizvodnji glutationa u mozgu, jetri i drugim organima<br \/>\nPoma\u017ee u podr\u0161ci enzima koji neutraliziraju prirodne i umjetno stvorene toksine<br \/>\nPoma\u017ee u odr\u017eavanju zdrave funkcije jetre<br \/>\n\u0420\u0435\u043a\u043e\u043c\u0435\u043d\u0434\u0430\u0446\u0456\u0457 \u0456\u0437 \u0437\u0430\u0441\u0442\u043e\u0441\u0443\u0432\u0430\u043d\u043d\u044f<br \/>\nPrimjena za odrasle: Uzmite 1 kapsulu dva puta dnevno s hranom ili prema preporuci lije\u010dnika nutricionista.<br \/>\n\u0406\u043d\u0448\u0456 \u0456\u043d\u0433\u0440\u0435\u0434\u0456\u0454\u043d\u0442\u0438<br \/>\nHipromeloza (vegetarijanska kapsula), limunska kiselina, prirodna aroma vanilije.<br \/>\n\u041f\u043e\u043f\u0435\u0440\u0435\u0434\u0436\u0435\u043d\u043d\u044f<\/p>\n<p>Posavjetujte se sa svojim lije\u010dnikom prije upotrebe NAC-a ako ste trudni, dojite, imate \u010dir na \u017eelucu, kardiovaskularne probleme ili probleme s bubrezima.<\/p>\n<p>\u0417\u0431\u0435\u0440\u0456\u0433\u0430\u0442\u0438 \u0432 \u0441\u0443\u0445\u043e\u043c\u0443 \u043f\u0440\u043e\u0445\u043e\u043b\u043e\u0434\u043d\u043e\u043c\u0443 \u043c\u0456\u0441\u0446\u0456.<\/p>\n<\/div>\n<\/div>\n<div class=\"row item-row\">\n<div class=\"col-xs-24\"><\/div>\n<\/div>\n<\/div>\n<div class=\"col-xs-24 col-md-10\">\n<div class=\"supplement-facts-container\">\n<table border=\"1\" width=\"100%\" cellspacing=\"0\" cellpadding=\"3\">\n<tbody>\n<tr valign=\"top\">\n<td colspan=\"3\"><strong>Supplement Facts<\/strong><\/td>\n<\/tr>\n<tr valign=\"top\">\n<td colspan=\"3\"><strong>Serving Size:<\/strong>\u00a01 veggie capsule<\/td>\n<\/tr>\n<tr valign=\"top\">\n<td colspan=\"3\"><strong>Servings Per Container:<\/strong>\u00a0180<\/td>\n<\/tr>\n<tr valign=\"top\">\n<td width=\"70%\"><\/td>\n<td width=\"15%\"><strong>Amount Per Serving<\/strong><\/td>\n<td width=\"15%\"><strong>%Daily Value<\/strong><\/td>\n<\/tr>\n<tr valign=\"top\">\n<td>Selenium (from SelenoExcell\u00ae\u00a0high selenium yeast) (saccharomyces cerevisiae)<\/td>\n<td>50 mcg<\/td>\n<td>90%<\/td>\n<\/tr>\n<tr valign=\"top\">\n<td>Molybdenum (from molybdenum glycinate chelate)<\/td>\n<td>50 mcg<\/td>\n<td>110%<\/td>\n<\/tr>\n<tr valign=\"top\">\n<td>N-Acetylcysteine (NAC)<\/td>\n<td>600 mg<\/td>\n<td>\u2020<\/td>\n<\/tr>\n<tr valign=\"top\">\n<td colspan=\"3\">\u2020Daily Value not established.<\/td>\n<\/tr>\n<\/tbody>\n<\/table>\n<\/div>\n<\/div>","protected":false},"excerpt":{"rendered":"<p>Opis Znanstveno utemeljena prehrana\u2122 Sa Seleno Excell\u00ae &#8211; dodatkom s visokim sadr\u017eajem selena Poma\u017ee u odr\u017eavanju zdravlja stanica i funkcije jetre Dodatak prehrani Vegetarijanac\u2122 Ne-GMO Bez glutena Bez soje Doctor&#8217;s Best NAC Detox Regulators podr\u017eavaju proizvodnju i kori\u0161tenje glutationa, najva\u017enijeg za\u0161titnog i regulatornog antioksidansa prirodno koncentriranog u svim zdravim stanicama. NAC (N-acetilcistein) dokazano podr\u017eava proizvodnju[&#8230;]<\/p>","protected":false},"featured_media":7091,"comment_status":"open","ping_status":"closed","template":"","meta":{"inline_featured_image":false},"product_cat":[15,41,57,45],"product_tag":[],"class_list":{"0":"post-7089","1":"product","2":"type-product","3":"status-publish","4":"has-post-thumbnail","6":"product_cat-supplements","7":"product_cat-anti-aging-longevity","8":"product_cat-antioxidants","9":"product_cat-detox-cleans","11":"first","12":"instock","13":"featured","14":"shipping-taxable","15":"purchasable","16":"product-type-simple"},"_links":{"self":[{"href":"https:\/\/be-healthy.taniko.me\/uk\/wp-json\/wp\/v2\/product\/7089","targetHints":{"allow":["GET"]}}],"collection":[{"href":"https:\/\/be-healthy.taniko.me\/uk\/wp-json\/wp\/v2\/product"}],"about":[{"href":"https:\/\/be-healthy.taniko.me\/uk\/wp-json\/wp\/v2\/types\/product"}],"replies":[{"embeddable":true,"href":"https:\/\/be-healthy.taniko.me\/uk\/wp-json\/wp\/v2\/comments?post=7089"}],"wp:featuredmedia":[{"embeddable":true,"href":"https:\/\/be-healthy.taniko.me\/uk\/wp-json\/wp\/v2\/media\/7091"}],"wp:attachment":[{"href":"https:\/\/be-healthy.taniko.me\/uk\/wp-json\/wp\/v2\/media?parent=7089"}],"wp:term":[{"taxonomy":"product_cat","embeddable":true,"href":"https:\/\/be-healthy.taniko.me\/uk\/wp-json\/wp\/v2\/product_cat?post=7089"},{"taxonomy":"product_tag","embeddable":true,"href":"https:\/\/be-healthy.taniko.me\/uk\/wp-json\/wp\/v2\/product_tag?post=7089"}],"curies":[{"name":"wp","href":"https:\/\/api.w.org\/{rel}","templated":true}]}}