{"id":7092,"date":"2024-02-24T09:29:10","date_gmt":"2024-02-24T09:29:10","guid":{"rendered":"https:\/\/be-healthy.taniko.me\/?post_type=product&#038;p=7092"},"modified":"2024-10-12T21:54:38","modified_gmt":"2024-10-12T21:54:38","slug":"natural-factors-wellbetx-berberine-500-mg-120-vegetarian-capsules","status":"publish","type":"product","link":"https:\/\/be-healthy.taniko.me\/uk\/product\/natural-factors-wellbetx-berberine-500-mg-120-vegetarian-capsules\/","title":{"rendered":"Natural Factors, WellBetX, Berberine, 500 mg, 120 Vegetarian Capsules"},"content":{"rendered":"<div class=\"col-xs-24 col-md-14\">\n<div class=\"row item-row\">\n<div class=\"col-xs-24\">\n<h3>\u041e\u043f\u0438\u0441<\/h3>\n<p>Berberin je prirodni biljni alkaloid koji se nalazi u raznim biljkama, uklju\u010duju\u0107i \u017eutiku, zlatnicu i oregonsko gro\u017e\u0111e. Mnogi travari pripisuju ovom jedinstvenom alkaloidu blagotvorne u\u010dinke mnogih tradicionalnih tonika napravljenih od ovih biljaka. Berberin ima va\u017enu ulogu u metabolizmu \u0161e\u0107era (glukoze) u krvi i zdravlju kardiovaskularnog sustava. Berberin poma\u017ee u odr\u017eavanju zdrave razine \u0161e\u0107era u krvi i ukupnog kolesterola ve\u0107 unutar normalnog raspona.<\/p>\n<p>Isura\u2122:<br \/>\nBez GMO-a: Dokumentacija \u2714<br \/>\nSpecifikacija mase: Laboratorijski ispitano \u2714<\/p>\n<h4>\u0420\u0435\u043a\u043e\u043c\u0435\u043d\u0434\u0430\u0446\u0456\u0457 \u0456\u0437 \u0437\u0430\u0441\u0442\u043e\u0441\u0443\u0432\u0430\u043d\u043d\u044f<\/h4>\n<p>1 kapsula 2 puta dnevno ili prema preporuci zdravstvenog radnika.<\/p>\n<h4>\u0406\u043d\u0448\u0456 \u0456\u043d\u0433\u0440\u0435\u0434\u0456\u0454\u043d\u0442\u0438<\/h4>\n<p>Vegetarijanska kapsula (ugljikohidratna guma [celuloza], pro\u010di\u0161\u0107ena voda), mikrokristalna celuloza, magnezijev stearat (biljni stupanj), stearinska kiselina, silicij.<\/p>\n<p>Ne sadr\u017ei umjetna bojila, konzervanse ni sladila; bez mlije\u010dnih proizvoda, \u0161kroba, \u0161e\u0107era, p\u0161enice, glutena, kvasca, soje, kukuruza, jaja, ribe, \u0161koljki, \u017eivotinjskih proizvoda, soli, ora\u0161astih plodova ili GMO-a.<\/p>\n<p>Proizveden od strane Natural Factors kako bi se osigurala sigurnost i u\u010dinkovitost u skladu s dobrom proizvo\u0111a\u010dkom praksom (GMP) FDA i Health Canada.<\/p>\n<h4>\u041f\u043e\u043f\u0435\u0440\u0435\u0434\u0436\u0435\u043d\u043d\u044f<\/h4>\n<p>Kao i kod svakog drugog dodatka, posavjetujte se sa svojim zdravstvenim radnikom prije upotrebe ako ste trudni, dojite ili poku\u0161avate zatrudnjeti, ili ako uzimate lijekove, imate zdravstveno stanje ili o\u010dekujete operaciju. Posavjetujte se sa zdravstvenim radnikom za kori\u0161tenje dulje od 3 mjeseca. \u010cuvati izvan dohvata djece.<\/p>\n<p>Zatvoreno za va\u0161u za\u0161titu. Nemojte koristiti ako je pe\u010dat o\u0161te\u0107en. Za svje\u017einu \u010duvajte na hladnom i suhom mjestu.<\/p>\n<\/div>\n<\/div>\n<div class=\"row item-row\">\n<div class=\"col-xs-24\"><\/div>\n<\/div>\n<div class=\"row item-row\">\n<div class=\"col-xs-24\"><\/div>\n<\/div>\n<\/div>\n<div class=\"col-xs-24 col-md-10\">\n<div class=\"supplement-facts-container\">\n<table role=\"presentation\" border=\"1\" width=\"100%\" cellspacing=\"0\" cellpadding=\"3\">\n<tbody>\n<tr align=\"left\" valign=\"top\">\n<td colspan=\"3\"><strong>Supplement Facts<\/strong><\/td>\n<\/tr>\n<tr align=\"left\" valign=\"top\">\n<td colspan=\"3\"><strong>Serving Size:<\/strong>\u00a01 Vegetarian Capsule<\/td>\n<\/tr>\n<tr align=\"left\" valign=\"top\">\n<td width=\"70%\"><\/td>\n<td width=\"15%\"><strong>Amount Per Serving<\/strong><\/td>\n<td width=\"15%\"><strong>%Daily Value<\/strong><\/td>\n<\/tr>\n<tr align=\"left\" valign=\"top\">\n<td>Berberine (hydrochloride) (from Berberis vulgaris extract) (root)<\/td>\n<td>500 mg<\/td>\n<td>**<\/td>\n<\/tr>\n<tr align=\"left\" valign=\"top\">\n<td colspan=\"3\">**Daily Value not established.<\/td>\n<\/tr>\n<\/tbody>\n<\/table>\n<\/div>\n<\/div>","protected":false},"excerpt":{"rendered":"<ul>\n<li>\u0414\u0456\u0454\u0442\u0438\u0447\u043d\u0430 \u0434\u043e\u0431\u0430\u0432\u043a\u0430<\/li>\n<li>Podr\u0161ka za \u0161e\u0107er u krvi i kardiovaskularni sustav<\/li>\n<li>Prikladno za vegetarijance\/vegane<\/li>\n<li>\u010cisto\u0107a i snaga zajam\u010dena<\/li>\n<\/ul>","protected":false},"featured_media":7094,"comment_status":"open","ping_status":"closed","template":"","meta":{"inline_featured_image":false},"product_cat":[15,41,62],"product_tag":[],"class_list":{"0":"post-7092","1":"product","2":"type-product","3":"status-publish","4":"has-post-thumbnail","6":"product_cat-supplements","7":"product_cat-anti-aging-longevity","8":"product_cat-herbs","10":"first","11":"instock","12":"featured","13":"shipping-taxable","14":"purchasable","15":"product-type-simple"},"_links":{"self":[{"href":"https:\/\/be-healthy.taniko.me\/uk\/wp-json\/wp\/v2\/product\/7092","targetHints":{"allow":["GET"]}}],"collection":[{"href":"https:\/\/be-healthy.taniko.me\/uk\/wp-json\/wp\/v2\/product"}],"about":[{"href":"https:\/\/be-healthy.taniko.me\/uk\/wp-json\/wp\/v2\/types\/product"}],"replies":[{"embeddable":true,"href":"https:\/\/be-healthy.taniko.me\/uk\/wp-json\/wp\/v2\/comments?post=7092"}],"wp:featuredmedia":[{"embeddable":true,"href":"https:\/\/be-healthy.taniko.me\/uk\/wp-json\/wp\/v2\/media\/7094"}],"wp:attachment":[{"href":"https:\/\/be-healthy.taniko.me\/uk\/wp-json\/wp\/v2\/media?parent=7092"}],"wp:term":[{"taxonomy":"product_cat","embeddable":true,"href":"https:\/\/be-healthy.taniko.me\/uk\/wp-json\/wp\/v2\/product_cat?post=7092"},{"taxonomy":"product_tag","embeddable":true,"href":"https:\/\/be-healthy.taniko.me\/uk\/wp-json\/wp\/v2\/product_tag?post=7092"}],"curies":[{"name":"wp","href":"https:\/\/api.w.org\/{rel}","templated":true}]}}