{"id":7095,"date":"2024-02-24T09:34:59","date_gmt":"2024-02-24T09:34:59","guid":{"rendered":"https:\/\/be-healthy.taniko.me\/?post_type=product&#038;p=7095"},"modified":"2024-10-12T20:48:40","modified_gmt":"2024-10-12T20:48:40","slug":"paradise-herbs-berberine-extract-60-vegetarian-capsules","status":"publish","type":"product","link":"https:\/\/be-healthy.taniko.me\/uk\/product\/paradise-herbs-berberine-extract-60-vegetarian-capsules\/","title":{"rendered":"Paradise Herbs, Berberine Extract, 60 Vegetarian Capsules"},"content":{"rendered":"<div class=\"col-xs-24 col-md-14\">\n<div class=\"row item-row\">\n<div class=\"col-xs-24\">\n<h3>\u041e\u043f\u0438\u0441<\/h3>\n<p>Kvaliteta &#8211; \u010cisto\u0107a &#8211; Potencija<\/p>\n<p>Paradise proizvodi su vi\u0161e od desetlje\u0107a osvajali nagrade Best of Supplements Awards. Posve\u0107eni smo nabavi vrhunskih ultra \u010distih sastojaka koji zadovoljavaju najvi\u0161e standarde izvrsnosti. Nikada ne dodajemo nepotrebna punila, veziva, konzervanse ili sredstva za te\u010denje u na\u0161 proces kapsuliranja.<\/p>\n<p>Premium Plant Active Difference<\/p>\n<p>Na\u0161i biljni aktivni ekstrakti sadr\u017ee prirodno prisutne bioaktivne fitohranjive tvari biljke koje su posebno ciljane, uhva\u0107ene i koncentrirane bez upotrebe toksi\u010dnih otapala i\/ili jakih kemikalija.<\/p>\n<h4>\u0420\u0435\u043a\u043e\u043c\u0435\u043d\u0434\u0430\u0446\u0456\u0457 \u0456\u0437 \u0437\u0430\u0441\u0442\u043e\u0441\u0443\u0432\u0430\u043d\u043d\u044f<\/h4>\n<p>Uzmite 1 vegetarijansku kapsulu 1-2 puta dnevno ili prema uputama kvalificiranog zdravstvenog radnika.<\/p>\n<h4>\u0406\u043d\u0448\u0456 \u0456\u043d\u0433\u0440\u0435\u0434\u0456\u0454\u043d\u0442\u0438<\/h4>\n<p>Vegetarijanska kapsula (biljna celuloza).<\/p>\n<p>Ne sadr\u017ei uobi\u010dajene alergene. Izra\u0111eno bez punila.<\/p>\n<h4>\u041f\u043e\u043f\u0435\u0440\u0435\u0434\u0436\u0435\u043d\u043d\u044f<\/h4>\n<p>\u010cuvati na hladnom i suhom mjestu, izvan dohvata djece. Ako ste trudni, dojite ili koristite bilo koji lijek na recept, posavjetujte se sa svojim zdravstvenim radnikom prije kori\u0161tenja ovog proizvoda.<\/p>\n<\/div>\n<\/div>\n<div class=\"row item-row\">\n<div class=\"col-xs-24\"><\/div>\n<\/div>\n<\/div>\n<div class=\"col-xs-24 col-md-10\">\n<div class=\"supplement-facts-container\">\n<table border=\"1\" width=\"100%\" cellspacing=\"0\" cellpadding=\"3\">\n<tbody>\n<tr align=\"left\" valign=\"top\">\n<td colspan=\"3\"><strong>\u041f\u043e\u0436\u0438\u0432\u043d\u0430 \u0446\u0456\u043d\u043d\u0456\u0441\u0442\u044c<\/strong><\/td>\n<\/tr>\n<tr align=\"left\" valign=\"top\">\n<td colspan=\"3\"><strong>Veli\u010dina porcije:<\/strong> 1 vegetarijanska kapsula<\/td>\n<\/tr>\n<tr align=\"left\" valign=\"top\">\n<td colspan=\"3\"><strong>Porcija po spremniku<\/strong>: 60<\/td>\n<\/tr>\n<tr align=\"left\" valign=\"top\">\n<td width=\"70%\"><\/td>\n<td width=\"15%\"><strong>\u041a\u0456\u043b\u044c\u043a\u0456\u0441\u0442\u044c \u0432 1 \u043f\u043e\u0440\u0446\u0456\u0457<\/strong><\/td>\n<td width=\"15%\"><strong>% Dnevna vrijednost<\/strong><\/td>\n<\/tr>\n<tr align=\"left\" valign=\"top\">\n<td>Berberin HCL<\/td>\n<td>500 mg<\/td>\n<td>**<\/td>\n<\/tr>\n<tr align=\"left\" valign=\"top\">\n<td colspan=\"3\">**<strong>Dnevna vrijednost nije utvr\u0111ena.<\/strong><\/td>\n<\/tr>\n<\/tbody>\n<\/table>\n<\/div>\n<\/div>","protected":false},"excerpt":{"rendered":"<ul>\n<li>Pobolj\u0161anje \u010duda prirode od 1994\u2122<\/li>\n<li>Veganska<\/li>\n<li>\u0411\u0435\u0437 \u0413\u041c\u041e<\/li>\n<li>\u0411\u0435\u0437 \u0433\u043b\u044e\u0442\u0435\u043d\u0443<\/li>\n<li>Vrhunska kvaliteta, \u010disto\u0107a i mo\u0107<\/li>\n<li>\u0414\u0456\u0454\u0442\u0438\u0447\u043d\u0430 \u0434\u043e\u0431\u0430\u0432\u043a\u0430<\/li>\n<\/ul>","protected":false},"featured_media":7097,"comment_status":"open","ping_status":"closed","template":"","meta":{"inline_featured_image":false},"product_cat":[15,41,62],"product_tag":[],"class_list":{"0":"post-7095","1":"product","2":"type-product","3":"status-publish","4":"has-post-thumbnail","6":"product_cat-supplements","7":"product_cat-anti-aging-longevity","8":"product_cat-herbs","10":"first","11":"instock","12":"featured","13":"shipping-taxable","14":"purchasable","15":"product-type-simple"},"_links":{"self":[{"href":"https:\/\/be-healthy.taniko.me\/uk\/wp-json\/wp\/v2\/product\/7095","targetHints":{"allow":["GET"]}}],"collection":[{"href":"https:\/\/be-healthy.taniko.me\/uk\/wp-json\/wp\/v2\/product"}],"about":[{"href":"https:\/\/be-healthy.taniko.me\/uk\/wp-json\/wp\/v2\/types\/product"}],"replies":[{"embeddable":true,"href":"https:\/\/be-healthy.taniko.me\/uk\/wp-json\/wp\/v2\/comments?post=7095"}],"wp:featuredmedia":[{"embeddable":true,"href":"https:\/\/be-healthy.taniko.me\/uk\/wp-json\/wp\/v2\/media\/7097"}],"wp:attachment":[{"href":"https:\/\/be-healthy.taniko.me\/uk\/wp-json\/wp\/v2\/media?parent=7095"}],"wp:term":[{"taxonomy":"product_cat","embeddable":true,"href":"https:\/\/be-healthy.taniko.me\/uk\/wp-json\/wp\/v2\/product_cat?post=7095"},{"taxonomy":"product_tag","embeddable":true,"href":"https:\/\/be-healthy.taniko.me\/uk\/wp-json\/wp\/v2\/product_tag?post=7095"}],"curies":[{"name":"wp","href":"https:\/\/api.w.org\/{rel}","templated":true}]}}