{"id":7098,"date":"2024-02-24T09:39:17","date_gmt":"2024-02-24T09:39:17","guid":{"rendered":"https:\/\/be-healthy.taniko.me\/?post_type=product&#038;p=7098"},"modified":"2024-10-12T20:08:48","modified_gmt":"2024-10-12T20:08:48","slug":"life-extension-n-acetyl-l-cysteine-600-mg-60-capsules","status":"publish","type":"product","link":"https:\/\/be-healthy.taniko.me\/uk\/product\/life-extension-n-acetyl-l-cysteine-600-mg-60-capsules\/","title":{"rendered":"Life Extension, N-Acetyl-L-Cysteine, 600 mg, 60 Capsules"},"content":{"rendered":"<div class=\"col-xs-24 col-md-14\">\n<div class=\"row item-row\">\n<div class=\"col-xs-24\">\n<h3>\u041e\u043f\u0438\u0441<\/h3>\n<p>N-acetil-L-cistein podr\u017eava zdravlje bronha i di\u0161nog sustava te zdravu razinu glutationa. Tako\u0111er je kemijski prekursor glutationa, sna\u017enog antioksidansa koji \u0161titi stanice od o\u0161te\u0107enja slobodnih radikala. NAC tako\u0111er brani od uvreda stranih spojeva na stani\u010dnoj razini i \u0161titi ranjive neurone od oksidativnog stresa.<\/p>\n<p>Podr\u017eite imunolo\u0161ko zdravlje, funkciju jetre i za\u0161titite se od oksidativnog stresa s N-acetil-L-cisteinom<\/p>\n<p>Prednosti N-acetil-L-cisteina<\/p>\n<ul>\n<li>Promi\u010de zdravu razinu glutationa u stanicama<\/li>\n<li>Pru\u017ea sna\u017enu antioksidativnu potporu<\/li>\n<li>Podr\u017eava zdravlje imunolo\u0161kog sustava<\/li>\n<li>Poti\u010de zdravlje i rad jetre<\/li>\n<li>Promi\u010de zdravlje bronhija i di\u0161nih puteva<\/li>\n<\/ul>\n<p>N-acetil-L-cistein je hranjiva tvar koja se lako apsorbira sa sna\u017enim prednostima za zdravlje cijelog tijela.1 N-acetil-L-cistein tako\u0111er poma\u017ee obnoviti zalihe glutationa u va\u0161em tijelu. N-acetil-L-cistein i glutation imaju sna\u017eno antioksidativno djelovanje, poma\u017eu\u0107i u za\u0161titi stanica poput ranjivih \u017eiv\u010danih stanica u va\u0161em mozgu od slobodnih radikala. N-acetil-L-cistein tako\u0111er brani od uvreda stranih spojeva na stani\u010dnoj razini.<\/p>\n<p>Potpora jetri, zdravlje imuniteta i vi\u0161e<\/p>\n<p>N-acetil-L-cistein je mo\u0107an nutrijent sam po sebi. Ovaj spoj podr\u017eava zdravu respiratornu funkciju kao i zdravlje bronha. Poti\u010de zdravu funkciju jetre i poti\u010de zdravlje imunolo\u0161kog sustava. A vi\u0161e od 30 placebom kontroliranih studija o stani\u010dnom glutationu sugerira da dodatak N-acetil-L-cisteina mo\u017ee povoljno utjecati na proizvodnju energije, dobrobit i kvalitetu \u017eivota. Svaka kapsula na\u0161eg N-acetil-L-cisteina sadr\u017ei 600 mg ove sna\u017ene hranjive tvari koja se brzo apsorbira.<\/p>\n<\/div>\n<\/div>\n<div class=\"row item-row\">\n<div class=\"col-xs-24\">\n<h4>\u0420\u0435\u043a\u043e\u043c\u0435\u043d\u0434\u0430\u0446\u0456\u0457 \u0456\u0437 \u0437\u0430\u0441\u0442\u043e\u0441\u0443\u0432\u0430\u043d\u043d\u044f<\/h4>\n<p>Pro\u010ditajte cijelu etiketu i pa\u017eljivo slijedite upute.<\/p>\n<p>Uzmite jednu (1) kapsulu jedan do tri puta dnevno ili prema preporuci lije\u010dnika.<\/p>\n<h4>\u0406\u043d\u0448\u0456 \u0456\u043d\u0433\u0440\u0435\u0434\u0456\u0454\u043d\u0442\u0438<\/h4>\n<p>Biljna celuloza (kapsula), biljni stearat, silicij.<\/p>\n<h4>\u041f\u043e\u043f\u0435\u0440\u0435\u0434\u0436\u0435\u043d\u043d\u044f<\/h4>\n<p>\u010cuvati izvan dohvata djece.<br \/>\nNemojte prekora\u010diti preporu\u010denu dozu.<br \/>\nNe kupujte ako je vanjski pe\u010dat slomljen ili o\u0161te\u0107en.<br \/>\nPosavjetujte se sa svojim lije\u010dnikom ako ste podvrgnuti lije\u010denju zbog nekog zdravstvenog stanja ili ako ste trudni ili dojite.<\/p>\n<p>\u010cuvati dobro zatvoreno na hladnom i suhom mjestu.<\/p>\n<\/div>\n<\/div>\n<div class=\"row item-row\">\n<div class=\"col-xs-24\"><\/div>\n<\/div>\n<div class=\"row item-row\">\n<div class=\"col-xs-24\"><\/div>\n<\/div>\n<\/div>\n<div class=\"col-xs-24 col-md-10\">\n<div class=\"supplement-facts-container\">\n<table border=\"1\" width=\"100%\" cellspacing=\"0\" cellpadding=\"3\">\n<tbody>\n<tr valign=\"top\">\n<td colspan=\"3\"><strong>\u041f\u043e\u0436\u0438\u0432\u043d\u0430 \u0446\u0456\u043d\u043d\u0456\u0441\u0442\u044c<\/strong><\/td>\n<\/tr>\n<tr valign=\"top\">\n<td colspan=\"3\"><strong>Veli\u010dina porcije:<\/strong> 1 kapsula<\/td>\n<\/tr>\n<tr valign=\"top\">\n<td width=\"70%\"><\/td>\n<td width=\"15%\"><strong>\u041a\u0456\u043b\u044c\u043a\u0456\u0441\u0442\u044c \u0432 1 \u043f\u043e\u0440\u0446\u0456\u0457<\/strong><\/td>\n<td width=\"15%\"><strong>% Dnevna vrijednost<\/strong><\/td>\n<\/tr>\n<tr valign=\"top\">\n<td>N-acetyl-L-cysteine<\/td>\n<td>600 mg<\/td>\n<td>**<\/td>\n<\/tr>\n<tr valign=\"top\">\n<td colspan=\"3\">**<strong>Dnevna vrijednost nije utvr\u0111ena.<\/strong><\/td>\n<\/tr>\n<\/tbody>\n<\/table>\n<\/div>\n<\/div>","protected":false},"excerpt":{"rendered":"<ul>\n<li>\u0411\u0435\u0437 \u0433\u043b\u044e\u0442\u0435\u043d\u0443<\/li>\n<li>Pove\u0107ava stani\u010dne razine glutationa<\/li>\n<li>\u0414\u0456\u0454\u0442\u0438\u0447\u043d\u0430 \u0434\u043e\u0431\u0430\u0432\u043a\u0430<\/li>\n<li>Non-GMO LE certifikat<\/li>\n<\/ul>","protected":false},"featured_media":7100,"comment_status":"open","ping_status":"closed","template":"","meta":{"inline_featured_image":false},"product_cat":[15,56,41,57],"product_tag":[],"class_list":{"0":"post-7098","1":"product","2":"type-product","3":"status-publish","4":"has-post-thumbnail","6":"product_cat-supplements","7":"product_cat-amino-acids","8":"product_cat-anti-aging-longevity","9":"product_cat-antioxidants","11":"first","12":"instock","13":"featured","14":"shipping-taxable","15":"purchasable","16":"product-type-simple"},"_links":{"self":[{"href":"https:\/\/be-healthy.taniko.me\/uk\/wp-json\/wp\/v2\/product\/7098","targetHints":{"allow":["GET"]}}],"collection":[{"href":"https:\/\/be-healthy.taniko.me\/uk\/wp-json\/wp\/v2\/product"}],"about":[{"href":"https:\/\/be-healthy.taniko.me\/uk\/wp-json\/wp\/v2\/types\/product"}],"replies":[{"embeddable":true,"href":"https:\/\/be-healthy.taniko.me\/uk\/wp-json\/wp\/v2\/comments?post=7098"}],"wp:featuredmedia":[{"embeddable":true,"href":"https:\/\/be-healthy.taniko.me\/uk\/wp-json\/wp\/v2\/media\/7100"}],"wp:attachment":[{"href":"https:\/\/be-healthy.taniko.me\/uk\/wp-json\/wp\/v2\/media?parent=7098"}],"wp:term":[{"taxonomy":"product_cat","embeddable":true,"href":"https:\/\/be-healthy.taniko.me\/uk\/wp-json\/wp\/v2\/product_cat?post=7098"},{"taxonomy":"product_tag","embeddable":true,"href":"https:\/\/be-healthy.taniko.me\/uk\/wp-json\/wp\/v2\/product_tag?post=7098"}],"curies":[{"name":"wp","href":"https:\/\/api.w.org\/{rel}","templated":true}]}}