{"id":7102,"date":"2024-02-24T09:58:22","date_gmt":"2024-02-24T09:58:22","guid":{"rendered":"https:\/\/be-healthy.taniko.me\/?post_type=product&#038;p=7102"},"modified":"2024-10-12T18:44:09","modified_gmt":"2024-10-12T18:44:09","slug":"now-foods-resveratrol-200-mg-120-veg-capsules","status":"publish","type":"product","link":"https:\/\/be-healthy.taniko.me\/uk\/product\/now-foods-resveratrol-200-mg-120-veg-capsules\/","title":{"rendered":"NOW Foods, Resveratrol, 200 mg, 120 Veg Capsules"},"content":{"rendered":"<div class=\"col-xs-24 col-md-14\">\n<div class=\"row item-row\">\n<div class=\"col-xs-24\">\n<h3>\u041e\u043f\u0438\u0441<\/h3>\n<p>Resveratrol je polifenol koji se prirodno nalazi u kori crvenog gro\u017e\u0111a, odre\u0111enog bobi\u010dastog vo\u0107a i drugih biljaka. Nedavna istra\u017eivanja su pokazala da Resveratrol mo\u017ee pomo\u0107i u odr\u017eavanju zdrave kardiovaskularne funkcije. Resveratrol je najpoznatiji po svojim stani\u010dnim svojstvima protiv starenja, kao i po svojoj sposobnosti da promi\u010de zdrav odgovor na biolo\u0161ki stres.<\/p>\n<h4>\u0420\u0435\u043a\u043e\u043c\u0435\u043d\u0434\u0430\u0446\u0456\u0457 \u0456\u0437 \u0437\u0430\u0441\u0442\u043e\u0441\u0443\u0432\u0430\u043d\u043d\u044f<\/h4>\n<p>Uzimati 1 kapsulu dnevno.<\/p>\n<h4>\u0406\u043d\u0448\u0456 \u0456\u043d\u0433\u0440\u0435\u0434\u0456\u0454\u043d\u0442\u0438<\/h4>\n<p>Hipromeloza (celulozna kapsula), mikrokristalna celuloza, magnezijev stearat (biljni izvor) i silicijev dioksid.<\/p>\n<p>Nije proizvedeno sa sastojcima p\u0161enice, glutena, soje, mlijeka, jaja, ribe, \u0161koljki, oraha ili sezama. Proizvedeno u GMP postrojenju koje obra\u0111uje druge sastojke koji sadr\u017ee te alergene.<\/p>\n<h4>\u041f\u043e\u043f\u0435\u0440\u0435\u0434\u0436\u0435\u043d\u043d\u044f<\/h4>\n<p>Samo za odrasle. Resveratrol mo\u017ee stupiti u interakciju s mnogim farmaceutskim lijekovima (osobito NSAID-ima, uklju\u010duju\u0107i diklofenak). Posavjetujte se s lije\u010dnikom ako ste trudni\/dojite, uzimate lijekove ili imate zdravstveno stanje prije kori\u0161tenja ovog proizvoda. Ovaj proizvod mo\u017ee uzrokovati probavne smetnje kod nekih osjetljivih osoba. Ako osjetite bilo kakvu gastrointestinalnu nelagodu nakon kori\u0161tenja ovog proizvoda, prekinite kori\u0161tenje. \u010cuvati izvan dohvata djece.<\/p>\n<p>U ovom proizvodu mo\u017ee do\u0107i do prirodne varijacije boje.<\/p>\n<p>Nemojte jesti pakete svje\u017eine. \u010cuvati u boci.<\/p>\n<p>\u010cuvati na hladnom i suhom mjestu nakon otvaranja.<\/p>\n<\/div>\n<\/div>\n<div class=\"row item-row\">\n<div class=\"col-xs-24\"><\/div>\n<\/div>\n<div class=\"row item-row\">\n<div class=\"col-xs-24\"><\/div>\n<\/div>\n<\/div>\n<div class=\"col-xs-24 col-md-10\">\n<div class=\"supplement-facts-container\">\n<table border=\"1\" width=\"100%\" cellspacing=\"0\" cellpadding=\"3\">\n<tbody>\n<tr valign=\"top\">\n<td colspan=\"3\"><strong>Supplement Facts<\/strong><\/td>\n<\/tr>\n<tr valign=\"top\">\n<td colspan=\"3\"><strong>Serving Size:<\/strong>\u00a01 Veg Capsule<\/td>\n<\/tr>\n<tr valign=\"top\">\n<td width=\"70%\"><\/td>\n<td width=\"15%\"><strong>Amount Per Serving<\/strong><\/td>\n<td width=\"15%\"><strong>%Daily Value*<\/strong><\/td>\n<\/tr>\n<tr valign=\"top\">\n<td>Polygonum cuspidatum Extract (Root\/Rhizome) (Japanese Knotweed) (Trans-Resveratrol &#8211; 200 mg)<\/td>\n<td>400 mg<\/td>\n<td>**<\/td>\n<\/tr>\n<tr valign=\"top\">\n<td>Red Wine Extract (Alcohol-Free) (Vitis vinifera) (Fruit) (Standardized for Polyphenols)<\/td>\n<td>10 mg<\/td>\n<td>**<\/td>\n<\/tr>\n<tr valign=\"top\">\n<td colspan=\"3\">**Daily Value not established.<\/td>\n<\/tr>\n<\/tbody>\n<\/table>\n<\/div>\n<\/div>","protected":false},"excerpt":{"rendered":"<ul>\n<li>Kardiovaskularna podr\u0161ka<\/li>\n<li>\u010cista\u010d slobodnih radikala<\/li>\n<li>S ekstraktom crnog vina<\/li>\n<li>\u0411\u0435\u0437 \u0413\u041c\u041e<\/li>\n<li>\u0414\u0456\u0454\u0442\u0438\u0447\u043d\u0430 \u0434\u043e\u0431\u0430\u0432\u043a\u0430<\/li>\n<li>Vegetarijanac\/vegan<\/li>\n<li>Op\u0107e zdravlje<\/li>\n<li>U obiteljskom vlasni\u0161tvu od 1968<\/li>\n<li>GMP osiguranje kvalitete<\/li>\n<\/ul>","protected":false},"featured_media":7104,"comment_status":"open","ping_status":"closed","template":"","meta":{"inline_featured_image":false},"product_cat":[15,41,57],"product_tag":[],"class_list":{"0":"post-7102","1":"product","2":"type-product","3":"status-publish","4":"has-post-thumbnail","6":"product_cat-supplements","7":"product_cat-anti-aging-longevity","8":"product_cat-antioxidants","10":"first","11":"instock","12":"featured","13":"shipping-taxable","14":"purchasable","15":"product-type-simple"},"_links":{"self":[{"href":"https:\/\/be-healthy.taniko.me\/uk\/wp-json\/wp\/v2\/product\/7102","targetHints":{"allow":["GET"]}}],"collection":[{"href":"https:\/\/be-healthy.taniko.me\/uk\/wp-json\/wp\/v2\/product"}],"about":[{"href":"https:\/\/be-healthy.taniko.me\/uk\/wp-json\/wp\/v2\/types\/product"}],"replies":[{"embeddable":true,"href":"https:\/\/be-healthy.taniko.me\/uk\/wp-json\/wp\/v2\/comments?post=7102"}],"wp:featuredmedia":[{"embeddable":true,"href":"https:\/\/be-healthy.taniko.me\/uk\/wp-json\/wp\/v2\/media\/7104"}],"wp:attachment":[{"href":"https:\/\/be-healthy.taniko.me\/uk\/wp-json\/wp\/v2\/media?parent=7102"}],"wp:term":[{"taxonomy":"product_cat","embeddable":true,"href":"https:\/\/be-healthy.taniko.me\/uk\/wp-json\/wp\/v2\/product_cat?post=7102"},{"taxonomy":"product_tag","embeddable":true,"href":"https:\/\/be-healthy.taniko.me\/uk\/wp-json\/wp\/v2\/product_tag?post=7102"}],"curies":[{"name":"wp","href":"https:\/\/api.w.org\/{rel}","templated":true}]}}