{"id":7105,"date":"2024-02-24T10:03:48","date_gmt":"2024-02-24T10:03:48","guid":{"rendered":"https:\/\/be-healthy.taniko.me\/?post_type=product&#038;p=7105"},"modified":"2024-10-12T17:47:52","modified_gmt":"2024-10-12T17:47:52","slug":"doctors-best-high-absorption-coq10-plus-pqq-60-veggie-caps","status":"publish","type":"product","link":"https:\/\/be-healthy.taniko.me\/uk\/product\/doctors-best-high-absorption-coq10-plus-pqq-60-veggie-caps\/","title":{"rendered":"Doctor&#8217;s Best, High Absorption CoQ10 Plus PQQ , 60 Veggie Caps"},"content":{"rendered":"<div class=\"col-xs-24 col-md-14\">\n<div class=\"row item-row\">\n<div class=\"col-xs-24\">\n<h3>\u041e\u043f\u0438\u0441<\/h3>\n<p>Doctor&#8217;s Best High Absorption CoQ10 plus PQQ sadr\u017ei \u010disti koenzim Q10 (ubikinon) i pirolokinolin kinon, koji poma\u017eu u podr\u0161ci sredi\u0161njeg \u017eiv\u010danog sustava i postoje\u0107ih mitohondrija, dok tako\u0111er poti\u010du proizvodnju novih mitohondrija. Zajedno, oni tako\u0111er poma\u017eu u za\u0161titi mo\u017edanih stanica od o\u0161te\u0107enja.<\/p>\n<p>Ova sinergisti\u010dka kombinacija poma\u017ee u podr\u0161ci stani\u010dne energije, pam\u0107enja, prisje\u0107anja i fokusa. CoQ10 plus PQQ sna\u017ean je par za koji je klini\u010dki pokazano da poma\u017ee u pa\u017enji i obradi informacija.<\/p>\n<p>Ekstrakt crnog papra BioPerine\u00ae dodan je kako bi se pobolj\u0161ala apsorpcija i bioraspolo\u017eivost.<\/p>\n<ul>\n<li>Poma\u017ee u podr\u0161ci proizvodnji novih mitohondrija.<\/li>\n<li>Poma\u017ee u potpori sredi\u0161njeg \u017eiv\u010danog sustava.<\/li>\n<li>Poma\u017ee u odr\u017eavanju zdravlja kardiovaskularnog sustava i stani\u010dne energije.<\/li>\n<li>Poma\u017ee obnoviti CoQ10 koji se mo\u017ee smanjiti starenjem i lijekovima za sni\u017eavanje kolesterola (statini).<\/li>\n<li>Poma\u017ee osigurati energiju za one koji osje\u0107aju povremeni umor.<\/li>\n<\/ul>\n<p>Formuliran s ekstraktom crnog papra BioPerine\u00ae za pobolj\u0161anje apsorpcije i bioraspolo\u017eivosti.<\/p>\n<h4>\u0420\u0435\u043a\u043e\u043c\u0435\u043d\u0434\u0430\u0446\u0456\u0457 \u0456\u0437 \u0437\u0430\u0441\u0442\u043e\u0441\u0443\u0432\u0430\u043d\u043d\u044f<\/h4>\n<p>Upotreba za odrasle: Uzmite 1 kapsulu dnevno, po mogu\u0107nosti s hranom za maksimalnu apsorpciju, ili prema preporuci lije\u010dnika s nutricionisti\u010dkim informacijama.<\/p>\n<h4>\u0406\u043d\u0448\u0456 \u0456\u043d\u0433\u0440\u0435\u0434\u0456\u0454\u043d\u0442\u0438<\/h4>\n<p>Ri\u017ein prah, hipromeloza (vegetarijanska kapsula), silicijev dioksid, magnezijev stearat (biljni izvor).<\/p>\n<h4>\u041f\u043e\u043f\u0435\u0440\u0435\u0434\u0436\u0435\u043d\u043d\u044f<\/h4>\n<p>\u0417\u0431\u0435\u0440\u0456\u0433\u0430\u0442\u0438 \u0432 \u0441\u0443\u0445\u043e\u043c\u0443 \u043f\u0440\u043e\u0445\u043e\u043b\u043e\u0434\u043d\u043e\u043c\u0443 \u043c\u0456\u0441\u0446\u0456.<\/p>\n<\/div>\n<\/div>\n<div class=\"row item-row\">\n<div class=\"col-xs-24\"><\/div>\n<\/div>\n<div class=\"row item-row\">\n<div class=\"col-xs-24\"><\/div>\n<\/div>\n<\/div>\n<div class=\"col-xs-24 col-md-10\">\n<div class=\"supplement-facts-container\">\n<table border=\"1\" width=\"100%\" cellspacing=\"0\" cellpadding=\"3\">\n<tbody>\n<tr valign=\"top\">\n<td colspan=\"3\"><strong>Supplement Facts<\/strong><\/td>\n<\/tr>\n<tr valign=\"top\">\n<td colspan=\"3\"><strong>Serving Size:\u00a0<\/strong>1 Veggie Capsule<\/td>\n<\/tr>\n<tr valign=\"top\">\n<td colspan=\"3\"><strong>Servings Per Container:<\/strong>\u00a060<\/td>\n<\/tr>\n<tr valign=\"top\">\n<td width=\"70%\"><\/td>\n<td width=\"15%\"><strong>Amount Per Serving<\/strong><\/td>\n<td width=\"15%\"><strong>%Daily Value<\/strong><\/td>\n<\/tr>\n<tr valign=\"top\">\n<td>Coenzyme Q10 (Ubiquinone)<\/td>\n<td>100 mg<\/td>\n<td>\u2020<\/td>\n<\/tr>\n<tr valign=\"top\">\n<td>PQQ ( Pyrroloquinoline quinone) (PureQQ)<\/td>\n<td>20 mg<\/td>\n<td>\u2020<\/td>\n<\/tr>\n<tr valign=\"top\">\n<td>Black pepper Ext. (Piper nigrum) (fruit)<br \/>\n(standardized to contain 95% Piperine) (BioPerine\u00ae)<\/td>\n<td>5 mg<\/td>\n<td>\u2020<\/td>\n<\/tr>\n<tr valign=\"top\">\n<td colspan=\"3\">\u2020Daily Value not established.<\/td>\n<\/tr>\n<\/tbody>\n<\/table>\n<\/div>\n<\/div>","protected":false},"excerpt":{"rendered":"<ul>\n<li>\u041d\u0430\u0443\u043a\u043e\u0432\u043e \u043e\u0431\u0491\u0440\u0443\u043d\u0442\u043e\u0432\u0430\u043d\u0435 \u0445\u0430\u0440\u0447\u0443\u0432\u0430\u043d\u043d\u044f<\/li>\n<li>S PureQQ i BioPerine\u00ae<\/li>\n<li>Poma\u017ee u podr\u017eavanju kognitivnih funkcija i pam\u0107enja<\/li>\n<li>\u0414\u0456\u0454\u0442\u0438\u0447\u043d\u0430 \u0434\u043e\u0431\u0430\u0432\u043a\u0430<\/li>\n<li>Veganska<\/li>\n<li>Bez GMO \/ bez glutena \/ bez soje<\/li>\n<li>USP potvr\u0111en, prirodno fermentirani CoQ10<\/li>\n<\/ul>","protected":false},"featured_media":7107,"comment_status":"open","ping_status":"closed","template":"","meta":{"inline_featured_image":false},"product_cat":[15,41,57,31],"product_tag":[],"class_list":{"0":"post-7105","1":"product","2":"type-product","3":"status-publish","4":"has-post-thumbnail","6":"product_cat-supplements","7":"product_cat-anti-aging-longevity","8":"product_cat-antioxidants","9":"product_cat-brain-cognitive","11":"first","12":"instock","13":"featured","14":"shipping-taxable","15":"purchasable","16":"product-type-simple"},"_links":{"self":[{"href":"https:\/\/be-healthy.taniko.me\/uk\/wp-json\/wp\/v2\/product\/7105","targetHints":{"allow":["GET"]}}],"collection":[{"href":"https:\/\/be-healthy.taniko.me\/uk\/wp-json\/wp\/v2\/product"}],"about":[{"href":"https:\/\/be-healthy.taniko.me\/uk\/wp-json\/wp\/v2\/types\/product"}],"replies":[{"embeddable":true,"href":"https:\/\/be-healthy.taniko.me\/uk\/wp-json\/wp\/v2\/comments?post=7105"}],"wp:featuredmedia":[{"embeddable":true,"href":"https:\/\/be-healthy.taniko.me\/uk\/wp-json\/wp\/v2\/media\/7107"}],"wp:attachment":[{"href":"https:\/\/be-healthy.taniko.me\/uk\/wp-json\/wp\/v2\/media?parent=7105"}],"wp:term":[{"taxonomy":"product_cat","embeddable":true,"href":"https:\/\/be-healthy.taniko.me\/uk\/wp-json\/wp\/v2\/product_cat?post=7105"},{"taxonomy":"product_tag","embeddable":true,"href":"https:\/\/be-healthy.taniko.me\/uk\/wp-json\/wp\/v2\/product_tag?post=7105"}],"curies":[{"name":"wp","href":"https:\/\/api.w.org\/{rel}","templated":true}]}}