{"id":7108,"date":"2024-02-24T16:31:02","date_gmt":"2024-02-24T16:31:02","guid":{"rendered":"https:\/\/be-healthy.taniko.me\/?post_type=product&#038;p=7108"},"modified":"2024-10-12T17:43:04","modified_gmt":"2024-10-12T17:43:04","slug":"xtend-the-original-7g-bcaa-mango-madness-blueberrylemon-lime-squeezestrawberry-kiwi-splash-14-8-oz-420-g","status":"publish","type":"product","link":"https:\/\/be-healthy.taniko.me\/uk\/product\/xtend-the-original-7g-bcaa-mango-madness-blueberrylemon-lime-squeezestrawberry-kiwi-splash-14-8-oz-420-g\/","title":{"rendered":"Xtend, The Original 7G BCAA, Mango Madness\\ Blueberry\\Lemon-Lime Squeeze\\Strawberry Kiwi Splash, 14.8 oz (420 g)"},"content":{"rendered":"<div class=\"col-xs-24 col-md-14\">\n<div class=\"row item-row\">\n<div class=\"col-xs-24\">\n<h3>\u041e\u043f\u0438\u0441<\/h3>\n<p>Slu\u017ebeni brend \u0161ampiona za oporavak.<\/p>\n<p>Br\u017ei oporavak je klju\u010d za bolje rezultate. Vi\u0161e od 10 godina XTEND\u00ae proizvodi najbolje proizvode za oporavak na svijetu. Osna\u017een sa 7 grama aminokiselina razgranatog lanca (BCAA), za koje je klini\u010dki dokazano da podupiru oporavak i rast mi\u0161i\u0107a, XTEND\u00ae Original tako\u0111er sadr\u017ei hidratantne elektrolite i dodatne sastojke za izvedbu koji vam poma\u017eu napuniti gorivo, popraviti i oporaviti se. Isprobajte sve ukusne okuse XTEND\u00ae-a bez \u0161e\u0107era koji podr\u017eavaju va\u0161e fitness ciljeve.<\/p>\n<p>Kada uzimati XTEND\u00ae za najbolje rezultate:<\/p>\n<p>Prije treninga &#8211; XTEND\u00ae Energy<br \/>\nIntra Workout &#8211; XTEND\u00ae Original<br \/>\nNakon vje\u017ebanja &#8211; XTEND\u00ae Pro<\/p>\n<p>Kombinirajte s bilo kojim proizvodom marke XTEND\u00ae svaki dan, \u010dak i na dane odmora, kako biste maksimizirali svoj oporavak.<\/p>\n<p>*Po porciji.<\/p>\n<p>\u2021Na temelju kumulativne globalne prodaje svih BCAA proizvoda s markom XTEND\u00ae od 2004. do danas.<\/p>\n<\/div>\n<\/div>\n<div class=\"row item-row\">\n<div class=\"col-xs-24\">\n<h4>\u0420\u0435\u043a\u043e\u043c\u0435\u043d\u0434\u0430\u0446\u0456\u0457 \u0456\u0437 \u0437\u0430\u0441\u0442\u043e\u0441\u0443\u0432\u0430\u043d\u043d\u044f<\/h4>\n<p>Preporu\u010dena upotreba: Kao dodatak prehrani, pomije\u0161ajte 1 dozu u 10-14 fl. oz. vode (prilagodite ukusu) i dobro protresite. Na dane treninga konzumirajte 1 porciju tijekom vje\u017ebanja i 1 porciju nakon vje\u017ebanja. U danima bez treninga, uzmite 2 mjerice tijekom dana. Za najbolje rezultate koristite 2 porcije dnevno.<\/p>\n<h4>\u0406\u043d\u0448\u0456 \u0456\u043d\u0433\u0440\u0435\u0434\u0456\u0454\u043d\u0442\u0438<\/h4>\n<p>Limunska kiselina, jabu\u010dna kiselina, silicijev dioksid, prirodne i umjetne arome, sukraloza, acesulfam kalij, fd&amp;c \u017euti #5, fd&amp;c crveni lake #40.<\/p>\n<h4>\u041f\u043e\u043f\u0435\u0440\u0435\u0434\u0436\u0435\u043d\u043d\u044f<\/h4>\n<p>Ovaj proizvod namijenjen je samo zdravim odraslim osobama od 18 godina ili starijima. Nemojte koristiti ako ste trudni ili dojite. Posavjetujte se s licenciranim, kvalificiranim zdravstvenim radnikom prije uzimanja ovog ili bilo kojeg dodatka prehrani, osobito ako uzimate lijekove ili imate zdravstveno stanje. Prekinite 2 tjedna prije operacije. Koristite samo prema uputama. Nemojte koristiti ako je sigurnosni pe\u010dat slomljen ili nedostaje. \u010cuvati na hladnom i suhom mjestu. \u010cuvati izvan dohvata djece. Ovaj proizvod se prodaje po te\u017eini, a ne po volumenu. Tijekom transporta i rukovanja mo\u017ee do\u0107i do odre\u0111enog talo\u017eenja praha, \u0161to mo\u017ee utjecati na gusto\u0107u praha. Ovaj proizvod sadr\u017ei porcije nazna\u010dene kada se mjere to\u010dno prema te\u017eini.<\/p>\n<\/div>\n<\/div>\n<div class=\"row item-row\">\n<div class=\"col-xs-24\"><\/div>\n<\/div>\n<\/div>\n<div class=\"col-xs-24 col-md-10\">\n<div class=\"supplement-facts-container\">\n<table border=\"1\" width=\"100%\" cellspacing=\"0\" cellpadding=\"3\">\n<tbody>\n<tr valign=\"top\">\n<td colspan=\"3\"><strong>Supplement Facts<\/strong><\/td>\n<\/tr>\n<tr valign=\"top\">\n<td colspan=\"3\"><strong>Serving Size:<\/strong>\u00a014 g (Approx.1 Scoop)<\/td>\n<\/tr>\n<tr valign=\"top\">\n<td colspan=\"3\"><strong>Servings Per Container:<\/strong>\u00a030<\/td>\n<\/tr>\n<tr valign=\"top\" data-id=\"froala_1\">\n<td width=\"70%\"><\/td>\n<td width=\"15%\"><strong>Amount Per Serving:<\/strong><\/td>\n<td width=\"15%\"><strong>%DV<\/strong><\/td>\n<\/tr>\n<tr valign=\"top\" data-id=\"froala_2\">\n<td>Calories<\/td>\n<td>0<\/td>\n<td><\/td>\n<\/tr>\n<tr valign=\"top\" data-id=\"froala_3\">\n<td>Total Carbohydrate<\/td>\n<td>0 g<\/td>\n<td>0%*<\/td>\n<\/tr>\n<tr valign=\"top\" data-id=\"froala_4\">\n<td>Total Sugars<\/td>\n<td>0 g<\/td>\n<td>**<\/td>\n<\/tr>\n<tr valign=\"top\" data-id=\"froala_5\">\n<td>Vitamin B6 (as Pyridoxine Hydrochloride)<\/td>\n<td>640 mcg<\/td>\n<td>38%<\/td>\n<\/tr>\n<tr valign=\"top\" data-id=\"froala_6\">\n<td>Sodium<\/td>\n<td>220 mg<\/td>\n<td>10%<\/td>\n<\/tr>\n<tr valign=\"top\" data-id=\"froala_7\">\n<td>Potassium<\/td>\n<td>170 mg<\/td>\n<td>4%<\/td>\n<\/tr>\n<tr valign=\"top\" data-id=\"froala_8\">\n<td>L-Leucine<\/td>\n<td>3500 mg<\/td>\n<td>**<\/td>\n<\/tr>\n<tr valign=\"top\" data-id=\"froala_9\">\n<td>L-Glutamine<\/td>\n<td>2500 mg<\/td>\n<td>**<\/td>\n<\/tr>\n<tr valign=\"top\" data-id=\"froala_10\">\n<td>L-Isoleucine<\/td>\n<td>1750 mg<\/td>\n<td>**<\/td>\n<\/tr>\n<tr valign=\"top\" data-id=\"froala_11\">\n<td>L-Valine<\/td>\n<td>1750 mg<\/td>\n<td>**<\/td>\n<\/tr>\n<tr valign=\"top\" data-id=\"froala_12\">\n<td>Electrolyte Blend:<br \/>\nSodium Citrate, Potassium Chloride, Sodium Chloride<\/td>\n<td>1140 mg<\/td>\n<td>**<\/td>\n<\/tr>\n<tr valign=\"top\" data-id=\"froala_13\">\n<td>Citrulline Malate (1:1)<\/td>\n<td>1000 mg<\/td>\n<td>**<\/td>\n<\/tr>\n<tr valign=\"top\">\n<td colspan=\"3\">*Percent Daily Values (%DV) based on a 2,000 calorie diet.<br \/>\n**Daily Value (DV) not established.<\/td>\n<\/tr>\n<\/tbody>\n<\/table>\n<\/div>\n<\/div>","protected":false},"excerpt":{"rendered":"<ul>\n<li>Nula \u0161e\u0107era<\/li>\n<li>7g BCAA*<\/li>\n<li>Oporavak mi\u0161i\u0107a + elektroliti<\/li>\n<li>Prirodno i umjetno aromatizirano<\/li>\n<li>\u0414\u0456\u0454\u0442\u0438\u0447\u043d\u0430 \u0434\u043e\u0431\u0430\u0432\u043a\u0430<\/li>\n<li>NSF &#8211; Sadr\u017eaj certificiran<\/li>\n<li>Informirani izbor<\/li>\n<li>Svjetski broj 1 BCAA brand<\/li>\n<\/ul>","protected":false},"featured_media":7112,"comment_status":"open","ping_status":"closed","template":"","meta":{"inline_featured_image":false},"product_cat":[82,24],"product_tag":[],"class_list":{"0":"post-7108","1":"product","2":"type-product","3":"status-publish","4":"has-post-thumbnail","6":"product_cat-bcaa","7":"product_cat-sport","9":"first","10":"instock","11":"featured","12":"shipping-taxable","13":"purchasable","14":"product-type-variable"},"_links":{"self":[{"href":"https:\/\/be-healthy.taniko.me\/uk\/wp-json\/wp\/v2\/product\/7108","targetHints":{"allow":["GET"]}}],"collection":[{"href":"https:\/\/be-healthy.taniko.me\/uk\/wp-json\/wp\/v2\/product"}],"about":[{"href":"https:\/\/be-healthy.taniko.me\/uk\/wp-json\/wp\/v2\/types\/product"}],"replies":[{"embeddable":true,"href":"https:\/\/be-healthy.taniko.me\/uk\/wp-json\/wp\/v2\/comments?post=7108"}],"wp:featuredmedia":[{"embeddable":true,"href":"https:\/\/be-healthy.taniko.me\/uk\/wp-json\/wp\/v2\/media\/7112"}],"wp:attachment":[{"href":"https:\/\/be-healthy.taniko.me\/uk\/wp-json\/wp\/v2\/media?parent=7108"}],"wp:term":[{"taxonomy":"product_cat","embeddable":true,"href":"https:\/\/be-healthy.taniko.me\/uk\/wp-json\/wp\/v2\/product_cat?post=7108"},{"taxonomy":"product_tag","embeddable":true,"href":"https:\/\/be-healthy.taniko.me\/uk\/wp-json\/wp\/v2\/product_tag?post=7108"}],"curies":[{"name":"wp","href":"https:\/\/api.w.org\/{rel}","templated":true}]}}