{"id":7122,"date":"2024-02-24T21:00:40","date_gmt":"2024-02-24T21:00:40","guid":{"rendered":"https:\/\/be-healthy.taniko.me\/?post_type=product&#038;p=7122"},"modified":"2024-10-12T17:27:52","modified_gmt":"2024-10-12T17:27:52","slug":"california-gold-nutrition-bcaa-powder-ajipure-branched-chain-amino-acids-16-oz-454-g","status":"publish","type":"product","link":"https:\/\/be-healthy.taniko.me\/uk\/product\/california-gold-nutrition-bcaa-powder-ajipure-branched-chain-amino-acids-16-oz-454-g\/","title":{"rendered":"California Gold Nutrition, BCAA Powder, AjiPure, Branched Chain Amino Acids, 16 oz (454 g)"},"content":{"rendered":"<div class=\"col-xs-24 col-md-14\">\n<div class=\"row item-row\">\n<div class=\"col-xs-24\">\n<h3>\u041e\u043f\u0438\u0441<\/h3>\n<p>Postizanje va\u0161ih fitness ciljeva zahtijeva puno napornog rada i odlu\u010dnosti, uklju\u010duju\u0107i naporne treninge i zdravu prehranu. California Gold Nutrition BCAA Powder mo\u017ee podr\u017eati va\u0161e napore opskrbljuju\u0107i va\u0161e tijelo esencijalnim aminokiselinama. U kombinaciji s re\u017eimom vje\u017ebanja, ovaj dodatak podupire rast \u010distih mi\u0161i\u0107a.* Ovaj prakti\u010dni prah mo\u017ee se dodati va\u0161em izboru pi\u0107a, kao \u0161to su voda, sok ili shake. Jednostavno zagrabite, pomije\u0161ajte i popijte!<\/p>\n<p>\u0160to je BCAA u prahu i njegove prednosti?<br \/>\nBCAA (aminokiseline razgranatog lanca) odnose se na tri esencijalne aminokiseline, L-leucin, L-izoleucin i L-valin. Izraz &#8220;razgranati lanac&#8221; odnosi se na molekularnu strukturu ovih posebnih aminokiselina. Suplementacija BCAA mo\u017ee pomo\u0107i u promicanju sinteze mi\u0161i\u0107nih proteina, pove\u0107anju rasta \u010distih mi\u0161i\u0107a, kao i podr\u017eati oporavak mi\u0161i\u0107a i smanjiti umor mi\u0161i\u0107a nakon vje\u017ebanja.*<\/p>\n<p>California Gold Nutrition BCAA dobavljaju se isklju\u010divo iz Ajinomota i sadr\u017ee AjiPure\u00ae aminokiseline koje se proizvode putem njihove patentirane Ferment-A-Pure tehnologije. Farmaceutske su kvalitete, ne sadr\u017ee \u017eivotinjske proizvode i prikladni su za vegetarijance i vegane.<\/p>\n<h4>\u0420\u0435\u043a\u043e\u043c\u0435\u043d\u0434\u0430\u0446\u0456\u0457 \u0456\u0437 \u0437\u0430\u0441\u0442\u043e\u0441\u0443\u0432\u0430\u043d\u043d\u044f<\/h4>\n<p>Pomije\u0161ajte 1 ravnu mjericu (5 grama\u2666) praha sa 6 &#8211; 8 te\u010dnih unca teku\u0107ine po va\u0161em izboru (npr. vode ili soka) i popijte na prazan \u017eeludac ili prema uputama va\u0161eg kvalificiranog zdravstvenog radnika ili atletskog trenera. Za najbolje rezultate upotrijebite bocu tipa blendera ili shaker \u0161alicu. Razmislite o kombinaciji BCAA s na\u0161im L-glutaminom i pi\u0107em prije, tijekom i neposredno nakon vje\u017ebanja.<\/p>\n<p>Na\u0161 BCAA prah se tako\u0111er mo\u017ee dodati u: napitke za elektrolite\/hidrataciju, proteinske napitke, MRP-ove, sredstva za pove\u0107anje tjelesne te\u017eine ili smoothieje.<\/p>\n<p>\u26665 grama po 1 mjerici je prosjek. Pojedina\u010dna tehnika grabljenja mo\u017ee dati ne\u0161to manje od ili malo vi\u0161e od 5 grama.<\/p>\n<\/div>\n<\/div>\n<div class=\"row item-row\">\n<div class=\"col-xs-24\">\n<p>\u0406\u043d\u0448\u0456 \u0456\u043d\u0433\u0440\u0435\u0434\u0456\u0454\u043d\u0442\u0438<\/p>\n<p>Glavni sastojci<br \/>\nL-leucin, L-izoleucin, L-valin (2:1:1)<\/p>\n<h4>\u0406\u043d\u0448\u0456 \u0456\u043d\u0433\u0440\u0435\u0434\u0456\u0454\u043d\u0442\u0438<\/h4>\n<p>Nijedan.<\/p>\n<p>AjiPure\u00ae je registrirani za\u0161titni znak AJINOMOTO\u00ae Proizvedeno za: Madre Labs, LLC CO., INC.<\/p>\n<p>Ovaj proizvod se ne proizvodi od mlijeka, jaja, ribe, rakova, ora\u0161astih plodova, kikirikija, p\u0161enice, soje, sezama ili glutena. Proizvedeno u revidiranom i registriranom pogonu tre\u0107e strane koji je sukladan cGMP-u koji mo\u017ee prera\u0111ivati \u200b\u200bdruge proizvode koji sadr\u017ee ove alergene ili sastojke.<\/p>\n<h4>\u041f\u043e\u043f\u0435\u0440\u0435\u0434\u0436\u0435\u043d\u043d\u044f<\/h4>\n<p>\u010cuvati izvan dohvata djece. Trudnice i dojilje, kroni\u010dni bolesnici, starije osobe, osobe mla\u0111e od 18 godina, osobe koje uzimaju lijekove na recept, kao i one s lije\u010dni\u010dkom dijagnozom bolesti trebaju se posavjetovati s kvalificiranim zdravstvenim radnikom prije uzimanja dodataka prehrani.<\/p>\n<p>Zatvoreno za va\u0161u za\u0161titu. Nemojte koristiti ako je pe\u010dat slomljen ili nedostaje. Najbolje \u010duvati na kontroliranoj sobnoj temperaturi od 20\u00b0C do 25\u00b0C (68\u00b0F do 77\u00b0F). Neodgovaraju\u0107i uvjeti skladi\u0161tenja, kao \u0161to je produ\u017eeno izlaganje izravnoj sun\u010devoj svjetlosti, visoka toplina i vlaga mogu uzrokovati degradaciju proizvoda tijekom vremena.<\/p>\n<p>OVAJ PROIZVOD SE PAKIRA I PRODAJE NA TE\u017dINU, A NE NA VOLUMEN. SLAGA\u017dENJE SADR\u017dAJA SE DE\u0160AVA VREMENOM.<\/p>\n<\/div>\n<\/div>\n<div class=\"row item-row\">\n<div class=\"col-xs-24\"><\/div>\n<\/div>\n<div class=\"row item-row\">\n<div class=\"col-xs-24\"><\/div>\n<\/div>\n<\/div>\n<div class=\"col-xs-24 col-md-10\">\n<div class=\"supplement-facts-container\">\n<table border=\"1\" width=\"100%\" cellspacing=\"0\" cellpadding=\"3\">\n<tbody>\n<tr valign=\"top\">\n<td colspan=\"3\"><strong>Supplement Facts<\/strong><\/td>\n<\/tr>\n<tr valign=\"top\">\n<td colspan=\"3\"><strong>Serving Size:<\/strong>\u00a01 Scoop (5 grams \u2666)<\/td>\n<\/tr>\n<tr valign=\"top\">\n<td colspan=\"3\"><strong>Servings Per Container:<\/strong>\u00a0About 91<\/td>\n<\/tr>\n<tr valign=\"top\">\n<td width=\"70%\"><\/td>\n<td width=\"15%\"><strong>Amount Per Serving<\/strong><\/td>\n<td width=\"15%\"><strong>%Daily Value<\/strong><\/td>\n<\/tr>\n<tr valign=\"top\">\n<td>L-Leucine (Fermented)<\/td>\n<td>2.5 g<\/td>\n<td>\u2020<\/td>\n<\/tr>\n<tr valign=\"top\">\n<td>L-Isoleucine (Fermented)<\/td>\n<td>1.25 g<\/td>\n<td>\u2020<\/td>\n<\/tr>\n<tr valign=\"top\">\n<td>L-Valine (Fermented)<\/td>\n<td>1.25 g<\/td>\n<td>\u2020<\/td>\n<\/tr>\n<tr valign=\"top\">\n<td colspan=\"3\">\u2020Daily Value not established.<br \/>\n\u2666 5 grams per 1 level scoop is an average, individual scooping technique may yield slightly less than or slightly more than 5 grams.<\/td>\n<\/tr>\n<\/tbody>\n<\/table>\n<\/div>\n<\/div>","protected":false},"excerpt":{"rendered":"<ul>\n<li>California Gold Nutrition BCAA prah<\/li>\n<li>Izvorno iz Ajinomoto\/AjiPure\u00ae<\/li>\n<li>L-leucin, L-izoleucin, L-valin (2:1:1)<\/li>\n<li>Igra va\u017enu ulogu u sintezi proteina*<\/li>\n<li>Podr\u017eava pove\u0107anje \u010diste mi\u0161i\u0107ne mase i oporavak mi\u0161i\u0107a*<\/li>\n<li>Prikladno za vegetarijance i vegane<\/li>\n<li>Formulirano bez glutena, GMO-a ili soje<\/li>\n<li>Bez umjetnih zasla\u0111iva\u010da, dodanih boja, punila, umjetnih aroma ili dodanih \u0161e\u0107era<\/li>\n<li>Proizvedeno u cGMP registriranom (certificiranom) pogonu tre\u0107e strane<\/li>\n<li>100% zlatno jamstvo<\/li>\n<\/ul>","protected":false},"featured_media":7125,"comment_status":"open","ping_status":"closed","template":"","meta":{"inline_featured_image":false},"product_cat":[82,24],"product_tag":[],"class_list":{"0":"post-7122","1":"product","2":"type-product","3":"status-publish","4":"has-post-thumbnail","6":"product_cat-bcaa","7":"product_cat-sport","9":"first","10":"instock","11":"featured","12":"shipping-taxable","13":"purchasable","14":"product-type-simple"},"_links":{"self":[{"href":"https:\/\/be-healthy.taniko.me\/uk\/wp-json\/wp\/v2\/product\/7122","targetHints":{"allow":["GET"]}}],"collection":[{"href":"https:\/\/be-healthy.taniko.me\/uk\/wp-json\/wp\/v2\/product"}],"about":[{"href":"https:\/\/be-healthy.taniko.me\/uk\/wp-json\/wp\/v2\/types\/product"}],"replies":[{"embeddable":true,"href":"https:\/\/be-healthy.taniko.me\/uk\/wp-json\/wp\/v2\/comments?post=7122"}],"wp:featuredmedia":[{"embeddable":true,"href":"https:\/\/be-healthy.taniko.me\/uk\/wp-json\/wp\/v2\/media\/7125"}],"wp:attachment":[{"href":"https:\/\/be-healthy.taniko.me\/uk\/wp-json\/wp\/v2\/media?parent=7122"}],"wp:term":[{"taxonomy":"product_cat","embeddable":true,"href":"https:\/\/be-healthy.taniko.me\/uk\/wp-json\/wp\/v2\/product_cat?post=7122"},{"taxonomy":"product_tag","embeddable":true,"href":"https:\/\/be-healthy.taniko.me\/uk\/wp-json\/wp\/v2\/product_tag?post=7122"}],"curies":[{"name":"wp","href":"https:\/\/api.w.org\/{rel}","templated":true}]}}