{"id":7126,"date":"2024-02-24T21:38:12","date_gmt":"2024-02-24T21:38:12","guid":{"rendered":"https:\/\/be-healthy.taniko.me\/?post_type=product&#038;p=7126"},"modified":"2024-10-12T17:24:11","modified_gmt":"2024-10-12T17:24:11","slug":"allmax-bcaa-instantized-211-powder-unflavored-14-11-oz-400-g","status":"publish","type":"product","link":"https:\/\/be-healthy.taniko.me\/uk\/product\/allmax-bcaa-instantized-211-powder-unflavored-14-11-oz-400-g\/","title":{"rendered":"ALLMAX, BCAA, Instantized 2:1:1 Powder, Unflavored, 14.11 oz (400 g)"},"content":{"rendered":"<div class=\"col-xs-24 col-md-14\">\n<div class=\"row item-row\">\n<div class=\"col-xs-24\">\n<h3><strong>Description<\/strong><\/h3>\n<div>\n<p>Allmax vam donosi aminokiseline razgranatog lanca (BCAA) u prahu u omjeru 2:1:1. Za razliku od drugih aminokiselina, BCAA su jedinstvene po tome \u0161to ih izravno preuzimaju mi\u0161i\u0107i, dok se druge aminokiseline obra\u0111uju u jetri. BCAA su klju\u010dne za brzu izgradnju kvalitetnih mi\u0161i\u0107a. Op\u0107e je poznato da BCAA pove\u0107avaju brzinu rasta mi\u0161i\u0107a kao odgovor na trening, zapravo istra\u017eivanja pokazuju da se \u010dak 35% mi\u0161i\u0107nog tkiva sastoji od BCAA. BCAA su izrazito antikataboli\u010dke. Budu\u0107i da mi\u0161i\u0107no tkivo izravno apsorbira BCAA, va\u0161e mi\u0161i\u0107no tkivo ima potrebno gorivo i dramati\u010dno ograni\u010dava razgradnju mi\u0161i\u0107nog tkiva. Za natjecateljske sporta\u0161e koji \u017eele pove\u0107ati snagu i veli\u010dinu mi\u0161i\u0107a, BCAA su &#8220;neophodan&#8221; dodatak prehrani.<\/p>\n<p>L-leucin &#8211; pru\u017ea podr\u0161ku \u010distom mi\u0161i\u0107nom tkivu i daje energiju, posebno pri intenzivnom treningu, te poma\u017ee u odr\u017eavanju pozitivne ravnote\u017ee du\u0161ika u tijelu. Leucin se naziva &#8220;ograni\u010davaju\u0107a hranjiva tvar&#8221;; \u0161to zna\u010di da je tijelu potreban L-leucin u specifi\u010dnom omjeru u odnosu na druge aminokiseline da asimilira proteine \u200b\u200bu tijelo. Leucin aktivira glavni anaboli\u010dki put koji se naziva mTOR put koji stimulira sintezu mi\u0161i\u0107nih proteina.<\/p>\n<p>L-valin &#8211; igra ulogu u metabolizmu glukoze, sintezi proteina i pru\u017ea imunolo\u0161ku podr\u0161ku. Osigurava dodatnu glukozu za energiju tijekom napornog treninga, \u0161to ga \u010dini vrijednim dodatkom za svakog sporta\u0161a. Tako\u0111er je uklju\u010den u detoksikaciju vi\u0161ka du\u0161ika u jetri.<\/p>\n<p>L-izoleucin &#8211; osigurava oporavak mi\u0161i\u0107a nakon treninga i pokazalo se korisnim u odr\u017eavanju razine \u0161e\u0107era u krvi koja je ve\u0107 unutar normalnog raspona. Izoleucin igra ulogu u stvaranju hemoglobina i mo\u017ee pove\u0107ati razinu energije i produ\u017eiti izdr\u017eljivost.<\/p>\n<p>AllMax BCAA 2:1:1 su najkvalitetnije BCAA koje mo\u017eete kupiti.<\/p>\n<p>\u2020U kombinaciji s dijetom i treningom otpora.<\/p>\n<\/div>\n<\/div>\n<\/div>\n<div class=\"row item-row\">\n<div class=\"col-xs-24\">\n<h4>\u0420\u0435\u043a\u043e\u043c\u0435\u043d\u0434\u0430\u0446\u0456\u0457 \u0456\u0437 \u0437\u0430\u0441\u0442\u043e\u0441\u0443\u0432\u0430\u043d\u043d\u044f<\/h4>\n<p>Pomije\u0161ajte 1 \u010dajnu \u017eli\u010dicu (5 g) sa 6-8 oz vode, soka ili suplementa 15 do 20 sekundi koriste\u0107i shaker \u0161alicu ili jednostavno \u010da\u0161u i \u017elicu. Idealno za dodavanje u ISOFLEX\u00ae, Carbion+\u2122, IMPACT Igniter\u2122 ili Quickmass\u00ae.<\/p>\n<h4>\u0406\u043d\u0448\u0456 \u0456\u043d\u0433\u0440\u0435\u0434\u0456\u0454\u043d\u0442\u0438<\/h4>\n<p>Lecitin (suncokret).<\/p>\n<p>Upozorenje o alergenima: Proizvedeno u pogonu koji tako\u0111er obra\u0111uje mlijeko, soju, jaja, kikiriki, ora\u0161aste plodove, sezam, ribu, rakove i proizvode od \u0161koljki.<\/p>\n<h4>\u041f\u043e\u043f\u0435\u0440\u0435\u0434\u0436\u0435\u043d\u043d\u044f<\/h4>\n<p>\u010cuvati izvan dohvata djece. Posavjetujte se s kvalificiranim zdravstvenim djelatnikom prije uzimanja ovog proizvoda ako ste trudni, dojite dijete, mla\u0111i ste od 18 godina ili ako imate bilo kakvo poznato zdravstveno stanje ili sumnjate na njega i\/ili uzimate bilo kakve lijekove na recept ili OTC lijekove. . \u010cuvajte na hladnom i suhom mjestu daleko od sun\u010deve svjetlosti. Nemojte koristiti ako je unutarnja brtva slomljena.<\/p>\n<p>Upozorenje za Kaliforniju: u dr\u017eavi Kaliforniji poznato je da olovo uzrokuje uro\u0111ene mane ili reproduktivne \u0161tete. Konzumacija ovog proizvoda mo\u017ee vas izlo\u017eiti vi\u0161e od 0,0000005 g olova. Osobina 65<\/p>\n<\/div>\n<\/div>\n<div class=\"row item-row\">\n<div class=\"col-xs-24\"><\/div>\n<\/div>\n<\/div>\n<div class=\"col-xs-24 col-md-10\">\n<div class=\"supplement-facts-container\">\n<table border=\"1\" width=\"100%\" cellspacing=\"0\" cellpadding=\"3\">\n<tbody>\n<tr valign=\"top\">\n<td colspan=\"3\"><strong>Supplement Facts<\/strong><\/td>\n<\/tr>\n<tr valign=\"top\">\n<td colspan=\"3\"><strong>Serving Size:\u00a0<\/strong>1 Scoop (5 g)<\/td>\n<\/tr>\n<tr valign=\"top\">\n<td colspan=\"3\"><strong>Servings Per Container:\u00a0<\/strong>80<\/td>\n<\/tr>\n<tr valign=\"top\">\n<td width=\"70%\"><\/td>\n<td width=\"15%\"><strong>Amount Per Serving<\/strong><\/td>\n<td width=\"15%\"><strong>% Daily Value<\/strong><\/td>\n<\/tr>\n<tr valign=\"top\">\n<td>Branched Chain Amino Acids (BCAA) 2:1:1<\/td>\n<td>5 g<\/td>\n<td>\u2020<\/td>\n<\/tr>\n<tr valign=\"top\">\n<td>Instantized L-Leucine<\/td>\n<td><\/td>\n<td>50%<\/td>\n<\/tr>\n<tr valign=\"top\">\n<td>Instantized L-Valine<\/td>\n<td><\/td>\n<td>25%<\/td>\n<\/tr>\n<tr valign=\"top\">\n<td>Instantized L-Isoleucine<\/td>\n<td><\/td>\n<td>25%<\/td>\n<\/tr>\n<tr valign=\"top\">\n<td colspan=\"3\">\u2020Daily Value not established.<\/td>\n<\/tr>\n<\/tbody>\n<\/table>\n<\/div>\n<\/div>","protected":false},"excerpt":{"rendered":"<ul>\n<li>Science &#8211; Innovation &#8211; Quality &#8211; Results<\/li>\n<li>Free Scoop<\/li>\n<li>Increases Lean Muscle Mass\u2020<\/li>\n<li>Decreases Muscle Loss\u2020<\/li>\n<li>Reduces Muscle Soreness\u2020<\/li>\n<li>Instantized 2:1:1 BCAA Powder<\/li>\n<li>Purity &amp; Potency Tested<\/li>\n<li>Quality Guarantee<\/li>\n<li>Dietary Supplement<\/li>\n<li>\u0411\u0435\u0437 \u0433\u043b\u044e\u0442\u0435\u043d\u0443<\/li>\n<li>Lab Tested Every Lot<\/li>\n<li>cGMP Registered Facility<\/li>\n<li>Soy Free<\/li>\n<li>Professional Grade Supplements<\/li>\n<\/ul>","protected":false},"featured_media":7128,"comment_status":"open","ping_status":"closed","template":"","meta":{"inline_featured_image":false},"product_cat":[82,24],"product_tag":[],"class_list":{"0":"post-7126","1":"product","2":"type-product","3":"status-publish","4":"has-post-thumbnail","6":"product_cat-bcaa","7":"product_cat-sport","9":"first","10":"instock","11":"featured","12":"shipping-taxable","13":"purchasable","14":"product-type-simple"},"_links":{"self":[{"href":"https:\/\/be-healthy.taniko.me\/uk\/wp-json\/wp\/v2\/product\/7126","targetHints":{"allow":["GET"]}}],"collection":[{"href":"https:\/\/be-healthy.taniko.me\/uk\/wp-json\/wp\/v2\/product"}],"about":[{"href":"https:\/\/be-healthy.taniko.me\/uk\/wp-json\/wp\/v2\/types\/product"}],"replies":[{"embeddable":true,"href":"https:\/\/be-healthy.taniko.me\/uk\/wp-json\/wp\/v2\/comments?post=7126"}],"wp:featuredmedia":[{"embeddable":true,"href":"https:\/\/be-healthy.taniko.me\/uk\/wp-json\/wp\/v2\/media\/7128"}],"wp:attachment":[{"href":"https:\/\/be-healthy.taniko.me\/uk\/wp-json\/wp\/v2\/media?parent=7126"}],"wp:term":[{"taxonomy":"product_cat","embeddable":true,"href":"https:\/\/be-healthy.taniko.me\/uk\/wp-json\/wp\/v2\/product_cat?post=7126"},{"taxonomy":"product_tag","embeddable":true,"href":"https:\/\/be-healthy.taniko.me\/uk\/wp-json\/wp\/v2\/product_tag?post=7126"}],"curies":[{"name":"wp","href":"https:\/\/api.w.org\/{rel}","templated":true}]}}