{"id":7130,"date":"2024-02-24T22:13:49","date_gmt":"2024-02-24T22:13:49","guid":{"rendered":"https:\/\/be-healthy.taniko.me\/?post_type=product&#038;p=7130"},"modified":"2024-10-12T17:17:47","modified_gmt":"2024-10-12T17:17:47","slug":"childlife-essentials-essentials-liquid-calcium-with-magnesium-natural-orange-16-fl-oz-473-ml","status":"publish","type":"product","link":"https:\/\/be-healthy.taniko.me\/uk\/product\/childlife-essentials-essentials-liquid-calcium-with-magnesium-natural-orange-16-fl-oz-473-ml\/","title":{"rendered":"ChildLife Essentials, Essentials, Liquid Calcium with Magnesium, Natural Orange, 16 fl oz (473 ml)"},"content":{"rendered":"<div class=\"col-xs-24 col-md-14\">\n<div class=\"row item-row\">\n<div class=\"col-xs-24\">\n<h3>\u041e\u043f\u0438\u0441<\/h3>\n<p>ChildLife\u00ae koristi samo najkvalitetnije sastojke.<\/p>\n<p>ChildLife\u00ae teku\u0107i kalcij s magnezijem osigurava ova dva esencijalna minerala u kombinaciji s vitaminom D i cinkom u uravnote\u017eenoj, apsorbiraju\u0107oj formuli izvrsnog okusa. Ovo su primarni nutrijenti potrebni za podr\u0161ku zdravog rasta i razvoja kostiju va\u0161eg djeteta.<\/p>\n<p>Zdravstveni savjet: Kako va\u0161e dijete raste i razvija se, kalcij je najzastupljeniji mineral koji se nalazi u njegovom tijelu (sadr\u017ei otprilike 2% ukupne tjelesne te\u017eine), a 99% ukupnog kalcija nalazi se u kostima i zubima. Za optimalnu apsorpciju i iskori\u0161tenje, studije sugeriraju da bi kalcij trebalo kombinirati s magnezijem, vitaminom D i cinkom. Ove hranjive tvari poma\u017eu u podr\u0161ci i uspostavljanju samih temelja za strukturalni rast i integritet va\u0161eg djeteta.<\/p>\n<h4>\u0420\u0435\u043a\u043e\u043c\u0435\u043d\u0434\u0430\u0446\u0456\u0457 \u0456\u0437 \u0437\u0430\u0441\u0442\u043e\u0441\u0443\u0432\u0430\u043d\u043d\u044f<\/h4>\n<p>Dojen\u010dad 6 &#8211; 12 mjeseci: 1 \u017eli\u010dica dnevno<\/p>\n<p>Djeca 1 &#8211; 3 godine: 2 \u017eli\u010dice dnevno<\/p>\n<p>Djeca 4+ godina: 1 \u017elica do 2x dnevno<\/p>\n<p>Prije upotrebe protresti. Dajte izravno ili pomije\u0161ajte s omiljenim pi\u0107em va\u0161eg djeteta.<\/p>\n<h4>\u0406\u043d\u0448\u0456 \u0456\u043d\u0433\u0440\u0435\u0434\u0456\u0454\u043d\u0442\u0438<\/h4>\n<p>Pro\u010di\u0161\u0107ena voda, fruktoza, limunska kiselina, prirodne arome, ksantan guma, kalijev sorbat (za o\u010duvanje svje\u017eine).<\/p>\n<p>Ne sadr\u017ei mlijeko, jaja, p\u0161enicu, kvasac ili kukuruz. Bez umjetnih boja, aroma i sladila.<\/p>\n<h4>\u041f\u043e\u043f\u0435\u0440\u0435\u0434\u0436\u0435\u043d\u043d\u044f<\/h4>\n<p>\u0417\u0431\u0435\u0440\u0456\u0433\u0430\u0442\u0438 \u0432 \u0441\u0443\u0445\u043e\u043c\u0443 \u043f\u0440\u043e\u0445\u043e\u043b\u043e\u0434\u043d\u043e\u043c\u0443 \u043c\u0456\u0441\u0446\u0456.<\/p>\n<p>\u010cuvati izvan dohvata djece.<\/p>\n<p>Otporan na neovla\u0161teno otvaranje: Nemojte koristiti ako je vanjski sigurnosni pe\u010dat slomljen ili nedostaje.<\/p>\n<\/div>\n<\/div>\n<div class=\"row item-row\">\n<div class=\"col-xs-24\"><\/div>\n<\/div>\n<div class=\"row item-row\">\n<div class=\"col-xs-24\"><\/div>\n<\/div>\n<\/div>\n<div class=\"col-xs-24 col-md-10\">\n<div class=\"supplement-facts-container\">\n<table border=\"1\" width=\"100%\" cellspacing=\"0\" cellpadding=\"3\">\n<tbody>\n<tr valign=\"top\">\n<td colspan=\"7\"><strong>\u041f\u043e\u0436\u0438\u0432\u043d\u0430 \u0446\u0456\u043d\u043d\u0456\u0441\u0442\u044c<\/strong><\/td>\n<\/tr>\n<tr valign=\"top\">\n<td colspan=\"7\"><strong>Veli\u010dina porcije:<\/strong> 1 \u017eli\u010dica (5 ml); 2 \u017eli\u010dice (10 ml); 1 \u017elica (15 ml)<\/td>\n<\/tr>\n<tr valign=\"top\">\n<td colspan=\"7\"><strong>\u041f\u043e\u0440\u0446\u0456\u0439 \u0432 \u0443\u043f\u0430\u043a\u043e\u0432\u0446\u0456<\/strong> 95; 47; 32<\/td>\n<\/tr>\n<tr valign=\"top\">\n<td width=\"40%\"><strong>\u041a\u0456\u043b\u044c\u043a\u0456\u0441\u0442\u044c \u0432 1 \u043f\u043e\u0440\u0446\u0456\u0457<\/strong><\/td>\n<td width=\"10%\"><strong>Dojen\u010dad 6-12 mjeseci (1 \u017eli\u010dica)<\/strong><\/td>\n<td width=\"10%\"><strong>%DV<\/strong><\/td>\n<td width=\"10%\"><strong>Djeca 1-3 godine (2 \u017eli\u010dice)<\/strong><\/td>\n<td width=\"10%\"><strong>%DV<\/strong><\/td>\n<td width=\"10%\"><strong>Djeca 4+ godina (1 \u017elica)<\/strong><\/td>\n<td width=\"10%\"><strong>%DV<\/strong><\/td>\n<\/tr>\n<tr valign=\"top\">\n<td>Kalorije<\/td>\n<td>5<\/td>\n<td><\/td>\n<td>10<\/td>\n<td><\/td>\n<td>15<\/td>\n<td><\/td>\n<\/tr>\n<tr valign=\"top\">\n<td>Ukupni ugljikohidrati<\/td>\n<td>1 g<\/td>\n<td>1%<\/td>\n<td>3 g<\/td>\n<td>2%***<\/td>\n<td>4 g<\/td>\n<td>1%**<\/td>\n<\/tr>\n<tr valign=\"top\">\n<td>Ukupni \u0161e\u0107eri<\/td>\n<td>&lt;1 g<\/td>\n<td>\u2020<\/td>\n<td>1 g<\/td>\n<td>\u2020<\/td>\n<td>2 g<\/td>\n<td>\u2020<\/td>\n<\/tr>\n<tr valign=\"top\">\n<td>Vitamin D3 (kao kolekalciferol)<\/td>\n<td>33 IU<\/td>\n<td>8%<\/td>\n<td>67 IU<\/td>\n<td>17%<\/td>\n<td>100 IU<\/td>\n<td>25%<\/td>\n<\/tr>\n<tr valign=\"top\">\n<td>Kalcij (kao kalcijev citrat)<\/td>\n<td>84 mg<\/td>\n<td>14%<\/td>\n<td>168 mg<\/td>\n<td>21%<\/td>\n<td>252 mg<\/td>\n<td>25%<\/td>\n<\/tr>\n<tr valign=\"top\">\n<td>Magnezij (kao magnezijev citrat)<\/td>\n<td>38 mg<\/td>\n<td>54%<\/td>\n<td>77 mg<\/td>\n<td>39%<\/td>\n<td>115 mg<\/td>\n<td>29%<\/td>\n<\/tr>\n<tr valign=\"top\">\n<td>Cink (kao cink citrat)<\/td>\n<td>0.7 mg<\/td>\n<td>14%<\/td>\n<td>1.3 mg<\/td>\n<td>16%<\/td>\n<td>2 mg<\/td>\n<td>13%<\/td>\n<\/tr>\n<tr valign=\"top\">\n<td colspan=\"7\"><strong>**Postotak dnevnih vrijednosti (DV) temelji se na dijeti od 2000 kalorija.<\/strong><br \/>\n<strong>***Postotak dnevnih vrijednosti temelji se na dijeti od 1000 kalorija.<\/strong><br \/>\n<strong>\u2020Daily Value not established.<\/strong><\/td>\n<\/tr>\n<\/tbody>\n<\/table>\n<\/div>\n<\/div>","protected":false},"excerpt":{"rendered":"<ul>\n<li>Prehrana za djecu!<\/li>\n<li>Odli\u010dan okus<\/li>\n<li>Zdrava struktura i rast kostiju<\/li>\n<li>\u0414\u0456\u0454\u0442\u0438\u0447\u043d\u0430 \u0434\u043e\u0431\u0430\u0432\u043a\u0430<\/li>\n<li>Non GMO projekt certificiran<\/li>\n<li>NSF certificirani bez glutena<\/li>\n<li>Bez kazeina<\/li>\n<li>Bez alkohola<\/li>\n<li>Nagra\u0111ena<\/li>\n<\/ul>","protected":false},"featured_media":7132,"comment_status":"open","ping_status":"closed","template":"","meta":{"inline_featured_image":false},"product_cat":[93],"product_tag":[],"class_list":{"0":"post-7130","1":"product","2":"type-product","3":"status-publish","4":"has-post-thumbnail","6":"product_cat-childrens-health","8":"first","9":"instock","10":"featured","11":"shipping-taxable","12":"purchasable","13":"product-type-simple"},"_links":{"self":[{"href":"https:\/\/be-healthy.taniko.me\/uk\/wp-json\/wp\/v2\/product\/7130","targetHints":{"allow":["GET"]}}],"collection":[{"href":"https:\/\/be-healthy.taniko.me\/uk\/wp-json\/wp\/v2\/product"}],"about":[{"href":"https:\/\/be-healthy.taniko.me\/uk\/wp-json\/wp\/v2\/types\/product"}],"replies":[{"embeddable":true,"href":"https:\/\/be-healthy.taniko.me\/uk\/wp-json\/wp\/v2\/comments?post=7130"}],"wp:featuredmedia":[{"embeddable":true,"href":"https:\/\/be-healthy.taniko.me\/uk\/wp-json\/wp\/v2\/media\/7132"}],"wp:attachment":[{"href":"https:\/\/be-healthy.taniko.me\/uk\/wp-json\/wp\/v2\/media?parent=7130"}],"wp:term":[{"taxonomy":"product_cat","embeddable":true,"href":"https:\/\/be-healthy.taniko.me\/uk\/wp-json\/wp\/v2\/product_cat?post=7130"},{"taxonomy":"product_tag","embeddable":true,"href":"https:\/\/be-healthy.taniko.me\/uk\/wp-json\/wp\/v2\/product_tag?post=7130"}],"curies":[{"name":"wp","href":"https:\/\/api.w.org\/{rel}","templated":true}]}}