{"id":7133,"date":"2024-02-24T22:18:33","date_gmt":"2024-02-24T22:18:33","guid":{"rendered":"https:\/\/be-healthy.taniko.me\/?post_type=product&#038;p=7133"},"modified":"2024-10-12T17:09:51","modified_gmt":"2024-10-12T17:09:51","slug":"mommys-bliss-kids-sleep-chewable-melatonin-magnesium-kids-3-yrs-natural-grape-35-chewable-tablets","status":"publish","type":"product","link":"https:\/\/be-healthy.taniko.me\/uk\/product\/mommys-bliss-kids-sleep-chewable-melatonin-magnesium-kids-3-yrs-natural-grape-35-chewable-tablets\/","title":{"rendered":"Mommy&#8217;s Bliss, Kids Sleep Chewable, Melatonin + Magnesium, Kids 3 Yrs+, Natural Grape, 35 Chewable Tablets"},"content":{"rendered":"<div class=\"col-xs-24 col-md-14\">\n<div class=\"row item-row\">\n<div class=\"col-xs-24\">\n<h3>\u041e\u043f\u0438\u0441<\/h3>\n<p>&nbsp;<\/p>\n<p>Kids Sleep Chewable sadr\u017ei za\u0161ti\u0107enu mje\u0161avinu melatonina, organske kamilice, mati\u010dnjaka i pasiflore za poticanje mirnog sna i vra\u0107anje bla\u017eenstva pred spavanje.<\/p>\n<p>S mje\u0161avinom za bla\u017eenstvo prije spavanja Mommy&#8217;s Bliss, na\u0161om za\u0161ti\u0107enom mje\u0161avinom organskog bilja: ekstrakti kamilice, mati\u010dnjaka i pasiflore, osmi\u0161ljeni za poticanje odmora.<\/p>\n<p>Ne sadr\u017ei Top 8 alergena:<\/p>\n<ul>\n<li>kikiriki<\/li>\n<li>P\u0161enica<\/li>\n<li>jaja<\/li>\n<li>Mlijeko<\/li>\n<li>Riba<\/li>\n<li>\u0160koljke<\/li>\n<li>Ora\u0161asti plodovi<\/li>\n<li>Soja<\/li>\n<\/ul>\n<p>7 savjeta za postizanje bla\u017eenstva prije spavanja<\/p>\n<p>I sama kao mama znam da se stvari mogu dogoditi da poremete \u010dak i najboljeg spava\u010da &#8211; putovanje i jet lag, napadaj bolesti ili nova no\u0107na tjeskoba. Ako se koriste povremeno, zajedno s rutinom spavanja, na\u0161i proizvodi za spavanje mogu pomo\u0107i da se stvari vrate na pravi put. Sastavio sam kontrolni popis rutine prije spavanja kako bi se va\u0161e dijete moglo vratiti u bla\u017eenstvo prije spavanja.<\/p>\n<p>Puno sunca i fizi\u010dke aktivnosti tijekom dana.<br \/>\nTrbuh pun hranjive hrane (s malo \u0161e\u0107era) 1-2 sata prije spavanja<br \/>\nTopla, umiruju\u0107a kupka<br \/>\nVrijeme pri\u010de, ne vrijeme ekrana<br \/>\nUdobnost spava\u0107e sobe je klju\u010dna: 65-68\u00baF, zavjese za zamra\u010divanje, zvu\u010dni ure\u0111aj<br \/>\nPlan bu\u0111enja usred no\u0107i: razgovarajte s djetetom o planu ako se probudi<br \/>\nDr\u017eite se rutine!<\/p>\n<p>Vama i va\u0161em mali\u0161anu \u017eeli bla\u017eenu no\u0107, Yasmin Kaderali &#8211; mama &amp; CEO<\/p>\n<\/div>\n<\/div>\n<div class=\"row item-row\">\n<div class=\"col-xs-24\">\n<h4>\u0420\u0435\u043a\u043e\u043c\u0435\u043d\u0434\u0430\u0446\u0456\u0457 \u0456\u0437 \u0437\u0430\u0441\u0442\u043e\u0441\u0443\u0432\u0430\u043d\u043d\u044f<\/h4>\n<p>Uzmite 30-60 minuta prije spavanja, \u017eva\u010du\u0107i dok se potpuno ne otopi. Samo za kratkotrajnu upotrebu. Prije upotrebe posavjetujte se s pedijatrom.<\/p>\n<p>Preporu\u010dena upotreba:<\/p>\n<p>Po\u010dnite s 1 tabletom, pove\u0107avaju\u0107i do maksimuma prilago\u0111enog dobi ako je potrebno.<\/p>\n<ul>\n<li>3 &#8211; 5 godina: 1 tableta<\/li>\n<li>6 &#8211; 12 godina: 2 tablete<\/li>\n<li>13 godina i vi\u0161e: 3 tablete<\/li>\n<\/ul>\n<h4>\u0406\u043d\u0448\u0456 \u0456\u043d\u0433\u0440\u0435\u0434\u0456\u0454\u043d\u0442\u0438<\/h4>\n<p>Ksilitol, prirodna aroma gro\u017e\u0111a, limunska kiselina, celuloza, boja ekstrakta povr\u0107a, stearinska kiselina (vegetarijanska), organski ekstrakt lista stevije, prirodna aroma vanilije, sol.<\/p>\n<h4>\n\u041f\u043e\u043f\u0435\u0440\u0435\u0434\u0436\u0435\u043d\u043d\u044f<\/h4>\n<p>Mo\u017ee uzrokovati pospanost. \u010cuvati izvan dohvata djece.<\/p>\n<p>\u0417\u0431\u0435\u0440\u0456\u0433\u0430\u0442\u0438 \u0432 \u0441\u0443\u0445\u043e\u043c\u0443 \u043f\u0440\u043e\u0445\u043e\u043b\u043e\u0434\u043d\u043e\u043c\u0443 \u043c\u0456\u0441\u0446\u0456.<\/p>\n<\/div>\n<\/div>\n<div class=\"row item-row\">\n<div class=\"col-xs-24\"><\/div>\n<\/div>\n<div class=\"row item-row\">\n<div class=\"col-xs-24\"><\/div>\n<\/div>\n<\/div>\n<div class=\"col-xs-24 col-md-10\">\n<div class=\"supplement-facts-container\">\n<table border=\"1\" width=\"100%\" cellspacing=\"0\" cellpadding=\"3\">\n<tbody>\n<tr align=\"left\" valign=\"top\">\n<td colspan=\"3\"><strong>Serving Size:\u00a0<\/strong>1 tablet<\/td>\n<td><\/td>\n<\/tr>\n<tr align=\"left\" valign=\"top\">\n<td colspan=\"3\"><strong>Servings Per Container:\u00a0<\/strong>35<\/td>\n<td><\/td>\n<\/tr>\n<tr align=\"left\" valign=\"top\">\n<td width=\"70%\"><strong>Amount Per Serving<\/strong><\/td>\n<td class=\"\" width=\"15%\"><\/td>\n<td class=\"\" width=\"15%\"><strong>%Daily Value<\/strong><br \/>\nChildren** through 3 years of age<\/td>\n<td><strong>%Daily Value<\/strong><br \/>\nAdults &amp; Children*** 4 years &amp; older<\/td>\n<\/tr>\n<tr>\n<td>Magnesium (as magnesium oxide)<\/td>\n<td>42 mg<\/td>\n<td>53%<\/td>\n<td>10%<\/td>\n<\/tr>\n<tr>\n<td>Melatonin<\/td>\n<td>1 mg<\/td>\n<td>\u2020<\/td>\n<td>\u2020<\/td>\n<\/tr>\n<tr>\n<td><strong>Bedtime Bliss Blend<\/strong><strong>\u2122<\/strong><br \/>\norganic Chamomile flower<br \/>\n(Matricaria recutita),<br \/>\norganic Passionflower<br \/>\naerial parts including leaf<br \/>\n(Passiflora incarnata), and<br \/>\norganic Lemon balm aerial<br \/>\nparts including leaf<br \/>\n(Melissa officinalis)<\/td>\n<td>6 mg<\/td>\n<td>\u2020<\/td>\n<td class=\"\">\u2020<\/td>\n<\/tr>\n<tr align=\"left\" valign=\"top\">\n<td colspan=\"4\">**Percent Daily Values based on a 1,000 calorie diet.<br \/>\n***Percent Daily Values based on a 2,000 calorie diet.<br \/>\n\u2020Daily Value not established.<\/td>\n<\/tr>\n<\/tbody>\n<\/table>\n<\/div>\n<\/div>","protected":false},"excerpt":{"rendered":"<ul>\n<li>S umiruju\u0107im biljkama koje podr\u017eavaju prirodni proces spavanja va\u0161eg djeteta<\/li>\n<li>Bez \u0161e\u0107era<\/li>\n<li>\u0414\u0456\u0454\u0442\u0438\u0447\u043d\u0430 \u0434\u043e\u0431\u0430\u0432\u043a\u0430<\/li>\n<li>\u017dene u vlasni\u0161tvu i pod vodstvom<\/li>\n<li>Ne stvara naviku<\/li>\n<li>Nema droge<\/li>\n<li>Bez umjetnih aroma i boja<\/li>\n<\/ul>","protected":false},"featured_media":7136,"comment_status":"open","ping_status":"closed","template":"","meta":{"inline_featured_image":false},"product_cat":[26,93],"product_tag":[],"class_list":{"0":"post-7133","1":"product","2":"type-product","3":"status-publish","4":"has-post-thumbnail","6":"product_cat-children","7":"product_cat-childrens-health","9":"first","10":"instock","11":"featured","12":"shipping-taxable","13":"purchasable","14":"product-type-simple"},"_links":{"self":[{"href":"https:\/\/be-healthy.taniko.me\/uk\/wp-json\/wp\/v2\/product\/7133","targetHints":{"allow":["GET"]}}],"collection":[{"href":"https:\/\/be-healthy.taniko.me\/uk\/wp-json\/wp\/v2\/product"}],"about":[{"href":"https:\/\/be-healthy.taniko.me\/uk\/wp-json\/wp\/v2\/types\/product"}],"replies":[{"embeddable":true,"href":"https:\/\/be-healthy.taniko.me\/uk\/wp-json\/wp\/v2\/comments?post=7133"}],"wp:featuredmedia":[{"embeddable":true,"href":"https:\/\/be-healthy.taniko.me\/uk\/wp-json\/wp\/v2\/media\/7136"}],"wp:attachment":[{"href":"https:\/\/be-healthy.taniko.me\/uk\/wp-json\/wp\/v2\/media?parent=7133"}],"wp:term":[{"taxonomy":"product_cat","embeddable":true,"href":"https:\/\/be-healthy.taniko.me\/uk\/wp-json\/wp\/v2\/product_cat?post=7133"},{"taxonomy":"product_tag","embeddable":true,"href":"https:\/\/be-healthy.taniko.me\/uk\/wp-json\/wp\/v2\/product_tag?post=7133"}],"curies":[{"name":"wp","href":"https:\/\/api.w.org\/{rel}","templated":true}]}}