{"id":7137,"date":"2024-02-24T22:21:18","date_gmt":"2024-02-24T22:21:18","guid":{"rendered":"https:\/\/be-healthy.taniko.me\/?post_type=product&#038;p=7137"},"modified":"2024-10-12T17:03:25","modified_gmt":"2024-10-12T17:03:25","slug":"the-smurfs-kids-gummy-multi-vitamin-ages-3-smurf-berry-60-gummies","status":"publish","type":"product","link":"https:\/\/be-healthy.taniko.me\/uk\/product\/the-smurfs-kids-gummy-multi-vitamin-ages-3-smurf-berry-60-gummies\/","title":{"rendered":"The Smurfs, Kids Gummy, Multi-Vitamin, Ages 3+, Smurf Berry, 60 Gummies"},"content":{"rendered":"<div class=\"container product-overview\">\n<div class=\"content-frame\">\n<section class=\"content-wrapper\">\n<div class=\"inner-content\">\n<div class=\"item-row\">\n<div class=\"row\">\n<div class=\"col-xs-24 col-md-14\">\n<div class=\"row item-row\">\n<div class=\"col-xs-24\">\n<h3>\u041e\u043f\u0438\u0441<\/h3>\n<p>Dnevno zdravlje i dobrobit: Smurfs Kids multivitaminske gumene bombone pru\u017eaju zdravu nutritivnu podr\u0161ku za dje\u010dake i djevoj\u010dice tijekom njihovih va\u017enih godina rasta i razvoja. Vitamini i minerali za djecu neophodni su za podr\u0161ku kostima, mozgu, probavi, energiji, o\u010dima, srcu, imunolo\u0161kom sustavu, metabolizmu i ko\u017ei.<\/p>\n<h4>\u0420\u0435\u043a\u043e\u043c\u0435\u043d\u0434\u0430\u0446\u0456\u0457 \u0456\u0437 \u0437\u0430\u0441\u0442\u043e\u0441\u0443\u0432\u0430\u043d\u043d\u044f<\/h4>\n<p>Djeca od 3 godine uzimaju 1 gumu, 4+ godine 2 guma. Neka dijete u potpunosti sa\u017eva\u010de prije nego \u0161to proguta.<\/p>\n<h4>\u0406\u043d\u0448\u0456 \u0456\u043d\u0433\u0440\u0435\u0434\u0456\u0454\u043d\u0442\u0438<\/h4>\n<p>Sirup od tapioke, vo\u0107na mje\u0161avina (koncentrat soka od ananasa, koncentrat soka od jabuke, pire od kru\u0161ke, pire od breskve, koncentrat soka od naran\u010de, sok od marakuje), \u0161e\u0107er od trske, pektin, prirodne arome, vo\u0107ni sok (boja), limunska kiselina, natrijev citrat, frakcionirani kokos ulje, karnauba vosak.<\/p>\n<p>Bez mlijeka, soje, jaja, ora\u0161astih plodova, ribe, \u0161koljki, \u017eelatine ili sinteti\u010dkih boja\/aroma.<\/p>\n<p>Proizvedeno u Australiji u pogonu koji tako\u0111er prera\u0111uje p\u0161enicu.<\/p>\n<h4>\u041f\u043e\u043f\u0435\u0440\u0435\u0434\u0436\u0435\u043d\u043d\u044f<\/h4>\n<p>Nije namijenjeno djeci mla\u0111oj od 3 godine. Koristite samo prema uputama uz nadzor roditelja. Posavjetujte se s lije\u010dnikom prije uporabe ako dijete ima bilo kakvo zdravstveno stanje ili uzima bilo kakve lijekove.<\/p>\n<p>\u010cuvati izvan dohvata djece. \u010cuvati dobro zatvoreno na hladnom i suhom mjestu. Nemojte koristiti ako je sigurnosni pe\u010dat ispod poklopca slomljen ili nedostaje.<\/p>\n<p>&nbsp;<\/p>\n<\/div>\n<\/div>\n<\/div>\n<div class=\"col-xs-24 col-md-10\">\n<div class=\"supplement-facts-container\">\n<table border=\"1\" width=\"100%\" cellspacing=\"0\" cellpadding=\"3\">\n<tbody>\n<tr align=\"left\" valign=\"top\">\n<td colspan=\"5\"><strong>\u041f\u043e\u0436\u0438\u0432\u043d\u0430 \u0446\u0456\u043d\u043d\u0456\u0441\u0442\u044c<\/strong><\/td>\n<\/tr>\n<tr align=\"left\" valign=\"top\">\n<td colspan=\"5\"><strong>Veli\u010dina serviranja:<\/strong> 1 guma \/ 2 guma<\/td>\n<\/tr>\n<tr align=\"left\" valign=\"top\">\n<td colspan=\"5\"><strong>\u041f\u043e\u0440\u0446\u0456\u0439 \u0432 \u0443\u043f\u0430\u043a\u043e\u0432\u0446\u0456<\/strong> 60 \/ 30<\/td>\n<\/tr>\n<tr align=\"left\" valign=\"top\">\n<td width=\"40%\"><\/td>\n<td width=\"15%\"><strong>\u041a\u0456\u043b\u044c\u043a\u0456\u0441\u0442\u044c \u0432 1 \u043f\u043e\u0440\u0446\u0456\u0457<\/strong><\/td>\n<td width=\"15%\"><strong>%DV za djecu od 3 godine<\/strong><\/td>\n<td width=\"15%\"><strong>\u041a\u0456\u043b\u044c\u043a\u0456\u0441\u0442\u044c \u0432 1 \u043f\u043e\u0440\u0446\u0456\u0457<\/strong><\/td>\n<td width=\"15%\"><strong>%DV za djecu od 4+ godina<\/strong><\/td>\n<\/tr>\n<tr align=\"left\" valign=\"top\">\n<td>Kalorije<\/td>\n<td>10<\/td>\n<td><\/td>\n<td>25<\/td>\n<td><\/td>\n<\/tr>\n<tr align=\"left\" valign=\"top\">\n<td>Ukupni ugljikohidrati<\/td>\n<td>3 g<\/td>\n<td>2%\u2020<\/td>\n<td>6 g<\/td>\n<td>2%\u2021<\/td>\n<\/tr>\n<tr align=\"left\" valign=\"top\">\n<td>Ukupni \u0161e\u0107eri<\/td>\n<td>2 g<\/td>\n<td>**<\/td>\n<td>4 g<\/td>\n<td>**<\/td>\n<\/tr>\n<tr align=\"left\" valign=\"top\">\n<td>Uklju\u010duje dodane \u0161e\u0107ere<\/td>\n<td>2 g<\/td>\n<td>8%\u2020<\/td>\n<td>4 g<\/td>\n<td>8%\u2021<\/td>\n<\/tr>\n<tr>\n<td>Vitamin A (kao retinil palmitat, beta karoten)<\/td>\n<td>225 mcg RAE<\/td>\n<td>75%<\/td>\n<td>450 mcg RAE<\/td>\n<td>50%<\/td>\n<\/tr>\n<tr align=\"left\" valign=\"top\">\n<td>Vitamin C (kao askorbinska kiselina)<\/td>\n<td>23 mg<\/td>\n<td>153%<\/td>\n<td>45 mg<\/td>\n<td>50%<\/td>\n<\/tr>\n<tr align=\"left\" valign=\"top\">\n<td class=\"\">Vitamin D (kao kolekalciferol)<\/td>\n<td>10 mcg<\/td>\n<td>67%<\/td>\n<td>20 mcg<\/td>\n<td>100%<\/td>\n<\/tr>\n<tr>\n<td class=\"\">Vitamin E (kao d-alfa tokoferil acetat)<\/td>\n<td>7.5 mg<\/td>\n<td>125%<\/td>\n<td>15 mg<\/td>\n<td>100%<\/td>\n<\/tr>\n<tr>\n<td>Tiamin (vitamin B1) (kao tiamin HCl)<\/td>\n<td>0.15 mg<\/td>\n<td>30%<\/td>\n<td>0.3 mg<\/td>\n<td>25%<\/td>\n<\/tr>\n<tr>\n<td>Riboflavin (Vitamin B2)<\/td>\n<td>0.16 mg<\/td>\n<td>32%<\/td>\n<td>0.33 mg<\/td>\n<td>25%<\/td>\n<\/tr>\n<tr>\n<td>Vitamin B6 (kao piridoksin HCl)<\/td>\n<td>0.85 mg<\/td>\n<td>170%<\/td>\n<td>1.7 mg<\/td>\n<td>100%<\/td>\n<\/tr>\n<tr>\n<td>Folat (kao folna kiselina)<\/td>\n<td>200 mcg DFE<\/td>\n<td>133%<\/td>\n<td>400 mcg DFE<\/td>\n<td>100%<\/td>\n<\/tr>\n<tr>\n<td>Vitamin B12 (kao cijanokobalamin)<\/td>\n<td>1.2 mcg<\/td>\n<td>133%<\/td>\n<td>2.4 mcg<\/td>\n<td>100%<\/td>\n<\/tr>\n<tr>\n<td>Biotin (kao d-biotin)<\/td>\n<td>15 mcg<\/td>\n<td>188%<\/td>\n<td>30 mcg<\/td>\n<td>100%<\/td>\n<\/tr>\n<tr>\n<td>Pantotenska kiselina (kao kalcijev d-pantotenat)<\/td>\n<td>2.5 mg<\/td>\n<td>125%<\/td>\n<td>5 mg<\/td>\n<td>100%<\/td>\n<\/tr>\n<tr>\n<td>Kolin (kao kolin bitartrat)<\/td>\n<td>6 mg<\/td>\n<td>3%<\/td>\n<td>12 mg<\/td>\n<td>2%<\/td>\n<\/tr>\n<tr>\n<td>Jod (kao kalijev jodid)<\/td>\n<td>75 mcg<\/td>\n<td>83%<\/td>\n<td>150 mcg<\/td>\n<td>100%<\/td>\n<\/tr>\n<tr>\n<td>Cink (kao cink citrat)<\/td>\n<td>1.4 mg<\/td>\n<td>47%<\/td>\n<td>2.8 mg<\/td>\n<td>25%<\/td>\n<\/tr>\n<tr>\n<td>Krom (kao krom klorid)<\/td>\n<td>1.8 mcg<\/td>\n<td>16%<\/td>\n<td>3.5 mcg<\/td>\n<td>10%<\/td>\n<\/tr>\n<tr align=\"left\" valign=\"top\">\n<td>Natrij<\/td>\n<td>15 mg<\/td>\n<td>1%<\/td>\n<td>25 mg<\/td>\n<td>1%<\/td>\n<\/tr>\n<tr align=\"left\" valign=\"top\">\n<td colspan=\"5\">\u2020Postotak dnevnih vrijednosti (DV) temelji se na dijeti od 1000 kalorija.<br \/>\n\u2021Postotak dnevnih vrijednosti (DV) temelji se na dijeti od 2000 kalorija.<br \/>\n**Dnevna vrijednost (DV) nije utvr\u0111ena.<\/td>\n<\/tr>\n<\/tbody>\n<\/table>\n<\/div>\n<\/div>\n<\/div>\n<\/div>\n<\/div>\n<\/section>\n<\/div>\n<\/div>\n<p>&nbsp;<\/p>\n<div class=\"container house-brand-primary-banner-wrapper\">\n<div id=\"house-brand-primary-banner\" class=\"banner-tool-carousel\">\n<div class=\"img-slider\">\n<div class=\"img-slider-container\">\n<div class=\"img-wrapper active img-wrapper-0 clone\" data-slide=\"0\">\n<div class=\"slide\">\n<div class=\"cms-banner-wrapper cms-image-banner-img\"><\/div>\n<\/div>\n<\/div>\n<\/div>\n<\/div>\n<\/div>\n<\/div>","protected":false},"excerpt":{"rendered":"<ul>\n<li>Napravljeno od pravog vo\u0107nog soka\/pirea<\/li>\n<li>Doktor razvijen<\/li>\n<li>15 dnevnih esencijalnih vitamina i minerala<\/li>\n<li>\u0414\u0456\u0454\u0442\u0438\u0447\u043d\u0430 \u0434\u043e\u0431\u0430\u0432\u043a\u0430<\/li>\n<li>Podr\u017eava dnevni wellness<\/li>\n<li>Bez glutena\/GMO-a<\/li>\n<\/ul>","protected":false},"featured_media":7139,"comment_status":"open","ping_status":"closed","template":"","meta":{"inline_featured_image":false},"product_cat":[26,93,67],"product_tag":[],"class_list":{"0":"post-7137","1":"product","2":"type-product","3":"status-publish","4":"has-post-thumbnail","6":"product_cat-children","7":"product_cat-childrens-health","8":"product_cat-multivitamins","10":"first","11":"instock","12":"featured","13":"shipping-taxable","14":"purchasable","15":"product-type-simple"},"_links":{"self":[{"href":"https:\/\/be-healthy.taniko.me\/uk\/wp-json\/wp\/v2\/product\/7137","targetHints":{"allow":["GET"]}}],"collection":[{"href":"https:\/\/be-healthy.taniko.me\/uk\/wp-json\/wp\/v2\/product"}],"about":[{"href":"https:\/\/be-healthy.taniko.me\/uk\/wp-json\/wp\/v2\/types\/product"}],"replies":[{"embeddable":true,"href":"https:\/\/be-healthy.taniko.me\/uk\/wp-json\/wp\/v2\/comments?post=7137"}],"wp:featuredmedia":[{"embeddable":true,"href":"https:\/\/be-healthy.taniko.me\/uk\/wp-json\/wp\/v2\/media\/7139"}],"wp:attachment":[{"href":"https:\/\/be-healthy.taniko.me\/uk\/wp-json\/wp\/v2\/media?parent=7137"}],"wp:term":[{"taxonomy":"product_cat","embeddable":true,"href":"https:\/\/be-healthy.taniko.me\/uk\/wp-json\/wp\/v2\/product_cat?post=7137"},{"taxonomy":"product_tag","embeddable":true,"href":"https:\/\/be-healthy.taniko.me\/uk\/wp-json\/wp\/v2\/product_tag?post=7137"}],"curies":[{"name":"wp","href":"https:\/\/api.w.org\/{rel}","templated":true}]}}