{"id":7140,"date":"2024-02-24T22:27:35","date_gmt":"2024-02-24T22:27:35","guid":{"rendered":"https:\/\/be-healthy.taniko.me\/?post_type=product&#038;p=7140"},"modified":"2024-10-12T15:06:08","modified_gmt":"2024-10-12T15:06:08","slug":"natures-way-organic-coconut-oil-extra-virgin-16-oz-453-g","status":"publish","type":"product","link":"https:\/\/be-healthy.taniko.me\/uk\/product\/natures-way-organic-coconut-oil-extra-virgin-16-oz-453-g\/","title":{"rendered":"Nature&#8217;s Way, Organic Coconut Oil, Extra Virgin, 16 oz (453 g)"},"content":{"rendered":"<div class=\"col-xs-24 col-md-14\">\n<div class=\"row item-row\">\n<div class=\"col-xs-24\">\n<h3>\u041e\u043f\u0438\u0441<\/h3>\n<p>Premium izvor:<\/p>\n<p>Organski, ekstra djevi\u010danski, nerafinirani i nebijeljeni od ne-GMO kokosa; Bez heksana.<br \/>\n62% MCT\u2021: 8,6 g triglicerida srednjeg lanca (laurinska, kaprilna i kaprinska kiselina) po porciji.<\/p>\n<p>\u2021Pogledajte \u010dinjenice o dodacima za ukupni sadr\u017eaj masti i zasi\u0107enih masti.<\/p>\n<h4>\u0420\u0435\u043a\u043e\u043c\u0435\u043d\u0434\u0430\u0446\u0456\u0457 \u0456\u0437 \u0437\u0430\u0441\u0442\u043e\u0441\u0443\u0432\u0430\u043d\u043d\u044f<\/h4>\n<p>Odrasli uzimaju 1 \u017elicu (14 g) po potrebi.<\/p>\n<p>Nije potrebno hla\u0111enje. Prirodno se topi i postaje teku\u0107ina na 76\u00b0F. Kada se ohladi, postaje \u010dvrsta.<\/p>\n<h4>Ukusne upotrebe:<\/h4>\n<p>U\u017eivajte izravno iz staklenke ili ga koristite u namazima, umacima i vi\u0161e!<br \/>\nPobolj\u0161ava okus va\u0161e omiljene hrane.<br \/>\nZa kuhanje, pe\u010denje ili pirjanje do 350\u00b0.<\/p>\n<p><strong>\u0406\u043d\u0448\u0456 \u0456\u043d\u0433\u0440\u0435\u0434\u0456\u0454\u043d\u0442\u0438<\/strong><\/p>\n<p>Organsko djevi\u010dansko kokosovo ulje.<\/p>\n<p>Sadr\u017ei ora\u0161aste plodove (kokos).<\/p>\n<p>Bez umjetnih sastojaka ili konzervansa.<\/p>\n<p><strong>\u041f\u043e\u043f\u0435\u0440\u0435\u0434\u0436\u0435\u043d\u043d\u044f<\/strong><\/p>\n<p>Pretjerana uporaba mo\u017ee uzrokovati GI nelagodu. Da biste smanjili ovaj u\u010dinak, uzimajte s hranom. Ako ste trudni, dojite ili uzimate bilo kakve lijekove, posavjetujte se s lije\u010dnikom prije uporabe.<\/p>\n<p>\u010cuvati izvan dohvata djece. Sigurnosno zatvoreno unutarnjom brtvom. Nemojte koristiti ako je pe\u010dat slomljen ili nedostaje.<\/p>\n<\/div>\n<\/div>\n<div class=\"row item-row\">\n<div class=\"col-xs-24\"><\/div>\n<\/div>\n<div class=\"row item-row\">\n<div class=\"col-xs-24\"><\/div>\n<\/div>\n<\/div>\n<div class=\"col-xs-24 col-md-10\">\n<div class=\"supplement-facts-container\">\n<table border=\"1\" width=\"100%\" cellspacing=\"0\" cellpadding=\"3\">\n<tbody>\n<tr valign=\"top\">\n<td colspan=\"3\"><strong>Supplement Facts<\/strong><\/td>\n<\/tr>\n<tr valign=\"top\">\n<td colspan=\"3\"><strong>Serving Size:\u00a0<\/strong>1 Tablespoon (14 g)<\/td>\n<\/tr>\n<tr valign=\"top\">\n<td colspan=\"3\"><strong>Servings Per Container:\u00a0<\/strong>32<\/td>\n<\/tr>\n<tr valign=\"top\" data-id=\"froala_1\">\n<td width=\"70%\"><\/td>\n<td width=\"15%\"><strong>Amount Per Serving<\/strong><\/td>\n<td width=\"15%\"><strong>% DV<\/strong><\/td>\n<\/tr>\n<tr valign=\"top\" data-id=\"froala_2\">\n<td>Calories<\/td>\n<td>130<\/td>\n<td><\/td>\n<\/tr>\n<tr valign=\"top\" data-id=\"froala_3\">\n<td>Total Fat<\/td>\n<td>14 g<\/td>\n<td>18%\u2020<\/td>\n<\/tr>\n<tr valign=\"top\" data-id=\"froala_4\">\n<td>Saturated Fat<\/td>\n<td>13 g<\/td>\n<td>65%\u2020<\/td>\n<\/tr>\n<tr valign=\"top\" data-id=\"froala_5\">\n<td>Trans Fat<\/td>\n<td>0 g<\/td>\n<td>**<\/td>\n<\/tr>\n<tr valign=\"top\" data-id=\"froala_6\">\n<td>Polyunsaturated Fat<\/td>\n<td>0 g<\/td>\n<td>**<\/td>\n<\/tr>\n<tr valign=\"top\" data-id=\"froala_7\">\n<td>Monounsaturated Fat<\/td>\n<td>1 g<\/td>\n<td>**<\/td>\n<\/tr>\n<tr valign=\"top\" data-id=\"froala_8\">\n<td>Cholesterol<\/td>\n<td>0 mg<\/td>\n<td>0%<\/td>\n<\/tr>\n<tr>\n<td>Organic Extra Virgin Coconut Oil<\/td>\n<td>14 g<\/td>\n<td>**<\/td>\n<\/tr>\n<tr valign=\"top\" data-id=\"froala_9\">\n<td>Medium Chain Fatty Acids<\/td>\n<td>8.69 g<\/td>\n<td>**<\/td>\n<\/tr>\n<tr valign=\"top\" data-id=\"froala_10\">\n<td>Lauric Acid<\/td>\n<td>6.65 g<\/td>\n<td>**<\/td>\n<\/tr>\n<tr valign=\"top\" data-id=\"froala_11\">\n<td>Caprylic Acid<\/td>\n<td>1.00 g<\/td>\n<td>**<\/td>\n<\/tr>\n<tr valign=\"top\" data-id=\"froala_12\">\n<td>Capric Acid<\/td>\n<td>900 mg<\/td>\n<td>**<\/td>\n<\/tr>\n<tr valign=\"top\">\n<td colspan=\"3\">\u2020Percent Daily Values (DV) are based on a 2,000 calorie diet.<br \/>\n**Daily Value not established.<\/td>\n<\/tr>\n<\/tbody>\n<\/table>\n<\/div>\n<\/div>","protected":false},"excerpt":{"rendered":"<ul>\n<li>Od 1969. god<\/li>\n<li>100% \u010disto hladno pre\u0161ano i nerafinirano<\/li>\n<li>62% MCT\u2021<\/li>\n<li>Potvr\u0111en projekt bez GMO-a<\/li>\n<li>USDA Organic<\/li>\n<li>\u0414\u0456\u0454\u0442\u0438\u0447\u043d\u0430 \u0434\u043e\u0431\u0430\u0432\u043a\u0430<\/li>\n<li>Pro-Cert Organic<\/li>\n<li>Miris i kremasti okus svje\u017eeg kokosa!<\/li>\n<li>\u0411\u0435\u0437 \u0433\u043b\u044e\u0442\u0435\u043d\u0443<\/li>\n<\/ul>","protected":false},"featured_media":7142,"comment_status":"open","ping_status":"closed","template":"","meta":{"inline_featured_image":false},"product_cat":[89,28],"product_tag":[],"class_list":{"0":"post-7140","1":"product","2":"type-product","3":"status-publish","4":"has-post-thumbnail","6":"product_cat-coconut-oil","7":"product_cat-grocery","9":"first","10":"instock","11":"featured","12":"shipping-taxable","13":"purchasable","14":"product-type-simple"},"_links":{"self":[{"href":"https:\/\/be-healthy.taniko.me\/uk\/wp-json\/wp\/v2\/product\/7140","targetHints":{"allow":["GET"]}}],"collection":[{"href":"https:\/\/be-healthy.taniko.me\/uk\/wp-json\/wp\/v2\/product"}],"about":[{"href":"https:\/\/be-healthy.taniko.me\/uk\/wp-json\/wp\/v2\/types\/product"}],"replies":[{"embeddable":true,"href":"https:\/\/be-healthy.taniko.me\/uk\/wp-json\/wp\/v2\/comments?post=7140"}],"wp:featuredmedia":[{"embeddable":true,"href":"https:\/\/be-healthy.taniko.me\/uk\/wp-json\/wp\/v2\/media\/7142"}],"wp:attachment":[{"href":"https:\/\/be-healthy.taniko.me\/uk\/wp-json\/wp\/v2\/media?parent=7140"}],"wp:term":[{"taxonomy":"product_cat","embeddable":true,"href":"https:\/\/be-healthy.taniko.me\/uk\/wp-json\/wp\/v2\/product_cat?post=7140"},{"taxonomy":"product_tag","embeddable":true,"href":"https:\/\/be-healthy.taniko.me\/uk\/wp-json\/wp\/v2\/product_tag?post=7140"}],"curies":[{"name":"wp","href":"https:\/\/api.w.org\/{rel}","templated":true}]}}