{"id":7143,"date":"2024-02-24T22:33:41","date_gmt":"2024-02-24T22:33:41","guid":{"rendered":"https:\/\/be-healthy.taniko.me\/?post_type=product&#038;p=7143"},"modified":"2024-10-12T15:01:32","modified_gmt":"2024-10-12T15:01:32","slug":"nutiva-organic-coconut-oil-buttery-14-fl-oz-414-ml","status":"publish","type":"product","link":"https:\/\/be-healthy.taniko.me\/uk\/product\/nutiva-organic-coconut-oil-buttery-14-fl-oz-414-ml\/","title":{"rendered":"Nutiva, Organic Coconut Oil, Buttery, 14 fl oz (414 ml)"},"content":{"rendered":"<div class=\"col-xs-24 col-md-14\">\n<div class=\"row item-row\">\n<div class=\"col-xs-24\">\n<h3>\u041e\u043f\u0438\u0441<\/h3>\n<p>Ukusno kokosovo ulje na bazi maslaca<\/p>\n<p>U\u017eivajte u svestranosti kokosovog ulja s bogatim okusom maslaca. Ovo organsko ulje na biljnoj bazi pretvara kokice od obi\u010dnih u kino kazali\u0161ne maslace i donosi bogat masla\u010dni okus pe\u010denim proizvodima i pe\u010denicama na tavi. Nije potrebno hla\u0111enje &#8211; savr\u0161eni pratilac u ormaru s maslacem!<\/p>\n<p>Vjerujemo da svijetla budu\u0107nost za sve po\u010diva na zdravoj hrani.<\/p>\n<p>Revolucioniranje na\u010dina na koji svijet jede\u00ae.<\/p>\n<h4>\u0420\u0435\u043a\u043e\u043c\u0435\u043d\u0434\u0430\u0446\u0456\u0457 \u0456\u0437 \u0437\u0430\u0441\u0442\u043e\u0441\u0443\u0432\u0430\u043d\u043d\u044f<\/h4>\n<p>Izvrstan za:<\/p>\n<ul>\n<li>Pirjanje<\/li>\n<li>Pe\u010denje<\/li>\n<li>\u0160irenje<\/li>\n<li>Kokice<\/li>\n<\/ul>\n<p>Toplina za kuhanje: visoka (do 400\u00b0F)<\/p>\n<h4>\u0406\u043d\u0448\u0456 \u0456\u043d\u0433\u0440\u0435\u0434\u0456\u0454\u043d\u0442\u0438<\/h4>\n<p>Organsko rafinirano pre\u0161ano kokosovo ulje, organske prirodne arome, organski ekstrakt annata (za boju).<\/p>\n<p>Sadr\u017ei: kokos.<\/p>\n<h4>\u041f\u043e\u043f\u0435\u0440\u0435\u0434\u0436\u0435\u043d\u043d\u044f<\/h4>\n<p>Skladi\u0161tenje: Hla\u0111enje nije potrebno; \u010duvati izvan izravne sun\u010deve svjetlosti. Kokosovo ulje je prirodno teku\u0107e na vi\u0161im temperaturama, a polukruto je do kruto na ni\u017eim temperaturama.<\/p>\n<p>Napomena: Sve sme\u0111e mrlje su prirodne za kokos.<\/p>\n<\/div>\n<\/div>\n<div class=\"row item-row\">\n<div class=\"col-xs-24\"><\/div>\n<\/div>\n<div class=\"row item-row\">\n<div class=\"col-xs-24\"><\/div>\n<\/div>\n<\/div>\n<div class=\"col-xs-24 col-md-10\">\n<div class=\"supplement-facts-container\">\n<table border=\"1\" width=\"100%\" cellspacing=\"0\" cellpadding=\"3\">\n<tbody>\n<tr align=\"left\" valign=\"top\">\n<td colspan=\"3\"><strong>Nutritivne \u010dinjenice<\/strong><\/td>\n<\/tr>\n<tr align=\"left\" valign=\"top\">\n<td colspan=\"3\"><strong>Veli\u010dina porcije:<\/strong> 1 \u017elica (15 ml)<\/td>\n<\/tr>\n<tr align=\"left\" valign=\"top\">\n<td colspan=\"3\"><strong>\u041f\u043e\u0440\u0446\u0456\u0439 \u0432 \u0443\u043f\u0430\u043a\u043e\u0432\u0446\u0456<\/strong> Oko 28<\/td>\n<\/tr>\n<tr align=\"left\" valign=\"top\" data-id=\"froala_188\">\n<td width=\"70%\"><\/td>\n<td width=\"15%\"><strong>\u041a\u0456\u043b\u044c\u043a\u0456\u0441\u0442\u044c \u0432 1 \u043f\u043e\u0440\u0446\u0456\u0457<\/strong><\/td>\n<td width=\"15%\"><strong>%Dnevna vrijednost*<\/strong><\/td>\n<\/tr>\n<tr align=\"left\" valign=\"top\" data-id=\"froala_189\">\n<td>Kalorije<\/td>\n<td>120<\/td>\n<td><\/td>\n<\/tr>\n<tr align=\"left\" valign=\"top\" data-id=\"froala_190\">\n<td>Ukupna mast<\/td>\n<td>14 g<\/td>\n<td>18%<\/td>\n<\/tr>\n<tr align=\"left\" valign=\"top\" data-id=\"froala_191\">\n<td>Zasi\u0107ene masti<\/td>\n<td>12 g<\/td>\n<td>60%<\/td>\n<\/tr>\n<tr align=\"left\" valign=\"top\" data-id=\"froala_192\">\n<td>Trans masti<\/td>\n<td>0 g<\/td>\n<td><\/td>\n<\/tr>\n<tr align=\"left\" valign=\"top\" data-id=\"froala_193\">\n<td>Polinezasi\u0107ene masti<\/td>\n<td>0 g<\/td>\n<td><\/td>\n<\/tr>\n<tr align=\"left\" valign=\"top\" data-id=\"froala_194\">\n<td>Mononezasi\u0107ene masti<\/td>\n<td>1 g<\/td>\n<td><\/td>\n<\/tr>\n<tr align=\"left\" valign=\"top\" data-id=\"froala_195\">\n<td>Kolesterol<\/td>\n<td>0 mg<\/td>\n<td>0%<\/td>\n<\/tr>\n<tr align=\"left\" valign=\"top\" data-id=\"froala_196\">\n<td>Natrij<\/td>\n<td>0 mg<\/td>\n<td>0%<\/td>\n<\/tr>\n<tr align=\"left\" valign=\"top\" data-id=\"froala_197\">\n<td>Total Carbohydrate<\/td>\n<td>0 g<\/td>\n<td>0%<\/td>\n<\/tr>\n<tr align=\"left\" valign=\"top\" data-id=\"froala_198\">\n<td>Protein<\/td>\n<td>0 g<\/td>\n<td><\/td>\n<\/tr>\n<tr align=\"left\" valign=\"top\">\n<td colspan=\"3\">Nije zna\u010dajan izvor dijetalnih vlakana, ukupnih \u0161e\u0107era, dodanih \u0161e\u0107era, vitamina D, kalcija, \u017eeljeza i kalija.<\/td>\n<\/tr>\n<tr>\n<td colspan=\"3\">*% <strong>dnevne vrijednosti (DV) govori koliko nutrijent u porciji hrane doprinosi dnevnoj prehrani. 2000 kalorija dnevno koristi se za op\u0107i savjet o prehrani.<\/strong><\/td>\n<\/tr>\n<\/tbody>\n<\/table>\n<\/div>\n<\/div>","protected":false},"excerpt":{"rendered":"<ul>\n<li>100% bez mlije\u010dnih proizvoda<\/li>\n<li>USDA Organic<\/li>\n<li>Na biljnoj bazi<\/li>\n<li>Potvr\u0111en projekt bez GMO-a<\/li>\n<li>Ko\u0161er<\/li>\n<li>\u0411\u0435\u0437 \u0433\u043b\u044e\u0442\u0435\u043d\u0443<\/li>\n<li>veganska<\/li>\n<li>Whole30 Approved\u00ae<\/li>\n<li>Organsko certificirano od strane QAI<\/li>\n<\/ul>","protected":false},"featured_media":7145,"comment_status":"open","ping_status":"closed","template":"","meta":{"inline_featured_image":false},"product_cat":[89,104,28,105],"product_tag":[],"class_list":{"0":"post-7143","1":"product","2":"type-product","3":"status-publish","4":"has-post-thumbnail","6":"product_cat-coconut-oil","7":"product_cat-discount","8":"product_cat-grocery","9":"product_cat-special-offer","11":"first","12":"instock","13":"sale","14":"featured","15":"shipping-taxable","16":"purchasable","17":"product-type-simple"},"_links":{"self":[{"href":"https:\/\/be-healthy.taniko.me\/uk\/wp-json\/wp\/v2\/product\/7143","targetHints":{"allow":["GET"]}}],"collection":[{"href":"https:\/\/be-healthy.taniko.me\/uk\/wp-json\/wp\/v2\/product"}],"about":[{"href":"https:\/\/be-healthy.taniko.me\/uk\/wp-json\/wp\/v2\/types\/product"}],"replies":[{"embeddable":true,"href":"https:\/\/be-healthy.taniko.me\/uk\/wp-json\/wp\/v2\/comments?post=7143"}],"wp:featuredmedia":[{"embeddable":true,"href":"https:\/\/be-healthy.taniko.me\/uk\/wp-json\/wp\/v2\/media\/7145"}],"wp:attachment":[{"href":"https:\/\/be-healthy.taniko.me\/uk\/wp-json\/wp\/v2\/media?parent=7143"}],"wp:term":[{"taxonomy":"product_cat","embeddable":true,"href":"https:\/\/be-healthy.taniko.me\/uk\/wp-json\/wp\/v2\/product_cat?post=7143"},{"taxonomy":"product_tag","embeddable":true,"href":"https:\/\/be-healthy.taniko.me\/uk\/wp-json\/wp\/v2\/product_tag?post=7143"}],"curies":[{"name":"wp","href":"https:\/\/api.w.org\/{rel}","templated":true}]}}