{"id":7206,"date":"2024-02-26T21:59:55","date_gmt":"2024-02-26T21:59:55","guid":{"rendered":"https:\/\/be-healthy.taniko.me\/?post_type=product&#038;p=7206"},"modified":"2024-10-12T14:44:28","modified_gmt":"2024-10-12T14:44:28","slug":"nutiva-all-purpose-cooking-oil-organic-coconut-oil-15-fl-oz-444-ml","status":"publish","type":"product","link":"https:\/\/be-healthy.taniko.me\/uk\/product\/nutiva-all-purpose-cooking-oil-organic-coconut-oil-15-fl-oz-444-ml\/","title":{"rendered":"Nutiva, All-Purpose Cooking Oil, Organic Coconut Oil, 15 fl oz (444 ml)"},"content":{"rendered":"<div class=\"col-xs-24 col-md-14\">\n<div class=\"row item-row\">\n<div class=\"col-xs-24\">\n<h3>\u041e\u043f\u0438\u0441<\/h3>\n<p>&nbsp;<\/p>\n<p>Vjerujemo da svijetla budu\u0107nost za sve po\u010diva na zdravoj hrani.<\/p>\n<p>Revolucioniranje na\u010dina na koji svijet jede.<\/p>\n<p>Neutralan okus i vi\u0161enamjenska svestranost<\/p>\n<p>Uzgajano i pre\u0161ano na Filipinima iz organskih kokosa, Nutiva kokosovo ulje je rafinirano na pari bez upotrebe jakih kemikalija za neutralan okus i visoku to\u010dku dimljenja. Izvrsno za sve, od pirjanja preko pe\u010denja do njege tijela, ovo \u0107e brzo postati va\u0161e univerzalno ulje.<\/p>\n<h3>\u0420\u0435\u043a\u043e\u043c\u0435\u043d\u0434\u0430\u0446\u0456\u0457 \u0456\u0437 \u0437\u0430\u0441\u0442\u043e\u0441\u0443\u0432\u0430\u043d\u043d\u044f<\/h3>\n<p>Izvrstan za:<\/p>\n<ul>\n<li>Pirjanje<\/li>\n<li>Pe\u010denje<\/li>\n<li>Pr\u017eenje<\/li>\n<li>Njega tijela<\/li>\n<\/ul>\n<p>Toplina za kuhanje: visoka (do 400\u00b0F)<\/p>\n<h3>\u0406\u043d\u0448\u0456 \u0456\u043d\u0433\u0440\u0435\u0434\u0456\u0454\u043d\u0442\u0438<\/h3>\n<p>Organsko rafinirano pre\u0161ano kokosovo ulje.<\/p>\n<h3>\u041f\u043e\u043f\u0435\u0440\u0435\u0434\u0436\u0435\u043d\u043d\u044f<\/h3>\n<p>Skladi\u0161tenje: Hla\u0111enje nije potrebno. \u010cuvati izvan izravnog sun\u010devog svjetla. Kokosovo ulje je prirodno teku\u0107e na vi\u0161im temperaturama, a polukruto je do kruto na ni\u017eim temperaturama.<\/p>\n<p>Napomena: Varijacija boje od bijele do \u017eu\u0107kaste normalna je i ne utje\u010de na kvalitetu ili okus.<\/p>\n<\/div>\n<\/div>\n<div class=\"row item-row\">\n<div class=\"col-xs-24\"><\/div>\n<\/div>\n<div class=\"row item-row\">\n<div class=\"col-xs-24\"><\/div>\n<\/div>\n<\/div>\n<div class=\"col-xs-24 col-md-10\">\n<div class=\"supplement-facts-container\">\n<table border=\"1\" width=\"100%\" cellspacing=\"0\" cellpadding=\"3\">\n<tbody>\n<tr>\n<td colspan=\"3\"><strong>Nutritivne \u010dinjenice<\/strong><\/td>\n<\/tr>\n<tr>\n<td colspan=\"3\"><strong>Veli\u010dina porcije:<\/strong> 1 \u017elica (15 ml)<\/td>\n<\/tr>\n<tr>\n<td colspan=\"3\"><strong>Poslu\u017eivanje po spremniku<\/strong>: Oko 30<\/td>\n<\/tr>\n<tr>\n<td width=\"70%\"><\/td>\n<td width=\"15%\"><strong>\u041a\u0456\u043b\u044c\u043a\u0456\u0441\u0442\u044c \u0432 1 \u043f\u043e\u0440\u0446\u0456\u0457<\/strong><\/td>\n<td width=\"15%\"><strong>% Dnevna vrijednost*<\/strong><\/td>\n<\/tr>\n<tr>\n<td>Kalorije<\/td>\n<td>120<\/td>\n<td><\/td>\n<\/tr>\n<tr>\n<td>Ukupna mast<\/td>\n<td>14 g<\/td>\n<td>18%<\/td>\n<\/tr>\n<tr>\n<td>Zasi\u0107ene masti<\/td>\n<td>12 g<\/td>\n<td>60%<\/td>\n<\/tr>\n<tr>\n<td>Trans masti<\/td>\n<td>0 g<\/td>\n<td><\/td>\n<\/tr>\n<tr>\n<td>Polinezasi\u0107ene masti<\/td>\n<td>0 g<\/td>\n<td><\/td>\n<\/tr>\n<tr>\n<td>Mononezasi\u0107ene masti<\/td>\n<td>1 g<\/td>\n<td><\/td>\n<\/tr>\n<tr>\n<td>Kolesterol<\/td>\n<td>0 mg<\/td>\n<td>0%<\/td>\n<\/tr>\n<tr>\n<td>Natrij<\/td>\n<td>0 mg<\/td>\n<td>0%<\/td>\n<\/tr>\n<tr>\n<td>Ukupni ugljikohidrati<\/td>\n<td>0 g<\/td>\n<td>0%<\/td>\n<\/tr>\n<tr>\n<td>Protein<\/td>\n<td>0 g<\/td>\n<td><\/td>\n<\/tr>\n<tr>\n<td colspan=\"3\"><strong>Nije zna\u010dajan izvor dijetalnih vlakana, ukupnih \u0161e\u0107era, dodanih \u0161e\u0107era, vitamina D, kalcija, \u017eeljeza i kalija.<\/strong><\/td>\n<\/tr>\n<tr>\n<td colspan=\"3\">*% <strong>dnevne vrijednosti (DV) govori koliko nutrijent u porciji hrane doprinosi dnevnoj prehrani. 2000 kalorija dnevno koristi se za op\u0107i savjet o prehrani.<\/strong><\/td>\n<\/tr>\n<\/tbody>\n<\/table>\n<\/div>\n<\/div>","protected":false},"excerpt":{"rendered":"<ul>\n<li>USDA Organic<\/li>\n<li>Potvr\u0111en projekt bez GMO-a<\/li>\n<li>Ko\u0161er<\/li>\n<li>Neutralan okus<\/li>\n<li>Ne sadr\u017ei BPA<\/li>\n<li>Organsko certificirano od: QAI<\/li>\n<li>Whole30 Odobreno<\/li>\n<li>Gluten Fre<\/li>\n<\/ul>","protected":false},"featured_media":7208,"comment_status":"open","ping_status":"closed","template":"","meta":{"inline_featured_image":false},"product_cat":[89,28],"product_tag":[],"class_list":{"0":"post-7206","1":"product","2":"type-product","3":"status-publish","4":"has-post-thumbnail","6":"product_cat-coconut-oil","7":"product_cat-grocery","9":"first","10":"instock","11":"featured","12":"shipping-taxable","13":"purchasable","14":"product-type-simple"},"_links":{"self":[{"href":"https:\/\/be-healthy.taniko.me\/uk\/wp-json\/wp\/v2\/product\/7206","targetHints":{"allow":["GET"]}}],"collection":[{"href":"https:\/\/be-healthy.taniko.me\/uk\/wp-json\/wp\/v2\/product"}],"about":[{"href":"https:\/\/be-healthy.taniko.me\/uk\/wp-json\/wp\/v2\/types\/product"}],"replies":[{"embeddable":true,"href":"https:\/\/be-healthy.taniko.me\/uk\/wp-json\/wp\/v2\/comments?post=7206"}],"wp:featuredmedia":[{"embeddable":true,"href":"https:\/\/be-healthy.taniko.me\/uk\/wp-json\/wp\/v2\/media\/7208"}],"wp:attachment":[{"href":"https:\/\/be-healthy.taniko.me\/uk\/wp-json\/wp\/v2\/media?parent=7206"}],"wp:term":[{"taxonomy":"product_cat","embeddable":true,"href":"https:\/\/be-healthy.taniko.me\/uk\/wp-json\/wp\/v2\/product_cat?post=7206"},{"taxonomy":"product_tag","embeddable":true,"href":"https:\/\/be-healthy.taniko.me\/uk\/wp-json\/wp\/v2\/product_tag?post=7206"}],"curies":[{"name":"wp","href":"https:\/\/api.w.org\/{rel}","templated":true}]}}