{"id":7209,"date":"2024-02-27T17:54:55","date_gmt":"2024-02-27T17:54:55","guid":{"rendered":"https:\/\/be-healthy.taniko.me\/?post_type=product&#038;p=7209"},"modified":"2024-10-11T22:34:30","modified_gmt":"2024-10-11T22:34:30","slug":"optimum-nutrition-micronized-creatine-capsules-2-5-g-200-capsules-1-25-g-per-capsule","status":"publish","type":"product","link":"https:\/\/be-healthy.taniko.me\/uk\/product\/optimum-nutrition-micronized-creatine-capsules-2-5-g-200-capsules-1-25-g-per-capsule\/","title":{"rendered":"Optimum Nutrition, Micronized Creatine Capsules, 2.5 g, 200 Capsules (1.25 g per Capsule )"},"content":{"rendered":"<div class=\"col-xs-24 col-md-14\">\n<div class=\"row item-row\">\n<div class=\"col-xs-24\">\n<h3>\u041e\u043f\u0438\u0441<\/h3>\n<p>Kreatin monohidrat<\/p>\n<p>Omogu\u0107uje 2,5 g 100% \u010distog kreatin monohidrata &#8211; jednog od naj\u010de\u0161\u0107e prou\u010davanih sastojaka dodataka &#8211; za pomo\u0107 pri recikliranju ATP-a za eksplozivne pokrete. Kreatin monohidrat podupire izgradnju mi\u0161i\u0107a, oporavak, performanse, snagu i mo\u0107.\u2021<\/p>\n<p>Vjeruje se da Optimum\u00ae Nutrition pru\u017ea najvi\u0161u kvalitetu u oporavku nakon treninga, energiji prije treninga i sportskoj prehrani u pokretu vi\u0161e od 30 godina iu vi\u0161e od 90 zemalja. Nakon pa\u017eljivog odabira dobavlja\u010da, svaki se sastojak testira kako bi se osigurala iznimna \u010disto\u0107a, mo\u0107 i sastav. Dr\u017eimo se najvi\u0161ih proizvodnih standarda, a sve kako biste mogli otklju\u010dati puni potencijal svog tijela.<\/p>\n<p>\u2021Kada se koristi prema uputama tijekom vremena zajedno s redovitim vje\u017ebama otpora.<\/p>\n<h4>\u0420\u0435\u043a\u043e\u043c\u0435\u043d\u0434\u0430\u0446\u0456\u0457 \u0456\u0437 \u0437\u0430\u0441\u0442\u043e\u0441\u0443\u0432\u0430\u043d\u043d\u044f<\/h4>\n<p>Uzmite 2 kapsule uz obrok dva puta dnevno. Savjeti: Konzumacija ugljikohidrata poma\u017ee u zadr\u017eavanju kreatina u mi\u0161i\u0107ima.<\/p>\n<p>Namijenjen za upotrebu kod zdravih odraslih osoba i kao dio zdrave, uravnote\u017eene prehrane i programa vje\u017ebanja.<\/p>\n<h4>\u0406\u043d\u0448\u0456 \u0456\u043d\u0433\u0440\u0435\u0434\u0456\u0454\u043d\u0442\u0438<\/h4>\n<p>\u017delatina, magnezijev stearat.<\/p>\n<h4>\u041f\u043e\u043f\u0435\u0440\u0435\u0434\u0436\u0435\u043d\u043d\u044f<\/h4>\n<p>Posavjetujte se sa svojim lije\u010dnikom prije upotrebe ovog proizvoda ako uzimate bilo kakve lijekove ili ste pod lije\u010dni\u010dkom paskom zbog zdravstvenog stanja. Nije za osobe mla\u0111e od 18 godina ili \u017eene koje su trudne, poku\u0161avaju zatrudnjeti ili doje.<\/p>\n<p>\u0417\u0431\u0435\u0440\u0456\u0433\u0430\u0442\u0438 \u0432 \u0441\u0443\u0445\u043e\u043c\u0443 \u043f\u0440\u043e\u0445\u043e\u043b\u043e\u0434\u043d\u043e\u043c\u0443 \u043c\u0456\u0441\u0446\u0456.<\/p>\n<\/div>\n<\/div>\n<div class=\"row item-row\">\n<div class=\"col-xs-24\"><\/div>\n<\/div>\n<div class=\"row item-row\">\n<div class=\"col-xs-24\"><\/div>\n<\/div>\n<\/div>\n<div class=\"col-xs-24 col-md-10\">\n<div class=\"supplement-facts-container\">\n<table border=\"1\" width=\"100%\" cellspacing=\"0\" cellpadding=\"3\">\n<tbody>\n<tr valign=\"top\">\n<td colspan=\"3\"><strong>Supplement Facts<\/strong><\/td>\n<\/tr>\n<tr valign=\"top\">\n<td colspan=\"3\"><strong>Serving Size:<\/strong>\u00a02 Capsules<\/td>\n<\/tr>\n<tr valign=\"top\">\n<td colspan=\"3\"><strong>Servings Per Container:\u00a0<\/strong>100<\/td>\n<\/tr>\n<tr valign=\"top\">\n<td width=\"70%\"><\/td>\n<td width=\"15%\"><strong>Amount Per Serving<\/strong><\/td>\n<td width=\"15%\"><strong>%Daily Value<\/strong><\/td>\n<\/tr>\n<tr valign=\"top\">\n<td>Creatine Monohydrate<\/td>\n<td>2.5 g<\/td>\n<td>*<\/td>\n<\/tr>\n<tr valign=\"top\">\n<td colspan=\"3\">*Daily Value not established.<\/td>\n<\/tr>\n<\/tbody>\n<\/table>\n<\/div>\n<\/div>","protected":false},"excerpt":{"rendered":"<ul>\n<li>For Muscle Building Support\u2021<\/li>\n<li>100% Pure Creatine Monohydrate<\/li>\n<li>Supports Explosive Movements When Used as Directed\u2021<\/li>\n<li>2.5 g Per Serving<\/li>\n<li>Supports Muscle Strength &amp; Power\u2021<\/li>\n<li>Banned Substance Tested<\/li>\n<li>Creatine Supplement<\/li>\n<li>100 Servings<br \/>\nAuthentic Optimum Nutrition Product<br \/>\nInformed Choice &#8211; We Test You Trust<br \/>\nRegularly Tested for Banned Substances<\/li>\n<\/ul>","protected":false},"featured_media":7211,"comment_status":"open","ping_status":"closed","template":"","meta":{"inline_featured_image":false},"product_cat":[84,24],"product_tag":[],"class_list":{"0":"post-7209","1":"product","2":"type-product","3":"status-publish","4":"has-post-thumbnail","6":"product_cat-creatine","7":"product_cat-sport","9":"first","10":"instock","11":"featured","12":"shipping-taxable","13":"purchasable","14":"product-type-simple"},"_links":{"self":[{"href":"https:\/\/be-healthy.taniko.me\/uk\/wp-json\/wp\/v2\/product\/7209","targetHints":{"allow":["GET"]}}],"collection":[{"href":"https:\/\/be-healthy.taniko.me\/uk\/wp-json\/wp\/v2\/product"}],"about":[{"href":"https:\/\/be-healthy.taniko.me\/uk\/wp-json\/wp\/v2\/types\/product"}],"replies":[{"embeddable":true,"href":"https:\/\/be-healthy.taniko.me\/uk\/wp-json\/wp\/v2\/comments?post=7209"}],"wp:featuredmedia":[{"embeddable":true,"href":"https:\/\/be-healthy.taniko.me\/uk\/wp-json\/wp\/v2\/media\/7211"}],"wp:attachment":[{"href":"https:\/\/be-healthy.taniko.me\/uk\/wp-json\/wp\/v2\/media?parent=7209"}],"wp:term":[{"taxonomy":"product_cat","embeddable":true,"href":"https:\/\/be-healthy.taniko.me\/uk\/wp-json\/wp\/v2\/product_cat?post=7209"},{"taxonomy":"product_tag","embeddable":true,"href":"https:\/\/be-healthy.taniko.me\/uk\/wp-json\/wp\/v2\/product_tag?post=7209"}],"curies":[{"name":"wp","href":"https:\/\/api.w.org\/{rel}","templated":true}]}}