{"id":7212,"date":"2024-02-27T18:00:27","date_gmt":"2024-02-27T18:00:27","guid":{"rendered":"https:\/\/be-healthy.taniko.me\/?post_type=product&#038;p=7212"},"modified":"2024-10-11T22:13:22","modified_gmt":"2024-10-11T22:13:22","slug":"now-foods-sports-creatine-monohydrate-750-mg-120-veg-capsules","status":"publish","type":"product","link":"https:\/\/be-healthy.taniko.me\/uk\/product\/now-foods-sports-creatine-monohydrate-750-mg-120-veg-capsules\/","title":{"rendered":"NOW Foods, Sports, Creatine Monohydrate, 750 mg, 120 Veg Capsules"},"content":{"rendered":"<div class=\"col-xs-24 col-md-14\">\n<div class=\"row item-row\">\n<div class=\"col-xs-24\">\n<h3>\u041e\u043f\u0438\u0441<\/h3>\n<p>Kreatin je spoj koji se prirodno pojavljuje u tijelu, prvenstveno u skeletnim mi\u0161i\u0107ima. Funkcija kreatina je da slu\u017ei kao prethodnik adenozin trifosfata (ATP), oblika kemijske energije koju koriste sve stanice. Tjelesne zalihe kreatina stvaraju spremnik lako dostupnog ATP-a za energiju, koji je neophodan za poticanje brzih naleta snage i snage. Studije su pokazale da suplementacija kreatinom mo\u017ee pomo\u0107i u odr\u017eavanju postoje\u0107eg mi\u0161i\u0107nog tkiva, podr\u017eati rast i razvoj nemasne mase i promicati optimalnu izvedbu tijekom kratkih napada intenzivne vje\u017ebe. NOW\u00ae kreatin monohidrat ne sadr\u017ei aditive niti konzervanse.<\/p>\n<h4>\u0420\u0435\u043a\u043e\u043c\u0435\u043d\u0434\u0430\u0446\u0456\u0457 \u0456\u0437 \u0437\u0430\u0441\u0442\u043e\u0441\u0443\u0432\u0430\u043d\u043d\u044f<\/h4>\n<p>Uzmite 6 kapsula s vo\u0107nim sokom ili drugom zasla\u0111enom teku\u0107inom 3 do 4 puta dnevno, prije i poslije vje\u017ebanja, tijekom prvih 7 dana. Nakon toga, za odr\u017eavanje, konzumirajte 6 kapsula 1 do 3 puta dnevno. Ostavite 3 do 4 sata izme\u0111u doza. Za kontinuiranu upotrebu dulju od 28 dana, koristite jednu porciju (6 kapsula) dnevno. Uz ovaj proizvod unosite puno teku\u0107ine.<\/p>\n<h4>\u0406\u043d\u0448\u0456 \u0456\u043d\u0433\u0440\u0435\u0434\u0456\u0454\u043d\u0442\u0438<\/h4>\n<p>Hipromeloza (celulozna kapsula) i stearinska kiselina (biljni izvor).<\/p>\n<p>Nije proizveden od sastojaka kvasca, p\u0161enice, glutena, soje, kukuruza, mlijeka, jaja, ribe, \u0161koljki, ora\u0161astih plodova ili sezama. Proizvedeno u GMP postrojenju koje obra\u0111uje druge sastojke koji sadr\u017ee te alergene.<\/p>\n<h4>\u041f\u043e\u043f\u0435\u0440\u0435\u0434\u0436\u0435\u043d\u043d\u044f<\/h4>\n<p>Samo za odrasle. Posavjetujte se s lije\u010dnikom ako ste trudni\/dojite, uzimate lijekove ili imate zdravstveno stanje (osobito stanje bubrega). \u010cuvati izvan dohvata djece.<\/p>\n<p>U ovom proizvodu mo\u017ee do\u0107i do prirodne varijacije boje.<\/p>\n<p>Nakon otvaranja \u010duvati na hladnom, suhom i tamnom mjestu.<\/p>\n<\/div>\n<\/div>\n<div class=\"row item-row\">\n<div class=\"col-xs-24\"><\/div>\n<\/div>\n<div class=\"row item-row\">\n<div class=\"col-xs-24\"><\/div>\n<\/div>\n<\/div>\n<div class=\"col-xs-24 col-md-10\">\n<div class=\"supplement-facts-container\">\n<table border=\"1\" width=\"100%\" cellspacing=\"0\" cellpadding=\"3\">\n<tbody>\n<tr valign=\"top\">\n<td colspan=\"3\"><strong>\u041f\u043e\u0436\u0438\u0432\u043d\u0430 \u0446\u0456\u043d\u043d\u0456\u0441\u0442\u044c<\/strong><\/td>\n<\/tr>\n<tr valign=\"top\">\n<td colspan=\"3\"><strong>Veli\u010dina porcije:<\/strong> 6 vegetarijanskih kapsula<\/td>\n<\/tr>\n<tr valign=\"top\">\n<td colspan=\"3\"><strong>\u041f\u043e\u0440\u0446\u0456\u0439 \u0432 \u0443\u043f\u0430\u043a\u043e\u0432\u0446\u0456<\/strong> 20<\/td>\n<\/tr>\n<tr valign=\"top\">\n<td width=\"70%\"><\/td>\n<td width=\"15%\"><strong>\u041a\u0456\u043b\u044c\u043a\u0456\u0441\u0442\u044c \u0432 1 \u043f\u043e\u0440\u0446\u0456\u0457<\/strong><\/td>\n<td width=\"15%\"><strong>% \u0432\u0456\u0434 \u0434\u043e\u0431\u043e\u0432\u043e\u0457 \u043d\u043e\u0440\u043c\u0438<\/strong><\/td>\n<\/tr>\n<tr valign=\"top\">\n<td class=\"\">Kreatin monohidrat<\/td>\n<td>4.5 g (4,500 mg)<\/td>\n<td>**<\/td>\n<\/tr>\n<tr valign=\"top\">\n<td colspan=\"3\">**Dnevna vrijednost nije utvr\u0111ena.<\/td>\n<\/tr>\n<\/tbody>\n<\/table>\n<\/div>\n<\/div>","protected":false},"excerpt":{"rendered":"<ul>\n<li>Masovna izgradnja \/ proizvodnja energije<\/li>\n<li>Mi\u0161i\u0107no gorivo<\/li>\n<li>Mr\u0161ava masa<\/li>\n<li>Informirani sport &#8211; testiramo va\u0161e povjerenje<\/li>\n<li>\u0414\u0456\u0454\u0442\u0438\u0447\u043d\u0430 \u0434\u043e\u0431\u0430\u0432\u043a\u0430<\/li>\n<li>Bez steroida<\/li>\n<li>Veganska<\/li>\n<li>Ko\u0161er<\/li>\n<li>\u0411\u0435\u0437 \u0413\u041c\u041e<\/li>\n<li>Halal<\/li>\n<li>Zajam\u010dena GMP kvaliteta<\/li>\n<\/ul>","protected":false},"featured_media":7214,"comment_status":"open","ping_status":"closed","template":"","meta":{"inline_featured_image":false},"product_cat":[84,24],"product_tag":[],"class_list":{"0":"post-7212","1":"product","2":"type-product","3":"status-publish","4":"has-post-thumbnail","6":"product_cat-creatine","7":"product_cat-sport","9":"first","10":"instock","11":"featured","12":"shipping-taxable","13":"purchasable","14":"product-type-simple"},"_links":{"self":[{"href":"https:\/\/be-healthy.taniko.me\/uk\/wp-json\/wp\/v2\/product\/7212","targetHints":{"allow":["GET"]}}],"collection":[{"href":"https:\/\/be-healthy.taniko.me\/uk\/wp-json\/wp\/v2\/product"}],"about":[{"href":"https:\/\/be-healthy.taniko.me\/uk\/wp-json\/wp\/v2\/types\/product"}],"replies":[{"embeddable":true,"href":"https:\/\/be-healthy.taniko.me\/uk\/wp-json\/wp\/v2\/comments?post=7212"}],"wp:featuredmedia":[{"embeddable":true,"href":"https:\/\/be-healthy.taniko.me\/uk\/wp-json\/wp\/v2\/media\/7214"}],"wp:attachment":[{"href":"https:\/\/be-healthy.taniko.me\/uk\/wp-json\/wp\/v2\/media?parent=7212"}],"wp:term":[{"taxonomy":"product_cat","embeddable":true,"href":"https:\/\/be-healthy.taniko.me\/uk\/wp-json\/wp\/v2\/product_cat?post=7212"},{"taxonomy":"product_tag","embeddable":true,"href":"https:\/\/be-healthy.taniko.me\/uk\/wp-json\/wp\/v2\/product_tag?post=7212"}],"curies":[{"name":"wp","href":"https:\/\/api.w.org\/{rel}","templated":true}]}}