{"id":7215,"date":"2024-02-28T22:37:12","date_gmt":"2024-02-28T22:37:12","guid":{"rendered":"https:\/\/be-healthy.taniko.me\/?post_type=product&#038;p=7215"},"modified":"2024-10-11T21:51:36","modified_gmt":"2024-10-11T21:51:36","slug":"muscletech-cell-tech-creactor-creatine-hcl-free-acid-creatine-unflavored-8-30-oz-235-g","status":"publish","type":"product","link":"https:\/\/be-healthy.taniko.me\/uk\/product\/muscletech-cell-tech-creactor-creatine-hcl-free-acid-creatine-unflavored-8-30-oz-235-g\/","title":{"rendered":"MuscleTech, Cell Tech CREACTOR, Creatine HCl + Free-Acid Creatine, Unflavored, 8.30 oz (235 g)"},"content":{"rendered":"<div class=\"col-xs-24 col-md-14\">\n<div class=\"row item-row\">\n<div class=\"col-xs-24\">\n<h3><strong>\u041e\u043f\u0438\u0441<\/strong><\/h3>\n<div>\n<p>Klini\u010dki dokazana maksimalna mo\u0107<\/p>\n<p>Posebno formuliran i znanstveno potkrijepljen za one koji odbijaju prihvatiti status quo, svako poslu\u017eivanje Cell-Tech\u00ae Creactor\u00ae donosi kreatin hidroklorid (HCl). Ova sna\u017ena formula izra\u0111ena je od ultra \u010distih sastojaka, uklju\u010duju\u0107i kreatin slobodne kiseline s apsolutno nula punila, ugljikohidrata ili masti.<\/p>\n<p>Svestrani izvo\u0111a\u010d<\/p>\n<p>Bilo da gradite vlastiti stack ili \u017eelite visokooktanski dodatak koji sadr\u017ei samo kreatin, mi vam stojimo na raspolaganju. Cell-Tech\u00ae Creactor\u00ae je nevjerojatno svestran i dobro se sla\u017ee s drugim proteinima, prije treninga i BCAA. Otklju\u010dajte vrstu potencijala koju tra\u017eite kada se radi o izgradnji vi\u0161e snage, pobolj\u0161anju vremena oporavka ili pove\u0107anju produktivnosti i rezultata vje\u017ebanja.<\/p>\n<p>Pobolj\u0161ana veli\u010dina, snaga i oporavak<\/p>\n<p>Koli\u010dina kreatina koja se nalazi u samo dvije super-koncentrirane mjerice Cell-Tech\u00ae Creactor\u00ae znanstveno je dokazano da pove\u0107ava mi\u0161i\u0107nu snagu, veli\u010dinu i izvedbu. Sna\u017ena mo\u0107 koja je spremna.<\/p>\n<p>Poja\u010dana sinteza ATP-a<\/p>\n<p>Ova formula brzo pove\u0107ava sposobnost va\u0161ih mi\u0161i\u0107nih stanica da regeneriraju adenozin trifosfat (ATP) &#8211; njihov primarni izvor anaerobne energije &#8211; tako da se mo\u017eete br\u017ee oporaviti izme\u0111u serija. Sudbina nije stvar slu\u010dajnosti &#8211; to je stvar izbora. Dakle, odaberite Cell-Tech\u00ae Creactor\u00ae i vratite mu se br\u017ee od konkurencije.<\/p>\n<p>Sve ubojito, bez punila<\/p>\n<p>Kada je u pitanju optimizacija performansi, ne tra\u017eite ni\u0161ta vi\u0161e od upravo onoga \u0161to vam je potrebno. Cell-Tech\u00ae Creactor\u00ae tako\u0111er isporu\u010duje ultra-\u010disti kreatin sa slobodnom kiselinom &#8211; tako da izbjegavate nadutost \u017eeluca i da ga nikada ne morate puniti ili kru\u017eiti.<\/p>\n<p>\u2021 Na temelju AC Nielsen xAOC kombinirane ukupne prodaje za MuscleTech\u00ae i Six Star\u00ae dodatke u prahu i tabletama.<\/p>\n<\/div>\n<\/div>\n<\/div>\n<div class=\"row item-row\">\n<div class=\"col-xs-24\">\n<p><strong>\u0420\u0435\u043a\u043e\u043c\u0435\u043d\u0434\u0430\u0446\u0456\u0457 \u0456\u0437 \u0437\u0430\u0441\u0442\u043e\u0441\u0443\u0432\u0430\u043d\u043d\u044f<\/strong><\/p>\n<p>Pomije\u0161ajte 1 mjericu sa 6 do 8 oz. vode ili pomije\u0161ajte 2 mjerice s 12 do 16 oz. od vode. Uzmite 2 mjerice dnevno. Pijte 8 do 10 \u010da\u0161a vode dnevno za op\u0107e dobro zdravlje. Pro\u010ditajte cijelu naljepnicu prije uporabe i slijedite prilo\u017eene upute.<\/p>\n<p><strong>\u0406\u043d\u0448\u0456 \u0456\u043d\u0433\u0440\u0435\u0434\u0456\u0454\u043d\u0442\u0438<\/strong><\/p>\n<p>Ksantan guma, limunska kiselina, prirodna aroma, kalcijev silikat, silicijev dioksid, acesulfam-kalij, sukraloza.<\/p>\n<p>Prera\u0111eno u postrojenju koje prera\u0111uje sastojke mlijeka, jaja, p\u0161enice, soje, kikirikija, ora\u0161astih plodova, ribe i \u0161koljki.<\/p>\n<p>\u041f\u043e\u043f\u0435\u0440\u0435\u0434\u0436\u0435\u043d\u043d\u044f<\/p>\n<p>Nije namijenjeno osobama mla\u0111im od 18 godina.<\/p>\n<p>Nemojte koristiti ako ste trudni ili dojite. Posavjetujte se s lije\u010dnikom prije nego zapo\u010dnete bilo kakvu dijetu ili program vje\u017ebanja ili ako imate zdravstveno stanje. \u010cuvati izvan dohvata djece.<\/p>\n<p>Nemojte koristiti ako je pakiranje neovla\u0161teno mijenjano. \u010cuvajte na hladnom i suhom mjestu (60\u00baF do 80\u00baF).<\/p>\n<\/div>\n<\/div>\n<div class=\"row item-row\">\n<div class=\"col-xs-24\"><\/div>\n<\/div>\n<\/div>\n<div class=\"col-xs-24 col-md-10\">\n<div class=\"supplement-facts-container\">\n<table border=\"1\" width=\"100%\" cellspacing=\"0\" cellpadding=\"3\">\n<tbody>\n<tr valign=\"top\">\n<td colspan=\"3\"><strong>\u041f\u043e\u0436\u0438\u0432\u043d\u0430 \u0446\u0456\u043d\u043d\u0456\u0441\u0442\u044c<\/strong><\/td>\n<\/tr>\n<tr valign=\"top\">\n<td colspan=\"3\"><strong>\u0420\u043e\u0437\u043c\u0456\u0440 \u043f\u043e\u0440\u0446\u0456\u0457:<\/strong> 1 mjerica (2 g)<\/td>\n<\/tr>\n<tr valign=\"top\">\n<td colspan=\"3\"><strong>\u041f\u043e\u0440\u0446\u0456\u0439 \u0432 \u0443\u043f\u0430\u043a\u043e\u0432\u0446\u0456<\/strong> Pribl. 120<\/td>\n<\/tr>\n<tr valign=\"top\" data-id=\"froala_33\">\n<td width=\"70%\"><\/td>\n<td width=\"15%\"><strong>Koli\u010dina po obroku:<\/strong><\/td>\n<td width=\"15%\"><strong>% Dnevna vrijednost<\/strong><\/td>\n<\/tr>\n<tr>\n<td>Ukupna mast<\/td>\n<td>0 g<\/td>\n<td>0%*<\/td>\n<\/tr>\n<tr>\n<td>Ukupni ugljikohidrati<\/td>\n<td>0 g<\/td>\n<td>0%*<\/td>\n<\/tr>\n<tr>\n<td>Natrij<\/td>\n<td>10 mg<\/td>\n<td>&lt;1%<\/td>\n<\/tr>\n<tr valign=\"top\" data-id=\"froala_34\">\n<td>Kreatin hidroklorid<\/td>\n<td>750 mg<\/td>\n<td>\u2020<\/td>\n<\/tr>\n<tr valign=\"top\" data-id=\"froala_35\">\n<td>Kreatin slobodne kiseline<\/td>\n<td>750 mg<\/td>\n<td>\u2020<\/td>\n<\/tr>\n<tr valign=\"top\">\n<td colspan=\"3\">*Postotak dnevnih vrijednosti temelji se na dijeti od 2000 kalorija.<br \/>\n\u2020Dnevna vrijednost nije utvr\u0111ena.<\/td>\n<\/tr>\n<\/tbody>\n<\/table>\n<\/div>\n<\/div>","protected":false},"excerpt":{"rendered":"<ul>\n<li>Od ameri\u010dke broj 1 tvrtke za prodaju dodataka prehrani\u2021<\/li>\n<li>Prirodni okusi<\/li>\n<li>\u0414\u0456\u0454\u0442\u0438\u0447\u043d\u0430 \u0434\u043e\u0431\u0430\u0432\u043a\u0430<\/li>\n<li>Pove\u0107ajte veli\u010dinu, snagu i oporavak<\/li>\n<li>Dvostruki kreatin od konkurencije<\/li>\n<li>750 mg kreatin HCl<\/li>\n<li>750 mg kreatina slobodne kiseline<\/li>\n<\/ul>","protected":false},"featured_media":7217,"comment_status":"open","ping_status":"closed","template":"","meta":{"inline_featured_image":false},"product_cat":[84,24],"product_tag":[],"class_list":{"0":"post-7215","1":"product","2":"type-product","3":"status-publish","4":"has-post-thumbnail","6":"product_cat-creatine","7":"product_cat-sport","9":"first","10":"instock","11":"featured","12":"shipping-taxable","13":"product-type-simple"},"_links":{"self":[{"href":"https:\/\/be-healthy.taniko.me\/uk\/wp-json\/wp\/v2\/product\/7215","targetHints":{"allow":["GET"]}}],"collection":[{"href":"https:\/\/be-healthy.taniko.me\/uk\/wp-json\/wp\/v2\/product"}],"about":[{"href":"https:\/\/be-healthy.taniko.me\/uk\/wp-json\/wp\/v2\/types\/product"}],"replies":[{"embeddable":true,"href":"https:\/\/be-healthy.taniko.me\/uk\/wp-json\/wp\/v2\/comments?post=7215"}],"wp:featuredmedia":[{"embeddable":true,"href":"https:\/\/be-healthy.taniko.me\/uk\/wp-json\/wp\/v2\/media\/7217"}],"wp:attachment":[{"href":"https:\/\/be-healthy.taniko.me\/uk\/wp-json\/wp\/v2\/media?parent=7215"}],"wp:term":[{"taxonomy":"product_cat","embeddable":true,"href":"https:\/\/be-healthy.taniko.me\/uk\/wp-json\/wp\/v2\/product_cat?post=7215"},{"taxonomy":"product_tag","embeddable":true,"href":"https:\/\/be-healthy.taniko.me\/uk\/wp-json\/wp\/v2\/product_tag?post=7215"}],"curies":[{"name":"wp","href":"https:\/\/api.w.org\/{rel}","templated":true}]}}