{"id":7218,"date":"2024-02-28T22:58:15","date_gmt":"2024-02-28T22:58:15","guid":{"rendered":"https:\/\/be-healthy.taniko.me\/?post_type=product&#038;p=7218"},"modified":"2024-10-10T22:42:05","modified_gmt":"2024-10-10T22:42:05","slug":"now-foods-psyllium-husk-caps-700-mg-180-veg-capsules","status":"publish","type":"product","link":"https:\/\/be-healthy.taniko.me\/uk\/product\/now-foods-psyllium-husk-caps-700-mg-180-veg-capsules\/","title":{"rendered":"NOW Foods, Psyllium Husk Caps, 700 mg, 180 Veg Capsules"},"content":{"rendered":"<div class=\"col-xs-24 col-md-14\">\n<div class=\"row item-row\">\n<div class=\"col-xs-24\">\n<h3>\u041e\u043f\u0438\u0441<\/h3>\n<p>Istra\u017eivanja su pokazala da je sadr\u017eaj vlakana u ameri\u010dkoj prehrani obi\u010dno oko polovice preporu\u010denih razina. Psyllium ljuske i jabu\u010dni pektin mogu biti prikladan na\u010din za pove\u0107anje unosa dijetalnih vlakana. Psyllium ima sposobnost bubrenja do 50 puta ve\u0107eg volumena kada se doda u teku\u0107inu. Ovo pove\u0107anje volumena mo\u017ee igrati va\u017enu ulogu u odr\u017eavanju pravilnosti i zdravlja probavnog sustava.<\/p>\n<h4>\u0420\u0435\u043a\u043e\u043c\u0435\u043d\u0434\u0430\u0446\u0456\u0457 \u0456\u0437 \u0437\u0430\u0441\u0442\u043e\u0441\u0443\u0432\u0430\u043d\u043d\u044f<\/h4>\n<p>Uzmite 2 kapsule s 8 oz \u010da\u0161e teku\u0107ine, 2 do 3 puta dnevno.<\/p>\n<h4>\u0406\u043d\u0448\u0456 \u0456\u043d\u0433\u0440\u0435\u0434\u0456\u0454\u043d\u0442\u0438<\/h4>\n<p>Hipromeloza (celulozna kapsula), stearinska kiselina (biljni izvor) i silicijev dioksid.<\/p>\n<p>Nije proizveden od sastojaka kvasca, p\u0161enice, glutena, soje, mlijeka, jaja, ribe, \u0161koljki ili ora\u0161astih plodova.<\/p>\n<p>Proizvedeno u GMP postrojenju koje obra\u0111uje druge sastojke koji sadr\u017ee te alergene.<\/p>\n<h4>\u041f\u043e\u043f\u0435\u0440\u0435\u0434\u0436\u0435\u043d\u043d\u044f<\/h4>\n<p>Samo za odrasle. Posavjetujte se s lije\u010dnikom ako ste trudni\/dojite, uzimate lijekove ili imate zdravstveno stanje. \u010cuvati izvan dohvata djece.<\/p>\n<p>Ovaj proizvod treba uzeti s najmanje punom \u010da\u0161om teku\u0107ine. Uzimanje ovog proizvoda bez dovoljno teku\u0107ine mo\u017ee izazvati gu\u0161enje. Nemojte uzimati ovaj proizvod ako imate pote\u0161ko\u0107a s gutanjem.<\/p>\n<p>U ovom proizvodu mo\u017ee do\u0107i do prirodne varijacije boje.<\/p>\n<p>\u010cuvati na hladnom i suhom mjestu nakon otvaranja.<\/p>\n<\/div>\n<\/div>\n<div class=\"row item-row\">\n<div class=\"col-xs-24\"><\/div>\n<\/div>\n<div class=\"row item-row\">\n<div class=\"col-xs-24\"><\/div>\n<\/div>\n<\/div>\n<div class=\"col-xs-24 col-md-10\">\n<div class=\"supplement-facts-container\">\n<table border=\"1\" width=\"100%\" cellspacing=\"0\" cellpadding=\"3\">\n<tbody>\n<tr>\n<td class=\"\" colspan=\"3\"><strong>Supplement Facts<\/strong><\/td>\n<\/tr>\n<tr>\n<td colspan=\"3\"><strong>Serving Size:<\/strong>\u00a02 Veg Capsules<\/td>\n<\/tr>\n<tr>\n<td colspan=\"3\"><strong>Servings Per Container:<\/strong>\u00a090<\/td>\n<\/tr>\n<tr>\n<td width=\"70%\"><\/td>\n<td width=\"15%\"><strong>Amount Per Serving<\/strong><\/td>\n<td width=\"15%\"><strong>% Daily Value<\/strong><\/td>\n<\/tr>\n<tr>\n<td>Calories\u2020\u2020<\/td>\n<td>5<\/td>\n<td><\/td>\n<\/tr>\n<tr>\n<td>Total Carbohydrate<\/td>\n<td>1 g<\/td>\n<td>&lt;1%**<\/td>\n<\/tr>\n<tr>\n<td>Dietary Fiber<\/td>\n<td>1 g<\/td>\n<td>4%**<\/td>\n<\/tr>\n<tr>\n<td>Soluble Fiber<\/td>\n<td>0.9 g<\/td>\n<td>\u2020<\/td>\n<\/tr>\n<tr>\n<td>Insoluble Fiber<\/td>\n<td>0.1 g<\/td>\n<td>\u2020<\/td>\n<\/tr>\n<tr>\n<td>Psyllium Husk Powder (Husk\/Seed)<\/td>\n<td>1.4 g (1,400 mg)<\/td>\n<td>\u2020<\/td>\n<\/tr>\n<tr>\n<td>Apple Pectin Powder<\/td>\n<td>100 mg<\/td>\n<td>\u2020<\/td>\n<\/tr>\n<tr>\n<td class=\"\" colspan=\"3\">** Percent daily values are based on a 2,000 calorie diet.<br \/>\n\u2020 Daily Value not established.<br \/>\n\u2020\u2020 Fiber is not digested, thus has no caloric effect.<\/td>\n<\/tr>\n<\/tbody>\n<\/table>\n<\/div>\n<\/div>","protected":false},"excerpt":{"rendered":"<ul>\n<li>Zdravlje crijeva<\/li>\n<li>Sa 50 mg jabu\u010dnog pektina<\/li>\n<li>Poma\u017ee u odr\u017eavanju pravilnosti<\/li>\n<li>\u0411\u0435\u0437 \u0413\u041c\u041e<\/li>\n<li>\u0414\u0456\u0454\u0442\u0438\u0447\u043d\u0430 \u0434\u043e\u0431\u0430\u0432\u043a\u0430<\/li>\n<li>Vegetarijanac\/vegan<\/li>\n<li>Ko\u0161er<\/li>\n<li>Probavni<\/li>\n<li>U obiteljskom vlasni\u0161tvu od 1968<\/li>\n<li>Zajam\u010dena GMP kvaliteta<\/li>\n<\/ul>","protected":false},"featured_media":7229,"comment_status":"open","ping_status":"closed","template":"","meta":{"inline_featured_image":false},"product_cat":[15,45],"product_tag":[],"class_list":{"0":"post-7218","1":"product","2":"type-product","3":"status-publish","4":"has-post-thumbnail","6":"product_cat-supplements","7":"product_cat-detox-cleans","9":"first","10":"instock","11":"featured","12":"shipping-taxable","13":"purchasable","14":"product-type-simple"},"_links":{"self":[{"href":"https:\/\/be-healthy.taniko.me\/uk\/wp-json\/wp\/v2\/product\/7218","targetHints":{"allow":["GET"]}}],"collection":[{"href":"https:\/\/be-healthy.taniko.me\/uk\/wp-json\/wp\/v2\/product"}],"about":[{"href":"https:\/\/be-healthy.taniko.me\/uk\/wp-json\/wp\/v2\/types\/product"}],"replies":[{"embeddable":true,"href":"https:\/\/be-healthy.taniko.me\/uk\/wp-json\/wp\/v2\/comments?post=7218"}],"wp:featuredmedia":[{"embeddable":true,"href":"https:\/\/be-healthy.taniko.me\/uk\/wp-json\/wp\/v2\/media\/7229"}],"wp:attachment":[{"href":"https:\/\/be-healthy.taniko.me\/uk\/wp-json\/wp\/v2\/media?parent=7218"}],"wp:term":[{"taxonomy":"product_cat","embeddable":true,"href":"https:\/\/be-healthy.taniko.me\/uk\/wp-json\/wp\/v2\/product_cat?post=7218"},{"taxonomy":"product_tag","embeddable":true,"href":"https:\/\/be-healthy.taniko.me\/uk\/wp-json\/wp\/v2\/product_tag?post=7218"}],"curies":[{"name":"wp","href":"https:\/\/api.w.org\/{rel}","templated":true}]}}