{"id":7233,"date":"2024-03-02T10:45:50","date_gmt":"2024-03-02T10:45:50","guid":{"rendered":"https:\/\/be-healthy.taniko.me\/?post_type=product&#038;p=7233"},"modified":"2024-10-10T22:27:08","modified_gmt":"2024-10-10T22:27:08","slug":"now-foods-folic-acid-800-mcg-250-tablets","status":"publish","type":"product","link":"https:\/\/be-healthy.taniko.me\/uk\/product\/now-foods-folic-acid-800-mcg-250-tablets\/","title":{"rendered":"NOW Foods, Folic Acid, 800 mcg, 250 Tablets"},"content":{"rendered":"<div class=\"col-xs-24 col-md-14\">\n<div class=\"row item-row\">\n<div class=\"col-xs-24\">\n<h3>\u041e\u043f\u0438\u0441<\/h3>\n<p>Folna kiselina je vrlo va\u017ean \u010dlan obitelji B-vitamina potreban za sintezu DNK i genetski popravak, \u010dine\u0107i odgovaraju\u0107u opskrbu neophodnom za stanice koje se brzo dijele, kao \u0161to su crvena krvna zrnca. Folna kiselina tako\u0111er je neophodna za sintezu metionina iz homocisteina i mo\u017ee pomo\u0107i pridonijeti zdravoj funkciji kardiovaskularnog i \u017eiv\u010danog sustava.<\/p>\n<h4>\u0420\u0435\u043a\u043e\u043c\u0435\u043d\u0434\u0430\u0446\u0456\u0457 \u0456\u0437 \u0437\u0430\u0441\u0442\u043e\u0441\u0443\u0432\u0430\u043d\u043d\u044f<\/h4>\n<p>Uzmite 1 tabletu dnevno uz obrok.<\/p>\n<p><strong>\u0406\u043d\u0448\u0456 \u0456\u043d\u0433\u0440\u0435\u0434\u0456\u0454\u043d\u0442\u0438<\/strong><\/p>\n<p>Mikrokristalna celuloza, stearinska kiselina (biljni izvor) i magnezijev stearat (biljni izvor).<\/p>\n<p>Nije proizvedeno sa sastojcima p\u0161enice, glutena, soje, mlijeka, jaja, ribe, \u0161koljka\u0161a ili ora\u0161astih plodova.<\/p>\n<p>Proizvedeno u GMP postrojenju koje obra\u0111uje druge sastojke koji sadr\u017ee te alergene.<\/p>\n<p><strong>\u041f\u043e\u043f\u0435\u0440\u0435\u0434\u0436\u0435\u043d\u043d\u044f<\/strong><\/p>\n<p>\u010cuvati na hladnom i suhom mjestu nakon otvaranja.<\/p>\n<p>Samo za odrasle. Posavjetujte se s lije\u010dnikom ako ste trudni\/dojite, uzimate lijekove ili imate zdravstveno stanje. \u010cuvati izvan dohvata djece.<\/p>\n<p>U ovom proizvodu mo\u017ee do\u0107i do prirodne varijacije boje.<\/p>\n<\/div>\n<\/div>\n<div class=\"row item-row\">\n<div class=\"col-xs-24\"><\/div>\n<\/div>\n<div class=\"row item-row\">\n<div class=\"col-xs-24\"><\/div>\n<\/div>\n<\/div>\n<div class=\"col-xs-24 col-md-10\">\n<div class=\"supplement-facts-container\">\n<table border=\"1\" width=\"100%\" cellspacing=\"0\" cellpadding=\"3\">\n<tbody>\n<tr valign=\"top\">\n<td colspan=\"3\"><strong>Supplement Facts<\/strong><\/td>\n<\/tr>\n<tr valign=\"top\">\n<td colspan=\"3\"><strong>Serving Size:<\/strong>\u00a01 Tablet<\/td>\n<\/tr>\n<tr valign=\"top\">\n<td width=\"70%\"><\/td>\n<td width=\"15%\"><strong>Amount Per Serving:<\/strong><\/td>\n<td width=\"15%\"><strong>% Daily Value<\/strong><\/td>\n<\/tr>\n<tr valign=\"top\">\n<td>Folate<\/td>\n<td>1,360 mcg DFE** (800 mcg folic acid)<\/td>\n<td>340%<\/td>\n<\/tr>\n<tr valign=\"top\">\n<td>Vitamin B-12 (as Cyanocobalamin)<\/td>\n<td>25 mcg<\/td>\n<td>1042%<\/td>\n<\/tr>\n<tr>\n<td colspan=\"3\">** DFE = Dietary Folate Equivalent<\/td>\n<\/tr>\n<\/tbody>\n<\/table>\n<\/div>\n<\/div>","protected":false},"excerpt":{"rendered":"<ul>\n<li>800 mcg s vitaminom B-12<\/li>\n<li>Vitamin B-kompleksa<\/li>\n<li>Podr\u017eava zdrav metabolizam homocisteina<\/li>\n<li>\u0411\u0435\u0437 \u0413\u041c\u041e<\/li>\n<li>\u0414\u0456\u0454\u0442\u0438\u0447\u043d\u0430 \u0434\u043e\u0431\u0430\u0432\u043a\u0430<\/li>\n<li>Vegetarijanac\/vegan<\/li>\n<li>Ko\u0161er Vitamini<\/li>\n<li>U obiteljskom vlasni\u0161tvu od 1968<\/li>\n<li>Kvaliteta GMP zajam\u010dena<\/li>\n<li>Halal<\/li>\n<\/ul>","protected":false},"featured_media":7236,"comment_status":"open","ping_status":"closed","template":"","meta":{"inline_featured_image":false},"product_cat":[15,45],"product_tag":[],"class_list":{"0":"post-7233","1":"product","2":"type-product","3":"status-publish","4":"has-post-thumbnail","6":"product_cat-supplements","7":"product_cat-detox-cleans","9":"first","10":"instock","11":"featured","12":"shipping-taxable","13":"purchasable","14":"product-type-simple"},"_links":{"self":[{"href":"https:\/\/be-healthy.taniko.me\/uk\/wp-json\/wp\/v2\/product\/7233","targetHints":{"allow":["GET"]}}],"collection":[{"href":"https:\/\/be-healthy.taniko.me\/uk\/wp-json\/wp\/v2\/product"}],"about":[{"href":"https:\/\/be-healthy.taniko.me\/uk\/wp-json\/wp\/v2\/types\/product"}],"replies":[{"embeddable":true,"href":"https:\/\/be-healthy.taniko.me\/uk\/wp-json\/wp\/v2\/comments?post=7233"}],"wp:featuredmedia":[{"embeddable":true,"href":"https:\/\/be-healthy.taniko.me\/uk\/wp-json\/wp\/v2\/media\/7236"}],"wp:attachment":[{"href":"https:\/\/be-healthy.taniko.me\/uk\/wp-json\/wp\/v2\/media?parent=7233"}],"wp:term":[{"taxonomy":"product_cat","embeddable":true,"href":"https:\/\/be-healthy.taniko.me\/uk\/wp-json\/wp\/v2\/product_cat?post=7233"},{"taxonomy":"product_tag","embeddable":true,"href":"https:\/\/be-healthy.taniko.me\/uk\/wp-json\/wp\/v2\/product_tag?post=7233"}],"curies":[{"name":"wp","href":"https:\/\/api.w.org\/{rel}","templated":true}]}}