{"id":7237,"date":"2024-03-02T10:59:43","date_gmt":"2024-03-02T10:59:43","guid":{"rendered":"https:\/\/be-healthy.taniko.me\/?post_type=product&#038;p=7237"},"modified":"2024-10-10T22:21:10","modified_gmt":"2024-10-10T22:21:10","slug":"allmax-liver-dtox-ultimate-liver-protection-42-capsules","status":"publish","type":"product","link":"https:\/\/be-healthy.taniko.me\/uk\/product\/allmax-liver-dtox-ultimate-liver-protection-42-capsules\/","title":{"rendered":"ALLMAX, Liver Detox Ultimate Liver Protection, 42 Capsules"},"content":{"rendered":"<div class=\"col-xs-24 col-md-14\">\n<div class=\"row item-row\">\n<div class=\"col-xs-24\">\n<h3>\u041e\u043f\u0438\u0441<\/h3>\n<p>Ultimite Liver D-Tox\u2122<\/p>\n<p>Ljudsku jetru mnogi smatraju najva\u017enijim organom. Odgovoran je za \u010di\u0161\u0107enje krvi, sintezu proteina, biokemijsku proizvodnju, skladi\u0161tenje glikogena i \u010dak igra va\u017enu ulogu u metabolizmu.<\/p>\n<p>Liver D-Tox\u2122 je kombinacija klini\u010dki dokazanih biljnih ekstrakata u njihovom naj\u010di\u0161\u0107em obliku zajedno sa sna\u017enim vitaminskim antioksidansima kao \u0161to su vitamini C i E, selen i NAC (N-acetil-cistein).<\/p>\n<p>Ekstrakt mlije\u010dnog \u010di\u010dka (MTE) koji smo nabavili nije samo standardiziran za 80% silimarina, ve\u0107 je standardiziran i za manje poznati, ali vrlo mo\u0107an sadr\u017eaj od 30% silimarina. MTE je nadaleko poznat po svojoj dokazanoj sposobnosti smanjenja hepatoksina u jetri i \u010desto se koristi kako bi se osigurao povratak u o\u010di\u0161\u0107eno stanje.<\/p>\n<p>AllMax\u00ae je nabavio 95% \u010disti ekstrakt kurkumina koji je poznat po svojim mo\u0107nim detoksikacijskim i antioksidacijskim svojstvima. Ekstrakt arti\u010doke s 5% cinarina uklju\u010den je zbog svoje hepaprotektivne funkcije. Ekstrakt katuke ima stolje\u0107ima dugu tradiciju u ayurvedskoj medicini kao tonik za jetru.<\/p>\n<p>Kao sporta\u0161i, puno smo opteretili jetru. Uvelike ovisimo o njemu u svemu, od probave proteina do \u010di\u0161\u0107enja krvi od toksina. Ako \u017eelite posti\u0107i najvi\u0161e rezultate, du\u017eni ste napraviti 21-dnevni Liver D-Tox\u2122.<\/p>\n<\/div>\n<\/div>\n<div class=\"row item-row\">\n<div class=\"col-xs-24\">\n<p><strong>\u0420\u0435\u043a\u043e\u043c\u0435\u043d\u0434\u0430\u0446\u0456\u0457 \u0456\u0437 \u0437\u0430\u0441\u0442\u043e\u0441\u0443\u0432\u0430\u043d\u043d\u044f<\/strong><\/p>\n<p>Uzmite 1 kapsulu 2 puta dnevno uz obroke koji sadr\u017ee proteine.<\/p>\n<p>Koristite 3 tjedna (21 dan) kako biste vidjeli korisne u\u010dinke.<\/p>\n<p><strong>\u0406\u043d\u0448\u0456 \u0456\u043d\u0433\u0440\u0435\u0434\u0456\u0454\u043d\u0442\u0438<\/strong><\/p>\n<p>\u017delatina, magnezijev stearat i silicij.<\/p>\n<p>Upozorenje o alergenima: Proizvedeno u pogonu koji tako\u0111er obra\u0111uje mlijeko, soju, p\u0161enicu, jaja, kikiriki, ora\u0161aste plodove, ribu, rakove i proizvode od \u0161koljki.<\/p>\n<p><strong>\u041f\u043e\u043f\u0435\u0440\u0435\u0434\u0436\u0435\u043d\u043d\u044f<\/strong><\/p>\n<p>Posavjetujte se s lije\u010dnikom prije uporabe ako: ste trudni ili dojite; uzimate lijekove protiv trombocita, razrje\u0111iva\u010de krvi, nitroglicerin ili antibiotike; imate \u017eu\u010dne kamence ili za\u010depljenje \u017eu\u010dnih kanala, \u010dir na \u017eelucu ili vi\u0161ak \u017eelu\u010dane kiseline ili cistinuriju. Posavjetujte se s lije\u010dnikom ako simptomi potraju ili se pogor\u0161aju. Nemojte koristiti ako ste alergi\u010dni na Asteraceae \/ Compositae \/ obitelj tratin\u010dica. Poznato je da se javlja preosjetljivost, poput alergije, u kojem slu\u010daju prekinite upotrebu. \u010cuvajte na hladnom i suhom mjestu i podalje od izravnog sun\u010devog svjetla. Nemojte koristiti ako je unutarnja brtva slomljena. \u010cuvati izvan dohvata djece.<\/p>\n<\/div>\n<\/div>\n<div class=\"row item-row\">\n<div class=\"col-xs-24\"><\/div>\n<\/div>\n<div class=\"row item-row\">\n<div class=\"col-xs-24\"><\/div>\n<\/div>\n<\/div>\n<div class=\"col-xs-24 col-md-10\">\n<div class=\"supplement-facts-container\">\n<table border=\"1\" width=\"100%\" cellspacing=\"0\" cellpadding=\"3\">\n<tbody>\n<tr valign=\"top\">\n<td colspan=\"3\"><strong>\u041f\u043e\u0436\u0438\u0432\u043d\u0430 \u0446\u0456\u043d\u043d\u0456\u0441\u0442\u044c<\/strong><\/td>\n<\/tr>\n<tr valign=\"top\">\n<td colspan=\"3\"><strong>Veli\u010dina porcije: 2 kapsule<\/strong><\/td>\n<\/tr>\n<tr valign=\"top\">\n<td colspan=\"3\"><\/td>\n<\/tr>\n<tr valign=\"top\">\n<td width=\"70%\"><\/td>\n<td width=\"15%\"><strong>Koli\u010dina po obroku:<\/strong><\/td>\n<td width=\"15%\"><strong>% Dnevna vrijednost**<\/strong><\/td>\n<\/tr>\n<tr valign=\"top\">\n<td><strong>Liver D-Tox Power Blend<\/strong><\/td>\n<td><\/td>\n<td><\/td>\n<\/tr>\n<tr valign=\"top\">\n<td>Vitamin C (as Calcium ascorbate)<\/td>\n<td>160 mg<\/td>\n<td>180%<\/td>\n<\/tr>\n<tr valign=\"top\">\n<td>Vitamin E (as Mixed tocopherols)<\/td>\n<td>60 IU (40.2 mg AT)<\/td>\n<td>270%<\/td>\n<\/tr>\n<tr valign=\"top\">\n<td class=\"\">Selenium (as Selenium amino acid chelate)<\/td>\n<td>70 mcg<\/td>\n<td>130%<\/td>\n<\/tr>\n<tr valign=\"top\">\n<td>NAC (N-Acetyl-Cysteine)<\/td>\n<td>25 mg<\/td>\n<td>\u2020<\/td>\n<\/tr>\n<tr valign=\"top\">\n<td class=\"\"><strong>Liver Defense Blend<\/strong><\/td>\n<td>636 mg<\/td>\n<td><\/td>\n<\/tr>\n<tr valign=\"top\">\n<td>Milk thistle (Silybum marianum, seed) extract (80% Silymarin (304 mg), 30% Silybin (114 mg))<\/td>\n<td>380 mg<\/td>\n<td>\u2020<\/td>\n<\/tr>\n<tr valign=\"top\">\n<td>Turmeric (Curcuma longa, root) extract (95% Curcumin (150 mg))<\/td>\n<td>158 mg<\/td>\n<td>\u2020<\/td>\n<\/tr>\n<tr valign=\"top\">\n<td>Artichoke (cynara cardunculus, leaf) extract (5% Cynarin (2.7 mg))<\/td>\n<td>54 mg<\/td>\n<td>\u2020<\/td>\n<\/tr>\n<tr valign=\"top\">\n<td>Kutki (Picrorhiza kurroa, root) extract<\/td>\n<td>44 mg<\/td>\n<td>\u2020<\/td>\n<\/tr>\n<tr valign=\"top\">\n<td colspan=\"3\">** Postotak dnevne vrijednosti temeljen na dijeti od 2000 kalorija.<br \/>\n\u2020 Dnevna vrijednost nije utvr\u0111ena<\/td>\n<\/tr>\n<\/tbody>\n<\/table>\n<\/div>\n<\/div>","protected":false},"excerpt":{"rendered":"<ul>\n<li>Dodaci za profesionalnu ocjenu<\/li>\n<li>Znanost &#8211; Inovacija &#8211; Kvaliteta &#8211; Rezultati<\/li>\n<li>\u0414\u0456\u0454\u0442\u0438\u0447\u043d\u0430 \u0434\u043e\u0431\u0430\u0432\u043a\u0430<\/li>\n<li>21-dnevni sustav detoksikacije jetre<\/li>\n<li>Za natjecateljske sporta\u0161e<\/li>\n<li>4 klju\u010dna antioksidansa<\/li>\n<li>Za profesionalne natjecatelje Pro &#8211; Competition Series<\/li>\n<li>Laboratorijski ispitano<br \/>\ncGMP registrirani objekt<\/li>\n<\/ul>","protected":false},"featured_media":7239,"comment_status":"open","ping_status":"closed","template":"","meta":{"inline_featured_image":false},"product_cat":[15,45],"product_tag":[],"class_list":{"0":"post-7237","1":"product","2":"type-product","3":"status-publish","4":"has-post-thumbnail","6":"product_cat-supplements","7":"product_cat-detox-cleans","9":"first","10":"instock","11":"featured","12":"shipping-taxable","13":"purchasable","14":"product-type-simple"},"_links":{"self":[{"href":"https:\/\/be-healthy.taniko.me\/uk\/wp-json\/wp\/v2\/product\/7237","targetHints":{"allow":["GET"]}}],"collection":[{"href":"https:\/\/be-healthy.taniko.me\/uk\/wp-json\/wp\/v2\/product"}],"about":[{"href":"https:\/\/be-healthy.taniko.me\/uk\/wp-json\/wp\/v2\/types\/product"}],"replies":[{"embeddable":true,"href":"https:\/\/be-healthy.taniko.me\/uk\/wp-json\/wp\/v2\/comments?post=7237"}],"wp:featuredmedia":[{"embeddable":true,"href":"https:\/\/be-healthy.taniko.me\/uk\/wp-json\/wp\/v2\/media\/7239"}],"wp:attachment":[{"href":"https:\/\/be-healthy.taniko.me\/uk\/wp-json\/wp\/v2\/media?parent=7237"}],"wp:term":[{"taxonomy":"product_cat","embeddable":true,"href":"https:\/\/be-healthy.taniko.me\/uk\/wp-json\/wp\/v2\/product_cat?post=7237"},{"taxonomy":"product_tag","embeddable":true,"href":"https:\/\/be-healthy.taniko.me\/uk\/wp-json\/wp\/v2\/product_tag?post=7237"}],"curies":[{"name":"wp","href":"https:\/\/api.w.org\/{rel}","templated":true}]}}