{"id":7240,"date":"2024-03-02T11:04:52","date_gmt":"2024-03-02T11:04:52","guid":{"rendered":"https:\/\/be-healthy.taniko.me\/?post_type=product&#038;p=7240"},"modified":"2024-10-12T15:01:38","modified_gmt":"2024-10-12T15:01:38","slug":"swanson-pure-liver-detox-60-veggie-capsules","status":"publish","type":"product","link":"https:\/\/be-healthy.taniko.me\/uk\/product\/swanson-pure-liver-detox-60-veggie-capsules\/","title":{"rendered":"Swanson, Pure Liver &#038; Detox , 60 Veggie Capsules"},"content":{"rendered":"<div class=\"col-xs-24 col-md-14\">\n<div class=\"row item-row\">\n<div class=\"col-xs-24\">\n<h3>\u041e\u043f\u0438\u0441<\/h3>\n<p>Klini\u010dki ispitano bilje dokazano \u0161titi jetru i podr\u017eava va\u017ene putove detoksikacije. Sadr\u017ei trio znanstveno potkrijepljenih biljaka &#8211; ekstrakt arti\u010doke, TrueBroc\u00ae ekstrakt brokule i adaptogeni ekstrakt mlije\u010dnog \u010di\u010dka.<\/p>\n<h3>\u0420\u0435\u043a\u043e\u043c\u0435\u043d\u0434\u0430\u0446\u0456\u0457 \u0456\u0437 \u0437\u0430\u0441\u0442\u043e\u0441\u0443\u0432\u0430\u043d\u043d\u044f<\/h3>\n<p>Kao dodatak prehrani uzmite dvije vege kapsule dnevno s hranom i vodom.<\/p>\n<p><strong>\u0406\u043d\u0448\u0456 \u0456\u043d\u0433\u0440\u0435\u0434\u0456\u0454\u043d\u0442\u0438<\/strong><\/p>\n<p>Hipromeloza (vegetarijanska kapsula), maltodekstrin, ri\u017eino bra\u0161no.<\/p>\n<h4>\u041f\u043e\u043f\u0435\u0440\u0435\u0434\u0436\u0435\u043d\u043d\u044f<\/h4>\n<p>Samo za odrasle. Nemojte uzimati ovaj proizvod ako imate za\u010depljenje crijeva ili \u017eu\u010dnih kanala. Posavjetujte se sa svojim lije\u010dnikom prije upotrebe ako imate ili ste imali problema sa \u017eu\u010dnim mjehurom. Posavjetujte se sa svojim lije\u010dnikom prije kori\u0161tenja ovog ili bilo kojeg proizvoda ako ste trudni ili dojite, uzimate lijekove ili imate zdravstveno stanje. \u010cuvati izvan dohvata djece. Nemojte koristiti ako je pe\u010dat o\u0161te\u0107en. \u010cuvati na hladnom i suhom mjestu.<\/p>\n<\/div>\n<\/div>\n<div class=\"row item-row\">\n<div class=\"col-xs-24\"><\/div>\n<\/div>\n<\/div>\n<div class=\"col-xs-24 col-md-10\">\n<div class=\"supplement-facts-container\">\n<table border=\"1\" width=\"100%\" cellspacing=\"0\" cellpadding=\"3\">\n<tbody>\n<tr valign=\"top\">\n<td colspan=\"3\"><strong>\u041f\u043e\u0436\u0438\u0432\u043d\u0430 \u0446\u0456\u043d\u043d\u0456\u0441\u0442\u044c<\/strong><\/td>\n<\/tr>\n<tr valign=\"top\">\n<td colspan=\"3\"><strong>Veli\u010dina porcije:<\/strong> 2 vegetarijanske kapsule<\/td>\n<\/tr>\n<tr valign=\"top\">\n<td colspan=\"3\"><strong>\u041f\u043e\u0440\u0446\u0456\u0439 \u0432 \u0443\u043f\u0430\u043a\u043e\u0432\u0446\u0456<\/strong> 30<\/td>\n<\/tr>\n<tr valign=\"top\">\n<td width=\"70%\"><\/td>\n<td width=\"15%\"><strong>\u041a\u0456\u043b\u044c\u043a\u0456\u0441\u0442\u044c \u0432 1 \u043f\u043e\u0440\u0446\u0456\u0457<\/strong><\/td>\n<td width=\"15%\"><strong>% \u0432\u0456\u0434 \u0434\u043e\u0431\u043e\u0432\u043e\u0457 \u043d\u043e\u0440\u043c\u0438<\/strong><\/td>\n<\/tr>\n<tr valign=\"top\">\n<td>Milk Thistle Extract (seeds) (Silybum marianum) [standardized to 80% silymarin (UV)]<\/td>\n<td>500 mg<\/td>\n<td>*<\/td>\n<\/tr>\n<tr valign=\"top\">\n<td>TrueBroc\u00ae Broccoli Extract (Brassica oleracea italica) (seed) (standardized to 13% glucoraphanin)<\/td>\n<td>230 mg<\/td>\n<td>*<\/td>\n<\/tr>\n<tr valign=\"top\">\n<td>Artichoke Extract (Cynara scolymus) (leaf)<\/td>\n<td>320 mg<\/td>\n<td>*<\/td>\n<\/tr>\n<tr valign=\"top\">\n<td>*Dnevna vrijednost<\/td>\n<\/tr>\n<\/tbody>\n<\/table>\n<\/div>\n<\/div>","protected":false},"excerpt":{"rendered":"<ul>\n<li>Liver Health &amp; Antioxidant Protection<\/li>\n<li>Premium Herbal Blends<\/li>\n<li>Herbal Supplement<\/li>\n<li>Powerful Herbal Blend to Support Healthy Liver Function<\/li>\n<li>Helps Provide Protective Benefits for the Liver<\/li>\n<li>100% Label Transparency-No Proprietary Blends<\/li>\n<li>Science-Backed Quality Since 1969<\/li>\n<\/ul>","protected":false},"featured_media":7242,"comment_status":"open","ping_status":"closed","template":"","meta":{"inline_featured_image":false},"product_cat":[15,45],"product_tag":[],"class_list":{"0":"post-7240","1":"product","2":"type-product","3":"status-publish","4":"has-post-thumbnail","6":"product_cat-supplements","7":"product_cat-detox-cleans","9":"first","10":"instock","11":"featured","12":"shipping-taxable","13":"purchasable","14":"product-type-simple"},"_links":{"self":[{"href":"https:\/\/be-healthy.taniko.me\/uk\/wp-json\/wp\/v2\/product\/7240","targetHints":{"allow":["GET"]}}],"collection":[{"href":"https:\/\/be-healthy.taniko.me\/uk\/wp-json\/wp\/v2\/product"}],"about":[{"href":"https:\/\/be-healthy.taniko.me\/uk\/wp-json\/wp\/v2\/types\/product"}],"replies":[{"embeddable":true,"href":"https:\/\/be-healthy.taniko.me\/uk\/wp-json\/wp\/v2\/comments?post=7240"}],"wp:featuredmedia":[{"embeddable":true,"href":"https:\/\/be-healthy.taniko.me\/uk\/wp-json\/wp\/v2\/media\/7242"}],"wp:attachment":[{"href":"https:\/\/be-healthy.taniko.me\/uk\/wp-json\/wp\/v2\/media?parent=7240"}],"wp:term":[{"taxonomy":"product_cat","embeddable":true,"href":"https:\/\/be-healthy.taniko.me\/uk\/wp-json\/wp\/v2\/product_cat?post=7240"},{"taxonomy":"product_tag","embeddable":true,"href":"https:\/\/be-healthy.taniko.me\/uk\/wp-json\/wp\/v2\/product_tag?post=7240"}],"curies":[{"name":"wp","href":"https:\/\/api.w.org\/{rel}","templated":true}]}}