{"id":7243,"date":"2024-03-02T11:09:23","date_gmt":"2024-03-02T11:09:23","guid":{"rendered":"https:\/\/be-healthy.taniko.me\/?post_type=product&#038;p=7243"},"modified":"2024-10-10T21:31:37","modified_gmt":"2024-10-10T21:31:37","slug":"thorne-liver-cleanse-60-capsules","status":"publish","type":"product","link":"https:\/\/be-healthy.taniko.me\/uk\/product\/thorne-liver-cleanse-60-capsules\/","title":{"rendered":"Thorne, Liver Cleanse, 60 Capsules"},"content":{"rendered":"<div class=\"col-xs-24 col-md-14\">\n<div class=\"row item-row\">\n<div>\n<h3>\u041e\u043f\u0438\u0441<\/h3>\n<p>Za pravilnu detoksikaciju neophodna je odgovaraju\u0107a funkcija jetre. Brojni botani\u010dki pripravci pokazali su svoju sposobnost pobolj\u0161anja funkcije detoksikacije jetre, kao i pove\u0107anja proizvodnje \u017eu\u010di iz jetre. Thorne&#8217;s Liver Cleanse je jedinstvena botani\u010dka formula koja mo\u017ee sinergisti\u010dki pobolj\u0161ati funkciju jetre. Biljni sastojci u Liver Cleanse poti\u010du proizvodnju i protok \u017eu\u010di, \u0161to poma\u017ee optimizirati metabolizam i izlu\u010divanje tvari detoksiciranih u jetri. \u010ci\u0161\u0107enje jetre posebno je korisno tijekom sveobuhvatnog programa detoksikacije.<\/p>\n<p>Prije po\u010detka programa detoksikacije va\u017eno je posti\u0107i optimalan rad crijeva. Stoga je va\u017eno uklju\u010diti formulu s vlaknima, kao \u0161to je Thorne&#8217;s FiberMend, kako bi se pospje\u0161ila eliminacija toksina iz tijela ve\u017eu\u0107i toksine koji se iz jetre otpu\u0161taju u crijeva i sprje\u010dava njihovu reapsorpciju.<\/p>\n<p>Jetra koristi dvofaznu metodu detoksikacije. U fazi I, tvari topljive u mastima, uklju\u010duju\u0107i toksine, enzimi citokroma p450 pretvaraju u intermedijarne tvari koje, iako su sada bolje topljive u vodi, jo\u0161 nisu spremne za eliminaciju. Zatim, u fazi II, intermedijarne tvari stvorene tijekom faze I vezane su za glutation, sumpor ili metilne skupine koje ih \u010dine dovoljno topivim u vodi kako bi se izlu\u010dile iz jetre putem \u017eu\u010di.<\/p>\n<p>Preporu\u010dena po\u010detna upotreba lijeka Liver Cleanse je uzimanje jedne kapsule nave\u010der. Ako je indicirano dodatno \u010di\u0161\u0107enje jetre, dopuna se mo\u017ee postupno pove\u0107avati.<\/p>\n<\/div>\n<\/div>\n<div class=\"row item-row\">\n<div class=\"col-xs-24\">\n<p><strong>Suggested use<\/strong><\/p>\n<p>Take 1 capsule one to three times daily or as recommended by your health-care practitioner.<\/p>\n<p><strong>Other ingredients<\/strong><\/p>\n<p>Hypromellose (derived from cellulose) capsule, calcium laurate, silicon dioxide.<\/p>\n<p>Chicorium PE 3:1. Arctium PE 4:1. Berberis Concentrate Berberine HCl 85%. Silybum standardized to Silymarin 65%.<\/p>\n<p><strong>Warnings<\/strong><\/p>\n<p>If pregnant or nursing, or trying to conceive, do not use this product.<\/p>\n<p>Tamper Evident:\u00a0\u00a0Use only if bottle is sealed. Store tightly sealed in a cool, dry place.<\/p>\n<\/div>\n<\/div>\n<div class=\"row item-row\">\n<div class=\"col-xs-24\"><\/div>\n<\/div>\n<\/div>\n<div class=\"col-xs-24 col-md-10\">\n<div class=\"supplement-facts-container\">\n<table border=\"1\" width=\"100%\" cellspacing=\"0\" cellpadding=\"3\">\n<tbody>\n<tr align=\"left\" valign=\"top\">\n<td colspan=\"3\"><strong>\u041f\u043e\u0436\u0438\u0432\u043d\u0430 \u0446\u0456\u043d\u043d\u0456\u0441\u0442\u044c<\/strong><\/td>\n<\/tr>\n<tr align=\"left\" valign=\"top\">\n<td colspan=\"3\"><strong>\u0420\u043e\u0437\u043c\u0456\u0440 \u043f\u043e\u0440\u0446\u0456\u0457:<\/strong> jedna kapsula<\/td>\n<\/tr>\n<tr align=\"left\" valign=\"top\">\n<td width=\"70%\"><strong>Jedna kapsula sadr\u017ei:<\/strong><\/td>\n<td width=\"15%\"><strong>\u041a\u0456\u043b\u044c\u043a\u0456\u0441\u0442\u044c \u0432 1 \u043f\u043e\u0440\u0446\u0456\u0457<\/strong><\/td>\n<td width=\"15%\"><strong>%DV<\/strong><\/td>\n<\/tr>\n<tr>\n<td>Berberine HCl (from Indian Barberry extract) (root) (Berberis aristata)<\/td>\n<td>125 mg<\/td>\n<td>*<\/td>\n<\/tr>\n<tr>\n<td>Milk Thistle extract (fruit) (Silybum marianum)<\/td>\n<td>125 mg<\/td>\n<td>*<\/td>\n<\/tr>\n<tr align=\"left\" valign=\"top\">\n<td>Burdock extract (root) (Arctium lappa)<\/td>\n<td>100 mg<\/td>\n<td>*<\/td>\n<\/tr>\n<tr align=\"left\" valign=\"top\">\n<td>Chicory extract (root) (Cichorium intybus)<\/td>\n<td>100 mg<\/td>\n<td>*<\/td>\n<\/tr>\n<tr align=\"left\" valign=\"top\">\n<td colspan=\"3\">*<strong>Dnevna vrijednost (DV) nije utvr\u0111ena.<\/strong><\/td>\n<\/tr>\n<\/tbody>\n<\/table>\n<\/div>\n<\/div>","protected":false},"excerpt":{"rendered":"<ul>\n<li>\n<p id=\"tw-target-text\" class=\"tw-data-text tw-text-large tw-ta\" dir=\"ltr\" data-placeholder=\"\u041f\u0435\u0440\u0435\u043a\u043b\u0430\u0434\" data-ved=\"2ahUKEwiC3--HyoOJAxXP_7sIHW79MoMQ3ewLegQIExAU\" aria-label=\"\u041f\u0435\u0440\u0435\u043a\u043b\u0430\u0434\u0435\u043d\u0438\u0439 \u0442\u0435\u043a\u0441\u0442: Dodatak prehraniJetra\/DetoxBez glutena\">\u0414\u0456\u0454\u0442\u0438\u0447\u043d\u0430 \u0434\u043e\u0431\u0430\u0432\u043a\u0430<\/p>\n<\/li>\n<li>\n<p id=\"tw-target-text\" class=\"tw-data-text tw-text-large tw-ta\" dir=\"ltr\" data-placeholder=\"\u041f\u0435\u0440\u0435\u043a\u043b\u0430\u0434\" data-ved=\"2ahUKEwiC3--HyoOJAxXP_7sIHW79MoMQ3ewLegQIExAU\" aria-label=\"\u041f\u0435\u0440\u0435\u043a\u043b\u0430\u0434\u0435\u043d\u0438\u0439 \u0442\u0435\u043a\u0441\u0442: Dodatak prehraniJetra\/DetoxBez glutena\">Jetra\/Detox<\/p>\n<\/li>\n<li>\n<p id=\"tw-target-text\" class=\"tw-data-text tw-text-large tw-ta\" dir=\"ltr\" data-placeholder=\"\u041f\u0435\u0440\u0435\u043a\u043b\u0430\u0434\" data-ved=\"2ahUKEwiC3--HyoOJAxXP_7sIHW79MoMQ3ewLegQIExAU\" aria-label=\"\u041f\u0435\u0440\u0435\u043a\u043b\u0430\u0434\u0435\u043d\u0438\u0439 \u0442\u0435\u043a\u0441\u0442: Dodatak prehraniJetra\/DetoxBez glutena\">\u0411\u0435\u0437 \u0433\u043b\u044e\u0442\u0435\u043d\u0443<\/p>\n<\/li>\n<\/ul>","protected":false},"featured_media":7245,"comment_status":"open","ping_status":"closed","template":"","meta":{"inline_featured_image":false},"product_cat":[15,45],"product_tag":[],"class_list":{"0":"post-7243","1":"product","2":"type-product","3":"status-publish","4":"has-post-thumbnail","6":"product_cat-supplements","7":"product_cat-detox-cleans","9":"first","10":"instock","11":"featured","12":"shipping-taxable","13":"purchasable","14":"product-type-simple"},"_links":{"self":[{"href":"https:\/\/be-healthy.taniko.me\/uk\/wp-json\/wp\/v2\/product\/7243","targetHints":{"allow":["GET"]}}],"collection":[{"href":"https:\/\/be-healthy.taniko.me\/uk\/wp-json\/wp\/v2\/product"}],"about":[{"href":"https:\/\/be-healthy.taniko.me\/uk\/wp-json\/wp\/v2\/types\/product"}],"replies":[{"embeddable":true,"href":"https:\/\/be-healthy.taniko.me\/uk\/wp-json\/wp\/v2\/comments?post=7243"}],"wp:featuredmedia":[{"embeddable":true,"href":"https:\/\/be-healthy.taniko.me\/uk\/wp-json\/wp\/v2\/media\/7245"}],"wp:attachment":[{"href":"https:\/\/be-healthy.taniko.me\/uk\/wp-json\/wp\/v2\/media?parent=7243"}],"wp:term":[{"taxonomy":"product_cat","embeddable":true,"href":"https:\/\/be-healthy.taniko.me\/uk\/wp-json\/wp\/v2\/product_cat?post=7243"},{"taxonomy":"product_tag","embeddable":true,"href":"https:\/\/be-healthy.taniko.me\/uk\/wp-json\/wp\/v2\/product_tag?post=7243"}],"curies":[{"name":"wp","href":"https:\/\/api.w.org\/{rel}","templated":true}]}}