{"id":7246,"date":"2024-03-02T11:23:34","date_gmt":"2024-03-02T11:23:34","guid":{"rendered":"https:\/\/be-healthy.taniko.me\/?post_type=product&#038;p=7246"},"modified":"2024-10-10T16:26:25","modified_gmt":"2024-10-10T16:26:25","slug":"natural-factors-liv-gall-cleanse-90-capsules","status":"publish","type":"product","link":"https:\/\/be-healthy.taniko.me\/uk\/product\/natural-factors-liv-gall-cleanse-90-capsules\/","title":{"rendered":"Natural Factors, Liv-Gall Cleanse, 90 Capsules"},"content":{"rendered":"<div class=\"col-xs-24 col-md-14\">\n<div class=\"row item-row\">\n<div class=\"col-xs-24\">\n<p>\u041e\u043f\u0438\u0441<br \/>\n\u0414\u0456\u0454\u0442\u0438\u0447\u043d\u0430 \u0434\u043e\u0431\u0430\u0432\u043a\u0430<br \/>\nBiljni faktori<br \/>\nPotpora jetri i \u017eu\u010dnom mjehuru<br \/>\n\u010cisto\u0107a i snaga zajam\u010dena<\/p>\n<p>Natural Factors Liv-Gall Cleanse je sinergijska ravnote\u017ea standardiziranih biljaka koja podr\u017eava zdravlje jetre i \u017eu\u010dnog mjehura.<\/p>\n<p>Isura:<\/p>\n<p>Non-GMO: Dokumentacija<\/p>\n<p>Specifikacija mase: Laboratorijski ispitano<\/p>\n<p>\u0420\u0435\u043a\u043e\u043c\u0435\u043d\u0434\u0430\u0446\u0456\u0457 \u0456\u0437 \u0437\u0430\u0441\u0442\u043e\u0441\u0443\u0432\u0430\u043d\u043d\u044f<\/p>\n<p>1 kapsula 1 &#8211; 3 puta dnevno ili prema uputama zdravstvenog radnika.<\/p>\n<p>\u0406\u043d\u0448\u0456 \u0456\u043d\u0433\u0440\u0435\u0434\u0456\u0454\u043d\u0442\u0438<\/p>\n<p>\u017delatinska kapsula (\u017eelatina, pro\u010di\u0161\u0107ena voda), mikrokristalna celuloza, magnezijev stearat (biljnog stupnja).<\/p>\n<p>Proizveden od strane Natural Factors kako bi se osigurala sigurnost i u\u010dinkovitost u skladu s dobrim proizvo\u0111a\u010dkim praksama (GMP) FDA i Health Canada.<\/p>\n<p>Ne sadr\u017ei umjetna bojila, konzervanse ni sladila; bez mlije\u010dnih proizvoda, \u0161kroba, \u0161e\u0107era, p\u0161enice, glutena, kvasca, soje, jaja, ribe, \u0161koljki, soli, ora\u0161astih plodova ili GMO-a.<\/p>\n<p>\u041f\u043e\u043f\u0435\u0440\u0435\u0434\u0436\u0435\u043d\u043d\u044f<\/p>\n<p>Kao i kod svakog drugog dodatka, posavjetujte se sa svojim zdravstvenim radnikom prije upotrebe ako ste trudni, dojite ili poku\u0161avate zatrudnjeti, ili ako uzimate lijekove, imate zdravstveno stanje ili o\u010dekujete operaciju. \u010cuvati izvan dohvata djece.<\/p>\n<p>Zatvoreno za va\u0161u za\u0161titu. Nemojte koristiti ako je pe\u010dat o\u0161te\u0107en. Za svje\u017einu \u010duvajte na hladnom i suhom mjestu.<\/p>\n<\/div>\n<\/div>\n<\/div>\n<div class=\"col-xs-24 col-md-10\">\n<div class=\"supplement-facts-container\">\n<p>&nbsp;<\/p>\n<table border=\"1\" width=\"100%\" cellspacing=\"0\" cellpadding=\"3\">\n<tbody>\n<tr>\n<td colspan=\"3\"><strong>Supplement Facts<\/strong><\/td>\n<\/tr>\n<tr>\n<td colspan=\"3\"><strong>Serving Size:<\/strong>\u00a01 Capsule<\/td>\n<\/tr>\n<tr>\n<td width=\"70%\"><\/td>\n<td width=\"15%\"><strong>Amount Per Serving<\/strong><\/td>\n<td width=\"15%\"><strong>% Daily Value<\/strong><\/td>\n<\/tr>\n<tr>\n<td>Milk Thistle Extract (Silybum marianum) (seed)<\/td>\n<td>100 mg<\/td>\n<td>\u00a0**<\/td>\n<\/tr>\n<tr>\n<td>Silymarin (60%)<\/td>\n<td>60 mg<\/td>\n<td>\u00a0**<\/td>\n<\/tr>\n<tr>\n<td>Artichoke (Cynara scolymus) (leaf)<\/td>\n<td>100 mg<\/td>\n<td>\u00a0**<\/td>\n<\/tr>\n<tr>\n<td>Turmeric Extract (Curcuma longa) (root)<\/td>\n<td>50 mg<\/td>\n<td>\u00a0**<\/td>\n<\/tr>\n<tr>\n<td>Curcuminoids (10%)<\/td>\n<td>5 mg<\/td>\n<td>\u00a0**<\/td>\n<\/tr>\n<tr>\n<td>Dandelion extract\u00a0(Taraxacum officinale) \u00a0(root)<\/td>\n<td>25 mg<\/td>\n<td>\u00a0**<\/td>\n<\/tr>\n<tr>\n<td>Inulin (25%)<\/td>\n<td>6.3 mg<\/td>\n<td>**<\/td>\n<\/tr>\n<tr>\n<td colspan=\"3\">** Daily Value not established.<\/td>\n<\/tr>\n<\/tbody>\n<\/table>\n<\/div>\n<\/div>","protected":false},"excerpt":{"rendered":"<p>Opis Dodatak prehrani Biljni faktori Potpora jetri i \u017eu\u010dnom mjehuru \u010cisto\u0107a i snaga zajam\u010dena Natural Factors Liv-Gall Cleanse je sinergijska ravnote\u017ea standardiziranih biljaka koja podr\u017eava zdravlje jetre i \u017eu\u010dnog mjehura. Isura: Non-GMO: Dokumentacija Specifikacija mase: Laboratorijski ispitano Preporu\u010dena uporaba 1 kapsula 1 &#8211; 3 puta dnevno ili prema uputama zdravstvenog radnika. Ostali sastojci \u017delatinska kapsula[&#8230;]<\/p>","protected":false},"featured_media":7248,"comment_status":"open","ping_status":"closed","template":"","meta":{"inline_featured_image":false},"product_cat":[15,45],"product_tag":[],"class_list":{"0":"post-7246","1":"product","2":"type-product","3":"status-publish","4":"has-post-thumbnail","6":"product_cat-supplements","7":"product_cat-detox-cleans","9":"first","10":"instock","11":"featured","12":"shipping-taxable","13":"purchasable","14":"product-type-simple"},"_links":{"self":[{"href":"https:\/\/be-healthy.taniko.me\/uk\/wp-json\/wp\/v2\/product\/7246","targetHints":{"allow":["GET"]}}],"collection":[{"href":"https:\/\/be-healthy.taniko.me\/uk\/wp-json\/wp\/v2\/product"}],"about":[{"href":"https:\/\/be-healthy.taniko.me\/uk\/wp-json\/wp\/v2\/types\/product"}],"replies":[{"embeddable":true,"href":"https:\/\/be-healthy.taniko.me\/uk\/wp-json\/wp\/v2\/comments?post=7246"}],"wp:featuredmedia":[{"embeddable":true,"href":"https:\/\/be-healthy.taniko.me\/uk\/wp-json\/wp\/v2\/media\/7248"}],"wp:attachment":[{"href":"https:\/\/be-healthy.taniko.me\/uk\/wp-json\/wp\/v2\/media?parent=7246"}],"wp:term":[{"taxonomy":"product_cat","embeddable":true,"href":"https:\/\/be-healthy.taniko.me\/uk\/wp-json\/wp\/v2\/product_cat?post=7246"},{"taxonomy":"product_tag","embeddable":true,"href":"https:\/\/be-healthy.taniko.me\/uk\/wp-json\/wp\/v2\/product_tag?post=7246"}],"curies":[{"name":"wp","href":"https:\/\/api.w.org\/{rel}","templated":true}]}}