{"id":7249,"date":"2024-03-02T11:38:02","date_gmt":"2024-03-02T11:38:02","guid":{"rendered":"https:\/\/be-healthy.taniko.me\/?post_type=product&#038;p=7249"},"modified":"2024-10-10T16:24:17","modified_gmt":"2024-10-10T16:24:17","slug":"cosrx-advanced-snail-92-all-in-one-cream-3-52-oz-100-g","status":"publish","type":"product","link":"https:\/\/be-healthy.taniko.me\/uk\/product\/cosrx-advanced-snail-92-all-in-one-cream-3-52-oz-100-g\/","title":{"rendered":"CosRx, Advanced Snail 92, All in One Cream, 3.52 oz (100 g)"},"content":{"rendered":"<div class=\"row item-row\">\n<div class=\"col-xs-24\">\n<p>\u041e\u043f\u0438\u0441<br \/>\nO\u010dekuju\u0107i sutra<\/p>\n<p>Formulirana s 92% filtratom pu\u017eeve sekrecije (mucinom), ova krema prirodno poma\u017ee u stvaranju privla\u010dnog sjaja zdrave ko\u017ee.<\/p>\n<p>Ova napredna pu\u017eeva sveobuhvatna krema koja podupire prirodnu regeneraciju o\u0161te\u0107ene ko\u017ee kako bi se smanjila pojava bora.<\/p>\n<p>&#8220;Pu\u017eeva krema sa slojevitim hiper-hidratiziranjem bez \u017ee\u0111i ili slomljenih barijera!&#8221;<\/p>\n<p>Advanced Snail 92 All in One Cream je hranjiva hidratantna krema koja ko\u017ei daje energiju i ljepotu \u010disto izdvojenim filtratom pu\u017eevog sekreta s 92% udjela, iz \u017eivih korejskih pu\u017eeva.<\/p>\n<p>Advanced Snail 92 All in One Cream sigurna je za kori\u0161tenje na ko\u017ei, sastoji se od izvrsnih komponenti za aktivaciju ko\u017ee, sprje\u010dava o\u0161te\u0107enje ko\u017ee i dostupna je za upotrebu odmah nakon pranja lica, bez ko\u017ee ili losiona.<\/p>\n<p>\u0420\u0435\u043a\u043e\u043c\u0435\u043d\u0434\u0430\u0446\u0456\u0457 \u0456\u0437 \u0437\u0430\u0441\u0442\u043e\u0441\u0443\u0432\u0430\u043d\u043d\u044f<\/p>\n<p>Nanesite na lice najmanje dva puta dnevno ili po potrebi za umirenje suhe, neugodne ko\u017ee.<\/p>\n<p>\u0406\u043d\u0448\u0456 \u0456\u043d\u0433\u0440\u0435\u0434\u0456\u0454\u043d\u0442\u0438<\/p>\n<p>Filtrat izlu\u010devine pu\u017ea, betain, kaprilni\/kaprinski triglicerid, cetearil olivat, sorbitan olivat, cetearil alkohol, karbomer, arginin, dimetikon, natrijev poliakrilat, fenoksietanol, natrijev hijaluronat, stearinska kiselina, alantoin, pantenol, ksantanska guma, etil heksandiol, adenozin.<\/p>\n<p>\u041f\u043e\u043f\u0435\u0440\u0435\u0434\u0436\u0435\u043d\u043d\u044f<\/p>\n<p>Oprez: 1. Samo za vanjsku upotrebu. 2. Nemojte koristiti na o\u0161te\u0107enoj ili slomljenoj ko\u017ei. 3. Prestanite koristiti i obratite se lije\u010dniku ako se pojavi osip. 4. Kada koristite ovaj proizvod, dr\u017eite ga podalje od o\u010diju. 5. \u010cuvati izvan dohvata djece. 6. Ako se proizvod proguta, potra\u017eite lije\u010dni\u010dku pomo\u0107 ili odmah kontaktirajte Centar za kontrolu trovanja.<\/p>\n<\/div>\n<\/div>","protected":false},"excerpt":{"rendered":"<p>Opis O\u010dekuju\u0107i sutra Formulirana s 92% filtratom pu\u017eeve sekrecije (mucinom), ova krema prirodno poma\u017ee u stvaranju privla\u010dnog sjaja zdrave ko\u017ee. Ova napredna pu\u017eeva sveobuhvatna krema koja podupire prirodnu regeneraciju o\u0161te\u0107ene ko\u017ee kako bi se smanjila pojava bora. &#8220;Pu\u017eeva krema sa slojevitim hiper-hidratiziranjem bez \u017ee\u0111i ili slomljenih barijera!&#8221; Advanced Snail 92 All in One Cream je[&#8230;]<\/p>","protected":false},"featured_media":7251,"comment_status":"open","ping_status":"closed","template":"","meta":{"inline_featured_image":false},"product_cat":[25,38],"product_tag":[],"class_list":{"0":"post-7249","1":"product","2":"type-product","3":"status-publish","4":"has-post-thumbnail","6":"product_cat-beauty","7":"product_cat-k-beauty","9":"first","10":"instock","11":"featured","12":"shipping-taxable","13":"purchasable","14":"product-type-simple"},"_links":{"self":[{"href":"https:\/\/be-healthy.taniko.me\/uk\/wp-json\/wp\/v2\/product\/7249","targetHints":{"allow":["GET"]}}],"collection":[{"href":"https:\/\/be-healthy.taniko.me\/uk\/wp-json\/wp\/v2\/product"}],"about":[{"href":"https:\/\/be-healthy.taniko.me\/uk\/wp-json\/wp\/v2\/types\/product"}],"replies":[{"embeddable":true,"href":"https:\/\/be-healthy.taniko.me\/uk\/wp-json\/wp\/v2\/comments?post=7249"}],"wp:featuredmedia":[{"embeddable":true,"href":"https:\/\/be-healthy.taniko.me\/uk\/wp-json\/wp\/v2\/media\/7251"}],"wp:attachment":[{"href":"https:\/\/be-healthy.taniko.me\/uk\/wp-json\/wp\/v2\/media?parent=7249"}],"wp:term":[{"taxonomy":"product_cat","embeddable":true,"href":"https:\/\/be-healthy.taniko.me\/uk\/wp-json\/wp\/v2\/product_cat?post=7249"},{"taxonomy":"product_tag","embeddable":true,"href":"https:\/\/be-healthy.taniko.me\/uk\/wp-json\/wp\/v2\/product_tag?post=7249"}],"curies":[{"name":"wp","href":"https:\/\/api.w.org\/{rel}","templated":true}]}}