{"id":7252,"date":"2024-03-02T11:45:30","date_gmt":"2024-03-02T11:45:30","guid":{"rendered":"https:\/\/be-healthy.taniko.me\/?post_type=product&#038;p=7252"},"modified":"2024-10-10T16:22:55","modified_gmt":"2024-10-10T16:22:55","slug":"cosrx-advanced-snail-96-mucin-power-essence-3-38-fl-oz-100-ml","status":"publish","type":"product","link":"https:\/\/be-healthy.taniko.me\/uk\/product\/cosrx-advanced-snail-96-mucin-power-essence-3-38-fl-oz-100-ml\/","title":{"rendered":"CosRx, Advanced Snail 96 Mucin Power Essence, 3.38 fl oz (100 ml)"},"content":{"rendered":"<div class=\"row item-row\">\n<div class=\"col-xs-24\">\n<p>\u041e\u043f\u0438\u0441<\/p>\n<p>Prednosti<\/p>\n<p>Blijedi tamne mrlje<br \/>\nPobolj\u0161ava teksturu ko\u017ee<br \/>\nProtiv starenja<br \/>\nIntenzivna hidratacija<\/p>\n<p>Mete<\/p>\n<p>Tupa i gruba ko\u017ea<br \/>\nUmiruje o\u0161te\u0107enu ko\u017eu<br \/>\nTamne mrlje i o\u017eiljci<\/p>\n<p>Oboga\u0107en sa 96,3% sastojkom koji ja\u010da ko\u017eu, filtratom pu\u017eevog sekreta.<\/p>\n<p>Lagana esencija koja se brzo upija u ko\u017eu daju\u0107i ko\u017ei prirodan sjaj iznutra. Ova esencija je stvorena od hranjivog, slabo stimuliranog filtriranog mucina pu\u017ea kako bi va\u0161a ko\u017ea bila hidrirana i osvijetljena cijeli dan.<\/p>\n<p>Budu\u0107i da se sastoji od 96% filtrata pu\u017eevih izlu\u010devina (mucin), ova esencija poma\u017ee ko\u017ei da izgubi manje vlage, a istovremeno odr\u017eava ko\u017eu glatkom i zdravom.<\/p>\n<p>\u0420\u0435\u043a\u043e\u043c\u0435\u043d\u0434\u0430\u0446\u0456\u0457 \u0456\u0437 \u0437\u0430\u0441\u0442\u043e\u0441\u0443\u0432\u0430\u043d\u043d\u044f<\/p>\n<p>Nakon \u010di\u0161\u0107enja i toniziranja, nanesite malu koli\u010dinu na cijelo lice. Nje\u017eno utapkajte vrhovima prstiju kako biste olak\u0161ali upijanje, a zatim nanesite hidratantnu kremu.<\/p>\n<p>\u0406\u043d\u0448\u0456 \u0456\u043d\u0433\u0440\u0435\u0434\u0456\u0454\u043d\u0442\u0438<\/p>\n<p>Filtrat izlu\u010devine pu\u017ea, betain, butilen glikol, 1,2-heksandiol, natrijev poliakrilat, fenoksietanol, natrijev hijaluronat, alantoin, etil heksandiol, karbomer, pantenol, arginin.<\/p>\n<p>\u041f\u043e\u043f\u0435\u0440\u0435\u0434\u0436\u0435\u043d\u043d\u044f<br \/>\nSamo za vanjsku upotrebu.<br \/>\nNemojte koristiti na o\u0161te\u0107enoj ili slomljenoj ko\u017ei.<br \/>\nPrestanite koristiti i obratite se lije\u010dniku ako se pojavi osip.<br \/>\nKada koristite ovaj proizvod, dr\u017eite podalje od o\u010diju. Isperite vodom za uklanjanje.<br \/>\n\u010cuvati izvan dohvata djece.<br \/>\nAko se proizvod proguta, potra\u017eite lije\u010dni\u010dku pomo\u0107 ili odmah kontaktirajte Centar za kontrolu trovanja.<\/p>\n<\/div>\n<\/div>","protected":false},"excerpt":{"rendered":"<p>Opis Prednosti Blijedi tamne mrlje Pobolj\u0161ava teksturu ko\u017ee Protiv starenja Intenzivna hidratacija Mete Tupa i gruba ko\u017ea Umiruje o\u0161te\u0107enu ko\u017eu Tamne mrlje i o\u017eiljci Oboga\u0107en sa 96,3% sastojkom koji ja\u010da ko\u017eu, filtratom pu\u017eevog sekreta. Lagana esencija koja se brzo upija u ko\u017eu daju\u0107i ko\u017ei prirodan sjaj iznutra. Ova esencija je stvorena od hranjivog, slabo stimuliranog[&#8230;]<\/p>","protected":false},"featured_media":7255,"comment_status":"open","ping_status":"closed","template":"","meta":{"inline_featured_image":false},"product_cat":[25,38],"product_tag":[],"class_list":{"0":"post-7252","1":"product","2":"type-product","3":"status-publish","4":"has-post-thumbnail","6":"product_cat-beauty","7":"product_cat-k-beauty","9":"first","10":"instock","11":"featured","12":"shipping-taxable","13":"purchasable","14":"product-type-simple"},"_links":{"self":[{"href":"https:\/\/be-healthy.taniko.me\/uk\/wp-json\/wp\/v2\/product\/7252","targetHints":{"allow":["GET"]}}],"collection":[{"href":"https:\/\/be-healthy.taniko.me\/uk\/wp-json\/wp\/v2\/product"}],"about":[{"href":"https:\/\/be-healthy.taniko.me\/uk\/wp-json\/wp\/v2\/types\/product"}],"replies":[{"embeddable":true,"href":"https:\/\/be-healthy.taniko.me\/uk\/wp-json\/wp\/v2\/comments?post=7252"}],"wp:featuredmedia":[{"embeddable":true,"href":"https:\/\/be-healthy.taniko.me\/uk\/wp-json\/wp\/v2\/media\/7255"}],"wp:attachment":[{"href":"https:\/\/be-healthy.taniko.me\/uk\/wp-json\/wp\/v2\/media?parent=7252"}],"wp:term":[{"taxonomy":"product_cat","embeddable":true,"href":"https:\/\/be-healthy.taniko.me\/uk\/wp-json\/wp\/v2\/product_cat?post=7252"},{"taxonomy":"product_tag","embeddable":true,"href":"https:\/\/be-healthy.taniko.me\/uk\/wp-json\/wp\/v2\/product_tag?post=7252"}],"curies":[{"name":"wp","href":"https:\/\/api.w.org\/{rel}","templated":true}]}}