{"id":7256,"date":"2024-03-02T12:22:45","date_gmt":"2024-03-02T12:22:45","guid":{"rendered":"https:\/\/be-healthy.taniko.me\/?post_type=product&#038;p=7256"},"modified":"2024-10-10T16:21:36","modified_gmt":"2024-10-10T16:21:36","slug":"cosrx-hyaluronic-acid-intensive-cream-3-52-oz-100-g","status":"publish","type":"product","link":"https:\/\/be-healthy.taniko.me\/uk\/product\/cosrx-hyaluronic-acid-intensive-cream-3-52-oz-100-g\/","title":{"rendered":"CosRx, Hyaluronic Acid Intensive Cream, 3.52 oz (100 g)"},"content":{"rendered":"<div class=\"row item-row\">\n<div class=\"col-xs-24\">\n<p>\u041e\u043f\u0438\u0441<\/p>\n<p>Formulirana s hijaluronskom kiselinom, ova intenzivna krema poma\u017ee dubinski vla\u017eiti i hraniti va\u0161u ko\u017eu.<\/p>\n<p>Visoko koncentrirana s vodom Hippophae Rhamnoides i hijaluronskom kiselinom: COSRX intenzivna krema s hijaluronskom kiselinom je hranjiva hidratantna krema savr\u0161ena za suhu\/dehidriranu ko\u017eu.<\/p>\n<p>Stvara pun mladena\u010dki izgled: hijaluronska kiselina tako\u0111er poma\u017ee smanjiti pojavu sitnih bora ispunjavaju\u0107i ko\u017eu vlagom. Bez osje\u0107aja masno\u0107e ili te\u017eine, ova intenzivno hidratantna krema \u010dini ko\u017eu mekom poput oblaka i pru\u017ea dugotrajnu vla\u017enost.<\/p>\n<p>Sveli smo popis sastojaka na minimum: popis sastojaka smo zadr\u017eali kratkim i jednostavnim i isklju\u010dili smo sve nepotrebne sastojke koji bi mogli iritirati ko\u017eu.<\/p>\n<p>\u0420\u0435\u043a\u043e\u043c\u0435\u043d\u0434\u0430\u0446\u0456\u0457 \u0456\u0437 \u0437\u0430\u0441\u0442\u043e\u0441\u0443\u0432\u0430\u043d\u043d\u044f<\/p>\n<p>Uzmite odgovaraju\u0107u koli\u010dinu kreme na dlan i nje\u017eno utapkajte po licu da se upije.<\/p>\n<p>\u0406\u043d\u0448\u0456 \u0456\u043d\u0433\u0440\u0435\u0434\u0456\u0454\u043d\u0442\u0438<\/p>\n<p>Hippophae Rhamnoides voda, glicerin, butilen glikol, kaprilni\/kaprinski triglicerid, betain, helianthus annuus (suncokret) ulje sjemenki, cetearilni alkohol, cetearil olivat, sorbitan olivat, makadamia terniol, sjeme ulje, 1,2-HEXANSEN , dimetikon, etilheksilglicerin, karbomer, alantoin, ksantan guma, etil heksandiol.<\/p>\n<p>\u041f\u043e\u043f\u0435\u0440\u0435\u0434\u0436\u0435\u043d\u043d\u044f<br \/>\nSamo za vanjsku upotrebu.<br \/>\nNemojte koristiti na o\u0161te\u0107enoj ili slomljenoj ko\u017ei.<br \/>\nPrestanite koristiti i obratite se lije\u010dniku ako se pojavi osip.<br \/>\nKada koristite ovaj proizvod, dr\u017eite podalje od o\u010diju.<br \/>\n\u010cuvati izvan dohvata djece.<br \/>\nAko se proizvod proguta, potra\u017eite lije\u010dni\u010dku pomo\u0107 ili odmah kontaktirajte Centar za kontrolu trovanja.<\/p>\n<\/div>\n<\/div>","protected":false},"excerpt":{"rendered":"<p>Opis Formulirana s hijaluronskom kiselinom, ova intenzivna krema poma\u017ee dubinski vla\u017eiti i hraniti va\u0161u ko\u017eu. Visoko koncentrirana s vodom Hippophae Rhamnoides i hijaluronskom kiselinom: COSRX intenzivna krema s hijaluronskom kiselinom je hranjiva hidratantna krema savr\u0161ena za suhu\/dehidriranu ko\u017eu. Stvara pun mladena\u010dki izgled: hijaluronska kiselina tako\u0111er poma\u017ee smanjiti pojavu sitnih bora ispunjavaju\u0107i ko\u017eu vlagom. Bez osje\u0107aja[&#8230;]<\/p>","protected":false},"featured_media":7259,"comment_status":"open","ping_status":"closed","template":"","meta":{"inline_featured_image":false},"product_cat":[25,38],"product_tag":[],"class_list":{"0":"post-7256","1":"product","2":"type-product","3":"status-publish","4":"has-post-thumbnail","6":"product_cat-beauty","7":"product_cat-k-beauty","9":"first","10":"instock","11":"featured","12":"shipping-taxable","13":"purchasable","14":"product-type-simple"},"_links":{"self":[{"href":"https:\/\/be-healthy.taniko.me\/uk\/wp-json\/wp\/v2\/product\/7256","targetHints":{"allow":["GET"]}}],"collection":[{"href":"https:\/\/be-healthy.taniko.me\/uk\/wp-json\/wp\/v2\/product"}],"about":[{"href":"https:\/\/be-healthy.taniko.me\/uk\/wp-json\/wp\/v2\/types\/product"}],"replies":[{"embeddable":true,"href":"https:\/\/be-healthy.taniko.me\/uk\/wp-json\/wp\/v2\/comments?post=7256"}],"wp:featuredmedia":[{"embeddable":true,"href":"https:\/\/be-healthy.taniko.me\/uk\/wp-json\/wp\/v2\/media\/7259"}],"wp:attachment":[{"href":"https:\/\/be-healthy.taniko.me\/uk\/wp-json\/wp\/v2\/media?parent=7256"}],"wp:term":[{"taxonomy":"product_cat","embeddable":true,"href":"https:\/\/be-healthy.taniko.me\/uk\/wp-json\/wp\/v2\/product_cat?post=7256"},{"taxonomy":"product_tag","embeddable":true,"href":"https:\/\/be-healthy.taniko.me\/uk\/wp-json\/wp\/v2\/product_tag?post=7256"}],"curies":[{"name":"wp","href":"https:\/\/api.w.org\/{rel}","templated":true}]}}