{"id":7260,"date":"2024-03-02T12:29:10","date_gmt":"2024-03-02T12:29:10","guid":{"rendered":"https:\/\/be-healthy.taniko.me\/?post_type=product&#038;p=7260"},"modified":"2024-10-10T16:20:25","modified_gmt":"2024-10-10T16:20:25","slug":"cosrx-low-ph-good-morning-gel-cleanser-5-07-fl-oz-150-ml","status":"publish","type":"product","link":"https:\/\/be-healthy.taniko.me\/uk\/product\/cosrx-low-ph-good-morning-gel-cleanser-5-07-fl-oz-150-ml\/","title":{"rendered":"CosRx, Low pH Good Morning Gel Cleanser, 5.07 fl oz (150 ml)"},"content":{"rendered":"<div class=\"row item-row\">\n<div class=\"col-xs-24\">\n<p>\u041e\u043f\u0438\u0441<\/p>\n<p>Formulirana s pro\u010di\u0161\u0107uju\u0107im botani\u010dkim sastojcima, ova formula s niskim pH umiruje, osvje\u017eava i omek\u0161ava ko\u017eu bez osje\u0107aja skidanja.<\/p>\n<p>\u0420\u0435\u043a\u043e\u043c\u0435\u043d\u0434\u0430\u0446\u0456\u0457 \u0456\u0437 \u0437\u0430\u0441\u0442\u043e\u0441\u0443\u0432\u0430\u043d\u043d\u044f<\/p>\n<p>Nje\u017eno umasirajte sredstvo za \u010di\u0161\u0107enje na mokru ko\u017eu. Temeljito isperite mlakom vodom.<\/p>\n<p>\u0406\u043d\u0448\u0456 \u0456\u043d\u0433\u0440\u0435\u0434\u0456\u0454\u043d\u0442\u0438<\/p>\n<p>Voda, kokamidopropil betain, natrijev lauroil metil izetionat, natrijev klorid, polisorbat 20, ekstrakt grane\/ploda\/li\u0161\u0107a styrax japonicus, butilen glikol, ferment saharomicesa, ekstrakt lista cryptomeria japonica, ekstrakt lista nelumbo nucifera, ekstrakt lista pinus palustris, ulmus davidiana ekstrakt korijena, ekstrakt cvijeta oenothera biennis (cvjetni no\u0107urak), ekstrakt korijena pue-raria lobata, ulje listova melaleuca alternifolia (\u010dajevac), alantoin, kaprilil glikol, etilheksilglicerin, betain salicilat, limunska kiselina, etil heksandiol, 1,2-heksandiol, trinatrijev etilendiamin disukcinat, natrijev benzoat, dinatrijev edta.<\/p>\n<p>\u041f\u043e\u043f\u0435\u0440\u0435\u0434\u0436\u0435\u043d\u043d\u044f<br \/>\nSamo za vanjsku upotrebu. Nemojte dospjeti u o\u010di.<br \/>\nOsobe alergi\u010dne na aspirin \u0107e lo\u0161e reagirati na betain salicilat.<br \/>\nNe smije se koristiti za djecu mla\u0111u od 3 godine.<\/p>\n<\/div>\n<\/div>","protected":false},"excerpt":{"rendered":"<p>Opis Formulirana s pro\u010di\u0161\u0107uju\u0107im botani\u010dkim sastojcima, ova formula s niskim pH umiruje, osvje\u017eava i omek\u0161ava ko\u017eu bez osje\u0107aja skidanja. Preporu\u010dena uporaba Nje\u017eno umasirajte sredstvo za \u010di\u0161\u0107enje na mokru ko\u017eu. Temeljito isperite mlakom vodom. Ostali sastojci Voda, kokamidopropil betain, natrijev lauroil metil izetionat, natrijev klorid, polisorbat 20, ekstrakt grane\/ploda\/li\u0161\u0107a styrax japonicus, butilen glikol, ferment saharomicesa, ekstrakt[&#8230;]<\/p>","protected":false},"featured_media":7262,"comment_status":"open","ping_status":"closed","template":"","meta":{"inline_featured_image":false},"product_cat":[25,38],"product_tag":[],"class_list":{"0":"post-7260","1":"product","2":"type-product","3":"status-publish","4":"has-post-thumbnail","6":"product_cat-beauty","7":"product_cat-k-beauty","9":"first","10":"instock","11":"featured","12":"shipping-taxable","13":"purchasable","14":"product-type-simple"},"_links":{"self":[{"href":"https:\/\/be-healthy.taniko.me\/uk\/wp-json\/wp\/v2\/product\/7260","targetHints":{"allow":["GET"]}}],"collection":[{"href":"https:\/\/be-healthy.taniko.me\/uk\/wp-json\/wp\/v2\/product"}],"about":[{"href":"https:\/\/be-healthy.taniko.me\/uk\/wp-json\/wp\/v2\/types\/product"}],"replies":[{"embeddable":true,"href":"https:\/\/be-healthy.taniko.me\/uk\/wp-json\/wp\/v2\/comments?post=7260"}],"wp:featuredmedia":[{"embeddable":true,"href":"https:\/\/be-healthy.taniko.me\/uk\/wp-json\/wp\/v2\/media\/7262"}],"wp:attachment":[{"href":"https:\/\/be-healthy.taniko.me\/uk\/wp-json\/wp\/v2\/media?parent=7260"}],"wp:term":[{"taxonomy":"product_cat","embeddable":true,"href":"https:\/\/be-healthy.taniko.me\/uk\/wp-json\/wp\/v2\/product_cat?post=7260"},{"taxonomy":"product_tag","embeddable":true,"href":"https:\/\/be-healthy.taniko.me\/uk\/wp-json\/wp\/v2\/product_tag?post=7260"}],"curies":[{"name":"wp","href":"https:\/\/api.w.org\/{rel}","templated":true}]}}