{"id":7263,"date":"2024-03-02T12:35:06","date_gmt":"2024-03-02T12:35:06","guid":{"rendered":"https:\/\/be-healthy.taniko.me\/?post_type=product&#038;p=7263"},"modified":"2024-10-10T16:19:03","modified_gmt":"2024-10-10T16:19:03","slug":"cosrx-aha-bha-clarifying-treatment-toner-5-07-fl-oz-150-ml","status":"publish","type":"product","link":"https:\/\/be-healthy.taniko.me\/uk\/product\/cosrx-aha-bha-clarifying-treatment-toner-5-07-fl-oz-150-ml\/","title":{"rendered":"CosRx, AHA\/BHA, Clarifying Treatment Toner, 5.07 fl oz (150 ml)"},"content":{"rendered":"<div class=\"row item-row\">\n<div class=\"col-xs-24\">\n<div class=\"prodOverviewDetail\">\n<p>&nbsp;<\/p>\n<p>\u041e\u043f\u0438\u0441<\/p>\n<p>S niskom pH formulom napravljenom od pro\u010di\u0161\u0107uju\u0107ih botani\u010dkih sastojaka, ovaj tonik osvje\u017eava, umiruje i omek\u0161ava ko\u017eu.<\/p>\n<p>\u0420\u0435\u043a\u043e\u043c\u0435\u043d\u0434\u0430\u0446\u0456\u0457 \u0456\u0437 \u0437\u0430\u0441\u0442\u043e\u0441\u0443\u0432\u0430\u043d\u043d\u044f<br \/>\nPamu\u010dnom blazinicom ravnomjerno nanesite odgovaraju\u0107u koli\u010dinu izbjegavaju\u0107i podru\u010dje oko o\u010diju.<br \/>\nZa dnevnu upotrebu nanesite kremu za sun\u010danje.<br \/>\n\u0406\u043d\u0448\u0456 \u0456\u043d\u0433\u0440\u0435\u0434\u0456\u0454\u043d\u0442\u0438<\/p>\n<p>Voda, voda kore salix alba (vrba), voda ploda pyrus malus (jabuka), butilen glikol, 1,2-heksandiol, natrijev laktat, glikolna kiselina, betain salicilat, alantoin, pantenol, etil heksandiol.<\/p>\n<p>\u041f\u043e\u043f\u0435\u0440\u0435\u0434\u0436\u0435\u043d\u043d\u044f<br \/>\nSamo za vanjsku upotrebu. Nemojte dospjeti u o\u010di.<br \/>\nOsobe s alergijom na aspirin \u0107e lo\u0161e reagirati na betain salicilat.<br \/>\nNe smije se koristiti za djecu mla\u0111u od 3 godine<\/p>\n<p>.<\/p>\n<\/div>\n<\/div>\n<\/div>","protected":false},"excerpt":{"rendered":"<p>&nbsp; Opis S niskom pH formulom napravljenom od pro\u010di\u0161\u0107uju\u0107ih botani\u010dkih sastojaka, ovaj tonik osvje\u017eava, umiruje i omek\u0161ava ko\u017eu. Preporu\u010dena uporaba Pamu\u010dnom blazinicom ravnomjerno nanesite odgovaraju\u0107u koli\u010dinu izbjegavaju\u0107i podru\u010dje oko o\u010diju. Za dnevnu upotrebu nanesite kremu za sun\u010danje. Ostali sastojci Voda, voda kore salix alba (vrba), voda ploda pyrus malus (jabuka), butilen glikol, 1,2-heksandiol, natrijev laktat,[&#8230;]<\/p>","protected":false},"featured_media":7267,"comment_status":"open","ping_status":"closed","template":"","meta":{"inline_featured_image":false},"product_cat":[25,38],"product_tag":[],"class_list":{"0":"post-7263","1":"product","2":"type-product","3":"status-publish","4":"has-post-thumbnail","6":"product_cat-beauty","7":"product_cat-k-beauty","9":"first","10":"instock","11":"featured","12":"shipping-taxable","13":"purchasable","14":"product-type-simple"},"_links":{"self":[{"href":"https:\/\/be-healthy.taniko.me\/uk\/wp-json\/wp\/v2\/product\/7263","targetHints":{"allow":["GET"]}}],"collection":[{"href":"https:\/\/be-healthy.taniko.me\/uk\/wp-json\/wp\/v2\/product"}],"about":[{"href":"https:\/\/be-healthy.taniko.me\/uk\/wp-json\/wp\/v2\/types\/product"}],"replies":[{"embeddable":true,"href":"https:\/\/be-healthy.taniko.me\/uk\/wp-json\/wp\/v2\/comments?post=7263"}],"wp:featuredmedia":[{"embeddable":true,"href":"https:\/\/be-healthy.taniko.me\/uk\/wp-json\/wp\/v2\/media\/7267"}],"wp:attachment":[{"href":"https:\/\/be-healthy.taniko.me\/uk\/wp-json\/wp\/v2\/media?parent=7263"}],"wp:term":[{"taxonomy":"product_cat","embeddable":true,"href":"https:\/\/be-healthy.taniko.me\/uk\/wp-json\/wp\/v2\/product_cat?post=7263"},{"taxonomy":"product_tag","embeddable":true,"href":"https:\/\/be-healthy.taniko.me\/uk\/wp-json\/wp\/v2\/product_tag?post=7263"}],"curies":[{"name":"wp","href":"https:\/\/api.w.org\/{rel}","templated":true}]}}