{"id":7271,"date":"2024-03-02T14:52:07","date_gmt":"2024-03-02T14:52:07","guid":{"rendered":"https:\/\/be-healthy.taniko.me\/?post_type=product&#038;p=7271"},"modified":"2024-10-10T16:16:11","modified_gmt":"2024-10-10T16:16:11","slug":"california-gold-nutrition-lactobif-100-probiotics-100-billion-cfu-30-veggie-capsules","status":"publish","type":"product","link":"https:\/\/be-healthy.taniko.me\/uk\/product\/california-gold-nutrition-lactobif-100-probiotics-100-billion-cfu-30-veggie-capsules\/","title":{"rendered":"California Gold Nutrition, LactoBif 100 Probiotics, 100 Billion CFU, 30 Veggie Capsules"},"content":{"rendered":"<div class=\"col-xs-24 col-md-14\">\n<div class=\"row item-row\">\n<div class=\"col-xs-24\">\n<p>\u041e\u043f\u0438\u0441<br \/>\nCalifornia Gold Nutrition\u00a0LactoBif\u00ae 100 probiotika<br \/>\nSadr\u017ei 8 aktivnih i klini\u010dki istra\u017eenih probioti\u010dkih sojeva1, uklju\u010duju\u0107i 5\u00a0laktobacila\u00a0i 3\u00a0bifidobakterije<br \/>\nSa 100 milijardi CFU po kapsuli<br \/>\nPodr\u017eava zdravlje probavnog sustava i crijeva*<br \/>\nPromi\u010de zdravlje imunolo\u0161kog sustava*<br \/>\nPogodno za vegetarijance<br \/>\nPojedina\u010dno zatvoren blister s dvostrukom folijom<br \/>\nFormulirano bez mlije\u010dnih proizvoda, glutena, GMO-a ili soje<br \/>\nProizvedeno u cGMP registriranom (certificiranom) pogonu tre\u0107e strane<br \/>\n100% zlatno jamstvo<\/p>\n<p>Va\u0161e tijelo je puno korisnih bakterija koje podr\u017eavaju va\u017ene funkcije, ali va\u0161 prirodni mikrobiom mo\u017ee postati neuravnote\u017een, \u0161to \u010desto rezultira neugodnim probavnim problemima.Probiotici California Gold Nutrition\u00a0LactoBif\u00ae 100\u00a0mogu vam pomo\u0107i u odr\u017eavanju ravnote\u017ee crijeva uvo\u0111enjem vi\u0161e dobrih bakterija u va\u0161 sustav, \u0161to mo\u017ee pomo\u0107i u promicanju probavnog i imunolo\u0161kog zdravlja i potencijalno ubla\u017eiti uobi\u010dajene probavne simptome.*<\/p>\n<p>Prednosti uzimanja probiotika<br \/>\nOva za\u0161ti\u0107ena mje\u0161avina bakterija prepuna je nekoliko korisnih sojeva probiotika. Na\u0161a formula uklju\u010duje Lactobacillus acidophilus, jedan od najpoznatijih probiotika. Ovaj soj ima antimikrobna i antivirusna svojstva, \u0161to mo\u017ee pomo\u0107i u podr\u0161ci imunolo\u0161kog sustava i sprije\u010diti bolesti.* Osim toga, uklju\u010dili smo jo\u0161 jedan dobro poznati soj,\u00a0Bifidobacterium longum, koji mo\u017ee pomo\u0107i u promicanju zdravlja crijeva kroz proizvodnju mlije\u010dne i octene kiseline kiselina.* Na\u0161a jedinstvena mje\u0161avina osmi\u0161ljena je za promicanje zdravlja probavnog sustava i mo\u017ee pomo\u0107i u smirivanju uobi\u010dajenih probavnih problema, poput \u017eelu\u010danih tegoba, plinova, zatvora, proljeva i nadutosti.<\/p>\n<p>Probiotici California Gold Nutrition\u00a0Lactobif\u00ae 100\u00a0sadr\u017ee 8 aktivnih probioti\u010dkih sojeva1, uklju\u010duju\u0107i 5 laktobacila i 3 bifidobakterije. Svaka veggie kapsula sadr\u017ei 100 milijardi CFU za isporuku u\u010dinkovitog broja dobrih bakterija u tijelo.<\/p>\n<p>Testirano od tre\u0107e strane<\/p>\n<p>Na\u0161i proizvodi prolaze ispitivanje kvalitete gdje ih ocjenjuje neovisni ISO certificirani laboratorij koriste\u0107i znanstveno potvr\u0111ene metode ispitivanja kako bi se osigurala autenti\u010dnost, \u010disto\u0107a i mo\u0107 sastojaka. Radi dodatne transparentnosti, rezultate stavljamo na raspolaganje u na\u0161im iTested Verified Reports kako biste se sami mogli uvjeriti.<\/p>\n<p>&nbsp;<\/p>\n<p>\u0420\u0435\u043a\u043e\u043c\u0435\u043d\u0434\u0430\u0446\u0456\u0457 \u0456\u0437 \u0437\u0430\u0441\u0442\u043e\u0441\u0443\u0432\u0430\u043d\u043d\u044f<\/p>\n<p>Uzmite 1 kapsulu dnevno, sa ili bez hrane. Najbolje kada se uzima prema uputama kvalificiranog zdravstvenog radnika.<\/p>\n<p>\u0406\u043d\u0448\u0456 \u0456\u043d\u0433\u0440\u0435\u0434\u0456\u0454\u043d\u0442\u0438<\/p>\n<p>Glavni sastojci<br \/>\nMje\u0161avina probioti\u010dkih bakterija<\/p>\n<p>\u0406\u043d\u0448\u0456 \u0456\u043d\u0433\u0440\u0435\u0434\u0456\u0454\u043d\u0442\u0438<br \/>\nMikrokristalna celuloza, modificirana celuloza (Hypromellose Veggie Capsule), silicijev dioksid (silicijev dioksid) i magnezijev stearat.<\/p>\n<p>Ne proizvodi se od mlijeka, jaja, ribe, rakova, ora\u0161astih plodova, kikirikija, p\u0161enice, soje, sezama ili glutena. Proizvedeno u objektu koji je registriran od strane FDA, revidiran od strane tre\u0107e strane i koji je uskla\u0111en s cGMP-om koji mo\u017ee prera\u0111ivati \u200b\u200bdruge proizvode koji sadr\u017ee ove alergene ili sastojke.<\/p>\n<p>\u041f\u043e\u043f\u0435\u0440\u0435\u0434\u0436\u0435\u043d\u043d\u044f<\/p>\n<p>\u010cuvati izvan dohvata djece. Posavjetujte se s ovla\u0161tenim lije\u010dnikom, ljekarnikom, naturopatom ili drugim kvalificiranim zdravstvenim radnikom prije uzimanja dodataka prehrani.<\/p>\n<p>Pojedina\u010dno zatvoren blister s dvostrukom folijom za kvalitetu i va\u0161u za\u0161titu. Nemojte koristiti ako je materijal za blister pakiranje probu\u0161en ili nedostaje.\u010cuvati na hladnom i suhom mjestu. Za\u0161tititi od topline, svjetlosti i vlage.<\/p>\n<p>Ja\u010dina zajam\u010dena do isteka roka trajanja ako se \u010duva na hladnom i suhom mjestu na 77\u00b0F (25\u00b0C) ili ni\u017eoj.<\/p>\n<p>Hla\u0111enje nije potrebno, ali se jako preporu\u010duje.2<\/p>\n<p>1In Vitro studije koje je proveo dobavlja\u010d probioti\u010dkih sirovina.<\/p>\n<p>2Sobna temperatura, stabilno na polici: najbolje \u010duvati na kontroliranoj sobnoj temperaturi od 20\u00b0C do 25\u00b0C (68\u00b0F do 77\u00b0F). Hla\u0111enje nije potrebno, ali se toplo preporu\u010duje. Produljena izlo\u017eenost temperaturama skladi\u0161tenja vi\u0161im od preporu\u010denih mo\u017ee uzrokovati degradaciju proizvoda i smanjenje \u017eivih i aktivnih probioti\u010dkih bakterija. Ja\u010dina zajam\u010dena do isteka roka trajanja ako se \u010duva na hladnom i suhom mjestu, na 77\u00b0F (25\u00b0C) ili ni\u017eoj.<\/p>\n<\/div>\n<\/div>\n<div class=\"row item-row\">\n<div class=\"col-xs-24\"><\/div>\n<\/div>\n<div class=\"row item-row\">\n<div class=\"col-xs-24\"><\/div>\n<\/div>\n<\/div>\n<div class=\"col-xs-24 col-md-10\">\n<div class=\"supplement-facts-container\">\n<table border=\"1\" width=\"100%\" cellspacing=\"0\" cellpadding=\"3\">\n<tbody>\n<tr valign=\"top\">\n<td colspan=\"3\"><strong>Supplement Facts<\/strong><\/td>\n<\/tr>\n<tr valign=\"top\">\n<td colspan=\"3\"><strong>Serving Size:\u00a0<\/strong>1 Capsule<\/td>\n<\/tr>\n<tr valign=\"top\">\n<td colspan=\"3\"><strong>Servings Per Container:\u00a0<\/strong>30<\/td>\n<\/tr>\n<tr valign=\"top\">\n<td width=\"70%\"><\/td>\n<td width=\"15%\"><strong>Amount Per Serving<\/strong><\/td>\n<td width=\"15%\"><strong>%Daily Value<\/strong><\/td>\n<\/tr>\n<tr valign=\"top\">\n<td><strong>Probiotic Bacteria Blend<\/strong><br \/>\nTotal Cultures<br \/>\nLactobacillus acidophilus<br \/>\nBifidobacterium lactis<br \/>\nLactobacillus rhamnosus<br \/>\nBifidobacterium plantarum<br \/>\nBifidobacterium longum<br \/>\nBifidobacterium breve<br \/>\nLactobacillus casei<br \/>\nLactobacillus salivarius<\/td>\n<td>200 mg<br \/>\n100 Billion CFU<\/td>\n<td>\u2020<\/td>\n<\/tr>\n<tr valign=\"top\">\n<td colspan=\"3\">\u2020 Daily Value not established.<\/td>\n<\/tr>\n<\/tbody>\n<\/table>\n<\/div>\n<\/div>","protected":false},"excerpt":{"rendered":"<p>Opis California Gold Nutrition\u00a0LactoBif\u00ae 100 probiotika Sadr\u017ei 8 aktivnih i klini\u010dki istra\u017eenih probioti\u010dkih sojeva1, uklju\u010duju\u0107i 5\u00a0laktobacila\u00a0i 3\u00a0bifidobakterije Sa 100 milijardi CFU po kapsuli Podr\u017eava zdravlje probavnog sustava i crijeva* Promi\u010de zdravlje imunolo\u0161kog sustava* Pogodno za vegetarijance Pojedina\u010dno zatvoren blister s dvostrukom folijom Formulirano bez mlije\u010dnih proizvoda, glutena, GMO-a ili soje Proizvedeno u cGMP registriranom (certificiranom)[&#8230;]<\/p>","protected":false},"featured_media":7274,"comment_status":"open","ping_status":"closed","template":"","meta":{"inline_featured_image":false},"product_cat":[15,43],"product_tag":[],"class_list":{"0":"post-7271","1":"product","2":"type-product","3":"status-publish","4":"has-post-thumbnail","6":"product_cat-supplements","7":"product_cat-digestive-support","9":"first","10":"instock","11":"featured","12":"shipping-taxable","13":"purchasable","14":"product-type-simple"},"_links":{"self":[{"href":"https:\/\/be-healthy.taniko.me\/uk\/wp-json\/wp\/v2\/product\/7271","targetHints":{"allow":["GET"]}}],"collection":[{"href":"https:\/\/be-healthy.taniko.me\/uk\/wp-json\/wp\/v2\/product"}],"about":[{"href":"https:\/\/be-healthy.taniko.me\/uk\/wp-json\/wp\/v2\/types\/product"}],"replies":[{"embeddable":true,"href":"https:\/\/be-healthy.taniko.me\/uk\/wp-json\/wp\/v2\/comments?post=7271"}],"wp:featuredmedia":[{"embeddable":true,"href":"https:\/\/be-healthy.taniko.me\/uk\/wp-json\/wp\/v2\/media\/7274"}],"wp:attachment":[{"href":"https:\/\/be-healthy.taniko.me\/uk\/wp-json\/wp\/v2\/media?parent=7271"}],"wp:term":[{"taxonomy":"product_cat","embeddable":true,"href":"https:\/\/be-healthy.taniko.me\/uk\/wp-json\/wp\/v2\/product_cat?post=7271"},{"taxonomy":"product_tag","embeddable":true,"href":"https:\/\/be-healthy.taniko.me\/uk\/wp-json\/wp\/v2\/product_tag?post=7271"}],"curies":[{"name":"wp","href":"https:\/\/api.w.org\/{rel}","templated":true}]}}