{"id":7277,"date":"2024-03-02T15:14:00","date_gmt":"2024-03-02T15:14:00","guid":{"rendered":"https:\/\/be-healthy.taniko.me\/?post_type=product&#038;p=7277"},"modified":"2024-10-10T16:14:43","modified_gmt":"2024-10-10T16:14:43","slug":"yeouth-glycolic-acid-30-gel-peel-1-fl-oz-30-ml","status":"publish","type":"product","link":"https:\/\/be-healthy.taniko.me\/uk\/product\/yeouth-glycolic-acid-30-gel-peel-1-fl-oz-30-ml\/","title":{"rendered":"Yeouth, Glycolic Acid 30% Gel Peel, 1 fl oz (30 ml)"},"content":{"rendered":"<div class=\"row item-row\">\n<div class=\"col-xs-24\">\n<p>\u041e\u043f\u0438\u0441<br \/>\nZeleni \u010daj s retinolom<br \/>\nMiris, sulfat, paraben, okrutan, bez GMO-a<\/p>\n<p>U\u010dinkovit piling djeluje na ove znakove starenja:<\/p>\n<p>Fine linije i bore<br \/>\nVeli\u010dina pora i tamne mrlje<br \/>\nPukotine i o\u017eiljci<\/p>\n<p>Efekt umno\u017eavanja mladih<\/p>\n<p>Svi Yeouth proizvodi sadr\u017ee stabilne, visokokvalitetne, klini\u010dki testirane sastojke koji su projektirani da me\u0111usobno djeluju. Iako je svaki proizvod razvijen za pobolj\u0161anje izgleda ko\u017ee, svaki to \u010dini razli\u010ditim metodama. Zajedni\u010dka uporaba Yeouth proizvoda vi\u0161estruko pove\u0107ava u\u010dinkovitost i mo\u017ee pobolj\u0161ati izgled ko\u017ee pru\u017eanjem dramati\u010dno vidljivih rezultata.<\/p>\n<p>Kako djeluje Yeouth piling glikolnom kiselinom<\/p>\n<p>Glikolna kiselina za piling<\/p>\n<p>Poti\u010de obnovu stanica ko\u017ee kako bi se za\u010depile pore i uklonile ne\u010disto\u0107e. Poma\u017ee smanjiti pojavu finih linija i bora. Poma\u017ee u smanjivanju izgleda pora.<\/p>\n<p>Retinol koji podr\u017eava stanice ko\u017ee<\/p>\n<p>Derivat vitamina A, retinol poma\u017ee u odr\u017eavanju zdrave ko\u017ee i smanjuje izgled finih linija i bora \u0161to rezultira izgledom gipkijeg i mladolikog tena.<\/p>\n<p>Umiruju\u0107i zeleni \u010daj<\/p>\n<p>Polifenoli bogati antioksidansima hrane, umiruju i umiruju ko\u017eu. Zeleni \u010daj optimalno poma\u017ee neutralizirati slobodne radikale i mo\u017ee pobolj\u0161ati izgled ko\u017ee o\u0161te\u0107ene suncem.<\/p>\n<p>Od \u00a0Osniva\u010da<\/p>\n<p>Kao kozmeti\u010dki kemi\u010dar koji desetlje\u0107ima razvija napredne proizvode za njegu ko\u017ee za velike i male tvrtke, stalno su me iznova pitali da stvorim formule koje sadr\u017ee samo djeli\u0107 klju\u010dnih sastojaka potrebnih za postizanje vidljivih rezultata. Te su tvrtke bile zainteresirane za profit iznad kvalitete i zadovoljstvo kupaca. Budu\u0107i da ljudi zaslu\u017euju bolje, odlu\u010dio sam stvoriti i proizvesti vlastitu liniju vrhunskih proizvoda za njegu ko\u017ee. Rezultat je Mladost.<\/p>\n<p>U Youthu, na\u0161a strast je pomaganje ljudima da daju najbolje od sebe. To \u010dinimo pru\u017eaju\u0107i uistinu vrhunske proizvode po razumnim cijenama. Ovo je odgovor na na\u0161e &#8220;za\u0161to&#8221; (pi\u0161emo ga &#8220;Y&#8221;). Svi mi u Yeouthu zahvaljujemo vam i radosno vas poti\u010demo da prona\u0111ete svoj Y\u2122.<\/p>\n<p>-Kevin Mallory, osniva\u010d i glavni kemi\u010dar<\/p>\n<p>\u0420\u0435\u043a\u043e\u043c\u0435\u043d\u0434\u0430\u0446\u0456\u0457 \u0456\u0437 \u0437\u0430\u0441\u0442\u043e\u0441\u0443\u0432\u0430\u043d\u043d\u044f<\/p>\n<p>Va\u017eno: va\u017eno je pro\u010ditati i pa\u017eljivo slijediti upute za uporabu na naljepnici boce koja se odljepljuje za sigurnosne mjere, pripremu ko\u017ee i naknadnu njegu ko\u017ee.<\/p>\n<p>\u0406\u043d\u0448\u0456 \u0456\u043d\u0433\u0440\u0435\u0434\u0456\u0454\u043d\u0442\u0438<\/p>\n<p>Voda, glikolna kiselina, oktoksinol-10, fenoksietanol, hidroksietilceluloza, propilen glikol, ekstrakt ploda cucumis sativus (krastavac), ekstrakt lista camellia sinensis (zeleni \u010daj), ekstrakt cvijeta chamomilla recutita (matricaria), natrijev hidroksid, retinil palmitat, symphytum officinale ( gavez) ekstrakt li\u0161\u0107a.<\/p>\n<\/div>\n<\/div>","protected":false},"excerpt":{"rendered":"<p>Opis Zeleni \u010daj s retinolom Miris, sulfat, paraben, okrutan, bez GMO-a U\u010dinkovit piling djeluje na ove znakove starenja: Fine linije i bore Veli\u010dina pora i tamne mrlje Pukotine i o\u017eiljci Efekt umno\u017eavanja mladih Svi Yeouth proizvodi sadr\u017ee stabilne, visokokvalitetne, klini\u010dki testirane sastojke koji su projektirani da me\u0111usobno djeluju. Iako je svaki proizvod razvijen za pobolj\u0161anje[&#8230;]<\/p>","protected":false},"featured_media":7280,"comment_status":"open","ping_status":"closed","template":"","meta":{"inline_featured_image":false},"product_cat":[25,76],"product_tag":[],"class_list":{"0":"post-7277","1":"product","2":"type-product","3":"status-publish","4":"has-post-thumbnail","6":"product_cat-beauty","7":"product_cat-face-masks-peels","9":"first","10":"instock","11":"featured","12":"shipping-taxable","13":"purchasable","14":"product-type-simple"},"_links":{"self":[{"href":"https:\/\/be-healthy.taniko.me\/uk\/wp-json\/wp\/v2\/product\/7277","targetHints":{"allow":["GET"]}}],"collection":[{"href":"https:\/\/be-healthy.taniko.me\/uk\/wp-json\/wp\/v2\/product"}],"about":[{"href":"https:\/\/be-healthy.taniko.me\/uk\/wp-json\/wp\/v2\/types\/product"}],"replies":[{"embeddable":true,"href":"https:\/\/be-healthy.taniko.me\/uk\/wp-json\/wp\/v2\/comments?post=7277"}],"wp:featuredmedia":[{"embeddable":true,"href":"https:\/\/be-healthy.taniko.me\/uk\/wp-json\/wp\/v2\/media\/7280"}],"wp:attachment":[{"href":"https:\/\/be-healthy.taniko.me\/uk\/wp-json\/wp\/v2\/media?parent=7277"}],"wp:term":[{"taxonomy":"product_cat","embeddable":true,"href":"https:\/\/be-healthy.taniko.me\/uk\/wp-json\/wp\/v2\/product_cat?post=7277"},{"taxonomy":"product_tag","embeddable":true,"href":"https:\/\/be-healthy.taniko.me\/uk\/wp-json\/wp\/v2\/product_tag?post=7277"}],"curies":[{"name":"wp","href":"https:\/\/api.w.org\/{rel}","templated":true}]}}