{"id":7281,"date":"2024-03-02T15:58:38","date_gmt":"2024-03-02T15:58:38","guid":{"rendered":"https:\/\/be-healthy.taniko.me\/?post_type=product&#038;p=7281"},"modified":"2024-10-10T16:13:06","modified_gmt":"2024-10-10T16:13:06","slug":"now-foods-solutions-mediterranean-red-clay-powder-6-oz-170-g","status":"publish","type":"product","link":"https:\/\/be-healthy.taniko.me\/uk\/product\/now-foods-solutions-mediterranean-red-clay-powder-6-oz-170-g\/","title":{"rendered":"NOW Foods, Solutions, Mediterranean Red Clay Powder, 6 oz (170 g)"},"content":{"rendered":"<div class=\"row item-row\">\n<div class=\"col-xs-24\">\n<p>\u041e\u043f\u0438\u0441<br \/>\n\u010cisti prah<br \/>\nSredstvo za \u010di\u0161\u0107enje lica<br \/>\nOsjetljivi tipovi ko\u017ee<br \/>\nPotvr\u0111en projekt bez GMO-a<br \/>\nBez okrutnosti i veganski<br \/>\nBez parabena<br \/>\n\u0411\u0435\u0437 \u0433\u043b\u044e\u0442\u0435\u043d\u0443<br \/>\nKvaliteta provjerena<br \/>\nHALAL<\/p>\n<p>Stanje:\u00a0Osjetljiva ko\u017ea kojoj je potrebna detoksikacija, \u010di\u0161\u0107enje pora i pobolj\u0161anje tonusa ko\u017ee.<\/p>\n<p>Rje\u0161enje:\u00a0Mediteranska crvena glina prirodni je glineni prah koji je vrlo upijaju\u0107i i lako se mije\u0161a s vodom i drugim proizvodima za hidrataciju. Slu\u017ei kao izvrsno sredstvo za \u010di\u0161\u0107enje lica i maska \u200b\u200bza pro\u010di\u0161\u0107avanje, posebno za osobe s osjetljivom ko\u017eom.<\/p>\n<p>\u0420\u0435\u043a\u043e\u043c\u0435\u043d\u0434\u0430\u0446\u0456\u0457 \u0456\u0437 \u0437\u0430\u0441\u0442\u043e\u0441\u0443\u0432\u0430\u043d\u043d\u044f<\/p>\n<p>Pomije\u0161ajte jednu \u017elicu pra\u0161ka crvene gline NOW\u00ae\u00a0Solutions s jednom \u017elicom vode. Temeljito pokrijte lice i vrat, izbjegavaju\u0107i osjetljiva podru\u010dja i o\u010di, ostavite da djeluje 10-20 minuta, isperite i nanesite hidratantnu kremu.<\/p>\n<p>\u0406\u043d\u0448\u0456 \u0456\u043d\u0433\u0440\u0435\u0434\u0456\u0454\u043d\u0442\u0438<\/p>\n<p>Montmorilonit (prirodni mineralni silikat).<\/p>\n<p>\u041f\u043e\u043f\u0435\u0440\u0435\u0434\u0436\u0435\u043d\u043d\u044f<\/p>\n<p>Samo za vanjsku upotrebu. Ako se pojavi crvenilo ili iritacija, prekinite s upotrebom.<\/p>\n<\/div>\n<\/div>","protected":false},"excerpt":{"rendered":"<p>Opis \u010cisti prah Sredstvo za \u010di\u0161\u0107enje lica Osjetljivi tipovi ko\u017ee Potvr\u0111en projekt bez GMO-a Bez okrutnosti i veganski Bez parabena Bez glutena Kvaliteta provjerena HALAL Stanje:\u00a0Osjetljiva ko\u017ea kojoj je potrebna detoksikacija, \u010di\u0161\u0107enje pora i pobolj\u0161anje tonusa ko\u017ee. Rje\u0161enje:\u00a0Mediteranska crvena glina prirodni je glineni prah koji je vrlo upijaju\u0107i i lako se mije\u0161a s vodom i[&#8230;]<\/p>","protected":false},"featured_media":7285,"comment_status":"open","ping_status":"closed","template":"","meta":{"inline_featured_image":false},"product_cat":[25,76],"product_tag":[],"class_list":{"0":"post-7281","1":"product","2":"type-product","3":"status-publish","4":"has-post-thumbnail","6":"product_cat-beauty","7":"product_cat-face-masks-peels","9":"first","10":"instock","11":"featured","12":"shipping-taxable","13":"purchasable","14":"product-type-simple"},"_links":{"self":[{"href":"https:\/\/be-healthy.taniko.me\/uk\/wp-json\/wp\/v2\/product\/7281","targetHints":{"allow":["GET"]}}],"collection":[{"href":"https:\/\/be-healthy.taniko.me\/uk\/wp-json\/wp\/v2\/product"}],"about":[{"href":"https:\/\/be-healthy.taniko.me\/uk\/wp-json\/wp\/v2\/types\/product"}],"replies":[{"embeddable":true,"href":"https:\/\/be-healthy.taniko.me\/uk\/wp-json\/wp\/v2\/comments?post=7281"}],"wp:featuredmedia":[{"embeddable":true,"href":"https:\/\/be-healthy.taniko.me\/uk\/wp-json\/wp\/v2\/media\/7285"}],"wp:attachment":[{"href":"https:\/\/be-healthy.taniko.me\/uk\/wp-json\/wp\/v2\/media?parent=7281"}],"wp:term":[{"taxonomy":"product_cat","embeddable":true,"href":"https:\/\/be-healthy.taniko.me\/uk\/wp-json\/wp\/v2\/product_cat?post=7281"},{"taxonomy":"product_tag","embeddable":true,"href":"https:\/\/be-healthy.taniko.me\/uk\/wp-json\/wp\/v2\/product_tag?post=7281"}],"curies":[{"name":"wp","href":"https:\/\/api.w.org\/{rel}","templated":true}]}}