{"id":7287,"date":"2024-03-02T16:25:01","date_gmt":"2024-03-02T16:25:01","guid":{"rendered":"https:\/\/be-healthy.taniko.me\/?post_type=product&#038;p=7287"},"modified":"2024-10-10T16:11:32","modified_gmt":"2024-10-10T16:11:32","slug":"cosrx-poreless-clarifying-charcoal-beauty-mask-pink-3-88-oz-110-g55","status":"publish","type":"product","link":"https:\/\/be-healthy.taniko.me\/uk\/product\/cosrx-poreless-clarifying-charcoal-beauty-mask-pink-3-88-oz-110-g55\/","title":{"rendered":"CosRx, Poreless Clarifying Charcoal Beauty Mask, Pink, 3.88 oz (110 g)55"},"content":{"rendered":"<div class=\"row item-row\">\n<div class=\"col-xs-24\">\n<p>\u041e\u043f\u0438\u0441<\/p>\n<p>Pro\u010di\u0161\u0107avaju\u0107a maska \u200b\u200bs ugljenom i ekstraktom sjemenki Camellia Sinensis poma\u017ee u \u010di\u0161\u0107enju i smanjenju za\u010depljenih pora.<\/p>\n<p>\u0420\u0435\u043a\u043e\u043c\u0435\u043d\u0434\u0430\u0446\u0456\u0457 \u0456\u0437 \u0437\u0430\u0441\u0442\u043e\u0441\u0443\u0432\u0430\u043d\u043d\u044f<br \/>\nUzmite odgovaraju\u0107u koli\u010dinu i rasporedite na \u010distu i ru\u010dnikom osu\u0161enu ko\u017eu.<br \/>\nNje\u017eno umasirajte proizvod u ko\u017eu dok se ru\u017ei\u010dasta maska \u200b\u200bne promijeni u crnu.<br \/>\nOstavite da djeluje 5 do 10 minuta ili kada pobijeli\/potpuno se osu\u0161i i isperite. Koristite 2-3 puta tjedno.<br \/>\n\u0406\u043d\u0448\u0456 \u0456\u043d\u0433\u0440\u0435\u0434\u0456\u0454\u043d\u0442\u0438<\/p>\n<p>Voda, silicij, propandiol, kaolin (CI 77004), glicerin, dijatomejska zemlja, 1,2-heksandiol, butilen glikol, ekstrakt sjemena kamelije sinensis, betain, karbomer, trometamin, hidroksiacetofenon, titanijev dioksid (CI 77891), amonijev akriloildimetiltaurat\/VP kopolimer, celuloza, prah drvenog ugljena, kalamin, celulozna guma, ksantanska guma, silika dimetil sililat, dinatrijev EDTA, etilheksilglicerin, etilceluloza, ekstrakt ploda gardenije floride, dekstrin, laurinska kiselina, zea mays (kukuruzni) \u0161krob, aluminijev hidroksid, manitol, hijaluronska kiselina , hidrolizirana hijaluronska kiselina, natrijev hijaluronat, poligliceril-10 stearat, salicilna kiselina.<\/p>\n<p>\u041f\u043e\u043f\u0435\u0440\u0435\u0434\u0436\u0435\u043d\u043d\u044f<br \/>\n1.Samo za vanjsku upotrebu. Nemojte dospjeti u o\u010di.<br \/>\n2.Osobe alergi\u010dne na aspirin slabo \u0107e reagirati na salicilnu kiselinu.<br \/>\n3.Ne smije se primjenjivati \u200b\u200bkod djece mla\u0111e od 3 godine.0.15<\/p>\n<\/div>\n<\/div>","protected":false},"excerpt":{"rendered":"<p>Opis Pro\u010di\u0161\u0107avaju\u0107a maska \u200b\u200bs ugljenom i ekstraktom sjemenki Camellia Sinensis poma\u017ee u \u010di\u0161\u0107enju i smanjenju za\u010depljenih pora. Preporu\u010dena uporaba Uzmite odgovaraju\u0107u koli\u010dinu i rasporedite na \u010distu i ru\u010dnikom osu\u0161enu ko\u017eu. Nje\u017eno umasirajte proizvod u ko\u017eu dok se ru\u017ei\u010dasta maska \u200b\u200bne promijeni u crnu. Ostavite da djeluje 5 do 10 minuta ili kada pobijeli\/potpuno se osu\u0161i[&#8230;]<\/p>","protected":false},"featured_media":7290,"comment_status":"open","ping_status":"closed","template":"","meta":{"inline_featured_image":false},"product_cat":[25,76],"product_tag":[],"class_list":{"0":"post-7287","1":"product","2":"type-product","3":"status-publish","4":"has-post-thumbnail","6":"product_cat-beauty","7":"product_cat-face-masks-peels","9":"first","10":"instock","11":"featured","12":"shipping-taxable","13":"purchasable","14":"product-type-simple"},"_links":{"self":[{"href":"https:\/\/be-healthy.taniko.me\/uk\/wp-json\/wp\/v2\/product\/7287","targetHints":{"allow":["GET"]}}],"collection":[{"href":"https:\/\/be-healthy.taniko.me\/uk\/wp-json\/wp\/v2\/product"}],"about":[{"href":"https:\/\/be-healthy.taniko.me\/uk\/wp-json\/wp\/v2\/types\/product"}],"replies":[{"embeddable":true,"href":"https:\/\/be-healthy.taniko.me\/uk\/wp-json\/wp\/v2\/comments?post=7287"}],"wp:featuredmedia":[{"embeddable":true,"href":"https:\/\/be-healthy.taniko.me\/uk\/wp-json\/wp\/v2\/media\/7290"}],"wp:attachment":[{"href":"https:\/\/be-healthy.taniko.me\/uk\/wp-json\/wp\/v2\/media?parent=7287"}],"wp:term":[{"taxonomy":"product_cat","embeddable":true,"href":"https:\/\/be-healthy.taniko.me\/uk\/wp-json\/wp\/v2\/product_cat?post=7287"},{"taxonomy":"product_tag","embeddable":true,"href":"https:\/\/be-healthy.taniko.me\/uk\/wp-json\/wp\/v2\/product_tag?post=7287"}],"curies":[{"name":"wp","href":"https:\/\/api.w.org\/{rel}","templated":true}]}}