{"id":7291,"date":"2024-03-02T19:05:11","date_gmt":"2024-03-02T19:05:11","guid":{"rendered":"https:\/\/be-healthy.taniko.me\/?post_type=product&#038;p=7291"},"modified":"2024-10-10T16:09:20","modified_gmt":"2024-10-10T16:09:20","slug":"prescriptskin-glycolic-acid-peel-5-1-fl-oz-30-ml","status":"publish","type":"product","link":"https:\/\/be-healthy.taniko.me\/uk\/product\/prescriptskin-glycolic-acid-peel-5-1-fl-oz-30-ml\/","title":{"rendered":"PrescriptSkin, Glycolic Acid Peel 5%, 1 fl oz (30 ml)"},"content":{"rendered":"<div class=\"row item-row\">\n<div class=\"col-xs-24\">\n<p>\u041e\u043f\u0438\u0441<br \/>\nPrescriptSkin\u00ae\u00a0glikolni piling 5%<br \/>\nTjedni PM tretman<br \/>\nGlikolna kiselina (AHA)<br \/>\nVitamin A, C i E<br \/>\nNakon toga nanesite hidratantnu kremu<br \/>\nBez okrutnosti i bez parabena, sulfata ili ftalata<\/p>\n<p>PrescriptSkin\u00ae&#8230;profesionalna snaga sveobuhvatna rje\u0161enja za njegu ko\u017ee.<\/p>\n<p>Glikolni piling 5%<br \/>\nOvaj blagi piling pobolj\u0161ava izgled teksture ko\u017ee i \u010disto\u0107u za mladena\u010dki ten.<\/p>\n<p>\u0420\u0435\u043a\u043e\u043c\u0435\u043d\u0434\u0430\u0446\u0456\u0457 \u0456\u0437 \u0437\u0430\u0441\u0442\u043e\u0441\u0443\u0432\u0430\u043d\u043d\u044f<\/p>\n<p>Na o\u010di\u0161\u0107enu i suhu ko\u017eu nanijeti tanak sloj na lice i vrat. Ostavite da djeluje 10-15 minuta. Dobro isperite mlakom vodom. Nakon toga nanesite hidratantnu kremu. Mo\u017ee se koristiti 1-2 puta tjedno.<\/p>\n<p>\u0406\u043d\u0448\u0456 \u0456\u043d\u0433\u0440\u0435\u0434\u0456\u0454\u043d\u0442\u0438<\/p>\n<p>Aqua (voda), glikolna kiselina, glicerin, natrijev hidroksid, hidroksietilceluloza, alantoin, pantenol, askorbinska kiselina (vitamin C), retinil palmitat (vitamin A), tokoferil acetat (vitamin E), benzil alkohol, dehidrooctena kiselina, limonen, miris.<\/p>\n<p>\u041f\u043e\u043f\u0435\u0440\u0435\u0434\u0436\u0435\u043d\u043d\u044f<\/p>\n<p>Ne koristiti na nadra\u017eenoj ili o\u0161te\u0107enoj ko\u017ei. Samo za vanjsku upotrebu. Izbjegavati kontakt s o\u010dima. \u010cuvati izvan dohvata djece. Prekinite kori\u0161tenje ako se pojavi iritacija. Ovaj proizvod sadr\u017ei alfa hidroksi kiselinu (AHA) koja mo\u017ee pove\u0107ati osjetljivost va\u0161e ko\u017ee na sunce, a posebice mogu\u0107nost opeklina. Koristite kremu za sun\u010danje, nosite za\u0161titnu odje\u0107u i ograni\u010dite izlaganje suncu dok koristite ovaj proizvod i tjedan dana nakon toga.<\/p>\n<p>\u010cuvati na hladnom i suhom mjestu.Najbolje upotrijebiti unutar 12 mjeseci nakon otvaranja.<\/p>\n<\/div>\n<\/div>","protected":false},"excerpt":{"rendered":"<p>Opis PrescriptSkin\u00ae\u00a0glikolni piling 5% Tjedni PM tretman Glikolna kiselina (AHA) Vitamin A, C i E Nakon toga nanesite hidratantnu kremu Bez okrutnosti i bez parabena, sulfata ili ftalata PrescriptSkin\u00ae&#8230;profesionalna snaga sveobuhvatna rje\u0161enja za njegu ko\u017ee. Glikolni piling 5% Ovaj blagi piling pobolj\u0161ava izgled teksture ko\u017ee i \u010disto\u0107u za mladena\u010dki ten. Preporu\u010dena uporaba Na o\u010di\u0161\u0107enu i[&#8230;]<\/p>","protected":false},"featured_media":7294,"comment_status":"open","ping_status":"closed","template":"","meta":{"inline_featured_image":false},"product_cat":[25,76],"product_tag":[],"class_list":{"0":"post-7291","1":"product","2":"type-product","3":"status-publish","4":"has-post-thumbnail","6":"product_cat-beauty","7":"product_cat-face-masks-peels","9":"first","10":"instock","11":"featured","12":"shipping-taxable","13":"purchasable","14":"product-type-simple"},"_links":{"self":[{"href":"https:\/\/be-healthy.taniko.me\/uk\/wp-json\/wp\/v2\/product\/7291","targetHints":{"allow":["GET"]}}],"collection":[{"href":"https:\/\/be-healthy.taniko.me\/uk\/wp-json\/wp\/v2\/product"}],"about":[{"href":"https:\/\/be-healthy.taniko.me\/uk\/wp-json\/wp\/v2\/types\/product"}],"replies":[{"embeddable":true,"href":"https:\/\/be-healthy.taniko.me\/uk\/wp-json\/wp\/v2\/comments?post=7291"}],"wp:featuredmedia":[{"embeddable":true,"href":"https:\/\/be-healthy.taniko.me\/uk\/wp-json\/wp\/v2\/media\/7294"}],"wp:attachment":[{"href":"https:\/\/be-healthy.taniko.me\/uk\/wp-json\/wp\/v2\/media?parent=7291"}],"wp:term":[{"taxonomy":"product_cat","embeddable":true,"href":"https:\/\/be-healthy.taniko.me\/uk\/wp-json\/wp\/v2\/product_cat?post=7291"},{"taxonomy":"product_tag","embeddable":true,"href":"https:\/\/be-healthy.taniko.me\/uk\/wp-json\/wp\/v2\/product_tag?post=7291"}],"curies":[{"name":"wp","href":"https:\/\/api.w.org\/{rel}","templated":true}]}}